{"id":4074,"date":"2025-03-04T18:06:14","date_gmt":"2025-03-04T10:06:14","guid":{"rendered":"https:\/\/www.baler-machines.com\/?post_type=product&#038;p=4074"},"modified":"2025-04-11T11:28:47","modified_gmt":"2025-04-11T03:28:47","slug":"cnc-spiral-rebar-bending-machine","status":"publish","type":"product","link":"https:\/\/www.baler-machines.com\/de\/cnc-spiral-rebar-bending-machine\/","title":{"rendered":"CNC Spiral Rebar Bieing Machine f\u00fcr Bar Ring Hooping Making"},"content":{"rendered":"<p class=\"translation-block\">Die <strong>Spiralbiegemaschine<\/strong> von Shuliy kann Stahlst\u00e4be von 3-25 mm schnell und pr\u00e4zise zu Ringe mit einem Durchmesser von 50-1000 mm verarbeiten. Sie produziert haupts\u00e4chlich Bodenanker f\u00fcr Pf\u00e4hle, die in Hochgeschwindigkeitsbahnen, U-Bahnen, Photovoltaik-Kraftwerken und anderen Projekten eingesetzt werden.<\/p>    <p>Die von dieser Bewehrungsringmaschine produzierten Kreise k\u00f6nnen einzeln oder verbunden sein, haupts\u00e4chlich abh\u00e4ngig von den Anforderungen des Kunden. Bei Interesse freuen wir uns \u00fcber Ihre Kontaktaufnahme f\u00fcr weitere Details!<\/p>    <figure class=\"wp-block-embed is-type-video is-provider-youtube wp-block-embed-youtube wp-embed-aspect-16-9 wp-has-aspect-ratio\"><div class=\"wp-block-embed__wrapper\"> <iframe loading=\"lazy\" title=\"CNC Spiral Ring Ring Making Machine | Automatische Bewehrungsh\u00e4ute machen Maschine Steigb\u00fcgeldraht Bender\" width=\"500\" height=\"281\" src=\"https:\/\/www.youtube.com\/embed\/q6EycUH_dS4?feature=oembed\" frameborder=\"0\" allow=\"accelerometer; autoplay; clipboard-write; encrypted-media; gyroscope; picture-in-picture; web-share\" referrerpolicy=\"strict-origin-when-cross-origin\" allowfullscreen><\/iframe> <\/div><figcaption class=\"wp-element-caption\">Spiraler Hooping Round Making Machine<\/figcaption><\/figure>    <h2 class=\"wp-block-heading\"><strong>Fertige Produkte und Anwendungen der Spiral -Bewehrungsbiegemaschine<\/strong><\/h2>    <p>Die Spiral-Bewehrungsformmaschine wird haupts\u00e4chlich verwendet, um verschiedene Spezifikationen von Spiral- und Rundentr\u00e4usen in Kreise mit unterschiedlichen Durchmessern (unten) zu verarbeiten, die in Hochgeschwindigkeitsschienen, U-Bahn, Br\u00fccke, Photovoltaik-Kraftwerk, Bauingenieurwesen und anderen Feldern weit verbreitet sind.<\/p>    <ul class=\"wp-block-list\"> <li><strong>Bodenpfahl verankern<\/strong>: Wird zur Verst\u00e4rkung und Unterst\u00fctzung von Fundamenten in Hochgeschwindigkeitsschienen, U-Bahn und anderen Projekten verwendet.<\/li>    <li><strong>Baukonstruktio<\/strong>N: Wird zur Herstellung runder Stahlstangenkomponenten f\u00fcr verschiedene Geb\u00e4udestrukturen verwendet.<\/li>    <li><strong>Photovoltaik -Kraftwerk<\/strong>: Wird zur Verst\u00e4rkung von Photovoltaik -Halterungen zur Verbesserung der Installationsstabilit\u00e4t verwendet.<\/li>    <li><strong>Br\u00fcckenbau<\/strong>: F\u00fcr die Verarbeitung von Spiralstahlst\u00e4ben f\u00fcr Br\u00fcckenkonstruktionen zur Verbesserung der Br\u00fcckenstabilit\u00e4t.<\/li> <\/ul>   <div class=\"wp-block-image\"> <figure class=\"aligncenter size-full\"><img loading=\"lazy\" decoding=\"async\" width=\"720\" height=\"540\" src=\"https:\/\/www.baler-machines.com\/wp-content\/uploads\/2025\/03\/end-products-and-applications-of-spiral-rebar-bender-machine.webp\" alt=\"Endprodukte und Anwendungen der Spiralbewusstseinsmaschine\" class=\"wp-image-4077\" title=\"\" srcset=\"https:\/\/www.baler-machines.com\/wp-content\/uploads\/2025\/03\/end-products-and-applications-of-spiral-rebar-bender-machine.webp 720w, https:\/\/www.baler-machines.com\/wp-content\/uploads\/2025\/03\/end-products-and-applications-of-spiral-rebar-bender-machine-16x12.webp 16w\" sizes=\"auto, (max-width: 720px) 100vw, 720px\" \/><figcaption class=\"wp-element-caption\">Endprodukte und Anwendungen der Spiralbewusstseinsmaschine<\/figcaption><\/figure> <\/div>   <h2 class=\"wp-block-heading\"><strong>Vorteile der Shuliy CNC Spiral Rebar Forming Machine<\/strong><\/h2>    <ul class=\"wp-block-list\"> <li>Unsere Maschine kann verarbeiten <strong>Bewehrungsstab mit einem Durchmesser von 3-25 mm<\/strong> und machen <strong>Kreise mit einem Durchmesser von 50-3000 mm<\/strong>.<\/li>    <li>Shuliy CNC Vollautomatische Bewehrungsrundmaschine hat eine <strong>Arbeitsgeschwindigkeit von 16-30 m\/min<\/strong> und a <strong>Arbeitsfehler von \u00b1 0,2 mm<\/strong>.<\/li>    <li>Es \u00fcbernimmt a <strong>SPS -Steuerungssystem<\/strong>vollautomatischer Betrieb, der hocheffizient ist.<\/li>    <li>Diese runde Biegermaschine spiraler Reifen hat eine <strong>stabile Struktur<\/strong>, stabiler Betrieb, geeignet f\u00fcr die Verarbeitung gro\u00dfer Volumen.<\/li>    <li>Der <strong>intuitive Schnittstelle<\/strong> ist f\u00fcr die Bediener einfach und einfach zu beginnen.<\/li> <\/ul>    <figure class=\"wp-block-gallery has-nested-images columns-default is-cropped wp-block-gallery-2 is-layout-flex wp-block-gallery-is-layout-flex\"> <figure class=\"wp-block-image size-full\"><img loading=\"lazy\" decoding=\"async\" width=\"720\" height=\"540\" data-id=\"4089\" src=\"https:\/\/www.baler-machines.com\/wp-content\/uploads\/2025\/03\/3-6mm-spiral-hooping-round-bending-machine.webp\" alt=\"3-6 mm spiraler Hooping Round Bieing Machine\" class=\"wp-image-4089\" title=\"\" srcset=\"https:\/\/www.baler-machines.com\/wp-content\/uploads\/2025\/03\/3-6mm-spiral-hooping-round-bending-machine.webp 720w, https:\/\/www.baler-machines.com\/wp-content\/uploads\/2025\/03\/3-6mm-spiral-hooping-round-bending-machine-16x12.webp 16w\" sizes=\"auto, (max-width: 720px) 100vw, 720px\" \/><figcaption class=\"wp-element-caption\">3-6 mm spiraler Hooping Round Bieing Machine<\/figcaption><\/figure>    <figure class=\"wp-block-image size-full\"><img loading=\"lazy\" decoding=\"async\" width=\"720\" height=\"540\" data-id=\"4090\" src=\"https:\/\/www.baler-machines.com\/wp-content\/uploads\/2025\/03\/8-12mm-spiral-steel-bar-bending-machine.webp\" alt=\"8-12 mm Spiralstahlstangenbiegermaschine\" class=\"wp-image-4090\" title=\"\" srcset=\"https:\/\/www.baler-machines.com\/wp-content\/uploads\/2025\/03\/8-12mm-spiral-steel-bar-bending-machine.webp 720w, https:\/\/www.baler-machines.com\/wp-content\/uploads\/2025\/03\/8-12mm-spiral-steel-bar-bending-machine-16x12.webp 16w\" sizes=\"auto, (max-width: 720px) 100vw, 720px\" \/><figcaption class=\"wp-element-caption\">8-12 mm Spiralstahlstangenbiegermaschine<\/figcaption><\/figure> <\/figure>    <h2 class=\"wp-block-heading\"><strong>Technische Parameter der automatischen Spiralstabbiegemaschine<\/strong><\/h2>    <figure class=\"wp-block-table\"><table><tbody><tr><td>Modell<\/td><td>3-6<\/td><td>6-10<\/td><td>8-12<\/td><td>10-14<\/td><td>16-20<\/td><td>22-25<\/td><\/tr><tr><td>Anwendbarer Stahlstangendurchmesser<\/td><td>3-6 mm<\/td><td>6-10 mm<\/td><td>8-12 mm<\/td><td>10-14 mm<\/td><td>16-20 mm<\/td><td>22-25 mm<\/td><\/tr><tr><td>Gesamtmotorleistung<\/td><td>4KW<\/td><td>5,5 kW<\/td><td>7kW<\/td><td>7kW<\/td><td>11 kW<\/td><td>15 kW<\/td><\/tr><tr><td>Fertiger Stahlstangenringdurchmesser<\/td><td>50-1000 mm<\/td><td>50-800 mm<\/td><td>50-1500 mm<\/td><td>50-1800 mm<\/td><td>50-2200 mm<\/td><td>50-3000 mm<\/td><\/tr><tr><td>Reisegeschwindigkeit<\/td><td>16-25 m\/min<\/td><td>16-25 m\/min<\/td><td>16-25 m\/min<\/td><td>16-25 m\/min<\/td><td>16-30 m\/min<\/td><td>16-30 m\/min<\/td><\/tr><tr><td>Arbeitsfehler<\/td><td>\u00b1 0,2 mm<\/td><td>\u00b1 0,2 mm<\/td><td>\u00b1 0,2 mm<\/td><td>\u00b1 0,2 mm<\/td><td>\u00b1 0,2 mm<\/td><td>\u00b1 0,2 mm<\/td><\/tr><tr><td>Gesamtabmessungen<\/td><td>1,45*0,8*1,2 m<\/td><td>1,55*0,8*1,3 m<\/td><td>1,55*0,8*1,3 m<\/td><td>1,6*0,8*1,35 m<\/td><td>2,1*0,9*1,5 m<\/td><td>2,3*0,9*1,7 m<\/td><\/tr><tr><td>Maschinengewicht<\/td><td>480 kg<\/td><td>560 kg<\/td><td>640 kg<\/td><td>690 kg<\/td><td>1150 kg<\/td><td>1350 kg<\/td><\/tr><\/tbody><\/table><figcaption class=\"wp-element-caption\">Spezifikationen der CNC Spiral Ring Ring Hooping Making Machine<\/figcaption><\/figure>    <figure class=\"wp-block-embed is-type-video is-provider-youtube wp-block-embed-youtube wp-embed-aspect-16-9 wp-has-aspect-ratio\"><div class=\"wp-block-embed__wrapper\"> <iframe loading=\"lazy\" title=\"Vollautomatische Stahlstangenringmaschine | Spiralbewusstseins -Biegermaschine f\u00fcr den Kreis Hooping\" width=\"500\" height=\"281\" src=\"https:\/\/www.youtube.com\/embed\/T6Bkz3QYDrA?feature=oembed\" frameborder=\"0\" allow=\"accelerometer; autoplay; clipboard-write; encrypted-media; gyroscope; picture-in-picture; web-share\" referrerpolicy=\"strict-origin-when-cross-origin\" allowfullscreen><\/iframe> <\/div><figcaption class=\"wp-element-caption\">Video der Stahlstangenringmaschine Maschine<\/figcaption><\/figure>    <h2 class=\"wp-block-heading\"><strong>Struktur der Spiralbewusstseins -Biegermaschine<\/strong><\/h2>    <p>Diese Federspulenmaschine besteht aus Motor, hydraulischen Komponenten (\u00d6lpumpe, hydraulischem Motor, Magnetventil, \u00d6ltank, \u00d6lrohr usw.), Radanpassungsrad, Richtungsgetriebe, Rundkomponente, Schneidkomponente, CNC-elektrisches Steuerungssystem und so weiter.<\/p>   <div class=\"wp-block-image\"> <figure class=\"aligncenter size-full\"><img loading=\"lazy\" decoding=\"async\" width=\"720\" height=\"540\" src=\"https:\/\/www.baler-machines.com\/wp-content\/uploads\/2025\/03\/structure-of-3-25mm-steel-wire-coil-stirrup-bender.webp\" alt=\"Struktur von 3-25 mm Stahldraht-Spulen-Steigb\u00fcgel Bender\" class=\"wp-image-4078\" title=\"\" srcset=\"https:\/\/www.baler-machines.com\/wp-content\/uploads\/2025\/03\/structure-of-3-25mm-steel-wire-coil-stirrup-bender.webp 720w, https:\/\/www.baler-machines.com\/wp-content\/uploads\/2025\/03\/structure-of-3-25mm-steel-wire-coil-stirrup-bender-16x12.webp 16w\" sizes=\"auto, (max-width: 720px) 100vw, 720px\" \/><figcaption class=\"wp-element-caption\">Struktur von 3-25 mm Stahldraht-Spulen-Steigb\u00fcgel Bender<\/figcaption><\/figure> <\/div>   <h2 class=\"wp-block-heading\"><strong>Wie funktioniert die Ring -Ringmaschine?<\/strong><\/h2>    <p>Unsere Spiral -Rebar -Biegermaschine wird von einer SPS -Hauptplatine angetrieben, um den Steuermotor zum Fahren der \u00d6lpumpe zu starten. Starten Sie die hydraulischen Komponenten, um das Richtungsgetriebe zum Laufen zu fahren, und fahren Sie dann das Material, um sich vorw\u00e4rts zu bewegen. Schneiden Sie schlie\u00dflich den \u00d6lzylinder ab, um das Material nach oben zu schneiden, um den Betrieb abzuschlie\u00dfen.<\/p>    <ol class=\"wp-block-list\"> <li><strong>Stahlstangenf\u00fctterung<\/strong>: Die Stahlstange tritt in die Ringring -Maschine ein, und das Gl\u00e4ttungssystem sorgt f\u00fcr die Geradheit.<\/li>    <li><strong>Biegen und Bildung<\/strong>: Die Bewehrung durchl\u00e4uft durch die Biegeform f\u00fcr die runde Verarbeitung von Spiralrunden.<\/li>    <li><strong>Schneiden<\/strong>: Der Schneidmechanismus schneidet den geformten Stab und vervollst\u00e4ndigt den gesamten Workflow.<\/li> <\/ol>   <div class=\"wp-block-image\"> <figure class=\"aligncenter size-full\"><img loading=\"lazy\" decoding=\"async\" width=\"720\" height=\"540\" src=\"https:\/\/www.baler-machines.com\/wp-content\/uploads\/2025\/03\/10-14mm-spiral-rebar-bending-machine.webp\" alt=\"10-14 mm Spiralbewusstseinsbiegermaschine\" class=\"wp-image-4093\" title=\"\" srcset=\"https:\/\/www.baler-machines.com\/wp-content\/uploads\/2025\/03\/10-14mm-spiral-rebar-bending-machine.webp 720w, https:\/\/www.baler-machines.com\/wp-content\/uploads\/2025\/03\/10-14mm-spiral-rebar-bending-machine-16x12.webp 16w\" sizes=\"auto, (max-width: 720px) 100vw, 720px\" \/><figcaption class=\"wp-element-caption\">10-14 mm Spiralbewusstseinsbiegermaschine<\/figcaption><\/figure> <\/div>   <h2 class=\"wp-block-heading\"><strong>Was kostet die Federwickelmaschine?<\/strong><\/h2>    <p>Der Preis f\u00fcr die Biegemaschine der Spiralbewehrung wird von vielen Faktoren beeinflusst, darunter:<\/p>    <ul class=\"wp-block-list\"> <li><strong>Ger\u00e4tespezifikationen<\/strong>: Verschiedene Modelle von Ring -Ring -Maschinen haben unterschiedliche Verarbeitungsbewusstsein mit unterschiedlichen Preisen.<\/li>    <li><strong>Verarbeitungskapazit\u00e4t<\/strong>: Hochleistungsst\u00e4rke und hohe Effizienzger\u00e4te sind relativ teuer.<\/li>    <li><strong>Konfigurationsanforderungen<\/strong>: Die benutzerdefinierte Konfiguration kann sich auf den Preis f\u00fcr Bewehrungsring -Maschine auswirken.<\/li>    <li><strong>Marktbedingungen<\/strong>: Die Kosten f\u00fcr Rohstoffe, Angebot und Nachfrage wirken sich auf das endg\u00fcltige Angebot aus.<\/li> <\/ul>    <p>Wenn Sie das neueste Angebot \u00fcber die Biegermaschine von Bewehrungsspiralen wissen m\u00f6chten, k\u00f6nnen Sie uns direkt f\u00fcr detaillierte Informationen kontaktieren.<\/p>   <div class=\"wp-block-image\"> <figure class=\"aligncenter size-full\"><img loading=\"lazy\" decoding=\"async\" width=\"720\" height=\"540\" src=\"https:\/\/www.baler-machines.com\/wp-content\/uploads\/2025\/03\/12-16mm-spiral-rebar-forming-machine.webp\" alt=\"12-16 mm spiralf\u00f6rmige Bewehrungsmaschine\" class=\"wp-image-4095\" title=\"\" srcset=\"https:\/\/www.baler-machines.com\/wp-content\/uploads\/2025\/03\/12-16mm-spiral-rebar-forming-machine.webp 720w, https:\/\/www.baler-machines.com\/wp-content\/uploads\/2025\/03\/12-16mm-spiral-rebar-forming-machine-16x12.webp 16w\" sizes=\"auto, (max-width: 720px) 100vw, 720px\" \/><figcaption class=\"wp-element-caption\">12-16 mm spiralf\u00f6rmige Bewehrungsmaschine<\/figcaption><\/figure> <\/div>   <h2 class=\"wp-block-heading\"><strong>Warum Shuliy Spiral Rebar Bieing Machine kaufen?<\/strong><\/h2>    <p>Zu Shuliy setzt sich f\u00fcr hochwertige, leistungsstarke Stahlverarbeitungsger\u00e4te ein.<\/p>    <ul class=\"wp-block-list\"> <li><strong>Qualit\u00e4tssicherung<\/strong>: Wir verwenden qualitativ hochwertige Materialien zur Herstellung von langlebigen und stabilen Stahlringger\u00e4ten.<\/li>    <li><strong>Fortschrittliche Technologie<\/strong>: Unsere Maschine \u00fcbernimmt die SPS intelligente Kontrolle, die ein hohes Ma\u00df an Automatisierung aufweist.<\/li>    <li><strong>Erschwinglicher Preis<\/strong>: Wir stellen die Maschine her und verkaufen sie direkt aus unserer Fabrik, die einen wettbewerbsf\u00e4higen Preis auf dem Markt hat.<\/li>    <li><strong>Sorge-freier After-Sales-Service<\/strong>: Shuliy bietet technische Unterst\u00fctzung und Ger\u00e4tewartung, um eine langfristige Betriebsstabilit\u00e4t zu gew\u00e4hrleisten.<\/li> <\/ul>   <div class=\"wp-block-image\"> <figure class=\"aligncenter size-full\"><img loading=\"lazy\" decoding=\"async\" width=\"720\" height=\"540\" src=\"https:\/\/www.baler-machines.com\/wp-content\/uploads\/2025\/03\/16-20mm-automatic-spring-coiling-machine.webp\" alt=\"16-20 mm automatische Federwalmmaschine\" class=\"wp-image-4092\" title=\"\" srcset=\"https:\/\/www.baler-machines.com\/wp-content\/uploads\/2025\/03\/16-20mm-automatic-spring-coiling-machine.webp 720w, https:\/\/www.baler-machines.com\/wp-content\/uploads\/2025\/03\/16-20mm-automatic-spring-coiling-machine-16x12.webp 16w\" sizes=\"auto, (max-width: 720px) 100vw, 720px\" \/><figcaption class=\"wp-element-caption\">16-20 mm automatische Federwalmmaschine<\/figcaption><\/figure> <\/div>   <h2 class=\"wp-block-heading\"><strong>Kontaktieren Sie uns jetzt f\u00fcr ein Angebot!<\/strong><\/h2>    <p class=\"translation-block\">Als professioneller Hersteller und Lieferant von Stahlverarbeitungsanlagen verf\u00fcgen wir \u00fcber verschiedene Betonstahlverarbeitungsmaschinen, wie z. B. <a href=\"https:\/\/www.baler-machines.com\/de\/rebar-straightening-machine\/\">Betonstahl-Richtmaschine<\/a>, B\u00fcgelbiegemaschine, <a href=\"https:\/\/www.baler-machines.com\/de\/cnc-tube-bending-machine\/\">Rohrbiegemaschine<\/a> usw.<\/p>    <p class=\"translation-block\">Wenn Sie an unserer Spiralstahl-Biegemaschine oder anderen Ger\u00e4ten zur <a href=\"https:\/\/en.wikipedia.org\/wiki\/Steel_bar\" target=\"_blank\" rel=\"noopener\">Bearbeitung von Stahlst\u00e4ben<\/a> interessiert sind, kontaktieren Sie uns bitte gerne \u00fcber WhatsApp, WeChat, Telefon oder E-Mail! Wir werden Ihnen detaillierte Preisinformationen anbieten!<\/p>   <div class=\"wp-block-image\"> <figure class=\"aligncenter size-full\"><img loading=\"lazy\" decoding=\"async\" width=\"720\" height=\"540\" src=\"https:\/\/www.baler-machines.com\/wp-content\/uploads\/2025\/03\/20-25mm-spiral-hooping-round-bending-machine.webp\" alt=\"20-25 mm spiraler Hooping Round Bieing Machine\" class=\"wp-image-4094\" title=\"\" srcset=\"https:\/\/www.baler-machines.com\/wp-content\/uploads\/2025\/03\/20-25mm-spiral-hooping-round-bending-machine.webp 720w, https:\/\/www.baler-machines.com\/wp-content\/uploads\/2025\/03\/20-25mm-spiral-hooping-round-bending-machine-16x12.webp 16w\" sizes=\"auto, (max-width: 720px) 100vw, 720px\" \/><figcaption class=\"wp-element-caption\">20-25 mm spiraler Hooping Round Bieing Machine<\/figcaption><\/figure> <\/div>","protected":false},"excerpt":{"rendered":"<p>Die Shuliy Spiral Rebar Bieing Machine kann mit einem Durchmesser von 50 bis 1000 mm schnell 3-25 mm Stahlstangen in runde Stahlstangenringe verarbeiten.<\/p>","protected":false},"author":1,"featured_media":4076,"parent":0,"template":"","tags":[641,643],"product-type":[640],"class_list":["post-4074","product","type-product","status-publish","has-post-thumbnail","hentry","tag-rebar","tag-steel-bar","product-type-rebar-processing-equipment"],"_links":{"self":[{"href":"https:\/\/www.baler-machines.com\/de\/wp-json\/wp\/v2\/product\/4074","targetHints":{"allow":["GET"]}}],"collection":[{"href":"https:\/\/www.baler-machines.com\/de\/wp-json\/wp\/v2\/product"}],"about":[{"href":"https:\/\/www.baler-machines.com\/de\/wp-json\/wp\/v2\/types\/product"}],"author":[{"embeddable":true,"href":"https:\/\/www.baler-machines.com\/de\/wp-json\/wp\/v2\/users\/1"}],"wp:featuredmedia":[{"embeddable":true,"href":"https:\/\/www.baler-machines.com\/de\/wp-json\/wp\/v2\/media\/4076"}],"wp:attachment":[{"href":"https:\/\/www.baler-machines.com\/de\/wp-json\/wp\/v2\/media?parent=4074"}],"wp:term":[{"taxonomy":"post_tag","embeddable":true,"href":"https:\/\/www.baler-machines.com\/de\/wp-json\/wp\/v2\/tags?post=4074"},{"taxonomy":"product-type","embeddable":true,"href":"https:\/\/www.baler-machines.com\/de\/wp-json\/wp\/v2\/product-type?post=4074"}],"curies":[{"name":"wp","href":"https:\/\/api.w.org\/{rel}","templated":true}]}}