{"id":4013,"date":"2024-11-29T16:05:06","date_gmt":"2024-11-29T08:05:06","guid":{"rendered":"https:\/\/www.baler-machines.com\/?post_type=product&#038;p=4013"},"modified":"2025-04-16T13:27:56","modified_gmt":"2025-04-16T05:27:56","slug":"metal-briquetting-press","status":"publish","type":"product","link":"https:\/\/www.baler-machines.com\/de\/metal-briquetting-press\/","title":{"rendered":"Hydraulische Metallbrikettierpresse f\u00fcr das Sp\u00e4ne-Recycling"},"content":{"rendered":"<p class=\"translation-block\">Shuliy <strong>Metallbrikettiermaschinen<\/strong> k\u00f6nnen alle Arten von Metallpulver, Kupferchips, Aluminiumchips, Eisenchips, Holzsp\u00e4nen und anderen Metallrohstoffen zu runden Kuchenformen pressen. Nach der Brikettierung ist es praktisch f\u00fcr Lagerung, Transport und Wiederverwendung im Ofen.<\/p>    <p>Dieser Aluminiumsp\u00e4ne-Brikettierer verwendet die Schneckenzuf\u00fchrung und die hydraulische Ballenpressmethode. Die Gr\u00f6\u00dfe der Futter\u00f6ffnung betr\u00e4gt 600\u2013600 mm und 800\u2013800 mm. Der endg\u00fcltige Kuchendurchmesser betr\u00e4gt 80\u2013160 mm (individuell). Die Zubereitung eines Brikettierkuchens dauert etwa 20\u201325 Sekunden.<\/p>    <p>Es wird haupts\u00e4chlich in der Recycling- und Verarbeitungsindustrie sowie in der Metallverh\u00fcttungsindustrie eingesetzt. Es ist ideal f\u00fcr die effiziente Behandlung und Wiederverwendung von Metallschrott.<\/p>    <figure class=\"wp-block-embed is-type-video is-provider-youtube wp-block-embed-youtube wp-embed-aspect-16-9 wp-has-aspect-ratio\"><div class=\"wp-block-embed__wrapper\"> <iframe loading=\"lazy\" title=\"Metallsp\u00e4ne-Brikettiermaschine: Aus Schrott feste Briketts machen! Brikettierpresse aus Aluminiumsp\u00e4nen\" width=\"500\" height=\"281\" src=\"https:\/\/www.youtube.com\/embed\/Ao1HeE5RT4E?feature=oembed\" frameborder=\"0\" allow=\"accelerometer; autoplay; clipboard-write; encrypted-media; gyroscope; picture-in-picture; web-share\" referrerpolicy=\"strict-origin-when-cross-origin\" allowfullscreen><\/iframe> <\/div><figcaption class=\"wp-element-caption\">Video einer Brikettierpresse f\u00fcr Aluminiumsp\u00e4ne<\/figcaption><\/figure>    <h2 class=\"wp-block-heading\"><strong>Anwendungen von Metallsp\u00e4neverdichtern<\/strong><\/h2>    <p>Unsere Metallbrikettierpresse eignet sich zum Pressen und Formen vieler Arten von Metallsp\u00e4nen, wie zum Beispiel:<\/p>    <p class=\"translation-block\"><strong>Aluminiumsp\u00e4ne, Eisensp\u00e4ne, Kupfersp\u00e4ne, Edelstahlsp\u00e4ne, Magnesiumsp\u00e4ne, Zinksp\u00e4ne, gemischte Metallsp\u00e4ne<\/strong>, <strong>Holzsp\u00e4ne<\/strong> usw.<\/p>   <div class=\"wp-block-image\"> <figure class=\"aligncenter size-full\"><img loading=\"lazy\" decoding=\"async\" width=\"720\" height=\"540\" src=\"https:\/\/www.baler-machines.com\/wp-content\/uploads\/2024\/11\/final-products-of-metal-briquetting-press.webp\" alt=\"Endprodukte der Metallbrikettierpresse\" class=\"wp-image-4022\" title=\"\" srcset=\"https:\/\/www.baler-machines.com\/wp-content\/uploads\/2024\/11\/final-products-of-metal-briquetting-press.webp 720w, https:\/\/www.baler-machines.com\/wp-content\/uploads\/2024\/11\/final-products-of-metal-briquetting-press-16x12.webp 16w\" sizes=\"auto, (max-width: 720px) 100vw, 720px\" \/><figcaption class=\"wp-element-caption\">Endprodukte der Metallbrikettierpresse<\/figcaption><\/figure> <\/div>   <p>Die Metallsp\u00e4neverarbeitungsausr\u00fcstung kann in den folgenden Szenarien eingesetzt werden:<\/p>    <ul class=\"wp-block-list\"> <li>Kleine Metallverarbeitungswerkstatt<\/li>    <li>Schrottrecyclingstation<\/li>    <li>Eisenwarenfabrik und Gie\u00dferei<\/li>    <li>Orte, an denen Metallschrott komprimiert und transportiert werden muss<\/li> <\/ul>    <h2 class=\"wp-block-heading\"><strong>Vorteile der Metallbrikettierpresse f\u00fcr Metallsp\u00e4ne<\/strong><\/h2>    <ul class=\"wp-block-list\"> <li>Der Metall-Aluminium-Span-Brikettierer kann die losen Metallsp\u00e4ne zu hochdichten Bl\u00f6cken komprimieren, <strong>Reduzierung der Lautst\u00e4rke um mehr als 90%<\/strong>, was f\u00fcr Transport und Lagerung praktisch ist.<\/li>    <li>Es \u00fcbernimmt a <strong>Hydrauliksystem mit starker Leistung<\/strong>, was f\u00fcr einen dichten Presskuchen und eine gute Brikettierwirkung sorgt.<\/li>    <li><strong>Kompatibel mit einer Vielzahl von Materialien<\/strong>, Shuliy Metallsp\u00e4neverdichter kann Altmetallsp\u00e4ne, Aluminiumsp\u00e4ne, Holzsp\u00e4ne usw. verarbeiten.<\/li>    <li>Die Ausr\u00fcstung <strong>deckt einen kleinen Bereich ab<\/strong>, geeignet f\u00fcr kleine Unternehmen und Werkst\u00e4tten mit begrenztem Platzangebot.<\/li>    <li>Diese Maschine <strong>verbessert den wirtschaftlichen Wert von Metallsp\u00e4nen<\/strong>. Die gepressten Metallbl\u00f6cke sind leicht zu verkaufen und erh\u00f6hen die Wertsch\u00f6pfung des Schrotts.<\/li> <\/ul>    <figure class=\"wp-block-gallery has-nested-images columns-default is-cropped wp-block-gallery-2 is-layout-flex wp-block-gallery-is-layout-flex\"> <figure class=\"wp-block-image size-large\"><img loading=\"lazy\" decoding=\"async\" width=\"720\" height=\"540\" data-id=\"4023\" src=\"https:\/\/www.baler-machines.com\/wp-content\/uploads\/2024\/11\/briquette-machine-for-scrap-metal.webp\" alt=\"Brikettiermaschine f\u00fcr Altmetall\" class=\"wp-image-4023\" title=\"\" srcset=\"https:\/\/www.baler-machines.com\/wp-content\/uploads\/2024\/11\/briquette-machine-for-scrap-metal.webp 720w, https:\/\/www.baler-machines.com\/wp-content\/uploads\/2024\/11\/briquette-machine-for-scrap-metal-16x12.webp 16w\" sizes=\"auto, (max-width: 720px) 100vw, 720px\" \/><figcaption class=\"wp-element-caption\">Brikettiermaschine f\u00fcr Altmetall<\/figcaption><\/figure>    <figure class=\"wp-block-image size-large\"><img loading=\"lazy\" decoding=\"async\" width=\"720\" height=\"540\" data-id=\"4024\" src=\"https:\/\/www.baler-machines.com\/wp-content\/uploads\/2024\/11\/metal-chips-briquetting-press-machine.webp\" alt=\"Brikettierpresse f\u00fcr Metallsp\u00e4ne\" class=\"wp-image-4024\" title=\"\" srcset=\"https:\/\/www.baler-machines.com\/wp-content\/uploads\/2024\/11\/metal-chips-briquetting-press-machine.webp 720w, https:\/\/www.baler-machines.com\/wp-content\/uploads\/2024\/11\/metal-chips-briquetting-press-machine-16x12.webp 16w\" sizes=\"auto, (max-width: 720px) 100vw, 720px\" \/><figcaption class=\"wp-element-caption\">Brikettierpresse f\u00fcr Metallsp\u00e4ne<\/figcaption><\/figure> <\/figure>    <h2 class=\"wp-block-heading\"><strong>Technische Parameter der Metallbrikettierpresse<\/strong><\/h2>    <figure class=\"wp-block-table\"><table><tbody><tr><td>Modell<\/td><td>SL-70T<\/td><td>SL-200T<\/td><\/tr><tr><td>Ger\u00e4tedruck<\/td><td>700 kn<\/td><td>2000kn<\/td><\/tr><tr><td>Kuchendurchmesser<\/td><td>80mm<\/td><td>100\u2013160 mm, angepasst an verschiedene Materialien<\/td><\/tr><tr><td>Gr\u00f6\u00dfe der Futter\u00f6ffnung<\/td><td>600mm-600mm<\/td><td>800mm-800mm<\/td><\/tr><tr><td>Hydraulik\u00f6lpumpe<\/td><td>Zahnradpumpe F525<\/td><td>Kolbenpumpe Typ 63<\/td><\/tr><tr><td>Ger\u00e4teleistung<\/td><td>5,5 kW reines Kupfer nach nationalem Standard<\/td><td>15 kW reines Kupfer<\/td><\/tr><tr><td>Systemsteuerung<\/td><td>Automatische SPS-Steuerung<\/td><td>Automatische SPS-Steuerung<\/td><\/tr><tr><td>K\u00fchlmethode<\/td><td>Luftk\u00fchlung<\/td><td>Luftk\u00fchlung<\/td><\/tr><tr><td>Formzeit<\/td><td>Etwa 20-25 Sekunden\/Stk<\/td><td>Ca. 25 Sek.\/Stk<\/td><\/tr><tr><td>F\u00fctterungsmethode<\/td><td>Schraubenmengenzufuhr<\/td><td>Schraubenmengenzufuhr<\/td><\/tr><tr><td>Betriebsmodus<\/td><td>Manuell+Automatisch<\/td><td>Manuell+Automatisch<\/td><\/tr><tr><td>Fassungsverm\u00f6gen des Kraftstofftanks<\/td><td>100L<\/td><td>400L<\/td><\/tr><tr><td>Gr\u00f6\u00dfe<\/td><td>1200*1100*1100mm<\/td><td>2100*1400*1400mm<\/td><\/tr><\/tbody><\/table><figcaption class=\"wp-element-caption\">Spezifikationen des Metallsp\u00e4neverdichters<\/figcaption><\/figure>    <h2 class=\"wp-block-heading\"><strong>Aufbau eines Brikettierger\u00e4ts aus Aluminiumsp\u00e4nen<\/strong><\/h2>    <p>Die Maschine besteht aus Einlass, Auslass, SPS-Sieb, Schnecke usw. Der Aufbau ist einfach, leicht verst\u00e4ndlich und sehr bequem zu bedienen.<\/p>    <figure class=\"wp-block-gallery has-nested-images columns-default is-cropped wp-block-gallery-3 is-layout-flex wp-block-gallery-is-layout-flex\"> <figure class=\"wp-block-image size-large\"><img loading=\"lazy\" decoding=\"async\" width=\"720\" height=\"540\" data-id=\"3448\" src=\"https:\/\/www.baler-machines.com\/wp-content\/uploads\/2023\/11\/aluminum-chip-briquetting-machine.webp\" alt=\"Brikettiermaschine f\u00fcr Aluminiumsp\u00e4ne\" class=\"wp-image-3448\" title=\"\"><figcaption class=\"wp-element-caption\">Brikettiermaschine f\u00fcr Aluminiumsp\u00e4ne<\/figcaption><\/figure>    <figure class=\"wp-block-image size-full\"><img loading=\"lazy\" decoding=\"async\" width=\"720\" height=\"540\" data-id=\"4027\" src=\"https:\/\/www.baler-machines.com\/wp-content\/uploads\/2024\/11\/back-side-of-metal-swarf-compactor-machine.webp\" alt=\"R\u00fcckseite der Metallsp\u00e4neverdichtungsmaschine\" class=\"wp-image-4027\" title=\"\" srcset=\"https:\/\/www.baler-machines.com\/wp-content\/uploads\/2024\/11\/back-side-of-metal-swarf-compactor-machine.webp 720w, https:\/\/www.baler-machines.com\/wp-content\/uploads\/2024\/11\/back-side-of-metal-swarf-compactor-machine-16x12.webp 16w\" sizes=\"auto, (max-width: 720px) 100vw, 720px\" \/><figcaption class=\"wp-element-caption\">R\u00fcckseite der Metallsp\u00e4ne-Verdichtungsmaschine<\/figcaption><\/figure> <\/figure>    <figure class=\"wp-block-gallery has-nested-images columns-default is-cropped wp-block-gallery-4 is-layout-flex wp-block-gallery-is-layout-flex\"> <figure class=\"wp-block-image size-large\"><img loading=\"lazy\" decoding=\"async\" width=\"720\" height=\"540\" data-id=\"4025\" src=\"https:\/\/www.baler-machines.com\/wp-content\/uploads\/2024\/11\/PLC-control-panel.webp\" alt=\"PLC-Steuerungstafel\" class=\"wp-image-4025\" title=\"\" srcset=\"https:\/\/www.baler-machines.com\/wp-content\/uploads\/2024\/11\/PLC-control-panel.webp 720w, https:\/\/www.baler-machines.com\/wp-content\/uploads\/2024\/11\/PLC-control-panel-16x12.webp 16w\" sizes=\"auto, (max-width: 720px) 100vw, 720px\" \/><figcaption class=\"wp-element-caption\">SPS-Systemsteuerung<\/figcaption><\/figure>    <figure class=\"wp-block-image size-large\"><img loading=\"lazy\" decoding=\"async\" width=\"720\" height=\"540\" data-id=\"4026\" src=\"https:\/\/www.baler-machines.com\/wp-content\/uploads\/2024\/11\/screw-quantitative-feeding.webp\" alt=\"Schrauben-Quantit\u00e4tszufuhr\" class=\"wp-image-4026\" title=\"\" srcset=\"https:\/\/www.baler-machines.com\/wp-content\/uploads\/2024\/11\/screw-quantitative-feeding.webp 720w, https:\/\/www.baler-machines.com\/wp-content\/uploads\/2024\/11\/screw-quantitative-feeding-16x12.webp 16w\" sizes=\"auto, (max-width: 720px) 100vw, 720px\" \/><figcaption class=\"wp-element-caption\">Quantitative Schraubenf\u00fctterung<\/figcaption><\/figure> <\/figure>    <h2 class=\"wp-block-heading\"><strong>Wie funktioniert die Brikettierpresse f\u00fcr Metallsp\u00e4ne?<\/strong><\/h2>    <p>Die Metallbrikettierpresse komprimiert die losen Metallsp\u00e4ne durch das Hydrauliksystem zu Bl\u00f6cken mit hoher Dichte. Ihr Funktionsprinzip ist wie folgt:<\/p>    <ul class=\"wp-block-list\"> <li><strong>F\u00fcttern<\/strong>: Die Metallsp\u00e4ne werden der Brikettierkammer der Metallbrikettiermaschine \u00fcber die Schneckenmengenzuf\u00fchrvorrichtung zugef\u00fchrt.<\/li>    <li><strong>Hydraulikdruck<\/strong>: Das Hydrauliksystem sorgt f\u00fcr hohen Druck, um die Metallsp\u00e4ne zu Bl\u00f6cken mit hoher Dichte zu komprimieren.<\/li>    <li><strong>Bildung<\/strong>: Die Schrottsp\u00e4ne werden nach Bedarf in die runden Kuchenformen gepresst.<\/li>    <li><strong>Entladen<\/strong>: Endprodukte werden aus dem Ausgang ausgeschleust.<\/li> <\/ul>    <figure class=\"wp-block-embed is-type-video is-provider-youtube wp-block-embed-youtube wp-embed-aspect-16-9 wp-has-aspect-ratio\"><div class=\"wp-block-embed__wrapper\"> <iframe loading=\"lazy\" title=\"Metall Brikettiermaschine f\u00fcr Aluminiumchips Brikettierungsprozess | Leistungsstarke Aluminiumbriquette Press\" width=\"500\" height=\"281\" src=\"https:\/\/www.youtube.com\/embed\/r9arEui4RBQ?feature=oembed\" frameborder=\"0\" allow=\"accelerometer; autoplay; clipboard-write; encrypted-media; gyroscope; picture-in-picture; web-share\" referrerpolicy=\"strict-origin-when-cross-origin\" allowfullscreen><\/iframe> <\/div><figcaption class=\"wp-element-caption\">Aluminiumchips Briketting Press<\/figcaption><\/figure>    <h2 class=\"wp-block-heading\"><strong>Wie hoch ist der Preis f\u00fcr die Aluminiumsp\u00e4ne-Brikettiermaschine?<\/strong><\/h2>    <p>Der Preis der Shuliy-Metallbrikettiermaschine variiert je nach Modell, Leistung und Konfiguration. Zu den wichtigsten Einflussfaktoren z\u00e4hlen:<\/p>    <ul class=\"wp-block-list\"> <li><strong>Druckgr\u00f6\u00dfe<\/strong>: Je h\u00f6her der Druck, desto h\u00f6her die Verarbeitungskapazit\u00e4t und desto h\u00f6her der Preis.<\/li>    <li><strong>Ger\u00e4tegr\u00f6\u00dfe<\/strong>: Je gr\u00f6\u00dfer die Ausstattung, desto h\u00f6her der Preis.<\/li>    <li><strong>Anpassungsbedarf<\/strong>: Der Preis ist h\u00f6her f\u00fcr Maschinen, die an die Kundenbed\u00fcrfnisse angepasst werden.<\/li>    <li><strong>Marken- und technischer Support<\/strong>: Bekannte Marken und perfekter After-Sales-Service wirken sich auf den Preis aus.<\/li> <\/ul>    <p>F\u00fcr konkrete Preise kontaktieren Sie uns bitte, um ein Angebot f\u00fcr den f\u00fcr Ihre Anforderungen geeigneten Aluminium-Span-Brikettierer zu erhalten.<\/p>    <figure class=\"wp-block-gallery has-nested-images columns-default is-cropped wp-block-gallery-5 is-layout-flex wp-block-gallery-is-layout-flex\"> <figure class=\"wp-block-image size-large\"><img loading=\"lazy\" decoding=\"async\" width=\"720\" height=\"720\" data-id=\"4028\" src=\"https:\/\/www.baler-machines.com\/wp-content\/uploads\/2024\/11\/metal-chip-briquetter-factory.webp\" alt=\"Metallsp\u00e4ne-Brikettierwerk\" class=\"wp-image-4028\" title=\"\" srcset=\"https:\/\/www.baler-machines.com\/wp-content\/uploads\/2024\/11\/metal-chip-briquetter-factory.webp 720w, https:\/\/www.baler-machines.com\/wp-content\/uploads\/2024\/11\/metal-chip-briquetter-factory-12x12.webp 12w\" sizes=\"auto, (max-width: 720px) 100vw, 720px\" \/><figcaption class=\"wp-element-caption\">Brikettierfabrik f\u00fcr Metallsp\u00e4ne<\/figcaption><\/figure>    <figure class=\"wp-block-image size-large\"><img loading=\"lazy\" decoding=\"async\" width=\"720\" height=\"720\" data-id=\"4029\" src=\"https:\/\/www.baler-machines.com\/wp-content\/uploads\/2024\/11\/scrap-metal-chips-briquette-machine-manufacturer.webp\" alt=\"Hersteller von Brikettmaschinen f\u00fcr Schrottmetallsp\u00e4ne\" class=\"wp-image-4029\" title=\"\" srcset=\"https:\/\/www.baler-machines.com\/wp-content\/uploads\/2024\/11\/scrap-metal-chips-briquette-machine-manufacturer.webp 720w, https:\/\/www.baler-machines.com\/wp-content\/uploads\/2024\/11\/scrap-metal-chips-briquette-machine-manufacturer-12x12.webp 12w\" sizes=\"auto, (max-width: 720px) 100vw, 720px\" \/><figcaption class=\"wp-element-caption\">Hersteller von Brikettiermaschinen f\u00fcr Schrottsp\u00e4ne<\/figcaption><\/figure> <\/figure>    <h2 class=\"wp-block-heading\"><strong>Warum sollten Sie sich f\u00fcr diese Art von Brikettierpresse aus Metall entscheiden?<\/strong><\/h2>    <p class=\"translation-block\">Als professioneller Hersteller und Lieferant von Metallrecyclingmaschinen haben wir verschiedene Aluminiumsp\u00e4ne-Brikettiermaschinen, wie z. B. die <a href=\"https:\/\/www.baler-machines.com\/de\/scrap-metal-chip-briquette-machine\/\">vertikale Metallsp\u00e4ne-Brikettierpresse<\/a>. Gr\u00fcnde f\u00fcr die Wahl dieser Metallschrott-Brikettiermaschine sind wie folgt:<\/p>    <ul class=\"wp-block-list\"> <li><strong>Einfache Bedienung<\/strong>: Intelligentes Steuerungssystem, unterst\u00fctzt automatischen Betrieb, einfach zu bedienen.<\/li>    <li><strong>Erschwinglicher Preis<\/strong>: Der Preis dieser Maschine ist niedriger, wenn dasselbe Rohmaterial verarbeitet wird.<\/li>    <li><strong>Bequemer Transport<\/strong>: Diese Metallsp\u00e4ne-Verdichtungsmaschine ist kleiner, leichter in der Qualit\u00e4t, leicht zu be- und entladen und kann f\u00fcr den Transport verpackt werden.<\/li> <\/ul>    <h2 class=\"wp-block-heading\"><strong>Verwandte \u00fcbereinstimmende Ger\u00e4te<\/strong><\/h2>    <div class=\"wp-block-columns is-layout-flex wp-container-core-columns-is-layout-9d6595d7 wp-block-columns-is-layout-flex\"> <div class=\"wp-block-column is-layout-flow wp-block-column-is-layout-flow\"> <figure class=\"wp-block-image size-full\"><img loading=\"lazy\" decoding=\"async\" width=\"720\" height=\"720\" src=\"https:\/\/www.baler-machines.com\/wp-content\/uploads\/2024\/11\/aluminum-chip-briquette-press-machine-with-elevator.webp\" alt=\"Aluminium-Span-Brikettpresse mit Aufzug\" class=\"wp-image-4020\" title=\"\" srcset=\"https:\/\/www.baler-machines.com\/wp-content\/uploads\/2024\/11\/aluminum-chip-briquette-press-machine-with-elevator.webp 720w, https:\/\/www.baler-machines.com\/wp-content\/uploads\/2024\/11\/aluminum-chip-briquette-press-machine-with-elevator-12x12.webp 12w\" sizes=\"auto, (max-width: 720px) 100vw, 720px\" \/><figcaption class=\"wp-element-caption\">Aluminium-Span-Brikettpressmaschine mit Aufzug<\/figcaption><\/figure> <\/div>    <div class=\"wp-block-column is-vertically-aligned-center is-layout-flow wp-block-column-is-layout-flow\"> <p class=\"has-text-align-center translation-block\"><strong>Metallbrikettierpresse mit Aufzug<\/strong><\/p>    <p>Das F\u00f6rderband transportiert die Metallsp\u00e4ne arbeitssparend direkt zur Einf\u00fcll\u00f6ffnung der Brikettiermaschine.<\/p>    <p>Diese Kombination erm\u00f6glicht die automatische Zuf\u00fchrung von Metallsp\u00e4nen und verbessert die Produktionseffizienz.<\/p>    <p>Die Wahl des geeigneten F\u00f6rderers h\u00e4ngt von der Gr\u00f6\u00dfe der von Ihnen gew\u00e4hlten Ausr\u00fcstung ab.<\/p>    <p>Wenn Sie detaillierte Informationen w\u00fcnschen, k\u00f6nnen Sie uns gerne kontaktieren!<\/p> <\/div> <\/div>    <div class=\"wp-block-columns is-layout-flex wp-container-core-columns-is-layout-9d6595d7 wp-block-columns-is-layout-flex\"> <div class=\"wp-block-column is-layout-flow wp-block-column-is-layout-flow\"> <figure class=\"wp-block-image size-full\"><img loading=\"lazy\" decoding=\"async\" width=\"720\" height=\"540\" src=\"https:\/\/www.baler-machines.com\/wp-content\/uploads\/2024\/11\/small-metal-shredder.webp\" alt=\"kleiner Metallschredder\" class=\"wp-image-4021\" title=\"\" srcset=\"https:\/\/www.baler-machines.com\/wp-content\/uploads\/2024\/11\/small-metal-shredder.webp 720w, https:\/\/www.baler-machines.com\/wp-content\/uploads\/2024\/11\/small-metal-shredder-16x12.webp 16w\" sizes=\"auto, (max-width: 720px) 100vw, 720px\" \/><figcaption class=\"wp-element-caption\">Kleiner Metallschredder<\/figcaption><\/figure> <\/div>    <div class=\"wp-block-column is-vertically-aligned-center is-layout-flow wp-block-column-is-layout-flow\"> <p class=\"has-text-align-center translation-block\"><strong>Metallschredder<\/strong><\/p>    <p>Dieser Doppelwellen-Zerkleinerer soll gr\u00f6\u00dfere Metallabf\u00e4lle in feinere Sp\u00e4ne pulverisieren, die leichter zu handhaben sind.<\/p>    <p>Es arbeitet mit dem Metallsp\u00e4neverdichter zusammen, um eine vollautomatische Brikettiermaschinenlinie f\u00fcr Metallsp\u00e4ne zu bilden.<\/p> <\/div> <\/div>    <p class=\"translation-block\">Suchen Sie nach Metallverarbeitungsanlagen f\u00fcr <a href=\"https:\/\/en.wikipedia.org\/wiki\/Metal_swarf\" target=\"_blank\" rel=\"noopener\">Metallsp\u00e4ne<\/a>? Wenn ja, kontaktieren Sie uns jetzt und wir werden die am besten geeignete L\u00f6sung f\u00fcr Ihre Recyclinganforderungen anbieten.<\/p>    <figure class=\"wp-block-embed is-type-video is-provider-youtube wp-block-embed-youtube wp-embed-aspect-16-9 wp-has-aspect-ratio\"><div class=\"wp-block-embed__wrapper\"> <iframe loading=\"lazy\" title=\"Wie dr\u00fccke ich Metallchips in Briketts? Metall -Shredder und Aluminium -Brikettiermaschine Recycling\" width=\"500\" height=\"281\" src=\"https:\/\/www.youtube.com\/embed\/2tKM0zjwBpQ?feature=oembed\" frameborder=\"0\" allow=\"accelerometer; autoplay; clipboard-write; encrypted-media; gyroscope; picture-in-picture; web-share\" referrerpolicy=\"strict-origin-when-cross-origin\" allowfullscreen><\/iframe> <\/div><figcaption class=\"wp-element-caption\">Video von Metal Brikette Machine und Brecher<\/figcaption><\/figure>","protected":false},"excerpt":{"rendered":"<p>Die Metallbrikettierpresse von Shuliy kann alle Arten von Metallpulver, Kupfersp\u00e4nen, Aluminiumsp\u00e4nen, Eisensp\u00e4nen, Holzsp\u00e4nen usw. in runde Kuchenformen pressen.<\/p>","protected":false},"author":1,"featured_media":4019,"parent":0,"template":"","tags":[414,639],"product-type":[563],"class_list":["post-4013","product","type-product","status-publish","has-post-thumbnail","hentry","tag-baler","tag-metal-briquetting","product-type-baler-machine"],"_links":{"self":[{"href":"https:\/\/www.baler-machines.com\/de\/wp-json\/wp\/v2\/product\/4013","targetHints":{"allow":["GET"]}}],"collection":[{"href":"https:\/\/www.baler-machines.com\/de\/wp-json\/wp\/v2\/product"}],"about":[{"href":"https:\/\/www.baler-machines.com\/de\/wp-json\/wp\/v2\/types\/product"}],"author":[{"embeddable":true,"href":"https:\/\/www.baler-machines.com\/de\/wp-json\/wp\/v2\/users\/1"}],"wp:featuredmedia":[{"embeddable":true,"href":"https:\/\/www.baler-machines.com\/de\/wp-json\/wp\/v2\/media\/4019"}],"wp:attachment":[{"href":"https:\/\/www.baler-machines.com\/de\/wp-json\/wp\/v2\/media?parent=4013"}],"wp:term":[{"taxonomy":"post_tag","embeddable":true,"href":"https:\/\/www.baler-machines.com\/de\/wp-json\/wp\/v2\/tags?post=4013"},{"taxonomy":"product-type","embeddable":true,"href":"https:\/\/www.baler-machines.com\/de\/wp-json\/wp\/v2\/product-type?post=4013"}],"curies":[{"name":"wp","href":"https:\/\/api.w.org\/{rel}","templated":true}]}}