{"id":391,"date":"2019-12-13T08:37:01","date_gmt":"2019-12-13T08:37:01","guid":{"rendered":"https:\/\/www.baler-machines.com\/?p=391"},"modified":"2024-11-29T10:49:26","modified_gmt":"2024-11-29T02:49:26","slug":"scrap-metal-chip-briquette-machine","status":"publish","type":"product","link":"https:\/\/www.baler-machines.com\/de\/scrap-metal-chip-briquette-machine\/","title":{"rendered":"Brikettiermaschine f\u00fcr Metallsp\u00e4ne | Spanbrikettierger\u00e4t aus Aluminium"},"content":{"rendered":"<p class=\"translation-block\">The metal chip briquetting machine is a kind of recycling machine for various metal scraps. In various steel plants, there are a lot of metal scraps and scrap metal scrap every day, so there is a metal briquetting machine to process and recycle various scraps. We have not only this machine but also the metal baler, <a href=\"https:\/\/www.baler-machines.com\/de\/metal-shears\/\" target=\"_blank\" rel=\"noreferrer noopener\">shear machine<\/a>, <a href=\"https:\/\/www.baler-machines.com\/de\/industrial-shredder\/\" target=\"_blank\" rel=\"noreferrer noopener\">shredder<\/a>, etc., all of which can handle metal and metal scrap machines. If you are interested, welcome to contact us.<\/p>    <h2 class=\"wp-block-heading\"><strong>Was ist eine Metallbrikettiermaschine?<\/strong><\/h2>    <p>Die automatische Brikettiermaschine f\u00fcr Altmetallsp\u00e4ne (vertikaler Metallbrikettierer, hydraulische Metallpulverpressmaschine) ist die wichtige Recyclinganlage f\u00fcr Altmetallressourcen zum Brikettieren verschiedener Metallsp\u00e4ne und Metallpulver, wie Eisenschrott, Eisen- und Aluminiumsp\u00e4ne, Kupfer- und Stahlsp\u00e4ne und so weiter. Dieser Metallsp\u00e4ne-Brikettierer kann verschiedene pulverf\u00f6rmige oder k\u00f6rnige Metallabf\u00e4lle direkt kalt zu 3\u201315 kg schweren zylindrischen Kuchen pressen, um den Transport und den Ofenbetrieb zu erleichtern. Der gesamte Brikettierungsprozess erfordert keine hohen Temperaturen, Zusatzstoffe oder andere Prozesse. Die Dichte von Stahlschrott nach der Brikettierung kann 5-6 Tonnen T\/m\u00b3 erreichen.<\/p>    <figure class=\"wp-block-gallery aligncenter has-nested-images columns-default is-cropped wp-block-gallery-2 is-layout-flex wp-block-gallery-is-layout-flex\"> <figure class=\"wp-block-image size-large\"><img loading=\"lazy\" decoding=\"async\" width=\"720\" height=\"540\" data-id=\"392\" src=\"https:\/\/www.baler-machines.com\/wp-content\/uploads\/2019\/12\/Shuliy-scrap-metal-briquetting-machine-for-sale.jpg\" alt=\"Shuliy Schrottbrikettiermaschine zu verkaufen\" class=\"wp-image-392\" title=\"\"><figcaption>Shuliy Schrottbrikettiermaschine zu verkaufen<\/figcaption><\/figure>    <figure class=\"wp-block-image size-large\"><img loading=\"lazy\" decoding=\"async\" width=\"720\" height=\"540\" data-id=\"402\" src=\"https:\/\/www.baler-machines.com\/wp-content\/uploads\/2019\/12\/Aluminum-scrap-Briquettes-2.jpg\" alt=\"Aluminium-Schrott-Briquettes\" class=\"wp-image-402\" title=\"\"><figcaption>Aluminiumschrottbriketts<\/figcaption><\/figure> <\/figure>    <h2 class=\"wp-block-heading\" id=\"h-why-use-the-metal-chip-briquetter\"><strong>Warum den Metallsp\u00e4ne-Brikettierer verwenden?<\/strong><\/h2>    <p>Derzeit widmen die meisten Metallverarbeitungsbetriebe und Stahlgie\u00dfereien der Behandlung von Metallabf\u00e4llen und -sp\u00e4nen nicht gen\u00fcgend Aufmerksamkeit. Die meisten Metallschrotte werden wahllos gestapelt, was nicht nur eine Verschwendung von Ressourcen, sondern auch eine ernsthafte Umweltverschmutzung zur Folge hat. <\/p>    <figure class=\"wp-block-gallery aligncenter has-nested-images columns-default is-cropped wp-block-gallery-3 is-layout-flex wp-block-gallery-is-layout-flex\"> <figure class=\"wp-block-image size-large\"><img loading=\"lazy\" decoding=\"async\" width=\"405\" height=\"540\" data-id=\"394\" src=\"https:\/\/www.baler-machines.com\/wp-content\/uploads\/2019\/12\/vertical-metal-briquette-machine-manufacturing.jpg\" alt=\"vertical-metal-briquette-machine-manufacturing\" class=\"wp-image-394\" title=\"\"><figcaption>Vertikale Herstellung von Metallbrikettmaschinen<\/figcaption><\/figure>    <figure class=\"wp-block-image size-large\"><img loading=\"lazy\" decoding=\"async\" width=\"405\" height=\"540\" data-id=\"395\" src=\"https:\/\/www.baler-machines.com\/wp-content\/uploads\/2019\/12\/hydraulic-metal-chip-briquette-machine-for-sale.jpg\" alt=\"hydraulic metal chip briquette machine for sale\" class=\"wp-image-395\" title=\"\"><figcaption>Hydraulische Metallsp\u00e4ne-Brikettmaschine zu verkaufen<\/figcaption><\/figure> <\/figure>    <p>Insbesondere in einigen gro\u00dfen Metallsp\u00e4nestapeln im Freien werden die meisten Metallsp\u00e4ne in S\u00e4cken oder Eisenkisten transportiert und dann mit dem Wagen, der die Metallsp\u00e4ne transportiert, an andere Orte geschickt. W\u00e4hrend des gesamten Prozesses fallen an verschiedenen Stellen Metallsp\u00e4ne herunter, was zu Bodenverschmutzung und Ressourcenverschwendung f\u00fchrt. Die Metallsp\u00e4ne-Brikettiermaschine kann die meisten Altmetallmaterialien in einen Zylinder und Bl\u00f6cke verschiedener Gr\u00f6\u00dfen pressen, wodurch die Verschwendung von Metallressourcen wirksam reduziert und die Transportkosten gesenkt werden k\u00f6nnen.<\/p>    <h2 class=\"wp-block-heading\"><strong>Anwendungen der zum Verkauf stehenden Metallbrikettiermaschine<\/strong><\/h2>    <p>Es kann Aluminiumsp\u00e4ne, Stahlsp\u00e4ne, Eisenpulver, Kupfersp\u00e4ne und andere Briketts in den Ofen zur\u00fcckf\u00fchren. Ersetzen Sie Stahlschrott, Eisensp\u00e4ne, Aluminiumbarren und Kupferschrott als Rohstoffe, um den Ausbrand zu reduzieren. Diese hydraulische Metallbrikettiermaschine kann diese Metallabf\u00e4lle in eine zylindrische Form mit verschiedenen einstellbaren Durchmessern und L\u00e4ngen brikettieren.<\/p>   <div class=\"wp-block-image\"> <figure class=\"aligncenter size-full\"><img loading=\"lazy\" decoding=\"async\" width=\"720\" height=\"325\" src=\"https:\/\/www.baler-machines.com\/wp-content\/uploads\/2022\/08\/scrap-metal-to-be-briquetted.webp\" alt=\"Altmetall, das brikettiert werden soll\" class=\"wp-image-2577\" title=\"\"><figcaption>Altmetall, das brikettiert werden soll<\/figcaption><\/figure> <\/div>   <p>Diese vertikale Brikettiermaschine f\u00fcr Altmetallsp\u00e4ne wird h\u00e4ufig in Aluminiumlegierungsprofilwerken, Stahlgusswerken, Aluminiumgusswerken, Kupfergusswerken und den meisten Recyclinganlagen f\u00fcr Altmetallressourcen eingesetzt.<\/p>   <div class=\"wp-block-image\"> <figure class=\"aligncenter size-full\"><img loading=\"lazy\" decoding=\"async\" width=\"720\" height=\"540\" src=\"https:\/\/www.baler-machines.com\/wp-content\/uploads\/2022\/08\/final-products-of-the-metal-chip-briquetter.webp\" alt=\"\" class=\"wp-image-2578\" title=\"\"><figcaption>Endprodukte des Metallsp\u00e4ne-Brikettierers<\/figcaption><\/figure> <\/div>   <h2 class=\"wp-block-heading\" id=\"h-what-composes-the-aluminum-chip-briquetter\"><strong>Woraus besteht der Aluminiumsp\u00e4ne-Brikettierer?<\/strong><\/h2>    <p>Die vollautomatische Brikettiermaschine f\u00fcr Metallsp\u00e4ne verf\u00fcgt \u00fcber ein intelligentes SPS-Steuerungsprogramm. Die Hauptkomponenten bestehen aus: Der Hauptrahmen besteht aus einer oberen und unteren Balkenstruktur aus Gussstahl, ist langlebig und verformt sich nie. <\/p>    <p>Die vier hydraulischen S\u00e4ulen verf\u00fcgen \u00fcber eine fortschrittliche Verchromungstechnologie, die sch\u00f6n und elegant, sicher und zuverl\u00e4ssig ist. Der Hydraulik\u00f6ltank dient zur Speicherung des Arbeitsmediums. Das Hydraulik\u00f6l ist 46 # Anti-Verschlei\u00df-Hydraulik\u00f6l. <\/p>   <div class=\"wp-block-image\"> <figure class=\"aligncenter size-full\"><img loading=\"lazy\" decoding=\"async\" width=\"720\" height=\"540\" src=\"https:\/\/www.baler-machines.com\/wp-content\/uploads\/2022\/08\/structure-of-the-metal-chip-briquetting-machine.webp\" alt=\"Aufbau der Metallsp\u00e4ne-Brikettiermaschine\" class=\"wp-image-2574\" title=\"\"><figcaption>Aufbau der Metallsp\u00e4ne-Brikettiermaschine<\/figcaption><\/figure> <\/div>   <p>Das elektrische Steuersystem der Aluminiumbrikettiermaschine dient zur Steuerung der Funktion jedes Zylinders. Die hydraulische Ventilgruppe der Metallsp\u00e4ne-Pressmaschine verwendet einen hochdichten \u00d6lkreislauf mit gro\u00dfem Durchmesser, der eine gro\u00dfe Durchflussrate und hohe Geschwindigkeit aufweist. <\/p>    <p>Das Antriebssystem der Maschine besteht aus einem Motor und einer \u00d6lpumpe mit hoher Qualit\u00e4t, stabilem Betrieb, geringer Ausfallrate und starker Dauerarbeitsf\u00e4higkeit.<\/p>    <h2 class=\"wp-block-heading\"><strong>Wie funktioniert eine Metallbrikettiermaschine?<\/strong><\/h2>    <p>Tats\u00e4chlich arbeitet diese Maschine haupts\u00e4chlich auf der Grundlage von hydraulischem Druck, um den zu verarbeitenden Schrott zu pressen, und die Energie wird f\u00fcr Strom genutzt.<\/p>    <p>Zun\u00e4chst wird der Metallschrott in den Lagerbeh\u00e4lter gegeben.<\/p>    <p>Zweitens gelangt der Schrott in die Formm\u00fchle und wird unter der konstanten Extrusion des Hydraulikzylinders nach und nach geformt.<\/p>    <p>Schlie\u00dflich wird der Abfall geformt und der gesamte Prozess ist abgeschlossen, sodass etwa 4 bis 5 St\u00fccke pro Minute entstehen. Dann wird der Vorgang noch einmal wiederholt.<\/p>   <div class=\"wp-block-image\"> <figure class=\"aligncenter size-full\"><img loading=\"lazy\" decoding=\"async\" width=\"540\" height=\"540\" src=\"https:\/\/www.baler-machines.com\/wp-content\/uploads\/2019\/12\/aluminum-briquettes-production-line.jpg\" alt=\"aluminum-briquettes-production-line\" class=\"wp-image-396\" title=\"\"><figcaption>Produktionslinie f\u00fcr Aluminiumbriketts<\/figcaption><\/figure> <\/div>   <h2 class=\"wp-block-heading\" id=\"h-spotlights-of-recycle-waste-metal-chip-briquetting-machine\"><strong><strong>Scheinwerfer der Brikettiermaschine f\u00fcr recycelte Metallsp\u00e4ne<\/strong><\/strong><\/h2>    <ol class=\"wp-block-list\"><li><strong>Vollautomatische Produktionslinie f\u00fcr Metallsp\u00e4ne-Briketts<\/strong>. Die Brikettiermaschine f\u00fcr Aluminiumsp\u00e4ne kann mit automatischen F\u00f6rderger\u00e4ten verwendet werden. Die Produktionslinie f\u00fcr Metallsp\u00e4nebriketts umfasst gro\u00dfe Lagersilos f\u00fcr Stahlsp\u00e4ne, F\u00f6rderb\u00e4nder, Luftkompressoren, Stahlsp\u00e4nebrecher und andere Zusatzger\u00e4te. Als <a href=\"https:\/\/www.baler-machines.com\/de\/\" target=\"_blank\" rel=\"noreferrer noopener\">ein professioneller Hersteller von Metallrecyclingger\u00e4ten<\/a>, our machines can meet customers&#8217; needs for highly automated production and reduce labor costs.<\/li><li><strong>Verschiedene Modelle und Produktionskapazit\u00e4ten<\/strong>. Die Aluminiumbrikettiermaschine verf\u00fcgt \u00fcber gro\u00dfe Reichweiten. Wir k\u00f6nnen das Modell und die Spezifikationen der Stahlbrikettiermaschinen f\u00fcr Kunden entsprechend ihren spezifischen Bed\u00fcrfnissen ausw\u00e4hlen. <\/li><li><strong>Anpassung<\/strong>. Wir k\u00f6nnen Kunden auch dabei unterst\u00fctzen, die Formen und Gr\u00f6\u00dfen der Endprodukte individuell anzupassen. Die Metallsp\u00e4ne-Brikettiermaschine ist ein Produkt, das wir unabh\u00e4ngig entwickeln und herstellen und das einfach zu bedienen, hocheffizient und stabil ist.<\/li><li>Automatisierung, niedrige Ausfallrate, einfache Wartung.<\/li><li>Kosteneinsparung, bequemer Transport und erneute Gewinnsteigerung.<\/li><li>Kompakte Struktur, reibungsloser Betrieb und lange Lebensdauer.<\/li><\/ol>    <figure class=\"wp-block-gallery aligncenter has-nested-images columns-default is-cropped wp-block-gallery-4 is-layout-flex wp-block-gallery-is-layout-flex\"> <figure class=\"wp-block-image size-large\"><img loading=\"lazy\" decoding=\"async\" width=\"552\" height=\"540\" data-id=\"399\" src=\"https:\/\/www.baler-machines.com\/wp-content\/uploads\/2019\/12\/Waste-metal-briquettes-1.jpg\" alt=\"Altmetallbriketts\" class=\"wp-image-399\" title=\"\"><figcaption>Altmetallbriketts<\/figcaption><\/figure>    <figure class=\"wp-block-image size-full\"><img loading=\"lazy\" decoding=\"async\" width=\"540\" height=\"540\" data-id=\"400\" src=\"https:\/\/www.baler-machines.com\/wp-content\/uploads\/2019\/12\/Production-site-of-our-Philippines-customer.jpg\" alt=\"Production-site-of-our-Philippines-customer\" class=\"wp-image-400\" title=\"\"><figcaption>Produktionsstandort unseres philippinischen Kunden<\/figcaption><\/figure> <\/figure>    <h2 class=\"wp-block-heading\"><strong>Wie verwende ich den Aluminium-Span-Brikettierer sicher?<\/strong><\/h2>    <ol class=\"wp-block-list\"><li>Bitte beachten Sie die von der Maschine verwendete Stromversorgung und schlie\u00dfen Sie nicht die falsche Stromversorgung an.<\/li><li>Denken Sie daran, den Netzstecker zu ziehen, wenn Sie die Metallbrikettiermaschine nicht verwenden.<\/li><li>Ersetzen Sie die Teile der Maschine nicht nach Belieben.<\/li><li>Rechtzeitige \u00dcberpr\u00fcfung der Verwendung von Hydraulik\u00f6l, um Ausfallzeiten bei der Arbeit zu vermeiden.<\/li><li>\u00dcberpr\u00fcfen Sie die Maschine nach dem Gebrauch und machen Sie verschiedene Aufzeichnungen, nachdem Sie sich vergewissert haben, dass sie korrekt ist.<\/li><\/ol>    <h2 class=\"wp-block-heading\" id=\"h-working-video-of-the-metal-chip-briquetting-machine\"><strong>Arbeitsvideo der Metallsp\u00e4ne-Brikettiermaschine<\/strong><\/h2>    <figure class=\"wp-block-embed is-type-video is-provider-youtube wp-block-embed-youtube wp-embed-aspect-16-9 wp-has-aspect-ratio\"><div class=\"wp-block-embed__wrapper\"> <iframe loading=\"lazy\" title=\"Hydraulische Metallbrikettiermaschine |  Schrottsp\u00e4ne-Brikettierer | Metallpulverpressmaschine\" width=\"500\" height=\"281\" src=\"https:\/\/www.youtube.com\/embed\/07kcFZtIdy4?feature=oembed\" frameborder=\"0\" allow=\"accelerometer; autoplay; clipboard-write; encrypted-media; gyroscope; picture-in-picture; web-share\" referrerpolicy=\"strict-origin-when-cross-origin\" allowfullscreen><\/iframe> <\/div><\/figure>    <figure class=\"wp-block-embed is-type-video is-provider-youtube wp-block-embed-youtube wp-embed-aspect-4-3 wp-has-aspect-ratio\"><div class=\"wp-block-embed__wrapper\"> <iframe loading=\"lazy\" title=\"Hersteller von Altmetallabfall-Recyclingmaschinen | Brikettiermaschine f\u00fcr Metallsp\u00e4nepulver\" width=\"500\" height=\"375\" src=\"https:\/\/www.youtube.com\/embed\/keuAYiSAQrg?feature=oembed\" frameborder=\"0\" allow=\"accelerometer; autoplay; clipboard-write; encrypted-media; gyroscope; picture-in-picture; web-share\" referrerpolicy=\"strict-origin-when-cross-origin\" allowfullscreen><\/iframe> <\/div><\/figure>    <p>Die Metallpulver-Brikettiermaschine eignet sich auch zum Pressen von Kokosnussschalenpulver. Das folgende Video zeigt das Auspressen von Kokosnussschalenpulver, wobei jedes Mal 4 Ziegel entstehen.<\/p>    <figure class=\"wp-block-embed is-type-video is-provider-youtube wp-block-embed-youtube wp-embed-aspect-16-9 wp-has-aspect-ratio\"><div class=\"wp-block-embed__wrapper\"> <iframe loading=\"lazy\" title=\"Wie stellt man Ziegel aus hochdichtem Kokosnussschalenpulver her? Schauen Sie sich die hydraulische Ziegelpresse f\u00fcr Kokosnusspulver an\" width=\"500\" height=\"281\" src=\"https:\/\/www.youtube.com\/embed\/rbja9FX1p7E?feature=oembed\" frameborder=\"0\" allow=\"accelerometer; autoplay; clipboard-write; encrypted-media; gyroscope; picture-in-picture; web-share\" referrerpolicy=\"strict-origin-when-cross-origin\" allowfullscreen><\/iframe> <\/div><\/figure>    <p>Brikettiermaschine f\u00fcr Kokosfaserpulver, die jeweils 1 Hohlziegel herstellt.<\/p>    <figure class=\"wp-block-embed is-type-video is-provider-youtube wp-block-embed-youtube wp-embed-aspect-16-9 wp-has-aspect-ratio\"><div class=\"wp-block-embed__wrapper\"> <iframe loading=\"lazy\" title=\"Mit einer Kokosfaserpulver-Brikettiermaschine k\u00f6nnen Sie jetzt ganz einfach Hohlziegel aus Kokosnuss herstellen!\" width=\"500\" height=\"281\" src=\"https:\/\/www.youtube.com\/embed\/CVkJwZkr-GI?feature=oembed\" frameborder=\"0\" allow=\"accelerometer; autoplay; clipboard-write; encrypted-media; gyroscope; picture-in-picture; web-share\" referrerpolicy=\"strict-origin-when-cross-origin\" allowfullscreen><\/iframe> <\/div><\/figure>    <h2 class=\"wp-block-heading\" id=\"h-technical-parameters-of-the-metal-powder-press-machine\"><strong>Technische Parameter der Metallpulverpressmaschine<\/strong><\/h2>    <figure class=\"wp-block-table\"><table><tbody><tr><td>Modell<\/td><td>Kapazit\u00e4t<\/td><td>Dichte<\/td><td>Kontrollsystem<\/td><\/tr><tr><td>SL-315T<\/td><td>300-500kg\/h<\/td><td>2400kg\/m\u00b3<\/td><td>Automatische SPS-Steuerung<strong><\/strong><\/td><\/tr><\/tbody><\/table><\/figure>    <p><\/p>    <h2 class=\"wp-block-heading\"><strong>Erfolgreicher Fall: <a href=\"https:\/\/www.baler-machines.com\/de\/shipping-300t-metal-chip-briquette-machine-to-italy\/\" target=\"_blank\" rel=\"noreferrer noopener\">Brikettiermaschine f\u00fcr Metallsp\u00e4ne, exportiert nach Italien<\/a><\/strong><\/h2>    <p>Dieser italienische Kunde hat eine Stahlfabrik, die t\u00e4glich viele Stangenstahl und viel Schrott produziert. Daher entschloss er sich entsprechend seiner Fabriksituation, eine Maschine zu kaufen, um mit diesem Schrott wieder Einnahmen zu erzielen. <\/p>    <p>Nachdem er unsere Website besucht hatte, fand er sie sehr passend und kontaktierte uns. Unser Vertriebsleiter empfahl ihm diese Metallbrikettiermaschine entsprechend seinen Bed\u00fcrfnissen. Nachdem er Informationen \u00fcber die Maschine wie Maschinenausstattung, Maschinenparameter, Maschinenarbeitsvideo usw. gepr\u00fcft hatte, war der italienische Kunde sehr zufrieden und unterzeichnete sofort den Vertrag mit uns. Nachdem die Maschine fertig war, organisierten wir sofort den Transport zum Bestimmungsort des Kunden. Nach Erhalt der Maschine war der Kunde sehr zufrieden. Er sagte au\u00dferdem, dass wir bei Gelegenheit wieder zusammenarbeiten k\u00f6nnten.<\/p>    <figure class=\"wp-block-gallery aligncenter has-nested-images columns-default is-cropped wp-block-gallery-5 is-layout-flex wp-block-gallery-is-layout-flex\"> <figure class=\"wp-block-image size-large\"><img loading=\"lazy\" decoding=\"async\" width=\"540\" height=\"720\" data-id=\"2595\" src=\"https:\/\/www.baler-machines.com\/wp-content\/uploads\/2022\/08\/loading-the-metal-chip-briquetter-to-the-container.webp\" alt=\"loading the metal chip briquetter to the container\" class=\"wp-image-2595\" title=\"\"><figcaption>Laden des Metallsp\u00e4ne-Brikettierers in den Container<\/figcaption><\/figure> <\/figure>","protected":false},"excerpt":{"rendered":"<p>Die hydraulische Metallsp\u00e4ne-Brikettiermaschine (vertikale Metallbrikettiermaschine) ist eine wichtige Recyclinganlage f\u00fcr Abfallmetallressourcen, die verschiedene pulverf\u00f6rmige oder granulierte Metallreste direkt zu zylindrischen Kuchen von 3-15 kg kalt pressen kann, um den Transport und den Ofenbetrieb zu erleichtern.<\/p>","protected":false},"author":1,"featured_media":2593,"parent":0,"template":"","tags":[113,639,590,114,589,112],"product-type":[563],"class_list":["post-391","product","type-product","status-publish","has-post-thumbnail","hentry","tag-metal-briquette-machine","tag-metal-briquetting","tag-metal-briqutting-machine","tag-metal-chip-briquetting-machine","tag-metal-powder-press-machine","tag-scrap-metal-briquette-machine","product-type-baler-machine"],"_links":{"self":[{"href":"https:\/\/www.baler-machines.com\/de\/wp-json\/wp\/v2\/product\/391","targetHints":{"allow":["GET"]}}],"collection":[{"href":"https:\/\/www.baler-machines.com\/de\/wp-json\/wp\/v2\/product"}],"about":[{"href":"https:\/\/www.baler-machines.com\/de\/wp-json\/wp\/v2\/types\/product"}],"author":[{"embeddable":true,"href":"https:\/\/www.baler-machines.com\/de\/wp-json\/wp\/v2\/users\/1"}],"wp:featuredmedia":[{"embeddable":true,"href":"https:\/\/www.baler-machines.com\/de\/wp-json\/wp\/v2\/media\/2593"}],"wp:attachment":[{"href":"https:\/\/www.baler-machines.com\/de\/wp-json\/wp\/v2\/media?parent=391"}],"wp:term":[{"taxonomy":"post_tag","embeddable":true,"href":"https:\/\/www.baler-machines.com\/de\/wp-json\/wp\/v2\/tags?post=391"},{"taxonomy":"product-type","embeddable":true,"href":"https:\/\/www.baler-machines.com\/de\/wp-json\/wp\/v2\/product-type?post=391"}],"curies":[{"name":"wp","href":"https:\/\/api.w.org\/{rel}","templated":true}]}}