{"id":3413,"date":"2023-09-20T15:10:38","date_gmt":"2023-09-20T07:10:38","guid":{"rendered":"https:\/\/www.baler-machines.com\/?post_type=product&#038;p=3413"},"modified":"2023-09-20T17:08:07","modified_gmt":"2023-09-20T09:08:07","slug":"wood-pallet-shredder","status":"publish","type":"product","link":"https:\/\/www.baler-machines.com\/de\/wood-pallet-shredder\/","title":{"rendered":"Industrieller Palettenbrecher zur Zerkleinerung von Holzpaletten"},"content":{"rendered":"<p class=\"translation-block\">Der Holzpaletten-Zerkleinerer ist ein leistungsstarker <a href=\"https:\/\/www.baler-machines.com\/de\/double-shaft-shredder\/\">Zwei-Wellen-Zerkleinerer<\/a>, der f\u00fcr die effiziente Verarbeitung von Holzmaterialien wie Holzpaletten und Holzplatten entwickelt wurde. Seine Hauptfunktion besteht darin, Holzpaletten zu zerkleinern und in kleinere St\u00fccke zu schneiden, wodurch sie leichter zu handhaben und zu recyceln sind. Unser Holzpaletten-Brecher f\u00fcr Abfallholz ist bekannt f\u00fcr seine Langlebigkeit und Effizienz bei der Entsorgung oder dem Recycling von Paletten und dem daraus gewonnenen Holz. Wenn Sie interessiert sind, kontaktieren Sie uns gerne f\u00fcr weitere Details!<\/p>    <figure class=\"wp-block-gallery aligncenter has-nested-images columns-default is-cropped wp-block-gallery-2 is-layout-flex wp-block-gallery-is-layout-flex\"> <figure class=\"wp-block-image size-large\"><img loading=\"lazy\" decoding=\"async\" width=\"720\" height=\"540\" data-id=\"3419\" src=\"https:\/\/www.baler-machines.com\/wp-content\/uploads\/2023\/09\/wood-pallet-shredder-for-sale.webp\" alt=\"Holzpaletten-Schredder zu verkaufen\" class=\"wp-image-3419\" title=\"\"><figcaption class=\"wp-element-caption\">Holzpaletten-Schredder zu verkaufen<\/figcaption><\/figure>    <figure class=\"wp-block-image size-large\"><img loading=\"lazy\" decoding=\"async\" width=\"720\" height=\"540\" data-id=\"3420\" src=\"https:\/\/www.baler-machines.com\/wp-content\/uploads\/2023\/09\/wood-pallet-shredder-machine.webp\" alt=\"Holzpaletten-Schreddermaschine\" class=\"wp-image-3420\" title=\"\"><figcaption class=\"wp-element-caption\">Holzpaletten-Schreddermaschine<\/figcaption><\/figure> <\/figure>    <h2 class=\"wp-block-heading\"><strong>Warum die alten Holzpaletten zerkleinern?<\/strong><\/h2>    <figure class=\"wp-block-gallery aligncenter has-nested-images columns-default is-cropped wp-block-gallery-3 is-layout-flex wp-block-gallery-is-layout-flex\"> <figure class=\"wp-block-image size-full\"><img loading=\"lazy\" decoding=\"async\" width=\"390\" height=\"257\" data-id=\"3417\" src=\"https:\/\/www.baler-machines.com\/wp-content\/uploads\/2023\/09\/wooden-pallets.webp\" alt=\"Holzpaletten\" class=\"wp-image-3417\" title=\"\"><figcaption class=\"wp-element-caption\">Holzpaletten<\/figcaption><\/figure>    <figure class=\"wp-block-image size-full\"><img loading=\"lazy\" decoding=\"async\" width=\"327\" height=\"263\" data-id=\"3416\" src=\"https:\/\/www.baler-machines.com\/wp-content\/uploads\/2023\/09\/crushed-wood-pallets.webp\" alt=\"zerschredderte Holzpaletten\" class=\"wp-image-3416\" title=\"\"><figcaption class=\"wp-element-caption\">Zerkleinerte Holzpaletten<\/figcaption><\/figure> <\/figure>    <p>Durch die Verarbeitung einer Vielzahl von Gr\u00f6\u00dfen und Arten von Holzpaletten ist unser industrieller Palettenzerkleinerer zu einer ausreichend effektiven L\u00f6sung geworden, um Palettenabf\u00e4lle zu entsorgen und gleichzeitig eine nachhaltige Gesch\u00e4ftsentwicklung durch Recycling zu f\u00f6rdern. Die Vorteile sind wie folgt:<\/p>    <ul class=\"wp-block-list\"> <li>Unser Holzpalettenzerkleinerer reduziert die Gr\u00f6\u00dfe der Altholzpaletten und macht Lagerung und Transport effizienter.<\/li>    <li>Die Zerkleinerung erleichtert das Recycling von Holz und tr\u00e4gt zur \u00f6kologischen Nachhaltigkeit bei.<\/li>    <li>Zerkleinerte Holzpaletten k\u00f6nnen als Biomasse zur Energieerzeugung oder als Rohstoff f\u00fcr verschiedene Industrien verwendet werden.<\/li>    <li>Durch die Zerkleinerung werden au\u00dferdem die Entsorgungskosten minimiert und der M\u00fcll auf der Deponie reduziert.<\/li> <\/ul>    <h2 class=\"wp-block-heading\"><strong>Materialien, die geschreddert werden k\u00f6nnen<\/strong><\/h2>    <p>Die Holzpaletten-Zerkleinerungsmaschine ist ein Allzweckzerkleinerer, der ein breites Spektrum an Materialien verarbeiten kann, darunter:<\/p>    <p class=\"translation-block\"><strong>Alle Arten von Holzbehandlungsmaterialien: Holzgeb\u00e4ude, Holzpaletten, Holzbauprofile, Holzplatten, Holzt\u00fcren und -fenster.<\/strong> <\/p>    <p class=\"translation-block\"><strong>Papier, Pappe, Kunststoffe, Schrottmetalle, Holz, <a href=\"https:\/\/en.wikipedia.org\/wiki\/Textile\" target=\"_blank\" rel=\"noopener\">Textilien<\/a>, Reifen, Eisen, Autokarosserien, Kokosnussschalen, Fasern, Kleidung<\/strong> und mehr.<\/p>    <p class=\"translation-block\">Nicht nur die oben genannten, nat\u00fcrlich, sondern auch <strong>F\u00e4sser, Blech<\/strong> usw. Solange Sie es zerkleinert haben m\u00f6chten, k\u00f6nnen Sie uns kontaktieren.<\/p>    <h2 class=\"wp-block-heading\"><strong>Merkmale des zu verkaufenden Holzpalettenschredders<\/strong><\/h2>    <figure class=\"wp-block-gallery aligncenter has-nested-images columns-default is-cropped wp-block-gallery-4 is-layout-flex wp-block-gallery-is-layout-flex\"> <figure class=\"wp-block-image size-large\"><img loading=\"lazy\" decoding=\"async\" width=\"720\" height=\"540\" data-id=\"3352\" src=\"https:\/\/www.baler-machines.com\/wp-content\/uploads\/2023\/07\/blades-in-the-double-shaft-crusher.webp\" alt=\"Messer im Doppelwellenbrecher\" class=\"wp-image-3352\" title=\"\"><figcaption class=\"wp-element-caption\">Klingen im Doppelwellenbrecher<\/figcaption><\/figure>    <figure class=\"wp-block-image size-large\"><img loading=\"lazy\" decoding=\"async\" width=\"720\" height=\"540\" data-id=\"3349\" src=\"https:\/\/www.baler-machines.com\/wp-content\/uploads\/2023\/07\/double-shaft-crusher-blades.webp\" alt=\"Doppelwellen-Brechermesser\" class=\"wp-image-3349\" title=\"\"><figcaption class=\"wp-element-caption\">Doppelwellen-Brechermesser<\/figcaption><\/figure> <\/figure>    <ul class=\"wp-block-list\"> <li>Die robuste Konstruktion zerrei\u00dft Holzpaletten effizient in kleinere St\u00fccke zum Recycling oder zur Entsorgung.<\/li>    <li>Die H\u00e4ckslermesser sind geschmiedet, gegl\u00fcht und w\u00e4rmebehandelt, geh\u00e4rtet und isoliert sowie durch Drahtschneiden fein gesch\u00e4rft, gute Qualit\u00e4t f\u00fcr schnelles und effektives H\u00e4ckseln.<\/li>    <li>Das Shredder-Getriebe ist hochpr\u00e4zise mit Stahlblech verschwei\u00dft, hat guten Kontakt, ist ger\u00e4uscharm und hat eine lange Lebensdauer.<\/li> <\/ul>    <h2 class=\"wp-block-heading\"><strong>Wie sieht es mit dem Preis f\u00fcr einen industriellen Palettenzerkleinerer aus?<\/strong><\/h2>    <p>Der Preis eines Holzpalettenbrechers kann abh\u00e4ngig von einer Reihe von Faktoren stark variieren. Zu diesen Faktoren geh\u00f6ren die Gr\u00f6\u00dfe des Aktenvernichters, die Kapazit\u00e4t, die Leistung, die Marke und zus\u00e4tzliche Funktionen wie Automatisierungs- und Sicherheitssysteme. Der Preis f\u00fcr einen Holzpalettenzerkleinerer kann zwischen einigen Tausend und Zehntausenden Dollar liegen.<\/p>   <div class=\"wp-block-image\"> <figure class=\"aligncenter size-full\"><img loading=\"lazy\" decoding=\"async\" width=\"720\" height=\"540\" src=\"https:\/\/www.baler-machines.com\/wp-content\/uploads\/2023\/09\/wood-pallet-crusher.webp\" alt=\"Holzpalettenbrecher\" class=\"wp-image-3418\" title=\"\"><figcaption class=\"wp-element-caption\">Holzpalettenbrecher<\/figcaption><\/figure> <\/div>   <p>Es ist wichtig, vor dem Kauf Ihre spezifischen Bed\u00fcrfnisse, Ihr Budget und die Funktionen Ihres Aktenvernichters zu pr\u00fcfen.<\/p>    <h2 class=\"wp-block-heading\"><strong>Zugeh\u00f6rige industrielle Zerkleinerungsmaschine<\/strong><\/h2>    <div class=\"wp-block-columns is-layout-flex wp-container-core-columns-is-layout-9d6595d7 wp-block-columns-is-layout-flex\"> <div class=\"wp-block-column is-layout-flow wp-block-column-is-layout-flow\"> <figure class=\"wp-block-embed is-type-wp-embed is-provider-metal-baler-machine-shuliy-group wp-block-embed-metal-baler-machine-shuliy-group\"><div class=\"wp-block-embed__wrapper\"> <blockquote class=\"wp-embedded-content\" data-secret=\"dV7HCv3cBK\"><a href=\"https:\/\/www.baler-machines.com\/de\/scrap-metal-shredder-machine\/\">Industrieller Schrottzerkleinerer f\u00fcr das Metallrecycling<\/a><\/blockquote><iframe loading=\"lazy\" class=\"wp-embedded-content\" sandbox=\"allow-scripts\" security=\"restricted\" style=\"position: absolute; clip: rect(1px, 1px, 1px, 1px);\" title=\"\u201eIndustrieller Schrottzerkleinerer f\u00fcr das Metallrecycling\u201c \u2013 Metallballenpresse | Shuliy-Gruppe\" src=\"https:\/\/www.baler-machines.com\/scrap-metal-shredder-machine\/embed\/#?secret=ziQmKYMbxX#?secret=dV7HCv3cBK\" data-secret=\"dV7HCv3cBK\" width=\"500\" height=\"282\" frameborder=\"0\" marginwidth=\"0\" marginheight=\"0\" scrolling=\"no\"><\/iframe> <\/div><\/figure> <\/div>    <div class=\"wp-block-column is-layout-flow wp-block-column-is-layout-flow\"> <figure class=\"wp-block-embed is-type-wp-embed is-provider-metal-baler-machine-shuliy-group wp-block-embed-metal-baler-machine-shuliy-group\"><div class=\"wp-block-embed__wrapper\"> <blockquote class=\"wp-embedded-content\" data-secret=\"Pj24ApbIE7\"><a href=\"https:\/\/www.baler-machines.com\/de\/double-shaft-waste-plastic-shredder-machine\/\">Doppelwellen-Kunststoffzerkleinerer zum Zerkleinern von Kunststoffabf\u00e4llen<\/a><\/blockquote><iframe loading=\"lazy\" class=\"wp-embedded-content\" sandbox=\"allow-scripts\" security=\"restricted\" style=\"position: absolute; clip: rect(1px, 1px, 1px, 1px);\" title=\"\u201eDoppelwellen-Kunststoffzerkleinerer zum Zerkleinern von Kunststoffabf\u00e4llen\u201c \u2013 Metallballenpresse | Shuliy-Gruppe\" src=\"https:\/\/www.baler-machines.com\/double-shaft-waste-plastic-shredder-machine\/embed\/#?secret=lvQ1fQsiN9#?secret=Pj24ApbIE7\" data-secret=\"Pj24ApbIE7\" width=\"500\" height=\"282\" frameborder=\"0\" marginwidth=\"0\" marginheight=\"0\" scrolling=\"no\"><\/iframe> <\/div><\/figure> <\/div> <\/div>    <h2 class=\"wp-block-heading\"><strong>Technische Daten der Holzpaletten-Schreddermaschine<\/strong><\/h2>    <p>Es stehen verschiedene Modelle zum Verkauf und der industrielle Palettenzerkleinerer kann individuell an Ihre Bed\u00fcrfnisse angepasst werden.<\/p>    <p class=\"translation-block\"><strong>Marke<\/strong>: Shuliy<\/p>    <p class=\"translation-block\"><strong>Kapazit\u00e4t<\/strong>: 0,5-25 t pro Stunde<\/p>    <p class=\"translation-block\"><strong>Funktion<\/strong>: Zerkleinert alle Arten von Materialien in kleine St\u00fccke<\/p>    <p class=\"translation-block\"><strong>Dienstleistungen<\/strong>: Anpassung, After-Sales-Service, Online-Support usw.<\/p>","protected":false},"excerpt":{"rendered":"<p>The wood pallet shredder is a powerful twin-shaft shredder designed to efficiently process wooden materials, like wood pallets, wood plates. Its main function is to shred and cut wooden pallets into smaller pieces, making them easier to manage and recycle. Our waste wood pallet crusher is known for its durability and efficiency in disposing or [&hellip;]<\/p>\n","protected":false},"author":1,"featured_media":3421,"parent":0,"template":"","tags":[626],"product-type":[561],"class_list":["post-3413","product","type-product","status-publish","has-post-thumbnail","hentry","tag-wood-pallet-shredding","product-type-industrial-shredder"],"_links":{"self":[{"href":"https:\/\/www.baler-machines.com\/de\/wp-json\/wp\/v2\/product\/3413","targetHints":{"allow":["GET"]}}],"collection":[{"href":"https:\/\/www.baler-machines.com\/de\/wp-json\/wp\/v2\/product"}],"about":[{"href":"https:\/\/www.baler-machines.com\/de\/wp-json\/wp\/v2\/types\/product"}],"author":[{"embeddable":true,"href":"https:\/\/www.baler-machines.com\/de\/wp-json\/wp\/v2\/users\/1"}],"wp:featuredmedia":[{"embeddable":true,"href":"https:\/\/www.baler-machines.com\/de\/wp-json\/wp\/v2\/media\/3421"}],"wp:attachment":[{"href":"https:\/\/www.baler-machines.com\/de\/wp-json\/wp\/v2\/media?parent=3413"}],"wp:term":[{"taxonomy":"post_tag","embeddable":true,"href":"https:\/\/www.baler-machines.com\/de\/wp-json\/wp\/v2\/tags?post=3413"},{"taxonomy":"product-type","embeddable":true,"href":"https:\/\/www.baler-machines.com\/de\/wp-json\/wp\/v2\/product-type?post=3413"}],"curies":[{"name":"wp","href":"https:\/\/api.w.org\/{rel}","templated":true}]}}