{"id":3406,"date":"2023-08-25T17:10:45","date_gmt":"2023-08-25T09:10:45","guid":{"rendered":"https:\/\/www.baler-machines.com\/?post_type=product&#038;p=3406"},"modified":"2026-02-13T11:45:02","modified_gmt":"2026-02-13T03:45:02","slug":"vertical-baling-press","status":"publish","type":"product","link":"https:\/\/www.baler-machines.com\/de\/vertical-baling-press\/","title":{"rendered":"Hydraulische Ballenpresse f\u00fcr Altpapier"},"content":{"rendered":"<p class=\"translation-block\">Shuliy <strong>vertikaler Ballenpress<\/strong> ist so konzipiert, dass es Materialien wie Abfallpapier effizient zu Ballen verdichtet, durch sein leistungsstarkes Hydrauliksystem. Mit diesem hydraulischen Ballenpressger\u00e4t wird nicht nur der Stauraum optimiert, sondern auch der Transport zu Recyclinganlagen erleichtert. Unsere Maschinen sind in verschiedenen Modellen erh\u00e4ltlich, 30T, 40T, 50T, 60T, 80T, 100T usw., um Ihre unterschiedlichen Bed\u00fcrfnisse zu erf\u00fcllen.<\/p>    <figure class=\"wp-block-gallery aligncenter has-nested-images columns-default is-cropped wp-block-gallery-2 is-layout-flex wp-block-gallery-is-layout-flex\"> <figure class=\"wp-block-image size-large\"><img loading=\"lazy\" decoding=\"async\" width=\"720\" height=\"540\" data-id=\"3404\" src=\"https:\/\/www.baler-machines.com\/wp-content\/uploads\/2023\/08\/vertical-waste-baler.webp\" alt=\"Vertikale M\u00fcllballenpresse\" class=\"wp-image-3404\" title=\"\"><figcaption class=\"wp-element-caption\">Vertikale M\u00fcllballenpresse<\/figcaption><\/figure>    <figure class=\"wp-block-image size-large\"><img loading=\"lazy\" decoding=\"async\" width=\"540\" height=\"720\" data-id=\"2982\" src=\"https:\/\/www.baler-machines.com\/wp-content\/uploads\/2023\/02\/vertical-cardboard-baler-for-sale.webp\" alt=\"vertikaler Kartonpressen zu verkaufen\" class=\"wp-image-2982\" title=\"\"><figcaption class=\"wp-element-caption\">Vertikale Kartonballenpresse zu verkaufen<\/figcaption><\/figure>    <figure class=\"wp-block-image size-large\"><img loading=\"lazy\" decoding=\"async\" width=\"720\" height=\"540\" data-id=\"2840\" src=\"https:\/\/www.baler-machines.com\/wp-content\/uploads\/2022\/12\/vertical-waste-oil-drum-compactor.webp\" alt=\"vertikaler Abfall\u00f6lbeh\u00e4lterverdichter\" class=\"wp-image-2840\" title=\"\"><figcaption class=\"wp-element-caption\">Vertikaler Alt\u00f6lfassverdichter<\/figcaption><\/figure> <\/figure>    <p class=\"translation-block\">Dar\u00fcber hinaus ist unsere vertikale Ballenpresse bei Kunden auf der ganzen Welt, wie z. B. in <strong>Thailand, Vietnam, Gabun, Algerien<\/strong> usw., f\u00fcr ihre Leistung beliebt. Kontaktieren Sie uns f\u00fcr weitere Details!<\/p>    <h2 class=\"wp-block-heading\"><strong>Warum die vertikale Ballenpresse zum Recycling nutzen?<\/strong><\/h2>    <p>Der Einsatz einer Vertikalballenpresse f\u00fcr das Recycling bietet eine kompakte und effiziente L\u00f6sung f\u00fcr die Verwaltung wiederverwertbarer Materialien. Diese Ausr\u00fcstung komprimiert Materialien wie Papier, Pappe und Kunststoffe zu dichten Ballen und optimiert so Lagerung und Transport. Mit seinem hydraulischen Mechanismus vereinfacht es die Abfallbehandlung, senkt die Logistikkosten und f\u00f6rdert nachhaltige Abfallbewirtschaftungspraktiken.<\/p>    <h2 class=\"wp-block-heading\"><strong>Komponenten einer hydraulischen Ballenpresse<\/strong><\/h2>   <div class=\"wp-block-image\"> <figure class=\"aligncenter size-full\"><img loading=\"lazy\" decoding=\"async\" width=\"712\" height=\"540\" src=\"https:\/\/www.baler-machines.com\/wp-content\/uploads\/2023\/08\/structure-of-hydraulic-baling-press-for-sale.webp\" alt=\"Struktur des hydraulischen Ballenpressers zum Verkauf\" class=\"wp-image-4293\" title=\"\" srcset=\"https:\/\/www.baler-machines.com\/wp-content\/uploads\/2023\/08\/structure-of-hydraulic-baling-press-for-sale.webp 712w, https:\/\/www.baler-machines.com\/wp-content\/uploads\/2023\/08\/structure-of-hydraulic-baling-press-for-sale-16x12.webp 16w\" sizes=\"auto, (max-width: 712px) 100vw, 712px\" \/><figcaption class=\"wp-element-caption\">Struktur des hydraulischen Ballenpressers zum Verkauf<\/figcaption><\/figure> <\/div>   <p>Unsere vertikale Ballenpresse besteht aus Hydraulikzylindern, einer Prellschutzvorrichtung, einem Antriebssystem und einer Kompressionskammer. Tats\u00e4chlich ist der Aufbau der vertikalen Ballenpresse einfach zu verstehen und Sie k\u00f6nnen die Maschine sehr einfach bedienen.<\/p>    <h2 class=\"wp-block-heading\"><strong>Breite Anwendungsm\u00f6glichkeiten f\u00fcr vertikale Ballenpressen<\/strong><\/h2>   <div class=\"wp-block-image\"> <figure class=\"aligncenter size-full\"><img loading=\"lazy\" decoding=\"async\" width=\"634\" height=\"810\" src=\"https:\/\/www.baler-machines.com\/wp-content\/uploads\/2023\/08\/wide-applications-of-hydraulic-vertical-abler.webp\" alt=\"Breite Anwendungen des hydraulischen vertikalen Ballenpressers\" class=\"wp-image-4297\" title=\"\" srcset=\"https:\/\/www.baler-machines.com\/wp-content\/uploads\/2023\/08\/wide-applications-of-hydraulic-vertical-abler.webp 634w, https:\/\/www.baler-machines.com\/wp-content\/uploads\/2023\/08\/wide-applications-of-hydraulic-vertical-abler-9x12.webp 9w\" sizes=\"auto, (max-width: 634px) 100vw, 634px\" \/><figcaption class=\"wp-element-caption\">Breite Anwendungen des hydraulischen vertikalen Ballenpressers<\/figcaption><\/figure> <\/div>   <p class=\"translation-block\">Dieses vertikale Ballenpressger\u00e4t kann neben Papier auch eine Vielzahl von Abfallmaterialien zu Ballen verpressen und komprimieren. Zum Beispiel, <strong>Aluminiumdosen, Pappe, Kleidung, Fasern, S\u00e4gemehl, Wolle, Baumwolle, Heu, Stroh, Plastikflaschen, Kokosnussschalen, landwirtschaftliche Abf\u00e4lle, \u00d6ldosen, M\u00fclleimer<\/strong>, und mehr.<\/p>    <figure class=\"wp-block-gallery aligncenter has-nested-images columns-default is-cropped wp-block-gallery-3 is-layout-flex wp-block-gallery-is-layout-flex\"> <figure class=\"wp-block-image size-full\"><img loading=\"lazy\" decoding=\"async\" width=\"720\" height=\"540\" data-id=\"3410\" src=\"https:\/\/www.baler-machines.com\/wp-content\/uploads\/2023\/08\/applications-of-vertical-baling-press-1.webp\" alt=\"Anwendungen der vertikalen Ballenpresse\" class=\"wp-image-3410\" title=\"\"><figcaption class=\"wp-element-caption\">Anwendungen des vertikalen Ballenpressers<\/figcaption><\/figure>    <figure class=\"wp-block-image size-full\"><img loading=\"lazy\" decoding=\"async\" width=\"589\" height=\"540\" data-id=\"4296\" src=\"https:\/\/www.baler-machines.com\/wp-content\/uploads\/2023\/08\/applicable-materials-of-vertical-baling-machine.webp\" alt=\"applicable materials of vertical baling machine\" class=\"wp-image-4296\" title=\"\" srcset=\"https:\/\/www.baler-machines.com\/wp-content\/uploads\/2023\/08\/applicable-materials-of-vertical-baling-machine.webp 589w, https:\/\/www.baler-machines.com\/wp-content\/uploads\/2023\/08\/applicable-materials-of-vertical-baling-machine-13x12.webp 13w\" sizes=\"auto, (max-width: 589px) 100vw, 589px\" \/><figcaption class=\"wp-element-caption\">Anwendbare Materialien des vertikalen Ballenpressers<\/figcaption><\/figure> <\/figure>    <h2 class=\"wp-block-heading\"><strong>Merkmale der Vertikalballenpresse<\/strong><\/h2>    <ul class=\"wp-block-list\"> <li><strong>Kompaktes Design<\/strong>: Die vertikale Ballenpresse ist so konzipiert, dass sie nur minimale Stellfl\u00e4che einnimmt, wodurch sie f\u00fcr eine Vielzahl von Umgebungen geeignet ist, darunter Unternehmen, Lagerhallen und Recyclingzentren.<\/li>    <li><strong>Multifunktional<\/strong>: Die hydraulische Ballenpresse kann ein breites Spektrum an wiederverwertbaren Materialien wie Pappe, Papier, Kunststoffe, Textilien und mehr verarbeiten und eignet sich daher f\u00fcr eine Vielzahl von Abfallrecyclingverfahren.<\/li>    <li><strong>Anpassbare Ballengr\u00f6\u00dfen<\/strong>: Mit unserer vertikalen Ballenpresse k\u00f6nnen Sie die Ballengr\u00f6\u00dfe an unterschiedliche Recyclinganforderungen anpassen und die Transporteffizienz optimieren.<\/li>    <li><strong>Haltbarkeit<\/strong>: Hochwertige Konstruktion und Komponenten gew\u00e4hrleisten die Langlebigkeit und Zuverl\u00e4ssigkeit der Vertikalballenpresse auch bei starker Beanspruchung.<\/li>    <li><strong>Kosteneinsparungen<\/strong>: Durch die Reduzierung des Abfallvolumens und die Optimierung des Transports kann die hydraulische Ballenpresse zu erheblichen Kosteneinsparungen bei der Abfallbewirtschaftung f\u00fchren.<\/li> <\/ul>    <h2 class=\"wp-block-heading\"><strong>Andere Ballenpressger\u00e4te f\u00fcr das Altpapierrecycling<\/strong><\/h2>    <p class=\"translation-block\">Neben vertikalen Ballenpressen ist eine weitere wichtige Art von Ballenpressenausr\u00fcstung f\u00fcr das Recycling von Altpapier die horizontale Ballenpresse, auch bekannt als <a href=\"https:\/\/www.baler-machines.com\/de\/horizontal-waste-paper-baling-machine\/\">horizontale Altpapierballenpresse<\/a>.<\/p>    <figure class=\"wp-block-gallery aligncenter has-nested-images columns-default is-cropped wp-block-gallery-4 is-layout-flex wp-block-gallery-is-layout-flex\"> <figure class=\"wp-block-image size-full\"><img loading=\"lazy\" decoding=\"async\" width=\"720\" height=\"540\" data-id=\"3218\" src=\"https:\/\/www.baler-machines.com\/wp-content\/uploads\/2023\/04\/hydraulic-horizontal-baler.webp\" alt=\"hydraulische horizontale Ballenpresse\" class=\"wp-image-3218\" title=\"\"><figcaption class=\"wp-element-caption\">Hydraulische Horizontalballenpresse<\/figcaption><\/figure>    <figure class=\"wp-block-image size-full\"><img loading=\"lazy\" decoding=\"async\" width=\"540\" height=\"540\" data-id=\"2629\" src=\"https:\/\/www.baler-machines.com\/wp-content\/uploads\/2022\/08\/paper-baler-manufacturer.webp\" alt=\"Papierballenpresse-Hersteller\" class=\"wp-image-2629\" title=\"\"><figcaption class=\"wp-element-caption\">Hersteller von Papierballenpressen<\/figcaption><\/figure> <\/figure>    <p class=\"translation-block\">Die <a href=\"https:\/\/shuliybaler.com\/product\/waste-paper-baler-machine\/\" target=\"_blank\" rel=\"noopener\">horizontale Ballenpresse<\/a> arbeitet anders als die vertikale Ballenpresse. Anstatt Material vertikal zu verdichten, verdichtet diese Ballenpresse Abfall horizontal zu gr\u00f6\u00dferen, dichteren Ballen. Dieses Design ist besonders n\u00fctzlich, wenn gro\u00dfe Mengen an Abfallmaterial verarbeitet werden. Horizontale Ballenpressen werden typischerweise in Industrien eingesetzt, die gro\u00dfe Mengen an Papier, Karton und anderen recycelbaren Materialien effizient verarbeiten m\u00fcssen, wie z. B. Papierfabriken, Druckereien und Verpackungsunternehmen, Superm\u00e4rkte und Distributionszentren, Hersteller von Wellpappe und gro\u00dfe Recyclinganlagen.<\/p>    <h2 class=\"wp-block-heading\"><strong>Technische Parameter der vertikalen Ballenpresse zum Verkauf<\/strong><\/h2>    <figure class=\"wp-block-table\"><table><tbody><tr><td>Modell<\/td><td>Elektrische Leistung (kW)<\/td><td>Zylinder<\/td><td>Abmessung (mm)<\/td><td>Verpackungsgr\u00f6\u00dfe (mm)<\/td><td>\u00d6lpumpe<\/td><\/tr><tr><td>SL-30<\/td><td>11<\/td><td>115<\/td><td>1650*850*2700<\/td><td>1000*600*800<\/td><td>532<\/td><\/tr><tr><td>SL-60<\/td><td>15<\/td><td>160<\/td><td>1200*800*1000<\/td><td>1200*800*1000<\/td><td>563<\/td><\/tr><tr><td>SL-80<\/td><td>18.5<\/td><td>180<\/td><td>1700*2100*3300<\/td><td>1200*800*1000<\/td><td>563<\/td><\/tr><\/tbody><\/table><figcaption class=\"wp-element-caption\">hei\u00df verkaufte vertikale Ballenpressenparameter<\/figcaption><\/figure>","protected":false},"excerpt":{"rendered":"<p>Shuliy vertical baling press is designed to efficiently compact materials such as waste paper into bales through its powerful hydraulic system. By using this hydraulic baling press machine, not only is storage space optimized, but transportation to recycling facilities is also facilitated. Our machines are available in a variety of models, 30T, 40T, 50T, 60T, [&hellip;]<\/p>\n","protected":false},"author":1,"featured_media":3407,"parent":0,"template":"","tags":[625],"product-type":[563],"class_list":["post-3406","product","type-product","status-publish","has-post-thumbnail","hentry","tag-waste-paper-bales","product-type-baler-machine"],"_links":{"self":[{"href":"https:\/\/www.baler-machines.com\/de\/wp-json\/wp\/v2\/product\/3406","targetHints":{"allow":["GET"]}}],"collection":[{"href":"https:\/\/www.baler-machines.com\/de\/wp-json\/wp\/v2\/product"}],"about":[{"href":"https:\/\/www.baler-machines.com\/de\/wp-json\/wp\/v2\/types\/product"}],"author":[{"embeddable":true,"href":"https:\/\/www.baler-machines.com\/de\/wp-json\/wp\/v2\/users\/1"}],"wp:featuredmedia":[{"embeddable":true,"href":"https:\/\/www.baler-machines.com\/de\/wp-json\/wp\/v2\/media\/3407"}],"wp:attachment":[{"href":"https:\/\/www.baler-machines.com\/de\/wp-json\/wp\/v2\/media?parent=3406"}],"wp:term":[{"taxonomy":"post_tag","embeddable":true,"href":"https:\/\/www.baler-machines.com\/de\/wp-json\/wp\/v2\/tags?post=3406"},{"taxonomy":"product-type","embeddable":true,"href":"https:\/\/www.baler-machines.com\/de\/wp-json\/wp\/v2\/product-type?post=3406"}],"curies":[{"name":"wp","href":"https:\/\/api.w.org\/{rel}","templated":true}]}}