{"id":3319,"date":"2023-06-30T17:27:11","date_gmt":"2023-06-30T09:27:11","guid":{"rendered":"https:\/\/www.baler-machines.com\/?post_type=product&#038;p=3319"},"modified":"2026-02-13T13:31:21","modified_gmt":"2026-02-13T05:31:21","slug":"vertical-cardboard-baler-machine","status":"publish","type":"product","link":"https:\/\/www.baler-machines.com\/de\/vertical-cardboard-baler-machine\/","title":{"rendered":"Vertikale Kartonballenpresse zu verkaufen"},"content":{"rendered":"<p>Die vertikale Kartonballenpresse ist eine hocheffiziente Maschine, die f\u00fcr das Recycling von Altkarton entwickelt wurde. Mit flexibler Gr\u00f6\u00dfenanpassung, g\u00fcnstigem Ballenpreis und zuverl\u00e4ssigem Kundendienst bietet die hydraulische Ballenpresse die ideale L\u00f6sung f\u00fcr Kunden.<\/p>    <h2 class=\"wp-block-heading\"><strong>Recycling von Kartonballen: profitabler Preis f\u00fcr Kartonballen<\/strong><\/h2>    <p>Das Recycling von Kartonverpackungen ist zu einem profitablen Gesch\u00e4ft geworden. Durch das Ballenpressen von Altkarton zu kompakten Quadraten k\u00f6nnen diese nicht nur leicht gelagert und transportiert werden, sondern k\u00f6nnen auch einen erheblichen Verkaufswert haben.<\/p>    <figure class=\"wp-block-gallery aligncenter has-nested-images columns-default is-cropped wp-block-gallery-2 is-layout-flex wp-block-gallery-is-layout-flex\"> <figure class=\"wp-block-image size-large\"><img loading=\"lazy\" decoding=\"async\" width=\"650\" height=\"450\" data-id=\"2880\" src=\"https:\/\/www.baler-machines.com\/wp-content\/uploads\/2022\/12\/cardboard-boxes.webp\" alt=\"Kartonagen\" class=\"wp-image-2880\" title=\"\"><figcaption class=\"wp-element-caption\">Kartons<\/figcaption><\/figure>    <figure class=\"wp-block-image size-large\"><img loading=\"lazy\" decoding=\"async\" width=\"540\" height=\"540\" data-id=\"2941\" src=\"https:\/\/www.baler-machines.com\/wp-content\/uploads\/2023\/01\/waste-cardboard.webp\" alt=\"Altkarton\" class=\"wp-image-2941\" title=\"\"><figcaption class=\"wp-element-caption\">Abfallkarton<\/figcaption><\/figure> <\/figure>    <p>Im Allgemeinen h\u00e4ngt der Preis f\u00fcr Kartonballen von Angebot und Nachfrage auf dem Markt sowie von der Qualit\u00e4t des Kartons ab. Die Preise sind tendenziell h\u00f6her, wenn die Marktnachfrage hoch ist und die Qualit\u00e4t des Kartons gut ist. Recyclingunternehmen bepreisen ihren Karton in der Regel nach Gewicht und orientieren sich bei der Preisgestaltung an der Kartonqualit\u00e4t, der Sauberkeit und dem Recyclingmarkt.<\/p>    <h2 class=\"wp-block-heading\"><strong>Welche Ausr\u00fcstung kann als Kartonballenpresse verwendet werden?<\/strong><\/h2>    <p>Als professioneller Ballenpressenhersteller stellen wir jetzt feierlich eine hydraulische vertikale Kartonballenpresse vor. Die Effizienz und Qualit\u00e4t des Ballenpressens kann durch Kompression und andere Prozesse verbessert werden, wodurch der Wert von Kartonquadraten erh\u00f6ht wird. Dies erh\u00f6ht nicht nur den Recyclinggewinn, sondern tr\u00e4gt auch zum Umweltschutz und zur Ressourcenverwertung bei.<\/p>   <div class=\"wp-block-image\"> <figure class=\"aligncenter size-full\"><img loading=\"lazy\" decoding=\"async\" width=\"907\" height=\"920\" src=\"https:\/\/www.baler-machines.com\/wp-content\/uploads\/2023\/06\/industrial-vertical-cardboard-baler-for-recycling.webp\" alt=\"Industrielle vertikale Kartonpresse zum Recycling\" class=\"wp-image-4300\" title=\"\" srcset=\"https:\/\/www.baler-machines.com\/wp-content\/uploads\/2023\/06\/industrial-vertical-cardboard-baler-for-recycling.webp 907w, https:\/\/www.baler-machines.com\/wp-content\/uploads\/2023\/06\/industrial-vertical-cardboard-baler-for-recycling-768x779.webp 768w, https:\/\/www.baler-machines.com\/wp-content\/uploads\/2023\/06\/industrial-vertical-cardboard-baler-for-recycling-12x12.webp 12w\" sizes=\"auto, (max-width: 907px) 100vw, 907px\" \/><figcaption class=\"wp-element-caption\">Industrielle vertikale Kartonpresse zum Recycling<\/figcaption><\/figure> <\/div>   <p class=\"translation-block\">Nat\u00fcrlich gibt es auch unsere <a href=\"https:\/\/www.baler-machines.com\/de\/hydraulic-cardboard-baler-for-sale\/\" target=\"_blank\" rel=\"noreferrer noopener\">horizontale hydraulische Ballenpresse<\/a>, die am besten geeignet ist, Ballen zu kaufen, haupts\u00e4chlich basierend auf Ihren Ballenpressanforderungen, Ihrem Budget usw.<\/p>    <h2 class=\"wp-block-heading\"><strong>Anleitung f\u00fcr die hydraulische Kartonballenpresse von Shuliy<\/strong><\/h2>    <ol class=\"wp-block-list\"> <li>Vorbereitungsarbeiten <ul class=\"wp-block-list\"> <li>R\u00e4umen Sie den Karton auf, stellen Sie sicher, dass die Oberfl\u00e4che sauber ist, und entfernen Sie alle \u00fcbersch\u00fcssigen Anh\u00e4ngsel.<\/li>    <li>\u00dcberpr\u00fcfen Sie, ob die Stromversorgung und das Hydrauliksystem der Kartonballenpresse ordnungsgem\u00e4\u00df funktionieren, um die Sicherheit zu gew\u00e4hrleisten.<\/li> <\/ul> <\/li>    <li>Bedienung der vertikalen Kartonballenpresse  <ul class=\"wp-block-list\"> <li>Legen Sie den Abfallkarton in den Zuf\u00fchrer der Abfallkartonpresse.<\/li>    <li>Dr\u00fccken Sie die Starttaste und die Ballenpresse beginnt zu arbeiten.<\/li>    <li>Die Ballenpresse komprimiert den Karton automatisch und formt ihn in kompakte Quadrate.<\/li>    <li>Wenn das Ballenpressen abgeschlossen ist, stoppen Sie die vertikale Kartonballenpresse.<\/li> <\/ul> <\/li>    <li>Kartonballen pr\u00fcfen <ul class=\"wp-block-list\"> <li>\u00dcberpr\u00fcfen Sie die gepressten Kartonquadrate, um sicherzustellen, dass sie kompakt und sicher sind.<\/li>    <li>Passen Sie bei Bedarf die Parameter der Ballenpresse an, um bessere Ballenergebnisse zu erzielen.<\/li> <\/ul> <\/li>    <li>Wartung <ul class=\"wp-block-list\"> <li>Reinigen Sie die Ballenpresse regelm\u00e4\u00dfig von innen und au\u00dfen von Staub und Schmutz.<\/li>    <li>\u00dcberpr\u00fcfen Sie die Fl\u00fcssigkeit im Hydrauliksystem, um sicherzustellen, dass sie ausreichend und sauber ist.<\/li>    <li>\u00dcberpr\u00fcfen Sie regelm\u00e4\u00dfig die Schrauben und Verbindungsteile der vertikalen Kartonballenpresse und ziehen Sie sie fest.<\/li> <\/ul> <\/li> <\/ol>   <div class=\"wp-block-image\"> <figure class=\"aligncenter size-full\"><img loading=\"lazy\" decoding=\"async\" width=\"875\" height=\"760\" src=\"https:\/\/www.baler-machines.com\/wp-content\/uploads\/2023\/06\/hydraulic-cardboard-baling-machine.webp\" alt=\"Hydraulische Kartonpresse\" class=\"wp-image-4301\" title=\"\" srcset=\"https:\/\/www.baler-machines.com\/wp-content\/uploads\/2023\/06\/hydraulic-cardboard-baling-machine.webp 875w, https:\/\/www.baler-machines.com\/wp-content\/uploads\/2023\/06\/hydraulic-cardboard-baling-machine-768x667.webp 768w, https:\/\/www.baler-machines.com\/wp-content\/uploads\/2023\/06\/hydraulic-cardboard-baling-machine-14x12.webp 14w\" sizes=\"auto, (max-width: 875px) 100vw, 875px\" \/><figcaption class=\"wp-element-caption\">Hydraulische Kartonpresse<\/figcaption><\/figure> <\/div>   <h2 class=\"wp-block-heading\"><strong>Wie w\u00e4re es mit der Fehlerbehebung bei einer vertikalen Kartonballenpresse?<\/strong><\/h2>    <figure class=\"wp-block-table\"><table><tbody><tr><td>Probleme mit der vertikalen Kartonballenpresse<\/td><td>Fehlerbehebung<\/td><\/tr><tr><td>Die Ballenpresse startet nicht<\/td><td>1. \u00dcberpr\u00fcfen Sie, ob die Stromversorgung ordnungsgem\u00e4\u00df angeschlossen ist und dass der Stecker fest eingesteckt ist.<br>2. \u00dcberpr\u00fcfen Sie, ob der Netzschalter eingeschaltet ist.<br>3. \u00dcberpr\u00fcfen Sie die Stromleitungen und Sicherungen, um sicherzustellen, dass sie ordnungsgem\u00e4\u00df funktionieren.<\/td><\/tr><tr><td>Die Ballenpresse l\u00e4uft langsam oder steht unter Druck<\/td><td>1. \u00dcberpr\u00fcfen Sie den Hydraulik\u00f6lstand und f\u00fcllen Sie bei Bedarf Hydraulik\u00f6l nach oder ersetzen Sie es.<br>2. \u00dcberpr\u00fcfen Sie das Hydrauliksystem auf Lecks und reparieren Sie die Lecks bei Bedarf.<br>3. \u00dcberpr\u00fcfen Sie, ob der Hydraulikzylinder ordnungsgem\u00e4\u00df funktioniert, und warten oder ersetzen Sie ihn bei Bedarf.<\/td><\/tr><tr><td>Unbefriedigende Pressergebnisse<\/td><td>1. \u00dcberpr\u00fcfen Sie den Druckregler des Ballenschn\u00fcres, um sicherzustellen, dass der Druck korrekt eingestellt ist.<br>2. \u00dcberpr\u00fcfen Sie die Packzeiteinstellung der Ballenpresse und passen Sie sie entsprechend der Qualit\u00e4t und Dicke des Kartons an.<br>3. \u00dcberpr\u00fcfen Sie die Spannungseinstellung des Packgurts, um sicherzustellen, dass er richtig gespannt ist.<\/td><\/tr><tr><td>Ungew\u00f6hnliches Ger\u00e4usch der Ballenpresse<\/td><td>1. \u00dcberpr\u00fcfen Sie die Schrauben und Befestigungselemente der Ballenpresse, um sicherzustellen, dass sie fest sitzen.<br>2. \u00dcberpr\u00fcfen Sie die Kolben und Hydraulikzylinder des Ballenschn\u00fcres, um sicherzustellen, dass sie reibungslos laufen.<br>3. Falls n\u00f6tig, schmieren Sie die beweglichen Teile des Ballens.<\/td><\/tr><\/tbody><\/table><figcaption class=\"wp-element-caption\">M\u00f6gliche Probleme mit der vertikalen Kartonballenpresse<\/figcaption><\/figure>    <figure class=\"wp-block-gallery has-nested-images columns-default is-cropped wp-block-gallery-3 is-layout-flex wp-block-gallery-is-layout-flex\"> <figure class=\"wp-block-image size-large\"><img loading=\"lazy\" decoding=\"async\" width=\"720\" height=\"540\" data-id=\"3274\" src=\"https:\/\/www.baler-machines.com\/wp-content\/uploads\/2023\/05\/vertical-cardboard-baler-for-sale.webp\" alt=\"Vertikale Kartonballenpresse zu verkaufen\" class=\"wp-image-3274\" title=\"\"><figcaption class=\"wp-element-caption\">Vertikale Kartonballenpresse zu verkaufen<\/figcaption><\/figure>    <figure class=\"wp-block-image size-large\"><img loading=\"lazy\" decoding=\"async\" width=\"720\" height=\"540\" data-id=\"2997\" src=\"https:\/\/www.baler-machines.com\/wp-content\/uploads\/2023\/02\/vertical-cardboard-compactor-for-sale.webp\" alt=\"Vertikaler Kartonverdichter zu verkaufen\" class=\"wp-image-2997\" title=\"\"><figcaption class=\"wp-element-caption\">Vertikaler Kartonverdichter zu verkaufen<\/figcaption><\/figure> <\/figure>    <h2 class=\"wp-block-heading\"><strong>Wie w\u00e4hlt man vertrauensw\u00fcrdige Hersteller industrieller Kartonballenpressen aus?<\/strong><\/h2>    <div class=\"wp-block-columns is-layout-flex wp-container-core-columns-is-layout-9d6595d7 wp-block-columns-is-layout-flex\"> <div class=\"wp-block-column is-layout-flow wp-block-column-is-layout-flow\"> <p class=\"translation-block\"><strong>Qualifikationen und Erfahrung<\/strong><\/p> <\/div>    <div class=\"wp-block-column is-layout-flow wp-block-column-is-layout-flow\"> <p class=\"translation-block\"><strong>Produktqualit\u00e4t<\/strong> &amp;<strong> Leistung<\/strong><\/p> <\/div>    <div class=\"wp-block-column is-layout-flow wp-block-column-is-layout-flow\"> <p class=\"translation-block\"><strong>Kundendienst<\/strong><\/p> <\/div> <\/div>    <div class=\"wp-block-columns is-layout-flex wp-container-core-columns-is-layout-9d6595d7 wp-block-columns-is-layout-flex\"> <div class=\"wp-block-column is-layout-flow wp-block-column-is-layout-flow\"> <p class=\"translation-block\"><strong>Angemessener Ballenpressenpreis<\/strong><\/p> <\/div>    <div class=\"wp-block-column is-layout-flow wp-block-column-is-layout-flow\"> <p class=\"translation-block\"><strong>Lieferzeit<\/strong><\/p> <\/div>    <div class=\"wp-block-column is-layout-flow wp-block-column-is-layout-flow\"> <p class=\"translation-block\"><strong>Weltmarkt-Reputation<\/strong><\/p> <\/div> <\/div>    <p>Generell sind die oben genannten Aspekte zu ber\u00fccksichtigen, aber nicht nur die oben genannten. Wenn Sie sich f\u00fcr die richtige Ballenpresse f\u00fcr Altkarton entscheiden m\u00f6chten, k\u00f6nnen Sie sich an uns wenden. Unser Vertriebsleiter ber\u00e4t Sie dann professionell und individuell auf Ihre Bed\u00fcrfnisse zugeschnitten.<\/p>","protected":false},"excerpt":{"rendered":"<p>The vertical cardboard baler machine is a highly efficient machine designed for the recycling of waste cardboard. With flexible size adaptability, economical baling price and reliable after-sales service, the hydrualic baling press provides the ideal solution for customers. Cardboard bale recycling: profitable cardboard bale price Cardboard packaging recycling has become a profitable business. By baling [&hellip;]<\/p>\n","protected":false},"author":1,"featured_media":3320,"parent":0,"template":"","tags":[616,570],"product-type":[563],"class_list":["post-3319","product","type-product","status-publish","has-post-thumbnail","hentry","tag-cardboard-baler-machine","tag-hydraulic-baling-press","product-type-baler-machine"],"_links":{"self":[{"href":"https:\/\/www.baler-machines.com\/de\/wp-json\/wp\/v2\/product\/3319","targetHints":{"allow":["GET"]}}],"collection":[{"href":"https:\/\/www.baler-machines.com\/de\/wp-json\/wp\/v2\/product"}],"about":[{"href":"https:\/\/www.baler-machines.com\/de\/wp-json\/wp\/v2\/types\/product"}],"author":[{"embeddable":true,"href":"https:\/\/www.baler-machines.com\/de\/wp-json\/wp\/v2\/users\/1"}],"wp:featuredmedia":[{"embeddable":true,"href":"https:\/\/www.baler-machines.com\/de\/wp-json\/wp\/v2\/media\/3320"}],"wp:attachment":[{"href":"https:\/\/www.baler-machines.com\/de\/wp-json\/wp\/v2\/media?parent=3319"}],"wp:term":[{"taxonomy":"post_tag","embeddable":true,"href":"https:\/\/www.baler-machines.com\/de\/wp-json\/wp\/v2\/tags?post=3319"},{"taxonomy":"product-type","embeddable":true,"href":"https:\/\/www.baler-machines.com\/de\/wp-json\/wp\/v2\/product-type?post=3319"}],"curies":[{"name":"wp","href":"https:\/\/api.w.org\/{rel}","templated":true}]}}