{"id":321,"date":"2019-12-12T05:33:59","date_gmt":"2019-12-12T05:33:59","guid":{"rendered":"https:\/\/www.baler-machines.com\/?p=321"},"modified":"2024-08-01T17:58:33","modified_gmt":"2024-08-01T09:58:33","slug":"hydraulic-metal-shears","status":"publish","type":"product","link":"https:\/\/www.baler-machines.com\/de\/hydraulic-metal-shears\/","title":{"rendered":"Hydraulische Metallschermaschine | Alligatorschere"},"content":{"rendered":"<p class=\"translation-block\">Shuliy <strong>Hydraulische Metallschermaschine<\/strong> wird haupts\u00e4chlich zum Zerkleinern verschiedener Altmetallbleche, Altstahlrohre, Schrottstahlplatten usw. in St\u00fccke f\u00fcr das Recycling verwendet. Sie kann Abfall 8-12 Mal pro Minute scheren. <\/p>    <p>Diese Alligatorschere kann den F\u00f6rderer f\u00fcr die Zuf\u00fchrung von Altmetall ausr\u00fcsten. Es gibt manuelle und automatische Steuerungsarten. Wenn Sie diese Metallschrottschneidemaschine zum Schneiden von Metallschrott verwenden, kann die Schnittl\u00e4nge frei eingestellt werden.<\/p>    <figure class=\"wp-block-gallery has-nested-images columns-2 is-cropped wp-block-gallery-2 is-layout-flex wp-block-gallery-is-layout-flex\"> <figure class=\"wp-block-image size-large\"><img loading=\"lazy\" decoding=\"async\" width=\"720\" height=\"540\" data-id=\"695\" src=\"https:\/\/www.baler-machines.com\/wp-content\/uploads\/2019\/12\/industrial-metal-shear-machine-for-sale.jpg\" alt=\"Industrielle Metallschere zu verkaufen\" class=\"wp-image-695\" title=\"\"><figcaption class=\"wp-element-caption\">Industrielle Metallschere zu verkaufen<\/figcaption><\/figure>    <figure class=\"wp-block-image size-full\"><img loading=\"lazy\" decoding=\"async\" width=\"720\" height=\"540\" data-id=\"2524\" src=\"https:\/\/www.baler-machines.com\/wp-content\/uploads\/2022\/08\/scrap-metal-cutting-machine.webp\" alt=\"Schrottschneidemaschine\" class=\"wp-image-2524\" title=\"\"><figcaption class=\"wp-element-caption\">Schrottschneidemaschine<\/figcaption><\/figure>    <figure class=\"wp-block-image size-full\"><img loading=\"lazy\" decoding=\"async\" width=\"720\" height=\"540\" data-id=\"2526\" src=\"https:\/\/www.baler-machines.com\/wp-content\/uploads\/2019\/12\/hydraulic-metal-shear-with-the-conveyor.webp\" alt=\"hydraulische Metallschere mit F\u00f6rderband\" class=\"wp-image-2526\" title=\"\"><figcaption class=\"wp-element-caption\">Hydraulische Metallschere mit dem F\u00f6rderer<\/figcaption><\/figure>    <figure class=\"wp-block-image size-large\"><img loading=\"lazy\" decoding=\"async\" width=\"720\" height=\"539\" data-id=\"517\" src=\"https:\/\/www.baler-machines.com\/wp-content\/uploads\/2020\/01\/metal-cutter-for-shearing-steel-sheets.jpg\" alt=\"Metallschneider zum Schneiden von Stahlblechen\" class=\"wp-image-517\" title=\"\"><figcaption class=\"wp-element-caption\">Metallschneider zum Scheren von Stahlblechen<\/figcaption><\/figure> <\/figure>    <p>Es wird haupts\u00e4chlich in der Recycling- und Verarbeitungsindustrie f\u00fcr Abfallmaterialien sowie in kleinen und mittelgro\u00dfen Stahlwerken eingesetzt. Wenn Sie nach einer L\u00f6sung f\u00fcr Abfallmetall suchen, ist diese Maschine die ideale Wahl.<\/p>    <figure class=\"wp-block-embed is-type-video is-provider-youtube wp-block-embed-youtube wp-embed-aspect-16-9 wp-has-aspect-ratio\"><div class=\"wp-block-embed__wrapper\"> <iframe loading=\"lazy\" title=\"Alligatorschere zum Schneiden von Metallschrott: leistungsstarke hydraulische Metallschere zum Verkauf aus China\" width=\"500\" height=\"281\" src=\"https:\/\/www.youtube.com\/embed\/HQ4qlQGTFXw?feature=oembed\" frameborder=\"0\" allow=\"accelerometer; autoplay; clipboard-write; encrypted-media; gyroscope; picture-in-picture; web-share\" referrerpolicy=\"strict-origin-when-cross-origin\" allowfullscreen><\/iframe> <\/div><figcaption class=\"wp-element-caption\">Arbeitsvideo der Alligatorschere<\/figcaption><\/figure>    <h2 class=\"wp-block-heading\"><strong>Welche Metallabf\u00e4lle k\u00f6nnen geschnitten werden?<\/strong><\/h2>    <p>Diese Backen-Schrottschneidemaschine eignet sich zum Schneiden verschiedener Metallabf\u00e4lle, wie zum Beispiel:<\/p>    <p class=\"translation-block\"><strong>Kanalstahl, Eisenschrott, Baustahl, Bewehrungsstahl, Winkeleisen, I-Tr\u00e4ger, Stahlrohr<\/strong>, <strong>Eisenbleche, Gusseisen, Stahlplatten, Buntstahldachziegel, Metallschrott, Aluminiumlegierungsplatten, Kupferplatten, Schrottmetallplatten, Aluminiumdosen, Schrottstahlstangen, Aluminiumplatten, Eisenplatten, Rundstahl, Schrott-Autokarosserien, Aluminiumtanks, Benzintanks, Farbtanks, Erdgastanks<\/strong> und so weiter<strong>.<\/strong><\/p>   <div class=\"wp-block-image\"> <figure class=\"aligncenter size-full\"><img loading=\"lazy\" decoding=\"async\" width=\"720\" height=\"540\" src=\"https:\/\/www.baler-machines.com\/wp-content\/uploads\/2019\/12\/all-kinds-of-metal-sheets-for-cutting.jpg\" alt=\"alle Arten von Blechen zum Schneiden\" class=\"wp-image-697\" title=\"\"><figcaption class=\"wp-element-caption\">alle Arten von Blechen zum Schneiden<\/figcaption><\/figure> <\/div>   <h2 class=\"wp-block-heading\"><strong>Anwendungen der hydraulischen Alligatorschere<\/strong><\/h2>    <p>Nachdem wir gelernt haben, welche Metallbearbeitung mit Schrott durchgef\u00fchrt werden kann, ist es jetzt an der Zeit zu sehen, wo dieses Ger\u00e4t eingesetzt werden kann.<\/p>    <p>Diese hydraulische Metallschere wird haupts\u00e4chlich verwendet in:<\/p>    <ul class=\"wp-block-list\"> <li>Stahlwerke<\/li>    <li>Unternehmen zur Verarbeitung von Altstahl<\/li>    <li>Anlagen zur Verarbeitung von Metallabf\u00e4llen <\/li>    <li>Demontageanlagen f\u00fcr Altautos<\/li>    <li>Stahlschmelz- und -gussindustrie<\/li> <\/ul>    <h2 class=\"wp-block-heading\" id=\"h-hydraulic-metal-shear-machine-features\"><strong>Merkmale der hydraulischen Metallschermaschine<\/strong><\/h2>    <ul class=\"wp-block-list\"> <li><strong>Schneidmesserl\u00e4ngen in 400 mm, 600 mm, 700 mm, 800 mm, 1000 mm und 1200 mm<\/strong>. Diese Alligatorschere verf\u00fcgt \u00fcber verschiedene Schneidklingenspezifikationen und bietet Kunden so mehr Auswahlm\u00f6glichkeiten. <ul class=\"wp-block-list\"> <li>Die hydraulische Blechschere mit einer Schneidmesserl\u00e4nge von mehr als 700 mm eignet sich besonders zum Schneiden von Altautos.<\/li> <\/ul> <\/li>    <li><strong>Es gibt nur wenige Einschr\u00e4nkungen hinsichtlich der Rohmaterialien zum Schneiden<\/strong>. Die Schermethode ist nicht streng an die Aufgabegr\u00f6\u00dfe der Metallabf\u00e4lle gebunden. Somit gibt es weniger Einschr\u00e4nkungen.<\/li>    <li> <strong>Scherkraft von 63 Tonnen bis 400 Tonnen in 8 Qualit\u00e4ten<\/strong>. Die Shuliy-Krokodilschermaschine ist in verschiedenen Ausf\u00fchrungen erh\u00e4ltlich, was den Kunden eine gro\u00dfe Auswahl bietet.<\/li>    <li><strong>Mehrere Optionen f\u00fcr das Stromversorgungssystem<\/strong>. Diese Maschine kann als Antriebssystem einen Elektromotor oder einen Dieselmotor verwenden. Wo keine Stromversorgung vorhanden ist, kann der Dieselmotor als Antrieb genutzt werden.<\/li> <\/ul>   <div class=\"wp-block-image\"> <figure class=\"aligncenter size-full\"><img loading=\"lazy\" decoding=\"async\" width=\"720\" height=\"540\" src=\"https:\/\/www.baler-machines.com\/wp-content\/uploads\/2019\/12\/metal-shearing-machine-supplier.jpg\" alt=\"Lieferant von Metallschermaschinen\" class=\"wp-image-696\" title=\"\"><figcaption class=\"wp-element-caption\">Lieferant von Metallschermaschinen<\/figcaption><\/figure> <\/div>   <h2 class=\"wp-block-heading\"><strong>Parameter der hydraulischen Metallschermaschine<\/strong><\/h2>    <figure class=\"wp-block-table is-style-stripes\"><table><tbody><tr><td>Modell<\/td><td>SL-1200<\/td><\/tr><tr><td>Standard-Scherkraft<\/td><td>250t<\/td><\/tr><tr><td>Motor<\/td><td>4-22 kW<\/td><\/tr><tr><td>Stromspannung<\/td><td>380V\/50Hz<\/td><\/tr><tr><td>\u00d6lpumpe<\/td><td>80*1<\/td><\/tr><tr><td>L\u00e4nge des Schneidmessers<\/td><td>1200 mm<\/td><\/tr><tr><td>Weg zur Kontrolle<\/td><td>Automatischer\/manueller Betrieb<\/td><\/tr><tr><td>Anzahl der Schnitte pro Minute<\/td><td>8-12 Mal<\/td><\/tr><\/tbody><\/table><figcaption class=\"wp-element-caption\">Spezifikationen der Alligatorschere<\/figcaption><\/figure>    <p>Diese hydraulische Metallschere SL-1200 verf\u00fcgt \u00fcber eine starke Scherkapazit\u00e4t und eignet sich f\u00fcr alle Arten der Scherbearbeitung von Altmetallmaterialien.<\/p>    <p>Wir k\u00f6nnen Spannung, Klingenl\u00e4nge, Druck usw. individuell anpassen. Shuliy kann diese so gestalten, dass sie Ihren Anforderungen entsprechen.<\/p>    <p>Wenn Sie an der Metallabfallverwertung interessiert sind, kontaktieren Sie uns gerne f\u00fcr weitere Details!<\/p>   <div class=\"wp-block-image\"> <figure class=\"aligncenter size-full\"><img loading=\"lazy\" decoding=\"async\" width=\"720\" height=\"540\" src=\"https:\/\/www.baler-machines.com\/wp-content\/uploads\/2019\/12\/quality-hydraulic-metal-shearing-machine-for-sale.webp\" alt=\"Hochwertige hydraulische Metallschere zu verkaufen\" class=\"wp-image-3737\" title=\"\" srcset=\"https:\/\/www.baler-machines.com\/wp-content\/uploads\/2019\/12\/quality-hydraulic-metal-shearing-machine-for-sale.webp 720w, https:\/\/www.baler-machines.com\/wp-content\/uploads\/2019\/12\/quality-hydraulic-metal-shearing-machine-for-sale-16x12.webp 16w\" sizes=\"auto, (max-width: 720px) 100vw, 720px\" \/><figcaption class=\"wp-element-caption\">Hochwertige hydraulische Metallschere zu verkaufen<\/figcaption><\/figure> <\/div>   <h2 class=\"wp-block-heading\" id=\"h-structural-of-the-scrap-metal-cutting-machine\"><strong>Aufbau einer Schrottschneidemaschine<\/strong><\/h2>    <p>Die Struktur der hydraulischen Metallschermaschine umfasst haupts\u00e4chlich den Rahmen, den Scherkopf, die Pressklaue, den Scherkopf-Aktionszylinder, den Pressklaue-Aktionszylinder und die Hydraulik\u00f6lversorgungsvorrichtung.<\/p>   <div class=\"wp-block-image\"> <figure class=\"aligncenter size-full\"><img loading=\"lazy\" decoding=\"async\" width=\"720\" height=\"540\" src=\"https:\/\/www.baler-machines.com\/wp-content\/uploads\/2022\/08\/structure-of-the-metal-shears.webp\" alt=\"Aufbau der Blechschere\" class=\"wp-image-2527\" title=\"\"><figcaption class=\"wp-element-caption\">Aufbau der Blechschere<\/figcaption><\/figure> <\/div>   <p>Anhand seines Designs ist klar, dass diese hydraulische Metallschere eine bequeme und einfache Bedienung hat.<\/p>    <p>Das Scherenmaul kann w\u00e4hrend des Arbeitsprozesses an jeder beliebigen Stelle schneiden und anhalten. Abh\u00e4ngig von der Gr\u00f6\u00dfe des Materials kann die Gr\u00f6\u00dfe des Schermunds willk\u00fcrlich gesteuert werden. Dadurch kann eine hohe Arbeitseffizienz erreicht werden.<\/p>    <h2 class=\"wp-block-heading\"><strong>Funktionsprinzip der Alligatorschere vom Krokodiltyp<\/strong><\/h2>    <p>Diese Maschine arbeitet mit einem hydraulischen System. <\/p>    <p>W\u00e4hrend des Schervorgangs versorgt die hydraulische Pumpstation (Stromquelle) den Presszylinder mit \u00d6l, um das Schieber-Pressmesser auf den unteren Messersitz zu dr\u00fccken. Das Material wird fixiert und verdichtet.<\/p>    <p>Anschlie\u00dfend versorgt die hydraulische Pumpstation den Scherzylinder mit \u00d6l, damit sich das Schermesser nach unten bewegt und der Schervorgang abgeschlossen ist. <\/p>    <p>Nachdem das Scheren abgeschlossen ist, f\u00fchrt die hydraulische Pumpstation den R\u00fcckhub durch, der durch den Hydraulik\u00f6lr\u00fcckfluss des Scherzylinders und des Presszylinders angetrieben wird.<\/p>    <figure class=\"wp-block-embed is-type-video is-provider-youtube wp-block-embed-youtube wp-embed-aspect-16-9 wp-has-aspect-ratio\"><div class=\"wp-block-embed__wrapper\"> <iframe loading=\"lazy\" title=\"K\u00f6nnen Sie erraten, wie scharf hydraulische Alligatorscheren sind? So schneiden sie Altmetall zum Recycling\" width=\"500\" height=\"281\" src=\"https:\/\/www.youtube.com\/embed\/X0rK1Pm20sY?feature=oembed\" frameborder=\"0\" allow=\"accelerometer; autoplay; clipboard-write; encrypted-media; gyroscope; picture-in-picture; web-share\" referrerpolicy=\"strict-origin-when-cross-origin\" allowfullscreen><\/iframe> <\/div><figcaption class=\"wp-element-caption\">Video zur hydraulischen Schermaschine f\u00fcr Metallabf\u00e4lle<\/figcaption><\/figure>    <h2 class=\"wp-block-heading\"><strong>Wie w\u00e4re es mit dem Preis einer hydraulischen Metallschere?<\/strong><\/h2>    <p>Der Preis f\u00fcr eine hydraulische Metallschere von Shuliy h\u00e4ngt von einer Vielzahl von Faktoren ab, darunter dem Modell der Ausr\u00fcstung, der Scherkraft, der Konfiguration, der Marke und dem Kundendienst.<\/p>    <ul class=\"wp-block-list\"> <li>Im Allgemeinen gilt: Je gr\u00f6\u00dfer die Scherkraft, desto h\u00f6her ist die Konfiguration der hydraulischen Schere, und ihr Preis ist entsprechend h\u00f6her.<\/li>    <li>Beim Kauf einer hydraulischen Metallschere m\u00fcssen Sie neben dem Preis auch auf die Qualit\u00e4t und Leistung der Ausr\u00fcstung achten. <\/li>    <li>Durch die Wahl einer Marke mit einem guten Ruf und einer Kundendienstgarantie wie Shuliy kann sichergestellt werden, dass die Ger\u00e4te im Nutzungsprozess zuverl\u00e4ssiger und effizienter sind.<\/li> <\/ul>    <p>Wenn Sie den spezifischen Preis f\u00fcr eine hydraulische Metallschere wissen m\u00f6chten, k\u00f6nnen Sie ein detailliertes Angebot einholen, indem Sie sich an unser Vertriebsteam wenden. Wir empfehlen Ihnen ein passendes Modell und stellen den besten Preisplan entsprechend Ihren spezifischen Bed\u00fcrfnissen bereit.<\/p>   <div class=\"wp-block-image\"> <figure class=\"aligncenter size-full\"><img loading=\"lazy\" decoding=\"async\" width=\"720\" height=\"540\" src=\"https:\/\/www.baler-machines.com\/wp-content\/uploads\/2019\/12\/alligator-shear-manufacturer.webp\" alt=\"Hersteller von Alligatorscheren\" class=\"wp-image-3736\" title=\"\" srcset=\"https:\/\/www.baler-machines.com\/wp-content\/uploads\/2019\/12\/alligator-shear-manufacturer.webp 720w, https:\/\/www.baler-machines.com\/wp-content\/uploads\/2019\/12\/alligator-shear-manufacturer-16x12.webp 16w\" sizes=\"auto, (max-width: 720px) 100vw, 720px\" \/><figcaption class=\"wp-element-caption\">Hersteller von Alligatorscheren<\/figcaption><\/figure> <\/div>   <h2 class=\"wp-block-heading\" id=\"h-safe-operation-guides-for-the-hydraulic-metal-shears\"><strong>Sichere Betriebsanleitungen f\u00fcr hydraulische Metallschermaschinen<\/strong><\/h2>    <ul class=\"wp-block-list\"> <li>Die Metallschneideausr\u00fcstung muss von speziellem Personal bedient werden.<\/li>    <li>Bevor Sie diese Alligatorschere verwenden, pr\u00fcfen Sie sorgf\u00e4ltig, ob alle Teile der Maschine in Ordnung sind und ob die Befestigungselemente fest sitzen.<\/li>    <li>Das Schneiden mit der Metallschneidemaschine ist verboten: <ul class=\"wp-block-list\"> <li>Nicht gegl\u00fchte Stahlteile, Gusseisenteile, weiche Metallteile, d\u00fcnne Metallmaterialien, Materialien mit einer L\u00e4nge von weniger als 100 mm und Metallabf\u00e4lle, die die L\u00e4nge einer Schere \u00fcberschreiten.<\/li> <\/ul> <\/li> <\/ul>   <div class=\"wp-block-image\"> <figure class=\"aligncenter size-full\"><img loading=\"lazy\" decoding=\"async\" width=\"720\" height=\"540\" src=\"https:\/\/www.baler-machines.com\/wp-content\/uploads\/2019\/12\/hydraulic-metal-shear-machine-working-scene.webp\" alt=\"Arbeitsszene einer hydraulischen Metallschermaschine\" class=\"wp-image-3734\" title=\"\" srcset=\"https:\/\/www.baler-machines.com\/wp-content\/uploads\/2019\/12\/hydraulic-metal-shear-machine-working-scene.webp 720w, https:\/\/www.baler-machines.com\/wp-content\/uploads\/2019\/12\/hydraulic-metal-shear-machine-working-scene-16x12.webp 16w\" sizes=\"auto, (max-width: 720px) 100vw, 720px\" \/><figcaption class=\"wp-element-caption\">Arbeitsszene einer hydraulischen Metallschermaschine<\/figcaption><\/figure> <\/div>   <ul class=\"wp-block-list\"> <li>W\u00e4hrend der Operation darf sich der menschliche K\u00f6rper nicht dem \u00dcbertragungsteil und der Messerschneide des Ger\u00e4ts n\u00e4hern.  <ul class=\"wp-block-list\"> <li>Auf die Sicherheit des umstehenden Personals muss geachtet werden, um zu verhindern, dass sich das Material verzieht und Personen verletzt. <\/li>    <li>Versuchen Sie beim Schneiden, das Material nahe an der Innenseite des Messers zu schneiden. <\/li>    <li>Beim Schneiden von kurzen Materialien ist die Verwendung von handgef\u00fchrten Werkst\u00fccken zur Materialzuf\u00fchrung nicht gestattet. Sie k\u00f6nnen Materialien mit einer Klammer zuf\u00fchren.<\/li> <\/ul> <\/li>    <li>Bei laufendem Ger\u00e4t darf der Bediener den Posten nicht ohne Erlaubnis verlassen.  <ul class=\"wp-block-list\"> <li>Wenn die Arbeiten abgeschlossen sind oder vor\u00fcbergehend verlassen werden, muss die Stromversorgung unterbrochen werden. <\/li>    <li>Gleichzeitig ist es bei laufender Maschine nicht gestattet, bewegliche Teile zu reparieren oder mit den H\u00e4nden zu ber\u00fchren. Es ist strengstens verboten, die Materialien im Materialkasten mit H\u00e4nden oder F\u00fc\u00dfen zu dr\u00fccken.<\/li> <\/ul> <\/li>    <li>Die Schmierteile der Maschine sind je nach Bedarf mindestens einmal pro Schicht mit Schmier\u00f6l zu f\u00fcllen.<\/li> <\/ul>    <h2 class=\"wp-block-heading\"><strong>Neue kleine hydraulische Alligatorschermaschine<\/strong><\/h2>    <p>Dieser neue Typ einer hydraulischen Metallschermaschine wurde von unserer Fabrik neu entwickelt. Diese Schrottschere eignet sich f\u00fcr Materialien, die nicht zu dick geschnitten werden k\u00f6nnen, wie zum Beispiel Kunststoffe.<\/p>    <figure class=\"wp-block-gallery has-nested-images columns-default is-cropped wp-block-gallery-3 is-layout-flex wp-block-gallery-is-layout-flex\"> <figure class=\"wp-block-image size-large\"><img loading=\"lazy\" decoding=\"async\" width=\"720\" height=\"540\" data-id=\"3740\" src=\"https:\/\/www.baler-machines.com\/wp-content\/uploads\/2019\/12\/hydraulic-alligator-shear.webp\" alt=\"hydraulische Alligatorschere\" class=\"wp-image-3740\" title=\"\" srcset=\"https:\/\/www.baler-machines.com\/wp-content\/uploads\/2019\/12\/hydraulic-alligator-shear.webp 720w, https:\/\/www.baler-machines.com\/wp-content\/uploads\/2019\/12\/hydraulic-alligator-shear-16x12.webp 16w\" sizes=\"auto, (max-width: 720px) 100vw, 720px\" \/><figcaption class=\"wp-element-caption\">Hydraulische Alligatorschere<\/figcaption><\/figure>    <figure class=\"wp-block-image size-large\"><img loading=\"lazy\" decoding=\"async\" width=\"720\" height=\"540\" data-id=\"3741\" src=\"https:\/\/www.baler-machines.com\/wp-content\/uploads\/2019\/12\/small-metal-shearing-machine.webp\" alt=\"kleine Metallschermaschine\" class=\"wp-image-3741\" title=\"\" srcset=\"https:\/\/www.baler-machines.com\/wp-content\/uploads\/2019\/12\/small-metal-shearing-machine.webp 720w, https:\/\/www.baler-machines.com\/wp-content\/uploads\/2019\/12\/small-metal-shearing-machine-16x12.webp 16w\" sizes=\"auto, (max-width: 720px) 100vw, 720px\" \/><figcaption class=\"wp-element-caption\"><br><br>kleine Metallschermaschine<\/figcaption><\/figure> <\/figure>    <p>Die kleine Krokodil-Schneidemaschine hat die Vorteile von Kosten-Effizienz, geringem Gewicht, einfacher Bewegung und einem kleinen Platzbedarf. Sie ist ideal f\u00fcr kleine oder neu gegr\u00fcndete Unternehmen.<\/p>    <h2 class=\"wp-block-heading\"><strong>Kontaktieren Sie uns f\u00fcr weitere Maschinendetails!<\/strong><\/h2>    <p class=\"translation-block\">Als professioneller Hersteller von Recyclinganlagen f\u00fcr Metallger\u00e4te haben wir auch <a href=\"https:\/\/www.baler-machines.com\/de\/metal-shear-machine\/\">Tigerkopf-Metallschere<\/a>, <a href=\"https:\/\/www.baler-machines.com\/de\/metal-shears-metal-shearing-machine\/\">Portalschermaschine<\/a> und so weiter, die Ihre unterschiedlichen Bed\u00fcrfnisse erf\u00fcllen k\u00f6nnen.<\/p>    <p class=\"translation-block\">Wenn Sie nach effizienten L\u00f6sungen f\u00fcr das Recycling von <a href=\"https:\/\/en.wikipedia.org\/wiki\/Scrap\" target=\"_blank\" rel=\"noopener\">Metallabf\u00e4llen<\/a> suchen, kontaktieren Sie uns jetzt. Unser Verkaufsteam wird Ihnen die beste L\u00f6sung entsprechend Ihren Bed\u00fcrfnissen anbieten.<\/p>    <figure class=\"wp-block-embed is-type-video is-provider-youtube wp-block-embed-youtube wp-embed-aspect-16-9 wp-has-aspect-ratio\"><div class=\"wp-block-embed__wrapper\"> <iframe loading=\"lazy\" title=\"Metallschermaschine | Alligatorschere | Schrottschneidemaschine f\u00fcr Altmetallrecyclinganlage\" width=\"500\" height=\"281\" src=\"https:\/\/www.youtube.com\/embed\/ZvCyF9NsxDs?feature=oembed\" frameborder=\"0\" allow=\"accelerometer; autoplay; clipboard-write; encrypted-media; gyroscope; picture-in-picture; web-share\" referrerpolicy=\"strict-origin-when-cross-origin\" allowfullscreen><\/iframe> <\/div><figcaption class=\"wp-element-caption\">Metallschneidemaschine<\/figcaption><\/figure>","protected":false},"excerpt":{"rendered":"<p>Die hydraulische Metallschere von Shuliy wird haupts\u00e4chlich zum Schneiden verschiedener Altmetallbleche, Altstahlrohre, Altstahlplatten usw. zum Recycling verwendet.<\/p>","protected":false},"author":1,"featured_media":694,"parent":0,"template":"","tags":[585,583,296,584],"product-type":[562],"class_list":["post-321","product","type-product","status-publish","has-post-thumbnail","hentry","tag-hydraulic-metal-shear-machine","tag-hydraulic-metal-shears","tag-metal-shear","tag-scrap-metal-cutting-machine","product-type-metal-shears"],"_links":{"self":[{"href":"https:\/\/www.baler-machines.com\/de\/wp-json\/wp\/v2\/product\/321","targetHints":{"allow":["GET"]}}],"collection":[{"href":"https:\/\/www.baler-machines.com\/de\/wp-json\/wp\/v2\/product"}],"about":[{"href":"https:\/\/www.baler-machines.com\/de\/wp-json\/wp\/v2\/types\/product"}],"author":[{"embeddable":true,"href":"https:\/\/www.baler-machines.com\/de\/wp-json\/wp\/v2\/users\/1"}],"wp:featuredmedia":[{"embeddable":true,"href":"https:\/\/www.baler-machines.com\/de\/wp-json\/wp\/v2\/media\/694"}],"wp:attachment":[{"href":"https:\/\/www.baler-machines.com\/de\/wp-json\/wp\/v2\/media?parent=321"}],"wp:term":[{"taxonomy":"post_tag","embeddable":true,"href":"https:\/\/www.baler-machines.com\/de\/wp-json\/wp\/v2\/tags?post=321"},{"taxonomy":"product-type","embeddable":true,"href":"https:\/\/www.baler-machines.com\/de\/wp-json\/wp\/v2\/product-type?post=321"}],"curies":[{"name":"wp","href":"https:\/\/api.w.org\/{rel}","templated":true}]}}