{"id":3166,"date":"2023-03-29T10:44:02","date_gmt":"2023-03-29T02:44:02","guid":{"rendered":"https:\/\/www.baler-machines.com\/?post_type=product&#038;p=3166"},"modified":"2023-03-29T15:08:16","modified_gmt":"2023-03-29T07:08:16","slug":"waste-wire-cable-shredder-for-recycling","status":"publish","type":"product","link":"https:\/\/www.baler-machines.com\/de\/waste-wire-cable-shredder-for-recycling\/","title":{"rendered":"Abfalldraht-\/Kabelzerkleinerer f\u00fcr das Schrottrecycling"},"content":{"rendered":"<p class=\"translation-block\">Der Kabelzerkleinerer ist daf\u00fcr ausgelegt, Abfallkabel\/-dr\u00e4hte\/Platinen in kleine St\u00fccke zu zerlegen, um diesen Abfall zu zerkleinern und zu recyceln. In letzter Zeit ist diese Art von <a href=\"https:\/\/www.baler-machines.com\/de\/industrial-shredder\/\" target=\"_blank\" rel=\"noreferrer noopener\">Doppelwellen-Zerkleinerungsmaschine<\/a> aufgrund ihrer Effizienz und F\u00e4higkeit, Abfall in der Elektronikindustrie zu reduzieren, immer beliebter geworden.<\/p>    <figure class=\"wp-block-gallery aligncenter has-nested-images columns-default is-cropped wp-block-gallery-2 is-layout-flex wp-block-gallery-is-layout-flex\"> <figure class=\"wp-block-image size-large\"><img loading=\"lazy\" decoding=\"async\" width=\"301\" height=\"167\" data-id=\"3179\" src=\"https:\/\/www.baler-machines.com\/wp-content\/uploads\/2023\/03\/electric-cables.webp\" alt=\"elektrische Kabel\" class=\"wp-image-3179\" title=\"\"><figcaption class=\"wp-element-caption\">Elektrische Kabel<\/figcaption><\/figure>    <figure class=\"wp-block-image size-large\"><a href=\"https:\/\/en.wikipedia.org\/wiki\/Electronic_circuit\" target=\"_blank\" rel=\"noopener\"><img loading=\"lazy\" decoding=\"async\" width=\"286\" height=\"176\" data-id=\"3180\" src=\"https:\/\/www.baler-machines.com\/wp-content\/uploads\/2023\/03\/electric-circuit-boards.webp\" alt=\"elektrische Leiterplatten\" class=\"wp-image-3180\" title=\"\"><\/a><figcaption class=\"wp-element-caption\">Elektrische Leiterplatten<\/figcaption><\/figure>    <figure class=\"wp-block-image size-large\"><img loading=\"lazy\" decoding=\"async\" width=\"733\" height=\"524\" data-id=\"3181\" src=\"https:\/\/www.baler-machines.com\/wp-content\/uploads\/2023\/03\/electric-wires.webp\" alt=\"elektrische Dr\u00e4hte\" class=\"wp-image-3181\" title=\"\"><figcaption class=\"wp-element-caption\">Elektrische Leitungen<\/figcaption><\/figure> <\/figure>    <p>Dieser Kupferdrahtzerkleinerer ist sehr leistungsstark, nicht nur f\u00fcr Dr\u00e4hte\/Kabel\/Schaltkreise, sondern auch f\u00fcr Metalle und Kunststoffe, M\u00fcll, Holz usw. <\/p>    <h2 class=\"wp-block-heading\"><strong>Warum die Kupferkabel-Schreddermaschine zum Zerkleinern von Dr\u00e4hten\/Kabeln verwenden?<\/strong><\/h2>    <div class=\"wp-block-columns is-layout-flex wp-container-core-columns-is-layout-9d6595d7 wp-block-columns-is-layout-flex\"> <div class=\"wp-block-column is-layout-flow wp-block-column-is-layout-flow\"> <p class=\"has-text-align-center translation-block\"><strong>Hoher Recyclingwert<\/strong><\/p>    <p class=\"has-cyan-bluish-gray-background-color has-background\">Dr\u00e4hte und Kabel enthalten viele Metalle wie Kupfer und Aluminium, die recycelt und in andere Metallprodukte umgewandelt werden k\u00f6nnen. Das Recycling von Dr\u00e4hten und Kabeln kann erhebliche wirtschaftliche Vorteile bringen.<\/p> <\/div>    <div class=\"wp-block-column is-layout-flow wp-block-column-is-layout-flow\"> <p class=\"has-text-align-center translation-block\"><strong>Ressourcen schonen<\/strong><\/p>    <p class=\"has-cyan-bluish-gray-background-color has-background\">Das Recycling von Dr\u00e4hten und Kabeln kann dazu beitragen, nat\u00fcrliche Ressourcen zu schonen, da sie wiederverwendet werden k\u00f6nnen, anstatt auf M\u00fclldeponien geworfen oder verbrannt zu werden. Dies ist f\u00fcr den Umweltschutz sehr wichtig.<\/p> <\/div> <\/div>    <div class=\"wp-block-columns is-layout-flex wp-container-core-columns-is-layout-9d6595d7 wp-block-columns-is-layout-flex\"> <div class=\"wp-block-column is-layout-flow wp-block-column-is-layout-flow\"> <p class=\"has-text-align-center translation-block\"><strong>Erf\u00fcllung gesetzlicher Vorschriften<\/strong><\/p>    <p class=\"has-cyan-bluish-gray-background-color has-background\">In vielen L\u00e4ndern und Regionen gelten strenge beh\u00f6rdliche Auflagen f\u00fcr die Entsorgung von Draht- und Kabelabf\u00e4llen. Durch den Einsatz eines Aktenvernichters f\u00fcr Dr\u00e4hte und Kabel k\u00f6nnen beh\u00f6rdliche Anforderungen erf\u00fcllt und so Bu\u00dfgelder und rechtliche Risiken vermieden werden.<\/p> <\/div>    <div class=\"wp-block-column is-layout-flow wp-block-column-is-layout-flow\"> <p class=\"has-text-align-center translation-block\"><strong>Reduzierung von Risikofall-Abf\u00e4llen<\/strong><\/p>    <p class=\"has-cyan-bluish-gray-background-color has-background\">Dr\u00e4hte und Kabel enthalten viele gef\u00e4hrliche Chemikalien. Bei freier Entsorgung k\u00f6nnen sie schwerwiegende Auswirkungen auf die Umwelt und die menschliche Gesundheit haben. Um diese urs\u00e4chlich zu entsorgen, kommt der Kabelschredder zum Einsatz.<\/p> <\/div> <\/div>    <h2 class=\"wp-block-heading\"><strong>Struktur der Shuliy-Kabelbrechermaschine<\/strong><\/h2>   <div class=\"wp-block-image\"> <figure class=\"aligncenter size-full\"><img loading=\"lazy\" decoding=\"async\" width=\"720\" height=\"540\" src=\"https:\/\/www.baler-machines.com\/wp-content\/uploads\/2023\/03\/structure-of-waste-cable-crusher.webp\" alt=\"Struktur des Abfallkabelbrechers\" class=\"wp-image-3186\" title=\"\"><figcaption class=\"wp-element-caption\">Struktur des Abfallkabelbrechers<\/figcaption><\/figure> <\/div>   <p class=\"translation-block\">Als <a href=\"https:\/\/www.baler-machines.com\/de\/\" target=\"_blank\" rel=\"noreferrer noopener\">professioneller Hersteller und Lieferant von Shreddern<\/a> wurde die Struktur unseres Shredders kontinuierlich optimiert und aufger\u00fcstet, was f\u00fcr die Bed\u00fcrfnisse der Kunden sehr gut geeignet ist.<\/p>    <p>Gem\u00e4\u00df dem Bild oben besteht unser Aktenvernichter aus einem Reduzierst\u00fcck, einem Motor, einer Zufuhr\u00f6ffnung und einer Auslass\u00f6ffnung. Es ist eigentlich ganz einfach und unkompliziert. Wenn Sie mehr erfahren m\u00f6chten, kontaktieren Sie uns bitte und kommen Sie gerne zu einem Besuch in unserer Fabrik vorbei!<\/p>    <h2 class=\"wp-block-heading\"><strong>Vorteile beim Einsatz des Kabelschrottzerkleinerers<\/strong><\/h2>    <ol class=\"wp-block-list\"> <li>Hohe Effizienz: Im Vergleich zur manuellen Kabelentfernung oder anderen herk\u00f6mmlichen Methoden kann der Einsatz eines Kabelzerkleinerers die Verarbeitungseffizienz und damit die Produktivit\u00e4t deutlich steigern.<\/li>    <li>Hohe Pr\u00e4zision: Der Kabelgranulator kann die Dr\u00e4hte und Kabel pr\u00e4zise in kleine, recycelbare Partikel zerkleinern und diese kleinen Partikel lassen sich leichter wieder verarbeiten.<\/li>    <li>Gro\u00dfe Sicherheit: Die Kabelzerkleinerungsmaschine kann w\u00e4hrend der Arbeit automatisch gesteuert werden, wodurch das Risiko manueller Eingriffe verringert wird.<\/li>    <li>Umweltschutz: Im Draht und Kabel befinden sich Schadstoffe, die mit dem Kabelschredder effektiv entsorgt werden k\u00f6nnen.<\/li>    <li>Geringe Kosten: Im Hinblick auf den langfristigen Nutzen kann der Einsatz des Drahtschredders f\u00fcr das Draht- und Kabelrecycling die Arbeitskosten erheblich senken.<\/li> <\/ol>    <h2 class=\"wp-block-heading\"><strong>Wie sieht es mit dem Preis f\u00fcr den Kabelschredder aus?<\/strong><\/h2>    <p>F\u00fcr Kunden ist der Preis einer der wichtigsten Faktoren beim Kauf einer Maschine. Nat\u00fcrlich sind die Kunden, die die Kupferkabel-Schreddermaschine kaufen, die gleichen.<\/p>    <p class=\"translation-block\">Wenn Sie eine <a href=\"https:\/\/www.baler-machines.com\/de\/industrial-shredder\/\" target=\"_blank\" rel=\"noreferrer noopener\">Zerkleinerungsmaschine f\u00fcr verschiedene Abf\u00e4lle<\/a> kaufen, k\u00f6nnen Sie den gew\u00fcnschten Durchsatz, Ihr Budget, den Hersteller usw. ber\u00fccksichtigen. Diese dienen nur zu Ihrer Information. Sie k\u00f6nnen uns auch Ihre Bed\u00fcrfnisse mitteilen, und wir entwerfen die beste L\u00f6sung f\u00fcr Sie.<\/p>    <h2 class=\"wp-block-heading\"><strong>Arbeitsvideo eines Kupferkabel-Schredders zum Verkauf<\/strong><\/h2>    <figure class=\"wp-block-embed is-type-video is-provider-youtube wp-block-embed-youtube wp-embed-aspect-16-9 wp-has-aspect-ratio\"><div class=\"wp-block-embed__wrapper\"> <iframe loading=\"lazy\" title=\"Erstaunliche Schredder- und Zerkleinerungsmaschine f\u00fcr elektrische Altdr\u00e4hte\/Kabel\/Platten f\u00fcr das Schrottrecycling\" width=\"500\" height=\"281\" src=\"https:\/\/www.youtube.com\/embed\/hHcx_l1vlpk?start=3&#038;feature=oembed\" frameborder=\"0\" allow=\"accelerometer; autoplay; clipboard-write; encrypted-media; gyroscope; picture-in-picture; web-share\" referrerpolicy=\"strict-origin-when-cross-origin\" allowfullscreen><\/iframe> <\/div><\/figure>","protected":false},"excerpt":{"rendered":"<p>The cable shredder is designed to dispose of waste wire\/cables\/electric plates into small pieces to break down and recycle this waste. Recently, due to its efficiency and ability to reduce waste in the electronic industry, this kind of double-shaft shredder machine has become increasingly popular. This copper wire shredder is very powerful, not only for [&hellip;]<\/p>\n","protected":false},"author":1,"featured_media":3178,"parent":0,"template":"","tags":[608],"product-type":[561],"class_list":["post-3166","product","type-product","status-publish","has-post-thumbnail","hentry","tag-cable-shredder","product-type-industrial-shredder"],"_links":{"self":[{"href":"https:\/\/www.baler-machines.com\/de\/wp-json\/wp\/v2\/product\/3166","targetHints":{"allow":["GET"]}}],"collection":[{"href":"https:\/\/www.baler-machines.com\/de\/wp-json\/wp\/v2\/product"}],"about":[{"href":"https:\/\/www.baler-machines.com\/de\/wp-json\/wp\/v2\/types\/product"}],"author":[{"embeddable":true,"href":"https:\/\/www.baler-machines.com\/de\/wp-json\/wp\/v2\/users\/1"}],"wp:featuredmedia":[{"embeddable":true,"href":"https:\/\/www.baler-machines.com\/de\/wp-json\/wp\/v2\/media\/3178"}],"wp:attachment":[{"href":"https:\/\/www.baler-machines.com\/de\/wp-json\/wp\/v2\/media?parent=3166"}],"wp:term":[{"taxonomy":"post_tag","embeddable":true,"href":"https:\/\/www.baler-machines.com\/de\/wp-json\/wp\/v2\/tags?post=3166"},{"taxonomy":"product-type","embeddable":true,"href":"https:\/\/www.baler-machines.com\/de\/wp-json\/wp\/v2\/product-type?post=3166"}],"curies":[{"name":"wp","href":"https:\/\/api.w.org\/{rel}","templated":true}]}}