{"id":3116,"date":"2023-03-23T11:14:20","date_gmt":"2023-03-23T03:14:20","guid":{"rendered":"https:\/\/www.baler-machines.com\/?post_type=product&#038;p=3116"},"modified":"2026-02-13T13:55:45","modified_gmt":"2026-02-13T05:55:45","slug":"metal-compactor-for-recycling","status":"publish","type":"product","link":"https:\/\/www.baler-machines.com\/de\/metal-compactor-for-recycling\/","title":{"rendered":"Hydraulischer Metallverdichter f\u00fcr das Recycling von Stahl-\/Kupferschrott"},"content":{"rendered":"<p class=\"translation-block\">Ein industrieller Metallpressen ist eine Maschine, die Schrottmetall zu einer kompakten Form verdichtet, um die Lagerung, den Transport und das Recycling zu erleichtern. Die <a href=\"https:\/\/www.baler-machines.com\/de\/horizontal-metal-baler\/\" target=\"_blank\" rel=\"noreferrer noopener\">horizontale Metallballenpresse<\/a> gibt es in verschiedenen Gr\u00f6\u00dfen und Ausf\u00fchrungen, wie z.B. die manuelle und automatische Ballenpresse, je nach den spezifischen Bed\u00fcrfnissen des Unternehmens.<\/p>    <figure class=\"wp-block-gallery aligncenter has-nested-images columns-default is-cropped wp-block-gallery-2 is-layout-flex wp-block-gallery-is-layout-flex\"> <figure class=\"wp-block-image size-large\"><img loading=\"lazy\" decoding=\"async\" width=\"720\" height=\"540\" data-id=\"3136\" src=\"https:\/\/www.baler-machines.com\/wp-content\/uploads\/2023\/03\/cylindrical-scrap-metal-bales.webp\" alt=\"zylindrische Schrottballen\" class=\"wp-image-3136\" title=\"\"><figcaption class=\"wp-element-caption\">Zylindrische Altmetallballen<\/figcaption><\/figure>    <figure class=\"wp-block-image size-large\"><img loading=\"lazy\" decoding=\"async\" width=\"720\" height=\"540\" data-id=\"3137\" src=\"https:\/\/www.baler-machines.com\/wp-content\/uploads\/2023\/03\/rectangular-waste-metal.webp\" alt=\"rechteckiger Metallabfall\" class=\"wp-image-3137\" title=\"\"><figcaption class=\"wp-element-caption\">Rechteckiges Altmetall<\/figcaption><\/figure>    <figure class=\"wp-block-image size-large\"><img loading=\"lazy\" decoding=\"async\" width=\"720\" height=\"540\" data-id=\"3138\" src=\"https:\/\/www.baler-machines.com\/wp-content\/uploads\/2023\/03\/shatted-bales.webp\" alt=\"zerst\u00f6rte Ballen\" class=\"wp-image-3138\" title=\"\"><figcaption class=\"wp-element-caption\">Zerschmetterte Ballen<\/figcaption><\/figure> <\/figure>    <figure class=\"wp-block-gallery has-nested-images columns-default is-cropped wp-block-gallery-3 is-layout-flex wp-block-gallery-is-layout-flex\"> <figure class=\"wp-block-image size-large\"><img loading=\"lazy\" decoding=\"async\" width=\"720\" height=\"540\" data-id=\"4305\" src=\"https:\/\/www.baler-machines.com\/wp-content\/uploads\/2023\/03\/scrap-metal-compactor.webp\" alt=\"scrap metal compactor\" class=\"wp-image-4305\" title=\"\" srcset=\"https:\/\/www.baler-machines.com\/wp-content\/uploads\/2023\/03\/scrap-metal-compactor.webp 720w, https:\/\/www.baler-machines.com\/wp-content\/uploads\/2023\/03\/scrap-metal-compactor-16x12.webp 16w\" sizes=\"auto, (max-width: 720px) 100vw, 720px\" \/><figcaption class=\"wp-element-caption\">Schrottmetallpresse<\/figcaption><\/figure>    <figure class=\"wp-block-image size-large\"><img loading=\"lazy\" decoding=\"async\" width=\"720\" height=\"540\" data-id=\"4304\" src=\"https:\/\/www.baler-machines.com\/wp-content\/uploads\/2023\/03\/hydraulic-metal-compactor.webp\" alt=\"hydraulic metal compactor\" class=\"wp-image-4304\" title=\"\" srcset=\"https:\/\/www.baler-machines.com\/wp-content\/uploads\/2023\/03\/hydraulic-metal-compactor.webp 720w, https:\/\/www.baler-machines.com\/wp-content\/uploads\/2023\/03\/hydraulic-metal-compactor-16x12.webp 16w\" sizes=\"auto, (max-width: 720px) 100vw, 720px\" \/><figcaption class=\"wp-element-caption\">Hydraulische Metallpresse<\/figcaption><\/figure>    <figure class=\"wp-block-image size-large\"><img loading=\"lazy\" decoding=\"async\" width=\"720\" height=\"540\" data-id=\"4306\" src=\"https:\/\/www.baler-machines.com\/wp-content\/uploads\/2023\/03\/different-shapes-of-baled-scrap-metal.webp\" alt=\"different shapes of baled scrap metal\" class=\"wp-image-4306\" title=\"\" srcset=\"https:\/\/www.baler-machines.com\/wp-content\/uploads\/2023\/03\/different-shapes-of-baled-scrap-metal.webp 720w, https:\/\/www.baler-machines.com\/wp-content\/uploads\/2023\/03\/different-shapes-of-baled-scrap-metal-16x12.webp 16w\" sizes=\"auto, (max-width: 720px) 100vw, 720px\" \/><figcaption class=\"wp-element-caption\">Verschiedene Formen von geballtem Schrottmetall<\/figcaption><\/figure> <\/figure>    <h2 class=\"wp-block-heading\"><strong>Wer sind die potenziellen Kunden f\u00fcr den Schrottverdichter?<\/strong><\/h2>    <p class=\"translation-block\"><strong>Metallverarbeitung<\/strong>: Die Schrottmetallballenpresse wird verwendet, um Metallschrott zu verdichten, der w\u00e4hrend des Herstellungsprozesses anf\u00e4llt.<\/p>    <p class=\"translation-block\"><strong>Automobilindustrie<\/strong>: Die Metallballenpresse wird verwendet, um Metallschrott zu pressen und zu ballen, der w\u00e4hrend der Automobilproduktion anf\u00e4llt.<\/p>    <p class=\"translation-block\"><strong>Bauindustrie<\/strong>: Die Metallrecyclingballenpresse wird verwendet, um Metallabf\u00e4lle zu pressen, die bei Abbruch- und Bauarbeiten anfallen.<\/p>    <p class=\"translation-block\"><strong>Recyclingindustrie<\/strong>: Die Schrottmetallverdichtermaschine wird verwendet, um Metallschrott zum Recycling zu verdichten.<\/p>   <div class=\"wp-block-image\"> <figure class=\"aligncenter size-full\"><img loading=\"lazy\" decoding=\"async\" width=\"727\" height=\"324\" src=\"https:\/\/www.baler-machines.com\/wp-content\/uploads\/2023\/03\/scrap-recycling-by-metal-compaction-machine.webp\" alt=\"Schrottrecycling durch Metallverdichtungsmaschine\" class=\"wp-image-4308\" title=\"\" srcset=\"https:\/\/www.baler-machines.com\/wp-content\/uploads\/2023\/03\/scrap-recycling-by-metal-compaction-machine.webp 727w, https:\/\/www.baler-machines.com\/wp-content\/uploads\/2023\/03\/scrap-recycling-by-metal-compaction-machine-18x8.webp 18w\" sizes=\"auto, (max-width: 727px) 100vw, 727px\" \/><figcaption class=\"wp-element-caption\">Schrottrecycling durch Metallverdichtungsmaschine<\/figcaption><\/figure> <\/div>  <div class=\"wp-block-image\"> <figure class=\"aligncenter size-full\"><img loading=\"lazy\" decoding=\"async\" width=\"727\" height=\"330\" src=\"https:\/\/www.baler-machines.com\/wp-content\/uploads\/2023\/03\/metal-bales-of-metal-compression-machine.webp\" alt=\"Metallballen der Metallverdichtungsmaschine\" class=\"wp-image-4307\" title=\"\" srcset=\"https:\/\/www.baler-machines.com\/wp-content\/uploads\/2023\/03\/metal-bales-of-metal-compression-machine.webp 727w, https:\/\/www.baler-machines.com\/wp-content\/uploads\/2023\/03\/metal-bales-of-metal-compression-machine-18x8.webp 18w\" sizes=\"auto, (max-width: 727px) 100vw, 727px\" \/><figcaption class=\"wp-element-caption\">Metallballen der Metallverdichtungsmaschine<\/figcaption><\/figure> <\/div>   <h2 class=\"wp-block-heading\"><strong>Struktur einer horizontalen Ballenpresse f\u00fcr Metallabf\u00e4lle<\/strong><\/h2>    <p>Die Struktur eines Metallverdichters besteht typischerweise aus einem Trichter oder einem Zufuhrbeh\u00e4lter, der zur Lagerung und Zuf\u00fchrung der losen Metallstreifen oder -abf\u00e4lle in die Verdichtungskammer dient.<\/p>    <p>Der durch hydraulische oder mechanische Kraft angetriebene Zylinder presst und ballt das Altmetall in der Kompressionskammer.<\/p>   <div class=\"wp-block-image\"> <figure class=\"aligncenter size-full\"><img loading=\"lazy\" decoding=\"async\" width=\"720\" height=\"540\" src=\"https:\/\/www.baler-machines.com\/wp-content\/uploads\/2023\/03\/structure-of-horizontal-baler-machine.webp\" alt=\"Struktur der horizontalen Metallverdichter-Ballenpresse\" class=\"wp-image-3129\" title=\"\"><figcaption class=\"wp-element-caption\">Struktur der horizontalen Metallverdichter-Ballenpresse<\/figcaption><\/figure> <\/div>   <h2 class=\"wp-block-heading\"><strong>Vorteile der Verwendung einer Shuliy-Metallverdichtungsmaschine zum Verkauf<\/strong><\/h2>    <div class=\"wp-block-columns is-layout-flex wp-container-core-columns-is-layout-9d6595d7 wp-block-columns-is-layout-flex\"> <div class=\"wp-block-column is-layout-flow wp-block-column-is-layout-flow\"> <p class=\"has-text-align-center translation-block\"><strong>Effiziente Abfallwirtschaft<\/strong><\/p> <\/div>    <div class=\"wp-block-column is-layout-flow wp-block-column-is-layout-flow\"> <p class=\"has-text-align-center translation-block\"><strong>Kosteneinsparungen<\/strong><\/p> <\/div> <\/div>    <div class=\"wp-block-columns is-layout-flex wp-container-core-columns-is-layout-9d6595d7 wp-block-columns-is-layout-flex\"> <div class=\"wp-block-column is-layout-flow wp-block-column-is-layout-flow\"> <p class=\"has-cyan-bluish-gray-background-color has-background translation-block\">Die Hochleistungs-Metallballenpresse ist f\u00fcr die Verarbeitung einer breiten Palette von <strong>Metallschrott, einschlie\u00dflich Aluminium, Kupfer, Stahl und Eisen<\/strong>, ausgelegt. Der Verdichtungsprozess reduziert das Abfallvolumen um bis zu 90%, was bedeutet, dass mehr Abfall auf weniger Raum gelagert werden kann.<\/p> <\/div>    <div class=\"wp-block-column is-layout-flow wp-block-column-is-layout-flow\"> <p class=\"has-cyan-bluish-gray-background-color has-background\">Herk\u00f6mmliche Methoden der Abfallentsorgung, wie etwa die Deponierung, k\u00f6nnen teuer sein. Die Maschine bietet eine kosteng\u00fcnstige L\u00f6sung, indem sie das Abfallvolumen reduziert und weniger Platz f\u00fcr Lagerung und Transport ben\u00f6tigt. Dies kann langfristig zu erheblichen Kosteneinsparungen f\u00fchren.<\/p> <\/div> <\/div>    <div class=\"wp-block-columns is-layout-flex wp-container-core-columns-is-layout-9d6595d7 wp-block-columns-is-layout-flex\"> <div class=\"wp-block-column is-layout-flow wp-block-column-is-layout-flow\"> <p class=\"has-text-align-center translation-block\"><strong>Umweltvorteile<\/strong><\/p> <\/div>    <div class=\"wp-block-column is-layout-flow wp-block-column-is-layout-flow\"> <p class=\"has-text-align-center translation-block\"><strong>Verbesserte Produktivit\u00e4t<\/strong><\/p> <\/div> <\/div>    <div class=\"wp-block-columns is-layout-flex wp-container-core-columns-is-layout-9d6595d7 wp-block-columns-is-layout-flex\"> <div class=\"wp-block-column is-layout-flow wp-block-column-is-layout-flow\"> <p class=\"has-cyan-bluish-gray-background-color has-background\">Die hydraulische Metallverdichtungsmaschine ist eine umweltfreundliche L\u00f6sung f\u00fcr die Abfallentsorgung. Au\u00dferdem kann verdichteter Metallschrott recycelt werden, wodurch der Bedarf an neuen Rohstoffen verringert und nat\u00fcrliche Ressourcen geschont werden.<\/p> <\/div>    <div class=\"wp-block-column is-layout-flow wp-block-column-is-layout-flow\"> <p class=\"has-cyan-bluish-gray-background-color has-background\">Die Abfallbewirtschaftung kann ein zeitaufw\u00e4ndiger Prozess sein. Der industrielle Metallverdichter bietet eine schnellere und effizientere M\u00f6glichkeit der Abfallbewirtschaftung und erm\u00f6glicht es Unternehmen, sich auf ihre Kerngesch\u00e4ftsaktivit\u00e4ten zu konzentrieren.<\/p> <\/div> <\/div>    <h2 class=\"wp-block-heading\"><strong>Shuliy Machinery \u2013 ein anerkannter Hersteller und Lieferant von Metallverdichtern<\/strong><\/h2>    <p class=\"translation-block\"><strong>Verschiedene Maschinentypen<\/strong><\/p>    <p>Shuliy Machinery spezialisiert sich auf das Design, die Herstellung und den Vertrieb von Schrottmetallpressen und verwandten Ger\u00e4ten. Es bietet eine breite Palette von Metallpressenmodellen und -gr\u00f6\u00dfen an, um die spezifischen Bed\u00fcrfnisse und Anforderungen seiner Kunden zu erf\u00fcllen.<\/p>    <figure class=\"wp-block-gallery aligncenter has-nested-images columns-2 is-cropped wp-block-gallery-4 is-layout-flex wp-block-gallery-is-layout-flex\"> <figure class=\"wp-block-image size-large\"><img loading=\"lazy\" decoding=\"async\" width=\"720\" height=\"540\" data-id=\"2653\" src=\"https:\/\/www.baler-machines.com\/wp-content\/uploads\/2022\/08\/new-designed-scrap-metal-baler.webp\" alt=\"neu gestalteter Schrottpressen\" class=\"wp-image-2653\" title=\"\"><figcaption class=\"wp-element-caption\">Neu gestaltete Altmetallballenpresse<\/figcaption><\/figure>    <figure class=\"wp-block-image size-large\"><img loading=\"lazy\" decoding=\"async\" width=\"720\" height=\"540\" data-id=\"2652\" src=\"https:\/\/www.baler-machines.com\/wp-content\/uploads\/2022\/08\/scrap-metal-baler-manufacturer.webp\" alt=\"Hersteller von Schrottpressen\" class=\"wp-image-2652\" title=\"\"><figcaption class=\"wp-element-caption\">Hersteller von Schrottballenpressen<\/figcaption><\/figure>    <figure class=\"wp-block-image size-large\"><img loading=\"lazy\" decoding=\"async\" width=\"720\" height=\"540\" data-id=\"2651\" src=\"https:\/\/www.baler-machines.com\/wp-content\/uploads\/2022\/08\/industrial-scrap-baler.webp\" alt=\"Industrieschrottpresse\" class=\"wp-image-2651\" title=\"\"><figcaption class=\"wp-element-caption\">Industrielle Schrottballenpresse<\/figcaption><\/figure>    <figure class=\"wp-block-image size-large\"><img loading=\"lazy\" decoding=\"async\" width=\"720\" height=\"540\" data-id=\"2654\" src=\"https:\/\/www.baler-machines.com\/wp-content\/uploads\/2022\/08\/hydraulic-metal-baler-with-single-cylinder.webp\" alt=\"Hydraulische Metallpresse mit einem Zylinder\" class=\"wp-image-2654\" title=\"\"><figcaption class=\"wp-element-caption\">Hydraulische Metallballenpresse mit Einzelzylinder<\/figcaption><\/figure> <\/figure>    <p class=\"translation-block\"><strong>Dienstleistungen f\u00fcr die <a href=\"https:\/\/www.baler-machines.com\/de\/baler-machine\/\" target=\"_blank\" rel=\"noreferrer noopener\">hydraulische Ballenpresse<\/a><\/strong><\/p>    <p>Wir, shuliy, bieten Installations-, Wartungs- und Reparaturdienste f\u00fcr unsere Produkte an. Dar\u00fcber hinaus bieten wir ma\u00dfgeschneiderte Maschinen an, die auf die individuellen Bed\u00fcrfnisse und Anforderungen unserer Kunden zugeschnitten sind.<\/p>    <p class=\"translation-block\"><strong>Gute Maschinenqualit\u00e4t<\/strong><\/p>    <p>Um die Qualit\u00e4t und Zuverl\u00e4ssigkeit der Maschine sicherzustellen, unterziehen wir uns auch Zertifizierungen und halten uns an Branchenstandards und Vorschriften.<\/p>    <h2 class=\"wp-block-heading\"><strong>Video des Shuliy-Metallverdichters zum Ballenpressen von Abfall\/Schrott aus Stahl, Kupfer, Aluminium usw<\/strong><\/h2>    <figure class=\"wp-block-embed is-type-video is-provider-youtube wp-block-embed-youtube wp-embed-aspect-16-9 wp-has-aspect-ratio\"><div class=\"wp-block-embed__wrapper\"> <iframe loading=\"lazy\" title=\"Automatische horizontale Metallballenpresse f\u00fcr Schrott, Abfall, Eisen, Stahl, Sp\u00e4ne \u2013 Ballenpresse\" width=\"500\" height=\"281\" src=\"https:\/\/www.youtube.com\/embed\/q1kQ8112Hiw?feature=oembed\" frameborder=\"0\" allow=\"accelerometer; autoplay; clipboard-write; encrypted-media; gyroscope; picture-in-picture; web-share\" referrerpolicy=\"strict-origin-when-cross-origin\" allowfullscreen><\/iframe> <\/div><\/figure>","protected":false},"excerpt":{"rendered":"<p>An industrial metal compactor is a machine that compresses scrap metal into a compact shape for easier storage, transportation, and recycling. The horizontal metal baling machine comes in different sizes and types, such as the manual and automatic baling machine, depending on the specific needs of the company. Who are the potential clients for the [&hellip;]<\/p>\n","protected":false},"author":1,"featured_media":3117,"parent":0,"template":"","tags":[606],"product-type":[563],"class_list":["post-3116","product","type-product","status-publish","has-post-thumbnail","hentry","tag-metal-compactor","product-type-baler-machine"],"_links":{"self":[{"href":"https:\/\/www.baler-machines.com\/de\/wp-json\/wp\/v2\/product\/3116","targetHints":{"allow":["GET"]}}],"collection":[{"href":"https:\/\/www.baler-machines.com\/de\/wp-json\/wp\/v2\/product"}],"about":[{"href":"https:\/\/www.baler-machines.com\/de\/wp-json\/wp\/v2\/types\/product"}],"author":[{"embeddable":true,"href":"https:\/\/www.baler-machines.com\/de\/wp-json\/wp\/v2\/users\/1"}],"wp:featuredmedia":[{"embeddable":true,"href":"https:\/\/www.baler-machines.com\/de\/wp-json\/wp\/v2\/media\/3117"}],"wp:attachment":[{"href":"https:\/\/www.baler-machines.com\/de\/wp-json\/wp\/v2\/media?parent=3116"}],"wp:term":[{"taxonomy":"post_tag","embeddable":true,"href":"https:\/\/www.baler-machines.com\/de\/wp-json\/wp\/v2\/tags?post=3116"},{"taxonomy":"product-type","embeddable":true,"href":"https:\/\/www.baler-machines.com\/de\/wp-json\/wp\/v2\/product-type?post=3116"}],"curies":[{"name":"wp","href":"https:\/\/api.w.org\/{rel}","templated":true}]}}