{"id":3071,"date":"2023-03-10T14:36:01","date_gmt":"2023-03-10T06:36:01","guid":{"rendered":"https:\/\/www.baler-machines.com\/?post_type=product&#038;p=3071"},"modified":"2026-02-13T14:46:31","modified_gmt":"2026-02-13T06:46:31","slug":"hydraulic-tyre-tire-baler-for-sale","status":"publish","type":"product","link":"https:\/\/www.baler-machines.com\/de\/hydraulic-tyre-tire-baler-for-sale\/","title":{"rendered":"Hydraulische Altreifen-\/Reifenballenpresse zu verkaufen"},"content":{"rendered":"<p class=\"translation-block\">Die Abfallreifen-Pressmaschine ist eine <a href=\"https:\/\/www.baler-machines.com\/de\/baler-machine\/\" target=\"_blank\" rel=\"noreferrer noopener\">hydraulische Presse<\/a>, die geeignet ist, Gummi, Lkw-Reifen, Pkw-Reifen und andere \u00e4hnliche Materialien f\u00fcr das Recycling zu pressen. <\/p>    <p>F\u00fcr Besitzer in der Automobilindustrie fallen jederzeit Altreifen an. Der Einsatz einer hydraulischen Ballenpresse f\u00fcr Altreifen erm\u00f6glicht ein ordentliches Stapeln der Reifen und verbessert zudem die Ordnung erheblich.<\/p>    <h2 class=\"wp-block-heading\"><strong>Vorteile der hydraulischen Ballenpresse f\u00fcr <a href=\"https:\/\/en.wikipedia.org\/wiki\/Tire_recycling\" target=\"_blank\" rel=\"noreferrer noopener\">Recycling von Altreifen\/Reifen<\/a><\/strong><\/h2>    <figure class=\"wp-block-gallery aligncenter has-nested-images columns-default is-cropped wp-block-gallery-2 is-layout-flex wp-block-gallery-is-layout-flex\"> <figure class=\"wp-block-image size-large\"><img loading=\"lazy\" decoding=\"async\" width=\"720\" height=\"540\" data-id=\"3084\" src=\"https:\/\/www.baler-machines.com\/wp-content\/uploads\/2023\/03\/control-panel.webp\" alt=\"Steuerpanel\" class=\"wp-image-3084\" title=\"\"><figcaption class=\"wp-element-caption\">Bedienfeld<\/figcaption><\/figure>    <figure class=\"wp-block-image size-large\"><img loading=\"lazy\" decoding=\"async\" width=\"720\" height=\"540\" data-id=\"3085\" src=\"https:\/\/www.baler-machines.com\/wp-content\/uploads\/2023\/03\/hydraulic-cylinder.webp\" alt=\"Hydraulikzylinder\" class=\"wp-image-3085\" title=\"\"><figcaption class=\"wp-element-caption\">Hydraulikzylinder<\/figcaption><\/figure>    <figure class=\"wp-block-image size-full\"><img loading=\"lazy\" decoding=\"async\" width=\"720\" height=\"540\" data-id=\"3087\" src=\"https:\/\/www.baler-machines.com\/wp-content\/uploads\/2023\/03\/motor.webp\" alt=\"Motor\" class=\"wp-image-3087\" title=\"\"><figcaption class=\"wp-element-caption\">Motor<\/figcaption><\/figure> <\/figure>    <ol class=\"wp-block-list\"> <li>Vollautomatische Steuerung, einfach zu bedienen und einfach zu bedienen.<\/li>    <li>Hochwertiger Motor, der gen\u00fcgend Leistung f\u00fcr den Betrieb der Maschine liefern kann.<\/li>    <li>Hochleistungs-Hydraulikzylinder, der beim Pressen des Materials einen guten Schub bietet.<\/li>    <li>Gute Maschinenkonfiguration, tolle Leistung und hervorragende Nutzungswirkung.<\/li>    <li>Ma\u00dfgeschneiderter Service. Wir k\u00f6nnen die Reifenpressmaschine gem\u00e4\u00df den Bed\u00fcrfnissen des Kunden anpassen und die Presse speziell f\u00fcr Sie herstellen.<\/li> <\/ol>    <h2 class=\"wp-block-heading\"><strong>Arbeitsszenen der vollautomatischen Reifenballenpresse Shuliy<\/strong><\/h2>    <figure class=\"wp-block-gallery aligncenter has-nested-images columns-default is-cropped wp-block-gallery-3 is-layout-flex wp-block-gallery-is-layout-flex\"> <figure class=\"wp-block-image size-large\"><img loading=\"lazy\" decoding=\"async\" width=\"720\" height=\"540\" data-id=\"3075\" src=\"https:\/\/www.baler-machines.com\/wp-content\/uploads\/2023\/03\/automatic-tyre-baler-machine.webp\" alt=\"automatische Reifenpressmaschine\" class=\"wp-image-3075\" title=\"\"><figcaption class=\"wp-element-caption\">Automatische Reifenballenpresse<\/figcaption><\/figure>    <figure class=\"wp-block-image size-full\"><img loading=\"lazy\" decoding=\"async\" width=\"720\" height=\"540\" data-id=\"3079\" src=\"https:\/\/www.baler-machines.com\/wp-content\/uploads\/2023\/03\/waste-tyre-baling-machine.webp\" alt=\"Reifenballemaschine\" class=\"wp-image-3079\" title=\"\"><figcaption class=\"wp-element-caption\">Altreifen-Ballenpresse<\/figcaption><\/figure> <\/figure>    <figure class=\"wp-block-gallery aligncenter has-nested-images columns-default is-cropped wp-block-gallery-4 is-layout-flex wp-block-gallery-is-layout-flex\"> <figure class=\"wp-block-image size-full\"><img loading=\"lazy\" decoding=\"async\" width=\"720\" height=\"540\" data-id=\"3076\" src=\"https:\/\/www.baler-machines.com\/wp-content\/uploads\/2023\/03\/horizontal-waste-tire-baler-machine.webp\" alt=\"Horizontale Abfallreifenpressmaschine\" class=\"wp-image-3076\" title=\"\"><figcaption class=\"wp-element-caption\">Horizontale Altreifen-Ballenpresse<\/figcaption><\/figure>    <figure class=\"wp-block-image size-full\"><img loading=\"lazy\" decoding=\"async\" width=\"720\" height=\"540\" data-id=\"3078\" src=\"https:\/\/www.baler-machines.com\/wp-content\/uploads\/2023\/03\/tire-baling-machine-for-sale.webp\" alt=\"Reifenpressmaschine zu verkaufen\" class=\"wp-image-3078\" title=\"\"><figcaption class=\"wp-element-caption\">Reifenballenpresse zu verkaufen<\/figcaption><\/figure> <\/figure>    <p class=\"translation-block\">Das obige Bild zeigt unsere <a href=\"https:\/\/www.baler-machines.com\/de\/horizontal-waste-paper-baling-machine\/\" target=\"_blank\" rel=\"noreferrer noopener\">vollautomatische horizontale Presse<\/a> in Aktion. Beim Pressen von Reifen kann sie autonom \u00fcber das F\u00f6rderband zum Einlass transportiert werden, und dann wird die Maschine das Pressen autonom durchf\u00fchren. Unsere Pressmaschine kann die Pressarbeit von Abfallreifen sehr gut durchf\u00fchren.<\/p>    <h2 class=\"wp-block-heading\"><strong>Wie w\u00e4hlt man eine geeignete Reifenballenpresse aus?<\/strong><\/h2>    <p>Als professioneller Hersteller und Lieferant von hydraulischen Ballenpressen verf\u00fcgen wir \u00fcber jahrzehntelange Produktions- und Vertriebserfahrung im Export. Die folgenden Punkte sind zu Ihrer Information zusammengefasst.<\/p>    <figure class=\"wp-block-gallery aligncenter has-nested-images columns-default is-cropped wp-block-gallery-5 is-layout-flex wp-block-gallery-is-layout-flex\"> <figure class=\"wp-block-image size-full\"><img loading=\"lazy\" decoding=\"async\" width=\"720\" height=\"540\" data-id=\"4188\" src=\"https:\/\/www.baler-machines.com\/wp-content\/uploads\/2025\/05\/shuliy-tire-baling-machine.webp\" alt=\"Shuliy Reifenpressmaschine\" class=\"wp-image-4188\" title=\"\" srcset=\"https:\/\/www.baler-machines.com\/wp-content\/uploads\/2025\/05\/shuliy-tire-baling-machine.webp 720w, https:\/\/www.baler-machines.com\/wp-content\/uploads\/2025\/05\/shuliy-tire-baling-machine-16x12.webp 16w\" sizes=\"auto, (max-width: 720px) 100vw, 720px\" \/><figcaption class=\"wp-element-caption\">Shuliy Reifenb\u00fcndelmaschine<\/figcaption><\/figure>    <figure class=\"wp-block-image size-full\"><img loading=\"lazy\" decoding=\"async\" width=\"616\" height=\"540\" data-id=\"4315\" src=\"https:\/\/www.baler-machines.com\/wp-content\/uploads\/2023\/03\/horizontal-tire-baler.webp\" alt=\"horizontal tire baler\" class=\"wp-image-4315\" title=\"\" srcset=\"https:\/\/www.baler-machines.com\/wp-content\/uploads\/2023\/03\/horizontal-tire-baler.webp 616w, https:\/\/www.baler-machines.com\/wp-content\/uploads\/2023\/03\/horizontal-tire-baler-14x12.webp 14w\" sizes=\"auto, (max-width: 616px) 100vw, 616px\" \/><figcaption class=\"wp-element-caption\">Horizontaler Reifenb\u00fcndler<\/figcaption><\/figure> <\/figure>    <div class=\"wp-block-columns is-layout-flex wp-container-core-columns-is-layout-9d6595d7 wp-block-columns-is-layout-flex\"> <div class=\"wp-block-column is-layout-flow wp-block-column-is-layout-flow\"> <p class=\"translation-block\"><strong>Bestimmen Sie den Typ der Reifenpressmaschine<\/strong><\/p> <\/div>    <div class=\"wp-block-column is-layout-flow wp-block-column-is-layout-flow\"> <p class=\"translation-block\"><strong>Vertrauensw\u00fcrdiger Hersteller von Reifenpressmaschinen<\/strong><\/p> <\/div> <\/div>    <div class=\"wp-block-columns is-layout-flex wp-container-core-columns-is-layout-9d6595d7 wp-block-columns-is-layout-flex\"> <div class=\"wp-block-column is-layout-flow wp-block-column-is-layout-flow\"> <p class=\"translation-block\"><strong>W\u00e4hlen Sie, ob es sich um eine halbautomatische oder vollautomatische Presse handelt<\/strong><\/p> <\/div>    <div class=\"wp-block-column is-layout-flow wp-block-column-is-layout-flow\"> <p class=\"translation-block\"><strong>Guter After-Sales-Service<\/strong><\/p> <\/div> <\/div>    <h2 class=\"wp-block-heading\"><strong>Videos der hydraulischen vertikalen\/horizontalen Ballenpresse f\u00fcr Altreifen<\/strong><\/h2>    <figure class=\"wp-block-embed is-type-video is-provider-youtube wp-block-embed-youtube wp-embed-aspect-16-9 wp-has-aspect-ratio\"><div class=\"wp-block-embed__wrapper\"> <iframe loading=\"lazy\" title=\"2023 Horizontale Altreifen-Ballenpresse \u2013 vollautomatische hydraulische Ballenpresse f\u00fcr #-Gummireifen\" width=\"500\" height=\"281\" src=\"https:\/\/www.youtube.com\/embed\/uMhgPXa9fMc?feature=oembed\" frameborder=\"0\" allow=\"accelerometer; autoplay; clipboard-write; encrypted-media; gyroscope; picture-in-picture; web-share\" referrerpolicy=\"strict-origin-when-cross-origin\" allowfullscreen><\/iframe> <\/div><\/figure>    <figure class=\"wp-block-embed is-type-video is-provider-youtube wp-block-embed-youtube wp-embed-aspect-16-9 wp-has-aspect-ratio\"><div class=\"wp-block-embed__wrapper\"> <iframe loading=\"lazy\" title=\"Hydraulische vertikale Ballenpresse f\u00fcr Pkw-Reifen, Lkw-Reifen, Gummireifen usw. #recyclingbusiness\" width=\"500\" height=\"281\" src=\"https:\/\/www.youtube.com\/embed\/R5UJdLGn14A?start=4&#038;feature=oembed\" frameborder=\"0\" allow=\"accelerometer; autoplay; clipboard-write; encrypted-media; gyroscope; picture-in-picture; web-share\" referrerpolicy=\"strict-origin-when-cross-origin\" allowfullscreen><\/iframe> <\/div><\/figure>","protected":false},"excerpt":{"rendered":"<p>The waste tyre\/tire baler is a hydraulic baling press, which is suitable to bale rubber, truck tyre, car tyre, and other similar materials for recycling. For owners in the automotive industry, waste tires are generated at any time. Using a hydraulic baling press for waste tires allows for neat stacking of tires and also greatly [&hellip;]<\/p>\n","protected":false},"author":1,"featured_media":3091,"parent":0,"template":"","tags":[570,604],"product-type":[563],"class_list":["post-3071","product","type-product","status-publish","has-post-thumbnail","hentry","tag-hydraulic-baling-press","tag-tire-baler","product-type-baler-machine"],"_links":{"self":[{"href":"https:\/\/www.baler-machines.com\/de\/wp-json\/wp\/v2\/product\/3071","targetHints":{"allow":["GET"]}}],"collection":[{"href":"https:\/\/www.baler-machines.com\/de\/wp-json\/wp\/v2\/product"}],"about":[{"href":"https:\/\/www.baler-machines.com\/de\/wp-json\/wp\/v2\/types\/product"}],"author":[{"embeddable":true,"href":"https:\/\/www.baler-machines.com\/de\/wp-json\/wp\/v2\/users\/1"}],"wp:featuredmedia":[{"embeddable":true,"href":"https:\/\/www.baler-machines.com\/de\/wp-json\/wp\/v2\/media\/3091"}],"wp:attachment":[{"href":"https:\/\/www.baler-machines.com\/de\/wp-json\/wp\/v2\/media?parent=3071"}],"wp:term":[{"taxonomy":"post_tag","embeddable":true,"href":"https:\/\/www.baler-machines.com\/de\/wp-json\/wp\/v2\/tags?post=3071"},{"taxonomy":"product-type","embeddable":true,"href":"https:\/\/www.baler-machines.com\/de\/wp-json\/wp\/v2\/product-type?post=3071"}],"curies":[{"name":"wp","href":"https:\/\/api.w.org\/{rel}","templated":true}]}}