{"id":3044,"date":"2023-02-28T17:00:27","date_gmt":"2023-02-28T09:00:27","guid":{"rendered":"https:\/\/www.baler-machines.com\/?post_type=product&#038;p=3044"},"modified":"2023-03-01T10:48:52","modified_gmt":"2023-03-01T02:48:52","slug":"sawdust-baler-for-sale","status":"publish","type":"product","link":"https:\/\/www.baler-machines.com\/de\/sawdust-baler-for-sale\/","title":{"rendered":"Vollautomatische S\u00e4gemehlballenpresse zu verkaufen"},"content":{"rendered":"<p class=\"translation-block\">Diese S\u00e4gemehlballenpresse geh\u00f6rt eigentlich zu einer Art <a href=\"https:\/\/www.baler-machines.com\/de\/automatic-horizontal-baler\/\" target=\"_blank\" rel=\"noreferrer noopener\">horizontalen Pressballenpresse<\/a>, die speziell f\u00fcr das Verdichten und Verpacken von S\u00e4gemehl und anderen Holzabf\u00e4llen verwendet wird. Der Hauptzweck ist die Erleichterung des Transports und der Lagerung.<\/p>    <figure class=\"wp-block-gallery aligncenter has-nested-images columns-default is-cropped wp-block-gallery-2 is-layout-flex wp-block-gallery-is-layout-flex\"> <figure class=\"wp-block-image size-full\"><img loading=\"lazy\" decoding=\"async\" width=\"320\" height=\"250\" data-id=\"3047\" src=\"https:\/\/www.baler-machines.com\/wp-content\/uploads\/2023\/02\/sawdust.webp\" alt=\"S\u00e4gemehl\" class=\"wp-image-3047\" title=\"\"><figcaption class=\"wp-element-caption\">S\u00e4gemehl<\/figcaption><\/figure>    <figure class=\"wp-block-image size-full\"><img loading=\"lazy\" decoding=\"async\" width=\"320\" height=\"250\" data-id=\"3049\" src=\"https:\/\/www.baler-machines.com\/wp-content\/uploads\/2023\/02\/sawdust-bale.webp\" alt=\"S\u00e4gemehlballen-1\" class=\"wp-image-3049\" title=\"\"><figcaption class=\"wp-element-caption\">S\u00e4gemehlballen-1<\/figcaption><\/figure>    <figure class=\"wp-block-image size-full\"><img loading=\"lazy\" decoding=\"async\" width=\"320\" height=\"250\" data-id=\"3048\" src=\"https:\/\/www.baler-machines.com\/wp-content\/uploads\/2023\/02\/sawdust-bale-.webp\" alt=\"S\u00e4gemehlballen-2\" class=\"wp-image-3048\" title=\"\"><figcaption class=\"wp-element-caption\">S\u00e4gemehlballen-2<\/figcaption><\/figure> <\/figure>    <p>F\u00fcr Investoren kann die Investition in eine hydraulische S\u00e4gemehlpresse den Kunden dabei helfen, die Integration von Ressourcen und eine rationelle Planung zu maximieren.<\/p>    <h2 class=\"wp-block-heading\"><strong>Welche Materialien k\u00f6nnen mit der Shuliy-S\u00e4gemehlballenpresse gepresst werden?<\/strong><\/h2>    <p class=\"translation-block\">Im Allgemeinen k\u00f6nnen <a href=\"https:\/\/en.wikipedia.org\/wiki\/Sawdust\" target=\"_blank\" rel=\"noreferrer noopener\">S\u00e4gemehl<\/a>, Holzsp\u00e4ne, Hackschnitzel, Holzabf\u00e4lle usw. verdichtet und zu Ballen gepresst werden.<\/p>    <figure class=\"wp-block-gallery aligncenter has-nested-images columns-default is-cropped wp-block-gallery-3 is-layout-flex wp-block-gallery-is-layout-flex\"> <figure class=\"wp-block-image size-large\"><img loading=\"lazy\" decoding=\"async\" width=\"720\" height=\"500\" data-id=\"2667\" src=\"https:\/\/www.baler-machines.com\/wp-content\/uploads\/2022\/08\/applications-of-the-hydraulic-vertical-baler.webp\" alt=\"Anwendungen der hydraulischen Vertikalballenpresse\" class=\"wp-image-2667\" title=\"\"><figcaption class=\"wp-element-caption\">Anwendungen der hydraulischen Vertikalballenpresse<\/figcaption><\/figure>    <figure class=\"wp-block-image size-large\"><img loading=\"lazy\" decoding=\"async\" width=\"540\" height=\"540\" data-id=\"2625\" src=\"https:\/\/www.baler-machines.com\/wp-content\/uploads\/2022\/08\/waste-paper-baling-machine-applications.webp\" alt=\"Anwendungen f\u00fcr Altpapierballenpressen\" class=\"wp-image-2625\" title=\"\"><figcaption class=\"wp-element-caption\">Anwendungen von Altpapierballenpressen<\/figcaption><\/figure> <\/figure>    <p class=\"translation-block\">Da diese S\u00e4gemehlballenpresse zu einer Art <a href=\"https:\/\/www.baler-machines.com\/de\/baler-machine\/\" target=\"_blank\" rel=\"noreferrer noopener\">hydraulischer Ballenpresse<\/a> geh\u00f6rt, sind auch die Materialien, die mit einer hydraulischen Ballenpresse gepresst werden k\u00f6nnen, f\u00fcr diese Maschine anwendbar, wie z. B. Reifen, PET-Plastikflaschen, Altkleider, Altpapierkartons, Altpapier usw.<\/p>    <h2 class=\"wp-block-heading\"><strong>Warum Holzschnitzel recyceln? \u2013 Anwendungen von S\u00e4gemehl  <\/strong><\/h2>    <ol class=\"wp-block-list\"> <li>S\u00e4gemehl wird durch hohe Temperatur und hohen Druck in einer Stangenherstellungsmaschine zu halbfertigen Rohstoffen aus mechanischer Holzkohle verarbeitet. Dies ist ein ideales Produkt mit geringer Investition und schneller Wirkung.<\/li>    <li>Holzs\u00e4gemehl kann auch als Brennstoff f\u00fcr ger\u00e4uchertes Essen verwendet werden.<\/li>    <li>S\u00e4gemehl kann als Wickelsubstrat f\u00fcr Hochpressungen von Azaleen, Kumquats, Kamelien, Osmanthus und anderen bl\u00fchenden B\u00e4umen verwendet werden. Das Material ist umfassend in der Ern\u00e4hrung, locker in der Textur, Wasserspeicherung und Luftdurchl\u00e4ssigkeit sowie sauber und hygienisch.<\/li> <\/ol>    <h2 class=\"wp-block-heading\"><strong>Wie w\u00e4hlt man einen zuverl\u00e4ssigen Hersteller und Lieferanten von S\u00e4gemehlballenpressen aus?<\/strong><\/h2>    <p>Da es sich um eine Recyclingmaschine handelt, sind verschiedene Hersteller und Anbieter der S\u00e4gemehl-Brikettpresse auf dem Markt. Wie findet man unter so vielen Herstellern den passendsten? Nach unseren Erfahrungen werden beim Kauf der S\u00e4gemehlballenpresse folgende Empfehlungen gegeben.<\/p>    <p>Die Technologie des Herstellers und Lieferanten von S\u00e4gemehlbrikettpressen<\/p>    <p>Kundendienst f\u00fcr Hersteller und Lieferanten von S\u00e4gemehlballenpressen<\/p>    <p>Exporterfahrung mit einer zum Verkauf stehenden Holz-S\u00e4gemehl-Ballenpresse<\/p>    <figure class=\"wp-block-gallery aligncenter has-nested-images columns-default is-cropped wp-block-gallery-4 is-layout-flex wp-block-gallery-is-layout-flex\"> <figure class=\"wp-block-image size-large\"><img loading=\"lazy\" decoding=\"async\" width=\"720\" height=\"540\" data-id=\"3052\" src=\"https:\/\/www.baler-machines.com\/wp-content\/uploads\/2023\/02\/automatic-baling-press-for-export.webp\" alt=\"Automatische Pressmaschine f\u00fcr den Export\" class=\"wp-image-3052\" title=\"\"><figcaption class=\"wp-element-caption\">Automatische Ballenpresse f\u00fcr den Export<\/figcaption><\/figure>    <figure class=\"wp-block-image size-large\"><img loading=\"lazy\" decoding=\"async\" width=\"720\" height=\"540\" data-id=\"3053\" src=\"https:\/\/www.baler-machines.com\/wp-content\/uploads\/2023\/02\/horizontal-baling-press-loading.webp\" alt=\"Horizontale Pressmaschine f\u00fcr die Beladung\" class=\"wp-image-3053\" title=\"\"><figcaption class=\"wp-element-caption\">Beladung der horizontalen Ballenpresse<\/figcaption><\/figure> <\/figure>    <h2 class=\"wp-block-heading\"><strong>Videos der horizontalen S\u00e4gemehlverdichtungsmaschine zum Verkauf<\/strong><\/h2>    <figure class=\"wp-block-embed is-type-video is-provider-youtube wp-block-embed-youtube wp-embed-aspect-16-9 wp-has-aspect-ratio\"><div class=\"wp-block-embed__wrapper\"> <iframe loading=\"lazy\" title=\"2023 Hydraulische S\u00e4gemehlpresse \u2013 Holzsp\u00e4ne-\/S\u00e4gemehlballenpresse zum besten Preis in China\" width=\"500\" height=\"281\" src=\"https:\/\/www.youtube.com\/embed\/97yv1wZ274M?feature=oembed\" frameborder=\"0\" allow=\"accelerometer; autoplay; clipboard-write; encrypted-media; gyroscope; picture-in-picture; web-share\" referrerpolicy=\"strict-origin-when-cross-origin\" allowfullscreen><\/iframe> <\/div><\/figure>    <figure class=\"wp-block-embed is-type-video is-provider-youtube wp-block-embed-youtube wp-embed-aspect-16-9 wp-has-aspect-ratio\"><div class=\"wp-block-embed__wrapper\"> <iframe loading=\"lazy\" title=\"Multifunktionale vertikale Ballenpresse f\u00fcr S\u00e4gemehl | Industrielle Ballenpressen von Shuliy Machinery#shorts\" width=\"500\" height=\"281\" src=\"https:\/\/www.youtube.com\/embed\/tIpD5S7gwKk?feature=oembed\" frameborder=\"0\" allow=\"accelerometer; autoplay; clipboard-write; encrypted-media; gyroscope; picture-in-picture; web-share\" referrerpolicy=\"strict-origin-when-cross-origin\" allowfullscreen><\/iframe> <\/div><\/figure>    <p> <\/p>","protected":false},"excerpt":{"rendered":"<p>This sawdust baler actually belongs to a kind of horizontal press baler, which is specially used for compressing and baling sawdust and other wood waste. The main purpose is to facilitate transportation and storage. For investors, investing in a hydraulic sawdust press can help customers to maximize the integration of resources and rational planning. What [&hellip;]<\/p>\n","protected":false},"author":1,"featured_media":3046,"parent":0,"template":"","tags":[602],"product-type":[563],"class_list":["post-3044","product","type-product","status-publish","has-post-thumbnail","hentry","tag-sawdust-baler","product-type-baler-machine"],"_links":{"self":[{"href":"https:\/\/www.baler-machines.com\/de\/wp-json\/wp\/v2\/product\/3044","targetHints":{"allow":["GET"]}}],"collection":[{"href":"https:\/\/www.baler-machines.com\/de\/wp-json\/wp\/v2\/product"}],"about":[{"href":"https:\/\/www.baler-machines.com\/de\/wp-json\/wp\/v2\/types\/product"}],"author":[{"embeddable":true,"href":"https:\/\/www.baler-machines.com\/de\/wp-json\/wp\/v2\/users\/1"}],"wp:featuredmedia":[{"embeddable":true,"href":"https:\/\/www.baler-machines.com\/de\/wp-json\/wp\/v2\/media\/3046"}],"wp:attachment":[{"href":"https:\/\/www.baler-machines.com\/de\/wp-json\/wp\/v2\/media?parent=3044"}],"wp:term":[{"taxonomy":"post_tag","embeddable":true,"href":"https:\/\/www.baler-machines.com\/de\/wp-json\/wp\/v2\/tags?post=3044"},{"taxonomy":"product-type","embeddable":true,"href":"https:\/\/www.baler-machines.com\/de\/wp-json\/wp\/v2\/product-type?post=3044"}],"curies":[{"name":"wp","href":"https:\/\/api.w.org\/{rel}","templated":true}]}}