{"id":299,"date":"2019-12-11T07:28:45","date_gmt":"2019-12-11T07:28:45","guid":{"rendered":"https:\/\/www.baler-machines.com\/?p=299"},"modified":"2025-07-18T18:31:03","modified_gmt":"2025-07-18T10:31:03","slug":"horizontal-metal-baler","status":"publish","type":"product","link":"https:\/\/www.baler-machines.com\/de\/horizontal-metal-baler\/","title":{"rendered":"Hydraulische Altmetallballenpresse f\u00fcr Abfallballenpresse"},"content":{"rendered":"<p class=\"translation-block\">Die horizontale <strong>Schrottmetallballenpresse<\/strong> (auch bekannt als Eisenballenpresse, Dosenballenpresse, Stahlschrottballenpresse und Aluminiumdosenballenpresse) wird haupts\u00e4chlich verwendet, um verschiedene Metallschrotte, Stahlsp\u00e4ne, Stahlschrott, Aluminiumschrott, Kupferschrott usw. zu dichten Schrottmetallballen f\u00fcr das Recycling und zur Gewinnerzielung zu verdichten.<\/p>    <p>Die Form des Endprodukts kann zylindrisch, rechteckig, w\u00fcrfelf\u00f6rmig, sechseckig und andere prismatische Formen haben. Die Blockgr\u00f6\u00dfen sind vielf\u00e4ltig, z. B. 30*30 cm, 35*35 cm, 40*40 cm usw.<\/p>    <p>Dieser Metallverdichter kann entweder den Elektromotor oder einen Dieselmotor als Antrieb verwenden und arbeitet mit dem hydraulischen System. Der hydraulische Druck kann entsprechend den tats\u00e4chlichen Pressanforderungen eines bestimmten Materials angepasst werden.<\/p>    <p>Aufgrund ihrer hohen Effizienz, Anpassbarkeit und geringen Wartung ist unsere Metallpresse in vielen L\u00e4ndern wie Malaysia, Kuwait, den Philippinen, Afghanistan usw. sehr gefragt. Wenn Sie interessiert sind, kontaktieren Sie uns jederzeit!<\/p>    <figure class=\"wp-block-embed is-type-video is-provider-youtube wp-block-embed-youtube wp-embed-aspect-16-9 wp-has-aspect-ratio\"><div class=\"wp-block-embed__wrapper\"> <iframe loading=\"lazy\" title=\"Top 3 hydraulische Altmetall-Ballenpressen \u2013 Hersteller und Lieferant von Shuliy-Metallballenpressen\" width=\"500\" height=\"281\" src=\"https:\/\/www.youtube.com\/embed\/S6Zx6ofeN14?start=27&#038;feature=oembed\" frameborder=\"0\" allow=\"accelerometer; autoplay; clipboard-write; encrypted-media; gyroscope; picture-in-picture; web-share\" referrerpolicy=\"strict-origin-when-cross-origin\" allowfullscreen><\/iframe> <\/div><figcaption class=\"wp-element-caption\">Arbeitsvideo einer hydraulischen Ballenpresse f\u00fcr das Metallrecycling <\/figcaption><\/figure>    <h2 class=\"wp-block-heading\" id=\"h-what-is-a-scrap-metal-baler\"><strong>Was ist eine Schrottballenpresse?<\/strong><\/h2>    <p>Dieser Schrottverdichter kann in gro\u00dfem Umfang in mittelgro\u00dfen und gro\u00dfen Recyclinganlagen f\u00fcr Metallressourcen und in Fabriken zur Herstellung von Metallprodukten eingesetzt werden. <\/p>    <p>Die hydraulische Schrottballenpresse nutzt die Mehrfachst\u00e4rke ihres Hydrauliksystems, um Metallabf\u00e4lle unregelm\u00e4\u00dfiger Form und Gr\u00f6\u00dfe in kompakte S\u00e4ulen zu pressen. Nach dem Ballenpressen lassen sich diese Schrottballen leicht transportieren und in den Beh\u00e4ltern lagern, wodurch viel Platz gespart wird.<\/p>    <figure class=\"wp-block-gallery aligncenter has-nested-images columns-default is-cropped wp-block-gallery-2 is-layout-flex wp-block-gallery-is-layout-flex\"> <figure class=\"wp-block-image size-large\"><img loading=\"lazy\" decoding=\"async\" width=\"720\" height=\"540\" data-id=\"2653\" src=\"https:\/\/www.baler-machines.com\/wp-content\/uploads\/2022\/08\/new-designed-scrap-metal-baler.webp\" alt=\"neu gestalteter Schrottpressen\" class=\"wp-image-2653\" title=\"\"><figcaption class=\"wp-element-caption\">Neu gestaltete Altmetallballenpresse<\/figcaption><\/figure>    <figure class=\"wp-block-image size-large\"><img loading=\"lazy\" decoding=\"async\" width=\"720\" height=\"540\" data-id=\"2651\" src=\"https:\/\/www.baler-machines.com\/wp-content\/uploads\/2022\/08\/industrial-scrap-baler.webp\" alt=\"Industrieschrottpresse\" class=\"wp-image-2651\" title=\"\"><figcaption class=\"wp-element-caption\">Industrielle Schrottballenpresse<\/figcaption><\/figure> <\/figure>    <figure class=\"wp-block-gallery aligncenter has-nested-images columns-default is-cropped wp-block-gallery-3 is-layout-flex wp-block-gallery-is-layout-flex\"> <figure class=\"wp-block-image size-full\"><img loading=\"lazy\" decoding=\"async\" width=\"720\" height=\"540\" data-id=\"2652\" src=\"https:\/\/www.baler-machines.com\/wp-content\/uploads\/2022\/08\/scrap-metal-baler-manufacturer.webp\" alt=\"Hersteller von Schrottpressen\" class=\"wp-image-2652\" title=\"\"><figcaption class=\"wp-element-caption\">Hersteller von Schrottballenpressen<\/figcaption><\/figure>    <figure class=\"wp-block-image size-full\"><img loading=\"lazy\" decoding=\"async\" width=\"720\" height=\"540\" data-id=\"2654\" src=\"https:\/\/www.baler-machines.com\/wp-content\/uploads\/2022\/08\/hydraulic-metal-baler-with-single-cylinder.webp\" alt=\"Hydraulische Metallpresse mit einem Zylinder\" class=\"wp-image-2654\" title=\"\"><figcaption class=\"wp-element-caption\">Hydraulische Metallballenpresse mit Einzelzylinder<\/figcaption><\/figure> <\/figure>    <h2 class=\"wp-block-heading\" id=\"h-technical-parameters-of-the-hydraulic-metal-baler\"><strong>Technische Parameter der zum Verkauf stehenden Schrottballenpresse<\/strong><\/h2>    <figure class=\"wp-block-table\"><table><tbody><tr><td>Ausstattungsmodell<\/td><td>&nbsp;Druck (Tonne)<\/td><td>Pressbeh\u00e4ltergr\u00f6\u00dfe (mm)<\/td><td>Ballengr\u00f6\u00dfe (cm)<\/td><td>Presszeit (s)&nbsp;<\/td><td>Leistung (kW)<\/td><\/tr><tr><td>SL-Y81-125<\/td><td>125<\/td><td>1200*800*500<\/td><td>30*30<\/td><td>100<\/td><td>15<\/td><\/tr><tr><td>SL-Y81-135<\/td><td>135<\/td><td>1200*1000*600<\/td><td>30*30<\/td><td>110<\/td><td>18.5<\/td><\/tr><tr><td>SL-Y81-160<\/td><td>160<\/td><td>1200*1000*600<\/td><td>35*35<\/td><td>110<\/td><td>18.5<\/td><\/tr><tr><td>SL-Y81-180<\/td><td>180<\/td><td>1600*1200*800<\/td><td>40*40<\/td><td>130<\/td><td>22<\/td><\/tr><tr><td>SL-Y81-200<\/td><td>200<\/td><td>1600*1200*800<\/td><td>50*50<\/td><td>140<\/td><td>22+15<\/td><\/tr><tr><td>SL-Y81-250<\/td><td>250<\/td><td>2000*1750*1000<\/td><td>50*50<\/td><td>150<\/td><td>44<\/td><\/tr><tr><td>SL-Y81-315<\/td><td>315<\/td><td>2500*2000*1200<\/td><td>60*60<\/td><td>160<\/td><td>60<\/td><\/tr><tr><td>SL-Y81-400<\/td><td>100<\/td><td>3000*2500*1200<\/td><td>60*60<\/td><td>170<\/td><td>90<\/td><\/tr><\/tbody><\/table><figcaption class=\"wp-element-caption\">Technische Parameter der Ballenpresse f\u00fcr Metallschrott<\/figcaption><\/figure>    <h2 class=\"wp-block-heading\" id=\"h-what-waste-material-can-be-baled\"><strong>Anwendungen von hydraulischen Schrottpressen<\/strong><\/h2>    <p>Der Schrottpressen-Baler kann verschiedene Abfallmetallprodukte unter normalen Bedingungen pressen. Die Materialien sind:<\/p>    <ul class=\"wp-block-list\"> <li>Eisenmetallschrott <ul class=\"wp-block-list\"> <li>Schrott Eisen und Schrott Stahl<\/li>    <li>Eisenbleche und leichte\/d\u00fcnne Eisenmaterialien<\/li>    <li>Roheisenbl\u00f6cke<\/li>    <li>Autokarosserien und Automobilrahmen<\/li>    <li>Eisenf\u00e4sser und gebrauchte Fahrr\u00e4der<\/li> <\/ul> <\/li>    <li>Nichteisenmetallschrott <ul class=\"wp-block-list\"> <li>Schrottkupferbl\u00f6cke<\/li>    <li>Aluminiumschrottflocken<\/li>    <li>Aluminiumlegierungsprofile<\/li> <\/ul> <\/li>    <li>Farbenbeh\u00e4lter &amp; Aluminiumdosen <ul class=\"wp-block-list\"> <li>Farbeimer<\/li>    <li>Bierdosen und Getr\u00e4nkedosen<\/li>    <li>Blechdosen<\/li> <\/ul> <\/li>    <li>Leichtbaureste <ul class=\"wp-block-list\"> <li>Farbstahlplatten<\/li>    <li>D\u00fcnne Eisenbleche<\/li> <\/ul> <\/li> <\/ul>    <figure class=\"wp-block-gallery aligncenter has-nested-images columns-default is-cropped wp-block-gallery-4 is-layout-flex wp-block-gallery-is-layout-flex\"> <figure class=\"wp-block-image size-full\"><img loading=\"lazy\" decoding=\"async\" width=\"720\" height=\"540\" data-id=\"2657\" src=\"https:\/\/www.baler-machines.com\/wp-content\/uploads\/2022\/08\/matrials-to-be-baled.webp\" alt=\"Materialien zum Pressen\" class=\"wp-image-2657\" title=\"\"><figcaption class=\"wp-element-caption\">Zu pressende Materialien<\/figcaption><\/figure>    <figure class=\"wp-block-image size-full\"><img loading=\"lazy\" decoding=\"async\" width=\"720\" height=\"540\" data-id=\"2656\" src=\"https:\/\/www.baler-machines.com\/wp-content\/uploads\/2022\/08\/final-products.webp\" alt=\"Endprodukte\" class=\"wp-image-2656\" title=\"\"><figcaption class=\"wp-element-caption\">Endprodukte<\/figcaption><\/figure> <\/figure>    <p class=\"translation-block\">Die Schrottmetallballenpresse eignet sich f\u00fcr verschiedene gro\u00dfe, mittlere und kleine Stahlwerke, die Abfallmetall-Recyclingindustrie und die Nichteisenmetall-Schmelzindustrie. Die endg\u00fcltige Produktform kann <strong>W\u00fcrfel, Zylinder, Achtecke, Rechtecke, Sechsecke<\/strong> usw. sein.<\/p>    <figure class=\"wp-block-gallery aligncenter has-nested-images columns-default is-cropped wp-block-gallery-5 is-layout-flex wp-block-gallery-is-layout-flex\"> <figure class=\"wp-block-image size-large\"><img loading=\"lazy\" decoding=\"async\" width=\"540\" height=\"540\" data-id=\"365\" src=\"https:\/\/www.baler-machines.com\/wp-content\/uploads\/2019\/12\/baled-steel-plates.jpg\" alt=\"gepresste Stahlplatten\" class=\"wp-image-365\" title=\"\"><figcaption class=\"wp-element-caption\">Ballenf\u00f6rmige Stahlplatten<\/figcaption><\/figure>    <figure class=\"wp-block-image size-large\"><img loading=\"lazy\" decoding=\"async\" width=\"540\" height=\"540\" data-id=\"372\" src=\"https:\/\/www.baler-machines.com\/wp-content\/uploads\/2019\/12\/waste-metal-baling-with-eight-prism-shape.jpg\" alt=\"Ballenpressen aus Altmetall mit Acht-Prismen-Form\" class=\"wp-image-372\" title=\"\"><figcaption class=\"wp-element-caption\">Ballenpressen von Altmetall mit Acht-Prisma-Form<\/figcaption><\/figure>    <figure class=\"wp-block-image size-large\"><img loading=\"lazy\" decoding=\"async\" width=\"540\" height=\"540\" data-id=\"364\" src=\"https:\/\/www.baler-machines.com\/wp-content\/uploads\/2019\/12\/baled-aluminum-sheets-briquettes.jpg\" alt=\"gepresste Aluminiumbriquettes\" class=\"wp-image-364\" title=\"\"><figcaption class=\"wp-element-caption\">Ballenf\u00f6rmige Briketts aus Aluminiumblechen<\/figcaption><\/figure> <\/figure>    <h2 class=\"wp-block-heading\" id=\"h-advantages-of-the-hydraulic-scrap-metal-baler\"><strong>Vorteile der hydraulischen Altmetallballenpresse<\/strong><\/h2>    <ol class=\"wp-block-list\"> <li>Tolles Design der Altmetall-Ballenpresse, platzsparend und bequemer f\u00fcr den Transport.<\/li>    <li>Der nach dem Pressen entstandene Metallschrott ist dichter und kann zu einem h\u00f6heren Preis verkauft werden.<\/li>    <li>Unsere Metallschrott-Ballenpresse kann f\u00fcr Schrott verwendet werden, wodurch wiederum Einnahmen f\u00fcr die Fabrik erzielt werden k\u00f6nnen.<\/li>    <li>Es gibt zwei Arten von Betriebssystemen: eines ist vollautomatisch und das andere ist ein manueller Betrieb (Bedienung erfolgt \u00fcber einen Handhebel).<\/li>    <li>Die Platte kann basierend auf dem Original zur Maschine hinzugef\u00fcgt werden, sodass die Maschine verschlei\u00dffester ist und eine l\u00e4ngere Lebensdauer hat.<\/li>    <li>Sie k\u00f6nnen auch die Klingen hinzuf\u00fcgen, um das Verpacken gro\u00dfer Materialien zu vereinfachen.<\/li> <\/ol>    <h2 class=\"wp-block-heading\" id=\"h-how-does-the-hydraulic-scrap-press-machine-work\"><strong>Wie funktioniert die Ballenpresse f\u00fcr Metallschrott?<\/strong><\/h2>    <p>Metallische Werkstoffe haben die Eigenschaft, sich plastisch zu verformen. Der hydraulische Druck der horizontalen Metallballenpresse kann den Metallmaterialien eine ausreichende \u00e4u\u00dfere Kraft verleihen, die sich zusammenballen und eine dauerhafte Verformung bewirken kann, wodurch ein kompakter, fester Block entsteht. <\/p>    <p class=\"translation-block\">Wenn die <a href=\"https:\/\/www.baler-machines.com\/de\/waste-iron-baler-machine-iron-scraps-baling-machine\/\" target=\"_blank\" rel=\"noreferrer noopener\">hydraulische Schrottpresse<\/a> arbeitet, k\u00f6nnen wir mit dem Greifer die zu verpackenden Materialien in den Kasten der Presse legen. Als n\u00e4chstes \u00f6ffnen wir das Steuerventil des Hydraulikzylinders der Maschine. Die hydraulische Schrottpresse selbst verf\u00fcgt \u00fcber drei aufeinander aufbauende Hydraulikdr\u00fccke, die Metallmaterialien schnell zu S\u00e4ulen komprimieren k\u00f6nnen.<\/p>    <figure class=\"wp-block-gallery has-nested-images columns-default is-cropped wp-block-gallery-6 is-layout-flex wp-block-gallery-is-layout-flex\"> <figure class=\"wp-block-image size-large\"><img loading=\"lazy\" decoding=\"async\" width=\"720\" height=\"540\" data-id=\"370\" src=\"https:\/\/www.baler-machines.com\/wp-content\/uploads\/2019\/12\/customer-using-of-the-hydraulic-metal-baler.jpg\" alt=\"Kundeneinsatz der hydraulischen Metallballenpresse\" class=\"wp-image-370\" title=\"\"><figcaption class=\"wp-element-caption\">Kunden nutzen die hydraulische Metallballenpresse<\/figcaption><\/figure>    <figure class=\"wp-block-image size-large\"><img loading=\"lazy\" decoding=\"async\" width=\"400\" height=\"400\" data-id=\"371\" src=\"https:\/\/www.baler-machines.com\/wp-content\/uploads\/2019\/12\/waste-cans-baling-process.jpg\" alt=\"Ballenpressen von Abfalldosen\" class=\"wp-image-371\" title=\"\"><figcaption class=\"wp-element-caption\">Ballenpressen von Abfalldosen<\/figcaption><\/figure> <\/figure>    <h2 class=\"wp-block-heading\" id=\"h-maintenance-tips-of-the-scrap-metal-baler\"><strong>Wartungstipps f\u00fcr die Altmetallballenpresse<\/strong><\/h2>    <ul class=\"wp-block-list\"> <li>Reinigen Sie den Beh\u00e4lter der Metallballenpresse jede Woche von Abf\u00e4llen oder Schmutz.<\/li>    <li>Reinigen und schmieren Sie einmal im Monat den Schieber, das Mittelmesser und den vorderen Auswerfer.<\/li>    <li>Tragen Sie alle drei Monate Schmiermittel auf alle Lager der Maschine auf.<\/li>    <li>F\u00fcllen Sie das Hydraulik\u00f6l im \u00d6ltank der Metallballenpresse regelm\u00e4\u00dfig alle zwei Jahre nach.<\/li>    <li>Jedes Mal, wenn Sie Hydraulik\u00f6l hinzuf\u00fcgen, sollte es angemessen sein. Denken Sie daran, nicht zu viel hinzuzuf\u00fcgen, um Fehlfunktionen des Mikroschalters aufgrund von \u00d6leinlagerungen zu vermeiden.<\/li> <\/ul>   <div class=\"wp-block-image\"> <figure class=\"aligncenter size-full\"><img loading=\"lazy\" decoding=\"async\" width=\"540\" height=\"540\" src=\"https:\/\/www.baler-machines.com\/wp-content\/uploads\/2019\/12\/commercial-metal-baler.jpg\" alt=\"kommerzielle Metallballenpresse\" class=\"wp-image-177\" title=\"\"><figcaption class=\"wp-element-caption\">kommerzielle Metallballenpresse<\/figcaption><\/figure> <\/div>   <h2 class=\"wp-block-heading\"><strong>Erfolgreiche F\u00e4lle von Schrottballenpressen zum Verkauf auf der ganzen Welt<\/strong><\/h2>    <p class=\"translation-block\"><strong>Erfolgreicher Fall: Die nach Irak exportierte horizontale Metallballenpresse<\/strong><\/p>    <p>Der irakische Kunde verf\u00fcgte \u00fcber eine gro\u00dfe Ansammlung von Metallschrott und wollte dieses Material effizient entsorgen, vorzugsweise so, dass ein sekund\u00e4res Einkommen erzielt werden konnte. Deshalb machte sich dieser Kunde auf die Suche nach einer Metallballenpresse und kontaktierte uns, nachdem er unsere Maschinen gesehen hatte. Nachdem er von unseren Maschinen erfahren hatte, war er sehr zufrieden und hatte das Gef\u00fchl, dass dies die Maschine war, die er wollte. Daher wurde der Vertrag sofort unterzeichnet. Hier ist ein Bild unserer Lieferung zum Hafen.<\/p>    <figure class=\"wp-block-gallery aligncenter has-nested-images columns-default is-cropped wp-block-gallery-7 is-layout-flex wp-block-gallery-is-layout-flex\"> <figure class=\"wp-block-image size-large\"><img loading=\"lazy\" decoding=\"async\" width=\"540\" height=\"540\" data-id=\"368\" src=\"https:\/\/www.baler-machines.com\/wp-content\/uploads\/2019\/12\/large-tonnage-metal-baler-for-shipping.jpg\" alt=\"Gro\u00dftonnage-Metallpresse f\u00fcr den Versand\" class=\"wp-image-368\" title=\"\"><figcaption class=\"wp-element-caption\">Metallballenpresse mit gro\u00dfer Tonnage f\u00fcr den Versand<\/figcaption><\/figure>    <figure class=\"wp-block-image size-large\"><img loading=\"lazy\" decoding=\"async\" width=\"540\" height=\"540\" data-id=\"369\" src=\"https:\/\/www.baler-machines.com\/wp-content\/uploads\/2019\/12\/Shuliy-metal-baling-machine-for-sale.jpg\" alt=\"Shuliy Metallballenpresse zu verkaufen\" class=\"wp-image-369\" title=\"\"><figcaption class=\"wp-element-caption\">Shuliy Metallballenpresse zu verkaufen<\/figcaption><\/figure> <\/figure>    <p class=\"translation-block\"><strong>SL-125 hydraulische Schrottmetallballenpresse nach Afghanistan verkauft<\/strong><\/p>    <p>Unser Metallverdichter wurde erfolgreich an ein gro\u00dfes Altmetallrecyclingunternehmen in Afghanistan verkauft. Aufgrund der hervorragenden Stabilit\u00e4t und Haltbarkeit ist das Unternehmen in der Lage, alle Arten von Altmetall schnell zu verarbeiten. Das Unternehmen hat die Effizienz der Altmetallverarbeitung deutlich verbessert, die Transportkosten gesenkt und die Effektivit\u00e4t der Ressourcenr\u00fcckgewinnung erh\u00f6ht.<\/p>    <figure class=\"wp-block-gallery aligncenter has-nested-images columns-default is-cropped wp-block-gallery-8 is-layout-flex wp-block-gallery-is-layout-flex\"> <figure class=\"wp-block-image size-large\"><img loading=\"lazy\" decoding=\"async\" width=\"720\" height=\"540\" data-id=\"3458\" src=\"https:\/\/www.baler-machines.com\/wp-content\/uploads\/2023\/12\/hydraulic-metal-baler.webp\" alt=\"hydraulische Metallballenpresse\" class=\"wp-image-3458\" title=\"\"><figcaption class=\"wp-element-caption\">Hydraulische Metallballenpresse<\/figcaption><\/figure>    <figure class=\"wp-block-image size-large\"><img loading=\"lazy\" decoding=\"async\" width=\"720\" height=\"540\" data-id=\"3459\" src=\"https:\/\/www.baler-machines.com\/wp-content\/uploads\/2023\/12\/metal-scrap-baler-machine-for-sale.webp\" alt=\"Metallschrottpressmaschine zu verkaufen\" class=\"wp-image-3459\" title=\"\"><figcaption class=\"wp-element-caption\">Metallschrott-Ballenpresse zu verkaufen<\/figcaption><\/figure> <\/figure>    <p class=\"translation-block\"><strong>SL-125 Metallkomprimierer an Malaysia geliefert<\/strong><\/p>    <p>In Malaysia haben wir eine Schrottballenpresse f\u00fcr ein auf Metallrecycling spezialisiertes Unternehmen bereitgestellt. Wir haben die Metallballenpresse mit 15 kW Leistung und einer Ballengr\u00f6\u00dfe von 30*30 cm mit der Seitenschubballenmethode f\u00fcr Malaysia angepasst.<\/p>    <figure class=\"wp-block-gallery aligncenter has-nested-images columns-default is-cropped wp-block-gallery-9 is-layout-flex wp-block-gallery-is-layout-flex\"> <figure class=\"wp-block-image size-large\"><img loading=\"lazy\" decoding=\"async\" width=\"720\" height=\"540\" data-id=\"3461\" src=\"https:\/\/www.baler-machines.com\/wp-content\/uploads\/2023\/12\/iron-scrap-baling-press.webp\" alt=\"Ballenpresse f\u00fcr Eisenschrott\" class=\"wp-image-3461\" title=\"\"><figcaption class=\"wp-element-caption\">Ballenpresse f\u00fcr Eisenschrott<\/figcaption><\/figure>    <figure class=\"wp-block-image size-large\"><img loading=\"lazy\" decoding=\"async\" width=\"720\" height=\"540\" data-id=\"3465\" src=\"https:\/\/www.baler-machines.com\/wp-content\/uploads\/2023\/12\/motor-for-125T-metal-baler.webp\" alt=\"Motor f\u00fcr 125T Metallballenpresse\" class=\"wp-image-3465\" title=\"\"><figcaption class=\"wp-element-caption\">Motor f\u00fcr 125T Metallballenpresse<\/figcaption><\/figure> <\/figure>    <h2 class=\"wp-block-heading\"><strong>Kontaktieren Sie uns f\u00fcr ein Angebot!<\/strong><\/h2>    <p class=\"translation-block\">Interessiert daran, wie schnell Sie <a href=\"https:\/\/en.wikipedia.org\/wiki\/Scrap\" target=\"_blank\" rel=\"noopener\">Schrottmetall<\/a> recyceln k\u00f6nnen? Wenn ja, kontaktieren Sie uns! Wir bieten Ihnen die optimale L\u00f6sung und das beste Angebot entsprechend Ihren Bed\u00fcrfnissen.<\/p>","protected":false},"excerpt":{"rendered":"<p>Der horizontale Metallpressen kann auch als Abfallstahlpresse, Dosenpressmaschine, Abfallstahlpressmaschine und Aluminiumdosenpresse bezeichnet werden. Diese Art von Metallrecyclingger\u00e4t hat sehr breite Anwendungen zum Pressen aller Arten von Metallabf\u00e4llen und anderen festen Abf\u00e4llen mit zylindrischen, rechteckigen, w\u00fcrfelf\u00f6rmigen, sechseckigen und anderen prismatischen Formen.<\/p>","protected":false},"author":1,"featured_media":2665,"parent":0,"template":"","tags":[414,20,408,22,594,21],"product-type":[563],"class_list":["post-299","product","type-product","status-publish","has-post-thumbnail","hentry","tag-baler","tag-horizontal-metal-baler","tag-metal","tag-metal-baling-machine","tag-scrap-metal-baler","tag-waste-metal-baler","product-type-baler-machine"],"_links":{"self":[{"href":"https:\/\/www.baler-machines.com\/de\/wp-json\/wp\/v2\/product\/299","targetHints":{"allow":["GET"]}}],"collection":[{"href":"https:\/\/www.baler-machines.com\/de\/wp-json\/wp\/v2\/product"}],"about":[{"href":"https:\/\/www.baler-machines.com\/de\/wp-json\/wp\/v2\/types\/product"}],"author":[{"embeddable":true,"href":"https:\/\/www.baler-machines.com\/de\/wp-json\/wp\/v2\/users\/1"}],"wp:featuredmedia":[{"embeddable":true,"href":"https:\/\/www.baler-machines.com\/de\/wp-json\/wp\/v2\/media\/2665"}],"wp:attachment":[{"href":"https:\/\/www.baler-machines.com\/de\/wp-json\/wp\/v2\/media?parent=299"}],"wp:term":[{"taxonomy":"post_tag","embeddable":true,"href":"https:\/\/www.baler-machines.com\/de\/wp-json\/wp\/v2\/tags?post=299"},{"taxonomy":"product-type","embeddable":true,"href":"https:\/\/www.baler-machines.com\/de\/wp-json\/wp\/v2\/product-type?post=299"}],"curies":[{"name":"wp","href":"https:\/\/api.w.org\/{rel}","templated":true}]}}