{"id":2971,"date":"2023-02-14T15:15:46","date_gmt":"2023-02-14T07:15:46","guid":{"rendered":"https:\/\/www.baler-machines.com\/?post_type=product&#038;p=2971"},"modified":"2023-02-14T15:55:13","modified_gmt":"2023-02-14T07:55:13","slug":"hydraulic-cardboard-baler-for-sale","status":"publish","type":"product","link":"https:\/\/www.baler-machines.com\/de\/hydraulic-cardboard-baler-for-sale\/","title":{"rendered":"Hydraulische Ballenpresse f\u00fcr Abfallkarton zu verkaufen"},"content":{"rendered":"<p>Die hydraulische Kartonballenpresse ist speziell f\u00fcr Altkarton und Wellpappe geeignet, um quadratische Formen zu erhalten und eine bequeme Lagerung und einen bequemen Transport zu erm\u00f6glichen.<\/p>    <figure class=\"wp-block-gallery aligncenter has-nested-images columns-default is-cropped wp-block-gallery-2 is-layout-flex wp-block-gallery-is-layout-flex\"> <figure class=\"wp-block-image size-full\"><img loading=\"lazy\" decoding=\"async\" width=\"720\" height=\"540\" data-id=\"2986\" src=\"https:\/\/www.baler-machines.com\/wp-content\/uploads\/2023\/02\/hydraulic-cardboard-compactor.webp\" alt=\"hydraulischer Kartonverdichter\" class=\"wp-image-2986\" title=\"\"><figcaption class=\"wp-element-caption\">Hydraulischer Kartonverdichter<\/figcaption><\/figure>    <figure class=\"wp-block-image size-full\"><img loading=\"lazy\" decoding=\"async\" width=\"720\" height=\"540\" data-id=\"2985\" src=\"https:\/\/www.baler-machines.com\/wp-content\/uploads\/2023\/02\/horizontal-cardboard-baling-press.webp\" alt=\"horizontale Kartonballenpresse\" class=\"wp-image-2985\" title=\"\"><figcaption class=\"wp-element-caption\">Horizontale Kartonballenpresse<\/figcaption><\/figure> <\/figure>    <p class=\"translation-block\">Shuliy\u2019s Kartonpresse geh\u00f6rt eigentlich zur <a href=\"https:\/\/www.baler-machines.com\/de\/baler-machine\/\" target=\"_blank\" rel=\"noreferrer noopener\">Hydraulikpresse<\/a>, die h\u00e4ufig in verschiedenen Schrottrecyclingstationen zum Pressen und Recyceln verschiedener Abf\u00e4lle wie Kartons, Pappe, gebrauchte Kleidung, Reifen, Stroh, S\u00e4gemehl usw. verwendet wird. Wenn Sie daran interessiert sind, kontaktieren Sie uns bitte!<\/p>    <h2 class=\"wp-block-heading\"><strong>Warum recyceln und ballen? <a href=\"https:\/\/en.wikipedia.org\/wiki\/Cardboard\" target=\"_blank\" rel=\"noreferrer noopener\">Pappe\/Karton<\/a>?<\/strong><\/h2>    <p>Karton kann zur Lagerung, zum Transport usw. verschiedener Dinge verwendet werden. Doch wenn seine Mission erf\u00fcllt ist, wird der Karton als Abfall entsorgt. In diesem Fall gibt es in der Regel Schrottsammler zum Recycling.<\/p>    <figure class=\"wp-block-gallery aligncenter has-nested-images columns-default is-cropped wp-block-gallery-3 is-layout-flex wp-block-gallery-is-layout-flex\"> <figure class=\"wp-block-image size-full\"><img loading=\"lazy\" decoding=\"async\" width=\"540\" height=\"540\" data-id=\"2941\" src=\"https:\/\/www.baler-machines.com\/wp-content\/uploads\/2023\/01\/waste-cardboard.webp\" alt=\"Altkarton\" class=\"wp-image-2941\" title=\"\"><figcaption class=\"wp-element-caption\">Abfallkarton<\/figcaption><\/figure>    <figure class=\"wp-block-image size-full\"><img loading=\"lazy\" decoding=\"async\" width=\"540\" height=\"540\" data-id=\"2942\" src=\"https:\/\/www.baler-machines.com\/wp-content\/uploads\/2023\/01\/waste-paper.webp\" alt=\"Altpapier\" class=\"wp-image-2942\" title=\"\"><figcaption class=\"wp-element-caption\">Altpapier<\/figcaption><\/figure> <\/figure>    <p>Nach dem Recycling wird der Karton eingelagert oder weiterverkauft. In diesem Fall wird der Einsatz einer Kartonballenpresse zum Verdichten die Effizienz der Lagerung erheblich verbessern. Und bei der n\u00e4chsten Verarbeitung wird die Zeit erheblich verk\u00fcrzt.<\/p>    <h2 class=\"wp-block-heading\"><strong>Kommerzielle Kartonballenpresse zu verkaufen <\/strong><\/h2>    <p>Als professioneller Hersteller und Lieferant von Recyclingger\u00e4ten erfreuen sich unsere hydraulischen Ballenpressen auf dem internationalen Markt gro\u00dfer Beliebtheit. Es gibt zwei Arten von hydraulischen Ballenpressen zum Ballenpressen von Altpapier, Pappe oder \u00e4hnlichen Materialien: vertikale hydraulische Ballenpresse und horizontale hydraulische Ballenpresse.<\/p>    <figure class=\"wp-block-gallery aligncenter has-nested-images columns-default is-cropped wp-block-gallery-4 is-layout-flex wp-block-gallery-is-layout-flex\"> <figure class=\"wp-block-image size-full\"><img loading=\"lazy\" decoding=\"async\" width=\"540\" height=\"720\" data-id=\"2982\" src=\"https:\/\/www.baler-machines.com\/wp-content\/uploads\/2023\/02\/vertical-cardboard-baler-for-sale.webp\" alt=\"vertikaler Kartonpressen zu verkaufen\" class=\"wp-image-2982\" title=\"\"><figcaption class=\"wp-element-caption\">Vertica Kartonballenpresse zu verkaufen<\/figcaption><\/figure>    <figure class=\"wp-block-image size-full\"><img loading=\"lazy\" decoding=\"async\" width=\"540\" height=\"720\" data-id=\"2983\" src=\"https:\/\/www.baler-machines.com\/wp-content\/uploads\/2023\/02\/horizontal-cardboard-baler-machine.webp\" alt=\"Horizontale Pappbaler-Maschine\" class=\"wp-image-2983\" title=\"\"><figcaption class=\"wp-element-caption\">Horizontale Ballenpresse aus Karton<\/figcaption><\/figure> <\/figure>    <p>Vertikalen Kartonpressen zu verkaufen: Sie werden in der Recyclingindustrie f\u00fcr verschiedene Abf\u00e4lle weit verbreitet eingesetzt. <\/p>    <p>Automatische horizontale Ballenpresse aus Pappe: Vollautomatische und halbautomatische horizontale Ballenpressen stehen zur Auswahl.<\/p>    <h2 class=\"wp-block-heading\"><strong>Was kostet die industrielle Kartonagenpresse?<\/strong><\/h2>    <p>Der Preis der Maschine wird von verschiedenen Faktoren beeinflusst. Wie oben erw\u00e4hnt, geh\u00f6rt die Kartonballenpresse zu einer Art hydraulischer Ballenpresse, und es gibt zwei Arten der Abfallkartonballenpresse. W\u00e4hlen Sie eine andere Ballenpresse, der Preis ist nicht derselbe. Hinzu kommt die Gr\u00f6\u00dfe des Kartons, den Sie verpacken m\u00f6chten. Unterschiedliche Gr\u00f6\u00dfen w\u00e4hlen unterschiedliche Maschinenmodelle, der Preis ist nicht der gleiche.<\/p>    <h2 class=\"wp-block-heading\"><strong>Technische Parameter der vertikalen und horizontalen Kartonballenpresse<\/strong><\/h2>    <p class=\"translation-block\"><strong>Vertikale Karton-Ballenmaschine<\/strong><\/p>    <figure class=\"wp-block-table\"><table><tbody><tr><td>Modell<\/td><td>Druck<\/td><td>Motor<\/td><td>Volumen der Innenbox<\/td><td>Endg\u00fcltige Produktgr\u00f6\u00dfe<\/td><td>Kapazit\u00e4t<\/td><td>Gewicht<\/td><\/tr><tr><td>SL-15T<\/td><td>15T<\/td><td>5,5 kW<\/td><td>850*600*1300MM<\/td><td>890*610*500MM<\/td><td>1\u20131,5 t\/h<\/td><td>1T<\/td><\/tr><tr><td>SL-30T<\/td><td>30T<\/td><td>7,5 kW<\/td><td>800*400*1300MM<\/td><td>890*610*500MM<\/td><td>1,5\u20132 t\/h<\/td><td>1,5T<\/td><\/tr><tr><td>SL-60T<\/td><td>60T<\/td><td>7,5 kW<\/td><td>900*600*1300MM<\/td><td>900*610*500MM<\/td><td>2\u20132,5 t\/h<\/td><td>2T<\/td><\/tr><tr><td>SL-80T<\/td><td>80T<\/td><td>7,5 kW<\/td><td>1200*800*1500MM<\/td><td>1200*810*500MM<\/td><td>3\u20133,5 t\/h<\/td><td>3T<\/td><\/tr><tr><td>SL-100T<\/td><td>100T<\/td><td>15KW<\/td><td>1100*900*1500MM<\/td><td>1100*910*500MM<\/td><td>3,5\u20134 t\/h<\/td><td>3,5T<\/td><\/tr><tr><td>SL-120T<\/td><td>120T<\/td><td>18,5 kW<\/td><td>1200*100*1500MM<\/td><td>1200*100*500MM<\/td><td>4-5T\/H<\/td><td>4T<\/td><\/tr><\/tbody><\/table><\/figure>    <p class=\"translation-block\"><strong>Horizontale Kartonverdichtungsmaschine<\/strong><\/p>    <figure class=\"wp-block-table\"><table><tbody><tr><td>Modell<\/td><td>SL-120\/100<\/td><td>SL-180\/160<\/td><td>SL-200<\/td><td>SL-220<\/td><\/tr><tr><td>Druck<\/td><td>28 MPa<\/td><td>28 MPa<\/td><td>31,5 MPa<\/td><td>31,5 MPa<\/td><\/tr><tr><td>Gr\u00f6\u00dfe der Zufuhr\u00f6ffnung<\/td><td>1700*1020mm<\/td><td>2000*1100mm<\/td><td>1100*200mm<\/td><td>1100*2000mm<\/td><\/tr><tr><td>Endg\u00fcltige Produktgr\u00f6\u00dfe<\/td><td>1100*900mm<\/td><td>1100*1300mm<\/td><td>1100*1300*1500mm (einstellbar)<\/td><td>1500*1100*1400mm<\/td><\/tr><tr><td>Endproduktgewicht<\/td><td>1100\u20131550 kg<\/td><td>1100\u20131550 kg<\/td><td>1100\u20131550 kg<\/td><td>1100\u20131550 kg<\/td><\/tr><tr><td>Gesamtmotor<\/td><td>22 kW<\/td><td>43,5 kW<\/td><td>55 kW<\/td><td>62 kW<\/td><\/tr><tr><td>Verpackungsweise<\/td><td>Manuell geh\u00e4rteter Draht 2,8\u20133,2 mm, 3 Leitungen<\/td><td>Automatisch geh\u00e4rteter Draht 2,8\u20133,2 mm, 4 Leitungen<\/td><td>Automatic12#-Draht, 5 Leitungen<\/td><td>Automatischer 12#-Draht mit 5 Leitungen<\/td><\/tr><tr><td>Kontrollsystem<\/td><td>SPS-System<\/td><td>SPS-System<\/td><td>SPS-System<\/td><td>SPS-System<\/td><\/tr><tr><td>Kapazit\u00e4t<\/td><td>7T\/H<\/td><td>10T\/H<\/td><td>12T\/H<\/td><td>14T\/H<\/td><\/tr><tr><td>\u00d6ltyp<\/td><td>46# Hydraulik\u00f6l<\/td><td>46# Hydraulik\u00f6l<\/td><td>46# Hydraulik\u00f6l<\/td><td>46# Hydraulik\u00f6l<\/td><\/tr><tr><td>\u00d6ltank<\/td><td>2000kg<\/td><td>2000kg<\/td><td>2000kg<\/td><td>2000kg<\/td><\/tr><\/tbody><\/table><\/figure>    <h2 class=\"wp-block-heading\"><strong>Arbeitsvideo einer horizontalen Ballenpresse f\u00fcr Altkarton<\/strong><\/h2>    <figure class=\"wp-block-embed is-type-video is-provider-youtube wp-block-embed-youtube wp-embed-aspect-16-9 wp-has-aspect-ratio\"><div class=\"wp-block-embed__wrapper\"> <iframe loading=\"lazy\" title=\"Vollautomatische hydraulische Ballenpresse f\u00fcr Karton \u2013 Horizontale Kartonballenpresse zum Verkauf 2023\" width=\"500\" height=\"281\" src=\"https:\/\/www.youtube.com\/embed\/2cfZYxAvoXg?feature=oembed\" frameborder=\"0\" allow=\"accelerometer; autoplay; clipboard-write; encrypted-media; gyroscope; picture-in-picture; web-share\" referrerpolicy=\"strict-origin-when-cross-origin\" allowfullscreen><\/iframe> <\/div><\/figure>    <figure class=\"wp-block-embed is-type-video is-provider-youtube wp-block-embed-youtube wp-embed-aspect-4-3 wp-has-aspect-ratio\"><div class=\"wp-block-embed__wrapper\"> <iframe loading=\"lazy\" title=\"Vertikale Kartonballenpresse zu verkaufen - Hydraulische Ballenpresse f\u00fcr das Abfallrecycling #cardboard\" width=\"500\" height=\"375\" src=\"https:\/\/www.youtube.com\/embed\/-8v8ocY3hAc?feature=oembed\" frameborder=\"0\" allow=\"accelerometer; autoplay; clipboard-write; encrypted-media; gyroscope; picture-in-picture; web-share\" referrerpolicy=\"strict-origin-when-cross-origin\" allowfullscreen><\/iframe> <\/div><\/figure>","protected":false},"excerpt":{"rendered":"<p>The hydraulic cardboard baler is especially for waste cardboard and corrugated cardboard for the purpose of square shapes and convenient storage and transportation. Shuliy&#8217;s cardboard compactor actually belongs to the hydraulic baler, which is often used in various scrap recycling stations for baling and recycling various wastes, such as cardboard, cartons, used clothes, tires, straw, [&hellip;]<\/p>\n","protected":false},"author":1,"featured_media":2980,"parent":0,"template":"","tags":[600],"product-type":[563],"class_list":["post-2971","product","type-product","status-publish","has-post-thumbnail","hentry","tag-cardboard-baler","product-type-baler-machine"],"_links":{"self":[{"href":"https:\/\/www.baler-machines.com\/de\/wp-json\/wp\/v2\/product\/2971","targetHints":{"allow":["GET"]}}],"collection":[{"href":"https:\/\/www.baler-machines.com\/de\/wp-json\/wp\/v2\/product"}],"about":[{"href":"https:\/\/www.baler-machines.com\/de\/wp-json\/wp\/v2\/types\/product"}],"author":[{"embeddable":true,"href":"https:\/\/www.baler-machines.com\/de\/wp-json\/wp\/v2\/users\/1"}],"wp:featuredmedia":[{"embeddable":true,"href":"https:\/\/www.baler-machines.com\/de\/wp-json\/wp\/v2\/media\/2980"}],"wp:attachment":[{"href":"https:\/\/www.baler-machines.com\/de\/wp-json\/wp\/v2\/media?parent=2971"}],"wp:term":[{"taxonomy":"post_tag","embeddable":true,"href":"https:\/\/www.baler-machines.com\/de\/wp-json\/wp\/v2\/tags?post=2971"},{"taxonomy":"product-type","embeddable":true,"href":"https:\/\/www.baler-machines.com\/de\/wp-json\/wp\/v2\/product-type?post=2971"}],"curies":[{"name":"wp","href":"https:\/\/api.w.org\/{rel}","templated":true}]}}