{"id":291,"date":"2019-12-11T03:13:48","date_gmt":"2019-12-11T03:13:48","guid":{"rendered":"https:\/\/www.baler-machines.com\/?p=291"},"modified":"2024-08-01T18:03:32","modified_gmt":"2024-08-01T10:03:32","slug":"gantry-shear-hydraulic-metal-shearing-machine","status":"publish","type":"product","link":"https:\/\/www.baler-machines.com\/de\/metal-shears-metal-shearing-machine\/","title":{"rendered":"Hydraulische Portalschere zum Metallschneiden"},"content":{"rendered":"<p class=\"translation-block\">Die <strong>Portalschere<\/strong> von Shuliy (hydraulische Metallschermaschine oder Blechschere) wird haupts\u00e4chlich zum Schneiden von gro\u00dfen oder langen Altmetallmaterialien verwendet. Sie kann Altmetall 4-6 Mal pro Minute scheren.<\/p>    <p>Diese Metallschneideschere \u00fcbernimmt den Kaltschnitt und schneidet Metallschrott in 20\u201330 cm gro\u00dfe St\u00fccke. Die Leistung liegt zwischen 2,5 und 30 t pro Stunde. <\/p>    <figure class=\"wp-block-gallery aligncenter has-nested-images columns-default is-cropped wp-block-gallery-2 is-layout-flex wp-block-gallery-is-layout-flex\"> <figure class=\"wp-block-image size-full\"><img loading=\"lazy\" decoding=\"async\" width=\"720\" height=\"540\" data-id=\"2497\" src=\"https:\/\/www.baler-machines.com\/wp-content\/uploads\/2022\/08\/scrap-metal-shear.webp\" alt=\"Schrottschere\" class=\"wp-image-2497\" title=\"\"><figcaption class=\"wp-element-caption\">Schrottschere<\/figcaption><\/figure>    <figure class=\"wp-block-image size-large\"><img loading=\"lazy\" decoding=\"async\" width=\"720\" height=\"540\" data-id=\"2494\" src=\"https:\/\/www.baler-machines.com\/wp-content\/uploads\/2022\/08\/materials-feeder.webp\" alt=\"Materialzuf\u00fchrung\" class=\"wp-image-2494\" title=\"\"><figcaption class=\"wp-element-caption\">Materialzuf\u00fchrung<\/figcaption><\/figure> <\/figure>    <figure class=\"wp-block-gallery aligncenter has-nested-images columns-default is-cropped wp-block-gallery-3 is-layout-flex wp-block-gallery-is-layout-flex\"> <figure class=\"wp-block-image size-large\"><img loading=\"lazy\" decoding=\"async\" width=\"720\" height=\"540\" data-id=\"2495\" src=\"https:\/\/www.baler-machines.com\/wp-content\/uploads\/2022\/08\/gantry-shear.webp\" alt=\"Portalschneider\" class=\"wp-image-2495\" title=\"\"><figcaption class=\"wp-element-caption\">Portalschere<\/figcaption><\/figure>    <figure class=\"wp-block-image size-full\"><img loading=\"lazy\" decoding=\"async\" width=\"720\" height=\"540\" data-id=\"3772\" src=\"https:\/\/www.baler-machines.com\/wp-content\/uploads\/2019\/12\/heavy-duty-metal-shearing-machine-with-conveyor.webp\" alt=\"Hochleistungs-Metallschermaschine mit F\u00f6rderband\" class=\"wp-image-3772\" title=\"\" srcset=\"https:\/\/www.baler-machines.com\/wp-content\/uploads\/2019\/12\/heavy-duty-metal-shearing-machine-with-conveyor.webp 720w, https:\/\/www.baler-machines.com\/wp-content\/uploads\/2019\/12\/heavy-duty-metal-shearing-machine-with-conveyor-16x12.webp 16w\" sizes=\"auto, (max-width: 720px) 100vw, 720px\" \/><figcaption class=\"wp-element-caption\">Hochleistungs-Metallschermaschine mit F\u00f6rderband<\/figcaption><\/figure> <\/figure>    <p> Die hydraulische Metallschere ist immer mit einem F\u00f6rderband zur Zuf\u00fchrung von Schrottmetall ausgestattet. Sie eignet sich f\u00fcr verschiedene Formen von Schrottstahl, Schrott Eisen, marode Benzinf\u00e4sser und verschiedene metallische Bauteile.<\/p>    <p>Dar\u00fcber hinaus kann er gro\u00dfe Mengen Schrott verarbeiten und ist au\u00dferdem sehr umweltfreundlich.<\/p>    <p>Daher wird die Schrottschere h\u00e4ufig in verschiedenen Metallrecycling-Verarbeitungsanlagen, in der Demontage von Altautos, in der Schmelz- und Gussindustrie usw. eingesetzt. Bei Interesse k\u00f6nnen Sie uns gerne f\u00fcr weitere Informationen kontaktieren!<\/p>    <figure class=\"wp-block-embed is-type-video is-provider-youtube wp-block-embed-youtube wp-embed-aspect-16-9 wp-has-aspect-ratio\"><div class=\"wp-block-embed__wrapper\"> <iframe loading=\"lazy\" title=\"Industrielle Portalschere | Hochleistungs-Metallschrottschere | Metallschneidemaschine #metal #shear\" width=\"500\" height=\"281\" src=\"https:\/\/www.youtube.com\/embed\/9a8ZnWGbRG8?feature=oembed\" frameborder=\"0\" allow=\"accelerometer; autoplay; clipboard-write; encrypted-media; gyroscope; picture-in-picture; web-share\" referrerpolicy=\"strict-origin-when-cross-origin\" allowfullscreen><\/iframe> <\/div><figcaption class=\"wp-element-caption\">Video einer Schrottschneidemaschine<\/figcaption><\/figure>    <h2 class=\"wp-block-heading\"><strong>Vorteile der hydraulischen Portalschere<\/strong><\/h2>    <ul class=\"wp-block-list\"> <li>Diese Maschine nutzt hydraulischen Druck f\u00fcr Arbeiten, geringe Ger\u00e4uschentwicklung, stabilen Betrieb und lange Lebensdauer.<\/li>    <li>Die Shuliy-Metallschere verf\u00fcgt \u00fcber eine elektrische Steuerung, die einfach und sicher zu bedienen ist.<\/li>    <li>Die Maschine ist die st\u00e4rkste Scherkraft von Shuliy, die schwere Metallschrotte verarbeiten kann. Auch seine Kapazit\u00e4t ist sehr leistungsstark.<\/li>    <li>Das Unternehmen verf\u00fcgt \u00fcber ein breites Spektrum an Metallschrottverarbeitungsprodukten wie Baubewehrungsstahl und Altautokarosserien. Es hat eine sehr starke Praktikabilit\u00e4t.<\/li>    <li>Es gibt verschiedene Maschinenmodelle und die Leistung reicht von 3 t bis 250 t.<\/li>    <li>Die Gr\u00f6\u00dfe der fertigen Produkte kann eingestellt werden. Im Allgemeinen betr\u00e4gt die Gr\u00f6\u00dfe des fertigen Produkts 20\u201330 cm.<\/li> <\/ul>    <figure class=\"wp-block-gallery has-nested-images columns-default is-cropped wp-block-gallery-4 is-layout-flex wp-block-gallery-is-layout-flex\"> <figure class=\"wp-block-image size-large\"><img loading=\"lazy\" decoding=\"async\" width=\"720\" height=\"540\" data-id=\"3779\" src=\"https:\/\/www.baler-machines.com\/wp-content\/uploads\/2019\/12\/Shuliy-big-metal-cutting-machine.webp\" alt=\"Shuliy gro\u00dfe Metallschneidemaschine\" class=\"wp-image-3779\" title=\"\" srcset=\"https:\/\/www.baler-machines.com\/wp-content\/uploads\/2019\/12\/Shuliy-big-metal-cutting-machine.webp 720w, https:\/\/www.baler-machines.com\/wp-content\/uploads\/2019\/12\/Shuliy-big-metal-cutting-machine-16x12.webp 16w\" sizes=\"auto, (max-width: 720px) 100vw, 720px\" \/><figcaption class=\"wp-element-caption\">Shuliy Gro\u00dfe Metallschneidemaschine<\/figcaption><\/figure>    <figure class=\"wp-block-image size-large\"><img loading=\"lazy\" decoding=\"async\" width=\"720\" height=\"540\" data-id=\"3780\" src=\"https:\/\/www.baler-machines.com\/wp-content\/uploads\/2019\/12\/hydraulic-gantry-shear-machine-for-sale.webp\" alt=\"Hydraulische Portalschermaschine zu verkaufen\" class=\"wp-image-3780\" title=\"\" srcset=\"https:\/\/www.baler-machines.com\/wp-content\/uploads\/2019\/12\/hydraulic-gantry-shear-machine-for-sale.webp 720w, https:\/\/www.baler-machines.com\/wp-content\/uploads\/2019\/12\/hydraulic-gantry-shear-machine-for-sale-16x12.webp 16w\" sizes=\"auto, (max-width: 720px) 100vw, 720px\" \/><figcaption class=\"wp-element-caption\">Hydraulische Portalschere zu verkaufen<\/figcaption><\/figure> <\/figure>    <h2 class=\"wp-block-heading\" id=\"h-technical-parameters-of-the-heavy-duty-metal-shear\"><strong>Technische Parameter der Hochleistungs-Metallschere<\/strong><\/h2>    <figure class=\"wp-block-table\"><table><tbody><tr><td>Modell<\/td><td>SLY-200T<\/td><td>SLY-400T<\/td><td>SLY-600T<\/td><td>SLY-800T<\/td><td>SLY-1000T<\/td><td>SLY-1250T<\/td><\/tr><tr><td>Max. Schnittkraft (t)<\/td><td>200<\/td><td>400<\/td><td>600<\/td><td>800<\/td><td>1000<\/td><td>1250<\/td><\/tr><tr><td>Systemdruck (Mpa)<\/td><td>\u226425<\/td><td>\u226425<\/td><td>\u226425<\/td><td>\u226425<\/td><td>\u226425<\/td><td>\u226425<\/td><\/tr><tr><td>Beh\u00e4ltergr\u00f6\u00dfe (mm)<\/td><td>700*1600*2300<\/td><td>5000*1300*500<\/td><td>5500*1500*700<\/td><td>6000*1700*800<\/td><td>6000*1900*1000<\/td><td>8000*2100*1500<\/td><\/tr><tr><td>Klingenl\u00e4nge (mm)<\/td><td>1200<\/td><td>1400<\/td><td>1600<\/td><td>1800<\/td><td>2000<\/td><td>2200<\/td><\/tr><tr><td>Kapazit\u00e4t (t\/h)<\/td><td>2.5-3<\/td><td>4-5<\/td><td>8-10<\/td><td>15-20<\/td><td>20-25<\/td><td>25-30<\/td><\/tr><tr><td>Scherkraft (mal\/min)<\/td><td>4-6<\/td><td>4-6<\/td><td>4-6<\/td><td>4-6<\/td><td>4-6<\/td><td>4-6<\/td><\/tr><tr><td>Leistung (kW)<\/td><td>2*18.5<\/td><td>2*45<\/td><td>3*45<\/td><td>4*45<\/td><td>5*45<\/td><td>6*45<\/td><\/tr><tr><td>Gewicht (t)<\/td><td>11<\/td><td>19<\/td><td>30<\/td><td>38<\/td><td>60<\/td><td>88<\/td><\/tr><\/tbody><\/table><figcaption class=\"wp-element-caption\">Spezifikationen der vertikalen Portalschere<\/figcaption><\/figure>    <p>Wir haben verschiedene Arten von hydraulischen Metallscheren zum Verkauf, und die Kapazit\u00e4t betr\u00e4gt 2,5-30t pro Stunde. Wenn Sie nach einer L\u00f6sung f\u00fcr das Recycling von Metallabf\u00e4llen suchen, z\u00f6gern Sie bitte nicht, uns zu kontaktieren. Wir werden Ihnen die besten Vorschl\u00e4ge unterbreiten. <\/p>    <p>Wenn Sie beispielsweise Baustahlabf\u00e4lle mit einer Kapazit\u00e4t von 4-10 t pro Stunde zerkleinern m\u00f6chten. Au\u00dferdem ist Ihr Budget ausreichend. Dann ist die Portalschere SLY-800T die beste Wahl f\u00fcr Sie. <\/p>    <p>Wenn Sie eine detaillierte L\u00f6sung w\u00fcnschen, k\u00f6nnen Sie uns jederzeit f\u00fcr weitere Informationen kontaktieren!<\/p>    <h2 class=\"wp-block-heading\" id=\"h-applications-of-the-hydraulic-metal-shear\"><strong>Anwendbare Rohstoffe und Anwendungen der hydraulischen Portalschere<\/strong><\/h2>    <p>Diese Blechschere eignet sich haupts\u00e4chlich zum Schneiden verschiedener Metallschrotte, wie zum Beispiel:<\/p>    <p class=\"translation-block\"><strong>Massives Schrott-Eisen, leichter und d\u00fcnner Schrottstahl, Autowracks, sperrige Leichtmetallkonstruktionen aus Stahl, Produktions- und Haushalts-Schrottstahl, verschiedene nichtmetallische Kunststoffe (Edelstahl, Aluminiumlegierungen, Kupfermaterialien), Bauschrottstahl, gro\u00dfe unregelm\u00e4\u00dfige Stahlkonstruktionen, Stahlrohre, Stahlplatten, Kanalstahl, I-Tr\u00e4ger, Bewehrungsst\u00e4be<\/strong> usw. <\/p>   <div class=\"wp-block-image\"> <figure class=\"aligncenter size-full\"><img loading=\"lazy\" decoding=\"async\" width=\"720\" height=\"540\" src=\"https:\/\/www.baler-machines.com\/wp-content\/uploads\/2022\/08\/wide-applications-of-hydraulic-gantry-shear.webp\" alt=\"breite Anwendungen der hydraulischen Portalschere\" class=\"wp-image-2504\" title=\"\"><figcaption class=\"wp-element-caption\">breite Anwendungen der hydraulischen Portalschere<\/figcaption><\/figure> <\/div>   <p>Nach dem Schneiden ist es f\u00fcr den einfachen Transport geeignet und kann zur Verdichtung in Ofenladung gepresst werden.<\/p>    <p>Die elektrische Metallschere von Shuliy ist die ideale Verarbeitungsausr\u00fcstung f\u00fcr:<\/p>    <ul class=\"wp-block-list\"> <li>Stahlwerke<\/li>    <li>Nichteisenmetall-Schmelzindustrie<\/li>    <li>Pr\u00e4zisionsgussindustrie<\/li>    <li>Rohstoffhersteller<\/li> <\/ul>    <h2 class=\"wp-block-heading\" id=\"h-structure-of-the-heavy-duty-metal-gantry-shear\"><strong>Aufbau der robusten Metallportalschere<\/strong><\/h2>    <p>Diese Maschine besteht aus Beh\u00e4lter, Kopf und Messer.<\/p>    <ul class=\"wp-block-list\"> <li><strong>Bin<\/strong>: Lagern Sie alle Arten von Metallabf\u00e4llen. Manchmal ben\u00f6tigen Sie den Lader zum bequemen und schnellen Laden von Altmetall.<\/li>    <li><strong>Maschinenkopf<\/strong>: ein vertikaler Rahmen mit einem hydraulischen Hebel oben, der beim Arbeiten nach unten gedr\u00fcckt wird.<\/li>    <li><strong>Klinge<\/strong>: ein wichtiges Werkzeug zum Schneiden von Metallschrott.  <ul class=\"wp-block-list\"> <li>Verschiedene Maschinenmodelle haben unterschiedliche Messer. <\/li>    <li>Die Messer geh\u00f6ren zu den Verschlei\u00dfteilen, die mit ein paar S\u00e4tzen mehr ordentlich best\u00fcckt werden k\u00f6nnen.<\/li> <\/ul> <\/li> <\/ul>   <div class=\"wp-block-image\"> <figure class=\"aligncenter size-full\"><img loading=\"lazy\" decoding=\"async\" width=\"720\" height=\"540\" src=\"https:\/\/www.baler-machines.com\/wp-content\/uploads\/2022\/08\/gantry-shear-structure.webp\" alt=\"Portalscherenstruktur\" class=\"wp-image-2493\" title=\"\"><figcaption class=\"wp-element-caption\">Portalscherenstruktur<\/figcaption><\/figure> <\/div>   <h2 class=\"wp-block-heading\" id=\"h-how-does-the-gantry-shear-work\"><strong>Wie funktioniert die Metallschere von Shuliy?<\/strong><\/h2>    <p>Der Arbeitsablauf der Maschine kann als einfach beschrieben werden.<\/p>    <ul class=\"wp-block-list\"> <li>Verwenden Sie zun\u00e4chst die Lademaschine, um das Material zu laden. <ul class=\"wp-block-list\"> <li>Wenn der Metallschrott eine bestimmte Menge erreicht, kann die Beladung gestoppt und die Beh\u00e4ltert\u00fcr geschlossen werden.<\/li> <\/ul> <\/li>    <li>Dann beginnt die Hydraulikstange zu arbeiten.  <ul class=\"wp-block-list\"> <li>An der R\u00fcckseite des Beh\u00e4lters befindet sich ein hydraulischer Hebel, der den Metallschrott nach vorne dr\u00fcckt.<\/li>    <li>F\u00fcr das Anpressen des Materials ist der hydraulische Hebel am Kopf der Maschine zust\u00e4ndig.<\/li> <\/ul> <\/li>    <li>Schlie\u00dflich f\u00e4llt der Fr\u00e4ser herunter, um den Schrott abzuscheren, und der gesamte Vorgang ist abgeschlossen. Wiederholen Sie dann den gesamten Vorgang.<\/li> <\/ul>   <div class=\"wp-block-image is-resized\"> <figure class=\"aligncenter size-full\"><img loading=\"lazy\" decoding=\"async\" width=\"540\" height=\"540\" src=\"https:\/\/www.baler-machines.com\/wp-content\/uploads\/2019\/12\/application-scenes-of-metal-shearing-machine.webp\" alt=\"Anwendungsszenen der Metallschermaschine\" class=\"wp-image-3777\" title=\"\" srcset=\"https:\/\/www.baler-machines.com\/wp-content\/uploads\/2019\/12\/application-scenes-of-metal-shearing-machine.webp 540w, https:\/\/www.baler-machines.com\/wp-content\/uploads\/2019\/12\/application-scenes-of-metal-shearing-machine-12x12.webp 12w\" sizes=\"auto, (max-width: 540px) 100vw, 540px\" \/><figcaption class=\"wp-element-caption\">Anwendungsszenen der Metallschermaschine<\/figcaption><\/figure> <\/div>   <h2 class=\"wp-block-heading\" id=\"h-advanatges-of-shearing-scrap-metal\"><strong>Warum Schrott zum Recycling scheren?<\/strong><\/h2>    <ol class=\"wp-block-list\"> <li><strong>H\u00f6herer Verkaufspreis<\/strong>. Nach dem Schneiden kann es verpackt und leicht transportiert werden. Beim Verkauf ist die Dichte gr\u00f6\u00dfer und der Preis h\u00f6her.<\/li>    <li><strong>Weiterverarbeitung und Verwertung<\/strong>Nach dem Schneiden k\u00f6nnen verschiedene Metallabf\u00e4lle in Metallverarbeitungsanlagen, H\u00fcttenwerke usw. gebracht werden. Dies dient der weiteren Verarbeitung, um mehr Gewinne zu erzielen.<\/li>    <li><strong>Bequemes Recycling von Schrott<\/strong>. Wenn der Abfall nicht geschert wird, ist seine Verarbeitung und Wiederverwertung schwierig. Das Scheren l\u00f6st dieses Problem.<\/li> <\/ol>   <div class=\"wp-block-image is-resized\"> <figure class=\"aligncenter size-full\"><img loading=\"lazy\" decoding=\"async\" width=\"720\" height=\"495\" src=\"https:\/\/www.baler-machines.com\/wp-content\/uploads\/2019\/12\/large-metal-shear-machine-used-in-recycling-plant.webp\" alt=\"Gro\u00dfe Metallschermaschine, die in der Recyclinganlage verwendet wird\" class=\"wp-image-3775\" title=\"\" srcset=\"https:\/\/www.baler-machines.com\/wp-content\/uploads\/2019\/12\/large-metal-shear-machine-used-in-recycling-plant.webp 720w, https:\/\/www.baler-machines.com\/wp-content\/uploads\/2019\/12\/large-metal-shear-machine-used-in-recycling-plant-18x12.webp 18w\" sizes=\"auto, (max-width: 720px) 100vw, 720px\" \/><figcaption class=\"wp-element-caption\">Gro\u00dfe Metallschermaschine, die in der Recyclinganlage verwendet wird<\/figcaption><\/figure> <\/div>   <h2 class=\"wp-block-heading\" id=\"h-precautions-in-operation-and-blade-replacement\"><strong>Vorsichtsma\u00dfnahmen beim Betrieb und beim Klingenwechsel<\/strong><\/h2>    <p class=\"translation-block\">Lesen Sie diesen Artikel f\u00fcr weitere Details: <a href=\"https:\/\/www.baler-machines.com\/de\/how-to-use-and-change-blades-of-scrap-metal-guillotine-shear\/\">Wie man die Klingen einer Schrottmetall-Guillotinenschere benutzt und wechselt<\/a><\/p>   <div class=\"wp-block-image\"> <figure class=\"aligncenter size-full\"><img loading=\"lazy\" decoding=\"async\" width=\"720\" height=\"540\" src=\"https:\/\/www.baler-machines.com\/wp-content\/uploads\/2022\/08\/hydraulic-gantry-shear.webp\" alt=\"Hydraulische Portalschere\" class=\"wp-image-2496\" title=\"\"><figcaption class=\"wp-element-caption\">hydraulische Portalschere<\/figcaption><\/figure> <\/div>   <h2 class=\"wp-block-heading\"><strong>Wie w\u00e4re es mit dem Preis einer Hochleistungs-Portalschere?<\/strong><\/h2>    <p>Der Maschinenpreis ist einer der wichtigsten zu ber\u00fccksichtigenden Faktoren und wird haupts\u00e4chlich von folgenden Faktoren beeinflusst:<\/p>    <ul class=\"wp-block-list\"> <li><strong>Scherkraft und Scherkapazit\u00e4t<\/strong>. Je h\u00f6her die Scherkraft, desto mehr Arten und Gr\u00f6\u00dfen von Metallschrott kann das Ger\u00e4t verarbeiten. Dementsprechend wird der Preis h\u00f6her sein.<\/li>    <li><strong>Hydrauliksystem und Motorleistung<\/strong>. Leistungsst\u00e4rkere Hydrauliksysteme und Motoren sorgen f\u00fcr mehr Scherkraft und einen h\u00f6heren Wirkungsgrad, erh\u00f6hen aber auch die Ausr\u00fcstungskosten.<\/li>    <li><strong>Klingenqualit\u00e4t und Lebensdauer<\/strong>. Die Verwendung von Materialien mit hoher H\u00e4rte und hoher Verschlei\u00dffestigkeit f\u00fcr die Klingen kostet mehr. Es kann jedoch die Lebensdauer der Ger\u00e4te erheblich verl\u00e4ngern und die Wartungskosten senken.<\/li>    <li><strong>Marken- und After-Sales-Service<\/strong>. Die Portalscheren ber\u00fchmter Marken zeichnen sich in der Regel durch garantierte Qualit\u00e4t und einen perfekten Kundendienst aus, sodass der Preis relativ hoch ist.<\/li>    <li><strong>Ma\u00dfgeschneiderte Nachfrage<\/strong>. Wenn Sie die Maschine individuell anpassen m\u00f6chten (z. B. Sondergr\u00f6\u00dfe, zus\u00e4tzliche Funktionen oder verbesserte Haltbarkeit), ist der Preis der Maschine h\u00f6her als beim Standardmodell.<\/li> <\/ul>    <figure class=\"wp-block-gallery has-nested-images columns-default is-cropped wp-block-gallery-5 is-layout-flex wp-block-gallery-is-layout-flex\"> <figure class=\"wp-block-image size-large\"><img loading=\"lazy\" decoding=\"async\" width=\"540\" height=\"720\" data-id=\"3788\" src=\"https:\/\/www.baler-machines.com\/wp-content\/uploads\/2019\/12\/scrap-metal-shear-machine-for-sale.webp\" alt=\"Schrottmetallschermaschine zu verkaufen\" class=\"wp-image-3788\" title=\"\" srcset=\"https:\/\/www.baler-machines.com\/wp-content\/uploads\/2019\/12\/scrap-metal-shear-machine-for-sale.webp 540w, https:\/\/www.baler-machines.com\/wp-content\/uploads\/2019\/12\/scrap-metal-shear-machine-for-sale-9x12.webp 9w\" sizes=\"auto, (max-width: 540px) 100vw, 540px\" \/><figcaption class=\"wp-element-caption\">Schrottschere zu verkaufen<\/figcaption><\/figure>    <figure class=\"wp-block-image size-large\"><img loading=\"lazy\" decoding=\"async\" width=\"540\" height=\"720\" data-id=\"3790\" src=\"https:\/\/www.baler-machines.com\/wp-content\/uploads\/2019\/12\/good-sheet-metal-sheaing-machine.webp\" alt=\"gute Blechschneidemaschine\" class=\"wp-image-3790\" title=\"\" srcset=\"https:\/\/www.baler-machines.com\/wp-content\/uploads\/2019\/12\/good-sheet-metal-sheaing-machine.webp 540w, https:\/\/www.baler-machines.com\/wp-content\/uploads\/2019\/12\/good-sheet-metal-sheaing-machine-9x12.webp 9w\" sizes=\"auto, (max-width: 540px) 100vw, 540px\" \/><figcaption class=\"wp-element-caption\">Gute Blechschneidemaschine<\/figcaption><\/figure> <\/figure>    <h2 class=\"wp-block-heading\"><strong>Erfolgreicher Fall: hydraulische Metallschere zum Verkauf nach Bahrain<\/strong><\/h2>    <p>Im Juli dieses Jahres fragte uns ein Kunde aus Bahrain nach Informationen zu der Schere. Auf seinen Wunsch hin empfahl ihm unser Vertriebsleiter diese Portalschere. <\/p>    <p>Es kann nicht nur eine gro\u00dfe Menge Metallschrott verarbeiten, sondern auch die Scherkraft ist die st\u00e4rkste, die verarbeitet werden kann. Die Maschine ist stabil und kann auch \u00fcber einen langen Zeitraum verwendet werden. <\/p>    <p>Nachdem wir die Maschine verstanden hatten, war dieser bahrainische Kunde sehr zufrieden und wir unterzeichneten einen Vertrag. Wir haben auch dar\u00fcber gesprochen, die Maschine auf dem Seeweg zu ihm zu schicken.<\/p>    <figure class=\"wp-block-gallery has-nested-images columns-default is-cropped wp-block-gallery-6 is-layout-flex wp-block-gallery-is-layout-flex\"> <figure class=\"wp-block-image size-full\"><img loading=\"lazy\" decoding=\"async\" width=\"720\" height=\"540\" data-id=\"3783\" src=\"https:\/\/www.baler-machines.com\/wp-content\/uploads\/2019\/12\/manufacturing-gantry-shearing-machine-in-the-factory.webp\" alt=\"Herstellung von Portalschneidemaschinen in der Fabrik.\" class=\"wp-image-3783\" title=\"\" srcset=\"https:\/\/www.baler-machines.com\/wp-content\/uploads\/2019\/12\/manufacturing-gantry-shearing-machine-in-the-factory.webp 720w, https:\/\/www.baler-machines.com\/wp-content\/uploads\/2019\/12\/manufacturing-gantry-shearing-machine-in-the-factory-16x12.webp 16w\" sizes=\"auto, (max-width: 720px) 100vw, 720px\" \/><figcaption class=\"wp-element-caption\">Herstellung einer Portalschermaschine in der Fabrik<\/figcaption><\/figure>    <figure class=\"wp-block-image size-full\"><img loading=\"lazy\" decoding=\"async\" width=\"720\" height=\"540\" data-id=\"3782\" src=\"https:\/\/www.baler-machines.com\/wp-content\/uploads\/2019\/12\/hydraulic-metal-shear-before-painting.webp\" alt=\"hydraulische Metallschere vor dem Lackieren\" class=\"wp-image-3782\" title=\"\" srcset=\"https:\/\/www.baler-machines.com\/wp-content\/uploads\/2019\/12\/hydraulic-metal-shear-before-painting.webp 720w, https:\/\/www.baler-machines.com\/wp-content\/uploads\/2019\/12\/hydraulic-metal-shear-before-painting-16x12.webp 16w\" sizes=\"auto, (max-width: 720px) 100vw, 720px\" \/><figcaption class=\"wp-element-caption\">Hydraulische Metallschere vor dem Lackieren<\/figcaption><\/figure> <\/figure>    <h2 class=\"wp-block-heading\"><strong>Eine weitere L\u00f6sung f\u00fcr das Recycling von Metallabf\u00e4llen<\/strong><\/h2>    <p class=\"translation-block\">Nach dem Scheren k\u00f6nnen Sie <a href=\"https:\/\/en.wikipedia.org\/wiki\/Scrap\" target=\"_blank\" rel=\"noopener\">Abf\u00e4lle<\/a> mit der <a href=\"https:\/\/www.baler-machines.com\/de\/horizontal-metal-baler\/\">Metallpresse<\/a> zu Metallschrottw\u00fcrfeln weiter pressen.<\/p>   <div class=\"wp-block-image\"> <figure class=\"aligncenter size-full\"><img loading=\"lazy\" decoding=\"async\" width=\"720\" height=\"200\" src=\"https:\/\/www.baler-machines.com\/wp-content\/uploads\/2022\/08\/scrap-process.webp\" alt=\"Schrottprozess\" class=\"wp-image-2491\" title=\"\"><figcaption class=\"wp-element-caption\">Schrottprozess<\/figcaption><\/figure> <\/div>   <p>Suchen Sie nach einer effizienten L\u00f6sung f\u00fcr das Metallrecycling? Wenn ja, kontaktieren Sie uns jetzt, und wir werden die beste L\u00f6sung bereitstellen, um Ihr Gesch\u00e4ft zu unterst\u00fctzen. <\/p>","protected":false},"excerpt":{"rendered":"<p>Die Shuliy-Portalschere (hydraulische Metallschere) wird haupts\u00e4chlich zum Schneiden verschiedener gro\u00dfer oder langer Metallschrottmaterialien mit einer Leistung von 2,5 bis 30 t\/h verwendet. <\/p>","protected":false},"author":1,"featured_media":2515,"parent":0,"template":"","tags":[582,38,296],"product-type":[562],"class_list":["post-291","product","type-product","status-publish","has-post-thumbnail","hentry","tag-gantry-shear","tag-hydraulic-metal-shear","tag-metal-shear","product-type-metal-shears"],"_links":{"self":[{"href":"https:\/\/www.baler-machines.com\/de\/wp-json\/wp\/v2\/product\/291","targetHints":{"allow":["GET"]}}],"collection":[{"href":"https:\/\/www.baler-machines.com\/de\/wp-json\/wp\/v2\/product"}],"about":[{"href":"https:\/\/www.baler-machines.com\/de\/wp-json\/wp\/v2\/types\/product"}],"author":[{"embeddable":true,"href":"https:\/\/www.baler-machines.com\/de\/wp-json\/wp\/v2\/users\/1"}],"wp:featuredmedia":[{"embeddable":true,"href":"https:\/\/www.baler-machines.com\/de\/wp-json\/wp\/v2\/media\/2515"}],"wp:attachment":[{"href":"https:\/\/www.baler-machines.com\/de\/wp-json\/wp\/v2\/media?parent=291"}],"wp:term":[{"taxonomy":"post_tag","embeddable":true,"href":"https:\/\/www.baler-machines.com\/de\/wp-json\/wp\/v2\/tags?post=291"},{"taxonomy":"product-type","embeddable":true,"href":"https:\/\/www.baler-machines.com\/de\/wp-json\/wp\/v2\/product-type?post=291"}],"curies":[{"name":"wp","href":"https:\/\/api.w.org\/{rel}","templated":true}]}}