{"id":2856,"date":"2022-12-08T16:32:38","date_gmt":"2022-12-08T08:32:38","guid":{"rendered":"https:\/\/www.baler-machines.com\/?post_type=product&#038;p=2856"},"modified":"2022-12-13T17:19:10","modified_gmt":"2022-12-13T09:19:10","slug":"garbage-shredder-machine","status":"publish","type":"product","link":"https:\/\/www.baler-machines.com\/de\/garbage-shredder-machine\/","title":{"rendered":"Doppelwellen-M\u00fcllzerkleinerer f\u00fcr Haushalt und Industrie"},"content":{"rendered":"<p class=\"translation-block\">Shuliy garbage shredder machine ist ein vielseitiger <a href=\"https:\/\/www.baler-machines.com\/de\/double-shaft-shredder\/\" target=\"_blank\" rel=\"noreferrer noopener\">Zweiwellen-Zerkleinerer<\/a> zum Zerkleinern von Haushalts- und Industrieabf\u00e4llen. Diese M\u00fcllzerkleinerungsmaschine zeichnet sich durch hervorragende Leistung, hohe Qualit\u00e4t und breite Anwendungsm\u00f6glichkeiten aus und spielt somit eine wichtige Rolle in der Abfallrecyclingindustrie. <\/p>    <h2 class=\"wp-block-heading\"><strong>Was ist ein M\u00fcllzerkleinerer?<\/strong><\/h2>    <p>Eine M\u00fcllzerkleinerungsmaschine ist, wie der Name schon sagt, eine Maschine, die alle Arten von Hausm\u00fcll, K\u00fcchenabf\u00e4llen, Industrieabf\u00e4llen, Bauschutt usw. zerkleinern kann. Bei diesem Shuliy-Zerkleinerer handelt es sich um einen Doppelwellen-Zerkleinerer, der effizienter und effektiver ist bei der Zerkleinerung auch die Vorbereitung f\u00fcr die n\u00e4chste Entsorgungsstufe.<\/p>    <figure class=\"wp-block-gallery aligncenter has-nested-images columns-default is-cropped wp-block-gallery-2 is-layout-flex wp-block-gallery-is-layout-flex\"> <figure class=\"wp-block-image size-large\"><img loading=\"lazy\" decoding=\"async\" width=\"720\" height=\"540\" data-id=\"2468\" src=\"https:\/\/www.baler-machines.com\/wp-content\/uploads\/2022\/08\/industrial-shredder.webp\" alt=\"Industrie-Schredder\" class=\"wp-image-2468\" title=\"\"><figcaption class=\"wp-element-caption\">Industrieller Aktenvernichter<\/figcaption><\/figure>    <figure class=\"wp-block-image size-large\"><img loading=\"lazy\" decoding=\"async\" width=\"750\" height=\"563\" data-id=\"2473\" src=\"https:\/\/www.baler-machines.com\/wp-content\/uploads\/2022\/08\/shredder-blades.webp\" alt=\"Schredderklingen\" class=\"wp-image-2473\" title=\"\"><figcaption class=\"wp-element-caption\">Schredderklingen<\/figcaption><\/figure> <\/figure>    <p>Mit seinen fortschrittlichen Materialien, seiner langen Lebensdauer und seinem niedrigen Ger\u00e4uschpegel ist dieser Abfallzerkleinerer eine unschlagbare Maschine f\u00fcr die Abfallentsorgung.<\/p>    <h2 class=\"wp-block-heading\"><strong>Warum recyceln Sie Haus-, K\u00fcchen- und Industriem\u00fcll?<\/strong><\/h2>    <p>Jeder Moment des Lebens produziert Abfall, Haushaltsabfall, Industrieabfall, Bauabfall usw. Wenn Abfall unbehandelt bleibt, hat er negative Auswirkungen auf die Umwelt und das Leben der Menschen.<\/p>    <figure class=\"wp-block-gallery aligncenter has-nested-images columns-default is-cropped wp-block-gallery-3 is-layout-flex wp-block-gallery-is-layout-flex\"> <figure class=\"wp-block-image size-full\"><img loading=\"lazy\" decoding=\"async\" width=\"700\" height=\"350\" data-id=\"2885\" src=\"https:\/\/www.baler-machines.com\/wp-content\/uploads\/2022\/12\/household-trash.webp\" alt=\"Hausm\u00fcll\" class=\"wp-image-2885\" title=\"\"><figcaption class=\"wp-element-caption\">Hausm\u00fcll<\/figcaption><\/figure>    <figure class=\"wp-block-image size-full\"><img loading=\"lazy\" decoding=\"async\" width=\"700\" height=\"350\" data-id=\"2887\" src=\"https:\/\/www.baler-machines.com\/wp-content\/uploads\/2022\/12\/industrial-garbage.webp\" alt=\"Industriem\u00fcll\" class=\"wp-image-2887\" title=\"\"><figcaption class=\"wp-element-caption\">Industriem\u00fcll<\/figcaption><\/figure>    <figure class=\"wp-block-image size-full\"><img loading=\"lazy\" decoding=\"async\" width=\"700\" height=\"350\" data-id=\"2886\" src=\"https:\/\/www.baler-machines.com\/wp-content\/uploads\/2022\/12\/construction-deris.webp\" alt=\"Bauabf\u00e4lle\" class=\"wp-image-2886\" title=\"\"><figcaption class=\"wp-element-caption\">Bau Deris<\/figcaption><\/figure> <\/figure>    <h3 class=\"wp-block-heading\"><strong>Funktionen des industriellen M\u00fcllzerkleinerers<\/strong><\/h3>    <p>F\u00fcr die Umwelt: Industrie- und Bauabf\u00e4lle k\u00f6nnen die Umwelt belasten und letztlich auch Menschen schaden. Hier kommt der industrielle M\u00fcllzerkleinerer ins Spiel, um die Auswirkungen zu reduzieren.<\/p>    <h3 class=\"wp-block-heading\"><strong>Funktionen der Hausm\u00fcllzerkleinerungsmaschine<\/strong><\/h3>    <p>F\u00fcr das Leben: Jeden Tag produzieren wir alle Arten von K\u00fcchenabf\u00e4llen und Haushaltsabf\u00e4llen, die, wenn sie nicht entsorgt werden, gro\u00dfe Unannehmlichkeiten im Leben der Menschen verursachen k\u00f6nnen. Hier kommt der K\u00fcchenm\u00fcllzerkleinerer ins Spiel und erleichtert das Leben.<\/p>    <h2 class=\"wp-block-heading\"><strong>Wie viel kostet der Shuliy M\u00fcllzerkleinerer?<\/strong><\/h2>    <p>Tats\u00e4chlich wird der Preis der Zerkleinerungsmaschine von verschiedenen Aspekten beeinflusst, wie zum Beispiel der Maschinenleistung, der internen Konfiguration der Maschine usw.<\/p>    <p class=\"translation-block\">Wenn Sie zum Beispiel eine M\u00fcllzerkleinerungsmaschine f\u00fcr den Hausgebrauch kaufen m\u00f6chten, ist der Preis der Maschine, die Sie zu diesem Zeitpunkt w\u00fcnschen, definitiv g\u00fcnstiger als der Preis eines <a href=\"https:\/\/en.wikipedia.org\/wiki\/Construction_waste\" target=\"_blank\" rel=\"noreferrer noopener\">Bauschutt<\/a>-Zerkleinerers.<\/p>    <p>Wenn Sie also den Kauf einer solchen M\u00fcllzerkleinerungsmaschine planen, teilen Sie uns bitte den Abfall mit, den Sie verarbeiten m\u00f6chten, die Maschinenleistung, Ihr Budget usw., und unser Vertriebsleiter kann Ihnen die beste L\u00f6sung f\u00fcr Ihr Unternehmen anbieten.<\/p>    <figure class=\"wp-block-gallery aligncenter has-nested-images columns-default is-cropped wp-block-gallery-4 is-layout-flex wp-block-gallery-is-layout-flex\"> <figure class=\"wp-block-image size-full\"><img loading=\"lazy\" decoding=\"async\" width=\"720\" height=\"540\" data-id=\"2898\" src=\"https:\/\/www.baler-machines.com\/wp-content\/uploads\/2022\/12\/shredder-machine-manufacturer.webp\" alt=\"Schreddermaschinenhersteller\" class=\"wp-image-2898\" title=\"\"><figcaption class=\"wp-element-caption\">Hersteller von Zerkleinerungsmaschinen<\/figcaption><\/figure>    <figure class=\"wp-block-image size-full\"><img loading=\"lazy\" decoding=\"async\" width=\"720\" height=\"540\" data-id=\"2900\" src=\"https:\/\/www.baler-machines.com\/wp-content\/uploads\/2022\/12\/double-shaft-shredder-with-the-conveyor.webp\" alt=\"Doppelwellenzerkleinerer mit F\u00f6rderband\" class=\"wp-image-2900\" title=\"\"><figcaption class=\"wp-element-caption\">Doppelwellenzerkleinerer mit F\u00f6rderband<\/figcaption><\/figure> <\/figure>    <h2 class=\"wp-block-heading\"><strong>Technische Parameter der Haus- und Industriem\u00fcllzerkleinerungsmaschine<\/strong><\/h2>    <figure class=\"wp-block-table\"><table><tbody><tr><td>Modell<\/td><td>Leistung (kW)<\/td><td>Leistung (t\/h)<\/td><td>Anzahl der Klingen (Stk.)<\/td><\/tr><tr><td>SL-400<\/td><td>7.5*2<\/td><td>0.5-1<\/td><td>20<\/td><\/tr><tr><td>SL-600<\/td><td>11*2<\/td><td>1.5-2<\/td><td>30<\/td><\/tr><tr><td>SL-800<\/td><td>18.5*2<\/td><td>2-3<\/td><td>40<\/td><\/tr><tr><td>SL-1000<\/td><td>22*2<\/td><td>4-5<\/td><td>50<\/td><\/tr><tr><td>SL-1200<\/td><td>37*2<\/td><td>5-7<\/td><td>30<\/td><\/tr><\/tbody><\/table><\/figure>","protected":false},"excerpt":{"rendered":"<p>Shuliy garbage shredder machine is a versatile twin-shaft shredder for shredding household and industrial waste. This trash shredder machine has the advantages of great performance, high quality, and wide applications, thus, it plays an important role in the waste recycling industry. What is a garbage shredder? A garbage shredder machine, as the name suggests, is [&hellip;]<\/p>\n","protected":false},"author":1,"featured_media":2866,"parent":0,"template":"","tags":[578,598],"product-type":[561],"class_list":["post-2856","product","type-product","status-publish","has-post-thumbnail","hentry","tag-double-shaft-shredder","tag-garbage-shredder-machine","product-type-industrial-shredder"],"_links":{"self":[{"href":"https:\/\/www.baler-machines.com\/de\/wp-json\/wp\/v2\/product\/2856","targetHints":{"allow":["GET"]}}],"collection":[{"href":"https:\/\/www.baler-machines.com\/de\/wp-json\/wp\/v2\/product"}],"about":[{"href":"https:\/\/www.baler-machines.com\/de\/wp-json\/wp\/v2\/types\/product"}],"author":[{"embeddable":true,"href":"https:\/\/www.baler-machines.com\/de\/wp-json\/wp\/v2\/users\/1"}],"wp:featuredmedia":[{"embeddable":true,"href":"https:\/\/www.baler-machines.com\/de\/wp-json\/wp\/v2\/media\/2866"}],"wp:attachment":[{"href":"https:\/\/www.baler-machines.com\/de\/wp-json\/wp\/v2\/media?parent=2856"}],"wp:term":[{"taxonomy":"post_tag","embeddable":true,"href":"https:\/\/www.baler-machines.com\/de\/wp-json\/wp\/v2\/tags?post=2856"},{"taxonomy":"product-type","embeddable":true,"href":"https:\/\/www.baler-machines.com\/de\/wp-json\/wp\/v2\/product-type?post=2856"}],"curies":[{"name":"wp","href":"https:\/\/api.w.org\/{rel}","templated":true}]}}