{"id":2846,"date":"2022-12-06T16:33:32","date_gmt":"2022-12-06T08:33:32","guid":{"rendered":"https:\/\/www.baler-machines.com\/?post_type=product&#038;p=2846"},"modified":"2023-07-20T16:05:09","modified_gmt":"2023-07-20T08:05:09","slug":"woven-bag-shredder","status":"publish","type":"product","link":"https:\/\/www.baler-machines.com\/de\/woven-bag-shredder\/","title":{"rendered":"Doppelwellen-Schreddermaschine f\u00fcr PP\/PE-Folie\/gewebte Beutel"},"content":{"rendered":"<p class=\"translation-block\">Dieser Shredder f\u00fcr gewebte S\u00e4cke ist im Wesentlichen ein <a href=\"https:\/\/www.baler-machines.com\/de\/double-shaft-shredder\/\">Zweiwellen-Shredder mit Doppelfunktion<\/a>, der alle Arten von gewebten S\u00e4cken, neuen Folien, Fischernetzen und anderen gewebten Stoffen zerkleinern kann. Dieser Zweiwellen-Shredder f\u00fcr gewebte Stoffe ist bekannt f\u00fcr seine hohe Effizienz, Leistung und Vielseitigkeit.\u00aa <\/p>    <p>Diese Maschine zum Zerschneiden von gewebten S\u00e4cken ist eine sehr beliebte Maschine in der Recyclingindustrie und wird h\u00e4ufig zum Recycling verschiedener Materialien eingesetzt. Wenn Sie an dieser Art von Maschine interessiert sind, kontaktieren Sie uns gerne f\u00fcr weitere Details!<\/p>    <h2 class=\"wp-block-heading\"><strong>Arbeitsvideo eines Doppelwellen-Zerkleinerers f\u00fcr gewebte Beutel<\/strong><\/h2>    <figure class=\"wp-block-embed is-type-video is-provider-youtube wp-block-embed-youtube wp-embed-aspect-16-9 wp-has-aspect-ratio\"><div class=\"wp-block-embed__wrapper\"> <iframe loading=\"lazy\" title=\"Gewebte S\u00e4cke effizient zerkleinern! Sehen Sie sich den Doppelwellen-Zerkleinerer f\u00fcr die Zerkleinerung von Kunststoff, PP, Kleidung und Metall an\" width=\"500\" height=\"281\" src=\"https:\/\/www.youtube.com\/embed\/swdIjAADj6E?feature=oembed\" frameborder=\"0\" allow=\"accelerometer; autoplay; clipboard-write; encrypted-media; gyroscope; picture-in-picture; web-share\" referrerpolicy=\"strict-origin-when-cross-origin\" allowfullscreen><\/iframe> <\/div><\/figure>    <h2 class=\"wp-block-heading\"><strong>Vielf\u00e4ltige Einsatzm\u00f6glichkeiten der Doppelwellen-Schreddermaschine f\u00fcr gewebte Beutel<\/strong><\/h2>    <p>Der gewebte Beutelbrecher von Shuliy kann verschiedene gewebte Materialien zerkleinern, die unten aufgef\u00fchrt sind:<\/p>    <p>Neuartige Folien, gewebte Taschen, Fischernetze usw.;<\/p>    <p class=\"translation-block\">Abfall-Agrarfolien, <a href=\"https:\/\/en.wikipedia.org\/wiki\/Film_(disambiguation)\" target=\"_blank\" rel=\"noreferrer noopener\">Verpackungsfolien<\/a>, Gew\u00e4chshausfolien, Tonnenbeutel, Raums\u00e4cke, Lebensmittel, Zements\u00e4cke, Abfall-Fischernetze;<\/p>    <p>Gewebte Taschen, Tonnagetaschen, Schlangenledertaschen, Plastikt\u00fcten usw.<\/p>    <figure class=\"wp-block-gallery aligncenter has-nested-images columns-default is-cropped wp-block-gallery-2 is-layout-flex wp-block-gallery-is-layout-flex\"> <figure class=\"wp-block-image size-large\"><img loading=\"lazy\" decoding=\"async\" width=\"450\" height=\"300\" data-id=\"2913\" src=\"https:\/\/www.baler-machines.com\/wp-content\/uploads\/2022\/12\/woven-bags-with-film.webp\" alt=\"gewebte Taschen mit Folie\" class=\"wp-image-2913\" title=\"\"><figcaption class=\"wp-element-caption\">Gewebte Taschen mit Folien<\/figcaption><\/figure>    <figure class=\"wp-block-image size-large\"><img loading=\"lazy\" decoding=\"async\" width=\"450\" height=\"300\" data-id=\"2915\" src=\"https:\/\/www.baler-machines.com\/wp-content\/uploads\/2022\/12\/woven-bags.webp\" alt=\"gewebte Taschen\" class=\"wp-image-2915\" title=\"\"><figcaption class=\"wp-element-caption\">Gewebte Taschen<\/figcaption><\/figure> <\/figure>    <figure class=\"wp-block-gallery aligncenter has-nested-images columns-default is-cropped wp-block-gallery-3 is-layout-flex wp-block-gallery-is-layout-flex\"> <figure class=\"wp-block-image size-large\"><img loading=\"lazy\" decoding=\"async\" width=\"450\" height=\"300\" data-id=\"2914\" src=\"https:\/\/www.baler-machines.com\/wp-content\/uploads\/2022\/12\/films.webp\" alt=\"Folien\" class=\"wp-image-2914\" title=\"\"><figcaption class=\"wp-element-caption\">Filme<\/figcaption><\/figure>    <figure class=\"wp-block-image size-large\"><img loading=\"lazy\" decoding=\"async\" width=\"450\" height=\"300\" data-id=\"2916\" src=\"https:\/\/www.baler-machines.com\/wp-content\/uploads\/2022\/12\/fishing-net.webp\" alt=\"Fischernetz\" class=\"wp-image-2916\" title=\"\"><figcaption class=\"wp-element-caption\">Fischernetz<\/figcaption><\/figure> <\/figure>    <h2 class=\"wp-block-heading\"><strong>Funktionsprinzip des Shuliy PP-Gewebebeutel-Zerkleinerers<\/strong><\/h2>    <p>Diese Maschine arbeitet mit einer Doppelwelle im Antrieb, so dass es beim Einlegen des Materials zu einem Zusammendr\u00fccken der Materialien und somit zu einer automatischen Zuf\u00fchrung kommt. Durch die Doppelwellenmesser erfolgt der Schnitt. Die Klingen sind so gut konstruiert, dass sie sich nicht gegenseitig verstopfen, was die Effizienz erh\u00f6ht.<\/p>    <figure class=\"wp-block-gallery aligncenter has-nested-images columns-default is-cropped wp-block-gallery-4 is-layout-flex wp-block-gallery-is-layout-flex\"> <figure class=\"wp-block-image size-large\"><img loading=\"lazy\" decoding=\"async\" width=\"720\" height=\"540\" data-id=\"2475\" src=\"https:\/\/www.baler-machines.com\/wp-content\/uploads\/2022\/08\/quality-blades.webp\" alt=\"Qualit\u00e4tsklingen\" class=\"wp-image-2475\" title=\"\"><figcaption class=\"wp-element-caption\">Qualit\u00e4tsklingen<\/figcaption><\/figure>    <figure class=\"wp-block-image size-large\"><img loading=\"lazy\" decoding=\"async\" width=\"720\" height=\"540\" data-id=\"2474\" src=\"https:\/\/www.baler-machines.com\/wp-content\/uploads\/2022\/08\/drums-with-the-blades.webp\" alt=\"Trommeln mit Klingen\" class=\"wp-image-2474\" title=\"\"><figcaption class=\"wp-element-caption\">Trommeln mit den Klingen<\/figcaption><\/figure>    <figure class=\"wp-block-image size-large\"><img loading=\"lazy\" decoding=\"async\" width=\"720\" height=\"540\" data-id=\"1442\" src=\"https:\/\/www.baler-machines.com\/wp-content\/uploads\/2022\/01\/double-shaft-metal-shredder-blade-mold-2.jpg\" alt=\"Doppelschaft-Metallschredderklingenform 2\" class=\"wp-image-1442\" title=\"\"><figcaption class=\"wp-element-caption\">Doppelwellen-Metallschredderklingenform 2<\/figcaption><\/figure> <\/figure>    <h2 class=\"wp-block-heading\"><strong>Leistungsmerkmale dieses Zweiwellen-Gewebesackzerkleinerers<\/strong><\/h2>    <ol class=\"wp-block-list\"> <li>Klingen: F\u00fcr die Herstellung der Klingen werden hochwertige Materialien verwendet, um eine gute Qualit\u00e4t und eine lange Lebensdauer zu gew\u00e4hrleisten.<\/li>    <li>Doppelachse: gerichteter Einbau in die Maschine, feste Klingenrolle, wodurch die Verwendung der Klinge und die Wartung bequemer werden.<\/li>    <li>Sowohl der Einlass als auch die Halterung k\u00f6nnen je nach Kundenwunsch individuell angepasst werden.<\/li>    <li>Um die \u00dcberpr\u00fcfung des Arbeitsstatus noch einfacher zu machen, kann die Maschine mit einem St\u00e4nder ausgestattet werden.<\/li>    <li>Dieser Aktenvernichter f\u00fcr gewebte Beutel wurde kontinuierlich aktualisiert und zeichnet sich nun durch geringe Ger\u00e4uschentwicklung, gute Leistung und hohe Effizienz aus.<\/li> <\/ol>    <figure class=\"wp-block-gallery aligncenter has-nested-images columns-default is-cropped wp-block-gallery-5 is-layout-flex wp-block-gallery-is-layout-flex\"> <figure class=\"wp-block-image size-large\"><img loading=\"lazy\" decoding=\"async\" width=\"720\" height=\"540\" data-id=\"1537\" src=\"https:\/\/www.baler-machines.com\/wp-content\/uploads\/2022\/02\/rubber-shredder-machine-1.jpg\" alt=\"Gummischreddermaschine--1\" class=\"wp-image-1537\" title=\"\"><figcaption class=\"wp-element-caption\">Gummizerkleinerungsmaschine<\/figcaption><\/figure>    <figure class=\"wp-block-image size-large\"><img loading=\"lazy\" decoding=\"async\" width=\"720\" height=\"540\" data-id=\"2477\" src=\"https:\/\/www.baler-machines.com\/wp-content\/uploads\/2022\/08\/plastic-shredder-machine-structure.webp\" alt=\"Struktur der Kunststoffzerkleinerermaschine\" class=\"wp-image-2477\" title=\"\"><figcaption class=\"wp-element-caption\">Struktur der Kunststoff-Schreddermaschine<\/figcaption><\/figure> <\/figure>    <h2 class=\"wp-block-heading\"><strong>Technische Parameter des Webbeutelbrechers<\/strong><\/h2>    <figure class=\"wp-block-table\"><table><tbody><tr><td>Modell<\/td><td>Leistung (kW)<\/td><td>Leistung (t\/h)<\/td><td>Anzahl der Klingen (Stk.)<\/td><\/tr><tr><td>SL-400<\/td><td>7.5*2<\/td><td>0.5-1<\/td><td>20<\/td><\/tr><tr><td>SL-600<\/td><td>11*2<\/td><td>1.5-2<\/td><td>30<\/td><\/tr><tr><td>SL-800<\/td><td>18.5*2<\/td><td>2-3<\/td><td>40<\/td><\/tr><tr><td>SL-1000<\/td><td>22*2<\/td><td>4-5<\/td><td>50<\/td><\/tr><tr><td>SL-1200<\/td><td>37*2<\/td><td>5-7<\/td><td>30<\/td><\/tr><tr><td>SL-1400<\/td><td>45*2<\/td><td>8-10<\/td><td>40<\/td><\/tr><tr><td>SL-1600<\/td><td>75*2<\/td><td>12-15<\/td><td>20<\/td><\/tr><tr><td>SL-1800<\/td><td>75*2<\/td><td>15-18<\/td><td>18<\/td><\/tr><tr><td>SL-2000<\/td><td>90*2<\/td><td>20-25<\/td><td>20<\/td><\/tr><\/tbody><\/table><\/figure>","protected":false},"excerpt":{"rendered":"<p>This woven bag shredder is essentially a dual-function twin-shaft shredder that can shred all kinds of woven bags, new films, fishing nets, and other kinds of woven fabrics. This twin-shaft woven fabric shredder is widely known for its high efficiency, performance, and versatility. This woven bag shredding machine is a very popular machine in the [&hellip;]<\/p>\n","protected":false},"author":1,"featured_media":2848,"parent":0,"template":"","tags":[578,597],"product-type":[561],"class_list":["post-2846","product","type-product","status-publish","has-post-thumbnail","hentry","tag-double-shaft-shredder","tag-woven-bag-shredder","product-type-industrial-shredder"],"_links":{"self":[{"href":"https:\/\/www.baler-machines.com\/de\/wp-json\/wp\/v2\/product\/2846","targetHints":{"allow":["GET"]}}],"collection":[{"href":"https:\/\/www.baler-machines.com\/de\/wp-json\/wp\/v2\/product"}],"about":[{"href":"https:\/\/www.baler-machines.com\/de\/wp-json\/wp\/v2\/types\/product"}],"author":[{"embeddable":true,"href":"https:\/\/www.baler-machines.com\/de\/wp-json\/wp\/v2\/users\/1"}],"wp:featuredmedia":[{"embeddable":true,"href":"https:\/\/www.baler-machines.com\/de\/wp-json\/wp\/v2\/media\/2848"}],"wp:attachment":[{"href":"https:\/\/www.baler-machines.com\/de\/wp-json\/wp\/v2\/media?parent=2846"}],"wp:term":[{"taxonomy":"post_tag","embeddable":true,"href":"https:\/\/www.baler-machines.com\/de\/wp-json\/wp\/v2\/tags?post=2846"},{"taxonomy":"product-type","embeddable":true,"href":"https:\/\/www.baler-machines.com\/de\/wp-json\/wp\/v2\/product-type?post=2846"}],"curies":[{"name":"wp","href":"https:\/\/api.w.org\/{rel}","templated":true}]}}