{"id":2448,"date":"2022-08-02T08:26:41","date_gmt":"2022-08-02T08:26:41","guid":{"rendered":"https:\/\/www.baler-machines.com\/?post_type=product&#038;p=2448"},"modified":"2025-10-24T16:30:09","modified_gmt":"2025-10-24T08:30:09","slug":"double-shaft-shredder","status":"publish","type":"product","link":"https:\/\/www.baler-machines.com\/de\/double-shaft-shredder\/","title":{"rendered":"Doppelwellenzerkleinerer f\u00fcr die Zerkleinerung aller Abf\u00e4lle"},"content":{"rendered":"<p class=\"translation-block\">Dieser <strong>Zweiwellen-Zerkleinerer<\/strong> (auch Twin-Shaft-Shredder genannt) ist spezialisiert auf die Zerkleinerung verschiedener Materialien wie Metall, Kunststoff, Hausm\u00fcll, Holz usw. zu kleinen St\u00fccken f\u00fcr das Recycling. Er kann Abf\u00e4lle von 0,5 bis 25 Tonnen pro Stunde verarbeiten. <\/p>    <p>Der Shuliy-Doppelwellen-Scherzerkleinerer zeichnet sich durch breite Einsatzm\u00f6glichkeiten, starke Zerkleinerungsleistung und Kosteneffizienz aus. Es ist in der Abfallrecyclingbranche sehr beliebt.<\/p>    <p>Unser 2-Wellen-Schredder wurde nach Malaysia, Italien, Indonesien, Iran, Usbekistan, Rum\u00e4nien, den USA, Australien, Peru, Russland usw. exportiert. Wenn Sie interessiert sind, kommen Sie und kontaktieren Sie uns f\u00fcr weitere Maschineninformationen.<\/p>    <figure class=\"wp-block-embed is-type-video is-provider-youtube wp-block-embed-youtube wp-embed-aspect-16-9 wp-has-aspect-ratio\"><div class=\"wp-block-embed__wrapper\"> <iframe loading=\"lazy\" title=\"Leistungsstarker Doppelwellenzerkleinerer: Zerkleinern von harten und weichen Materialien! Brecher f\u00fcr Kunststoffe, Schaum, Metall\" width=\"500\" height=\"281\" src=\"https:\/\/www.youtube.com\/embed\/Tw78p96ALVw?feature=oembed\" frameborder=\"0\" allow=\"accelerometer; autoplay; clipboard-write; encrypted-media; gyroscope; picture-in-picture; web-share\" referrerpolicy=\"strict-origin-when-cross-origin\" allowfullscreen><\/iframe> <\/div><figcaption class=\"wp-element-caption\">Arbeitsvideo eines Zweiwellenzerkleinerers zur Abfallzerkleinerung<\/figcaption><\/figure>    <h2 class=\"wp-block-heading\"><strong>Was kann mit dem industriellen Schredder von Shuliy zerkleinert werden?<\/strong><\/h2>    <p>Unser Doppelwellenzerkleinerer ist universell einsetzbar und kann alle Arten von Abf\u00e4llen zerkleinern. Jetzt stelle ich vor, welche Abf\u00e4lle geschreddert werden k\u00f6nnen.  <\/p>    <ul class=\"wp-block-list\"> <li><strong>Stoff<\/strong>: alle Arten von Textilien, Lumpen, Kleidung, Bettw\u00e4sche und Decken.<\/li>    <li><strong>Altmetall<\/strong>: Eisendraht, Autokarosserien, Aluminiumschrott, Eisenschrott, Bleiplatten, Bewehrungsst\u00e4be usw.<\/li>    <li><strong>Plastikm\u00fcll<\/strong>: Kunststoff-PET-Flaschen, Kunststofffolien, Kunststoffpaletten usw. <\/li>    <li><strong>Bauschrott<\/strong>: Stahlrohre, Stahl, Rohrverbindungsst\u00fccke und Rahmen.<\/li>    <li><strong>Altreifen<\/strong>: Gummireifen, Autoreifen, LKW-Reifen, Fahrradreifen und Fahrzeugreifen.<\/li>    <li><strong>Altger\u00e4te<\/strong>: Fernsehger\u00e4te, Waschmaschinen, K\u00fchlschr\u00e4nke, Gefrierschr\u00e4nke und Gasherde.<\/li>    <li><strong>Elektroschrott<\/strong>: Mobiltelefone, Leiterplatten, Kabel, Kupferdr\u00e4hte usw.<\/li>    <li><strong>Verschiedene Beh\u00e4lter<\/strong>: Kunststoffdosen, Kunststofff\u00e4sser, Eisenf\u00e4sser, Verpackungskartons, F\u00e4sser, Aluminiumdosen usw.<\/li>    <li><strong>Kategorie Holz<\/strong>: Holzpaletten, Gabelstaplerhalterungen und anderes Altholz.<\/li>    <li><strong>Andere<\/strong>: Motorr\u00e4der, K\u00fcchenabf\u00e4lle, Haushaltsabf\u00e4lle, Tierkadaver, RDF-Derivate, medizinische Abf\u00e4lle, biologisches Stroh, Gartenabf\u00e4lle, Gummikopfabf\u00e4lle, gedrehte Seile aus Papierfabriken usw.<\/li> <\/ul>   <div class=\"wp-block-image\"> <figure class=\"aligncenter size-full\"><img loading=\"lazy\" decoding=\"async\" width=\"720\" height=\"300\" src=\"https:\/\/www.baler-machines.com\/wp-content\/uploads\/2022\/08\/double-shaft-shredder-applications.webp\" alt=\"Doppelwellen-Zerkleinerer-Anwendungen\" class=\"wp-image-2467\" title=\"\"><figcaption class=\"wp-element-caption\">Doppelwellen-Zerkleinerer-Anwendungen<\/figcaption><\/figure> <\/div>   <p>Solange Sie den Abfall zerkleinern m\u00f6chten, kann Ihnen unser Aktenvernichter dabei helfen.<\/p>    <h2 class=\"wp-block-heading\"><strong>Merkmale des Doppelwellenzerkleinerers<\/strong><\/h2>    <ul class=\"wp-block-list\"> <li><strong>Leistung von 0,5-25 t\/h<\/strong>. Unser Industriezerkleinerer kann Abf\u00e4lle im Bereich von 0,5 bis 25 t\/h verarbeiten, was ein effizientes Recycling darstellt. <\/li>    <li><strong>Eine breite Palette von Anwendungen<\/strong>. Der Shuliy-Zerkleinerer mit zwei Wellen kann Metallschrott, Kunststoff, Elektroger\u00e4te, Holzmaterialien, Hausm\u00fcll usw. zerkleinern.<\/li>    <li><strong>Zwei hervorragende Motoren<\/strong>. Der Doppelwellen-Zerkleinerer f\u00fcr medizinische Abf\u00e4lle kann eine effiziente Leistung liefern, um sicherzustellen, dass die Maschine stabil arbeitet.<\/li>    <li><strong>Geeignet f\u00fcr Arbeiten im Innen- und Au\u00dfenbereich<\/strong>. Der digitale Aktenvernichter von Shuliy ist ger\u00e4uscharm und kann sowohl drinnen als auch drau\u00dfen arbeiten.<\/li>    <li><strong>Abnehmbare Klingen<\/strong>. Zur einfachen Wartung sind die Messer der Doppelwelle demontierbar, was die Wartungszeit deutlich verk\u00fcrzt.<\/li>    <li><strong>Optionale Klingennummer und Material<\/strong>. Sie k\u00f6nnen die passende Messeranzahl und Materialien f\u00fcr das Abfallrecycling w\u00e4hlen, was die beste L\u00f6sung f\u00fcr die Zerkleinerung verschiedener Materialien bietet. <ul class=\"wp-block-list\"> <li>Wenn Sie f\u00fcr die Klingennummer eine kleine Kapazit\u00e4t (z. B. 900 kg\/h) w\u00fcnschen, ist die Maschine mit 20 Klingen ausreichend.<\/li>    <li>Bei den Klingenmaterialien eignet sich 55SiCr gut zum Zerkleinern von Holz und Kunststoffen, 9CrSi eignet sich gut zum Zerkleinern von Gummi und Metall und H13 eignet sich besser zum Zerkleinern von Metall. <\/li> <\/ul> <\/li> <\/ul>   <div class=\"wp-block-image\"> <figure class=\"aligncenter size-full\"><img loading=\"lazy\" decoding=\"async\" width=\"750\" height=\"563\" src=\"https:\/\/www.baler-machines.com\/wp-content\/uploads\/2022\/08\/shredder-blades.webp\" alt=\"Schredderklingen\" class=\"wp-image-2473\" title=\"\"><figcaption class=\"wp-element-caption\">Schredderklingen<\/figcaption><\/figure> <\/div>   <ul class=\"wp-block-list\"> <li><strong>Siebfreies Design an der Auslass\u00f6ffnung<\/strong>. Dieses Doppelwellen-Zerkleinerer-Design verbessert die Zerkleinerungseffizienz erheblich.<\/li>    <li><strong>Unabh\u00e4ngiges SPS-Steuerungssystem<\/strong>Beim Einsatz des Gummireifen-Recycling-Schredders ist es sicher und bequem.<\/li>    <li><strong>Optionales Stromversorgungssystem<\/strong>Der Gro\u00dfschredder kann je nach den Bed\u00fcrfnissen Ihrer Region flexibel mit einem Motor oder Dieselmotor betrieben werden.<\/li>    <li><strong>Anpassung<\/strong>. Ganz nach Ihren Bed\u00fcrfnissen k\u00f6nnen wir Spannung, Leistung, F\u00f6rderband, St\u00e4nder, Bildschirm usw. anpassen. <ul class=\"wp-block-list\"> <li>F\u00fcr Gro\u00dfraumzerkleinerer sind F\u00f6rderband und St\u00e4nder ausgestattet.<\/li>    <li>F\u00fcr unregelm\u00e4\u00dfige Materialien ist das Sieb ausgestattet. <\/li> <\/ul> <\/li> <\/ul>    <figure class=\"wp-block-gallery aligncenter has-nested-images columns-default is-cropped wp-block-gallery-2 is-layout-flex wp-block-gallery-is-layout-flex\"> <figure class=\"wp-block-image size-large\"><img loading=\"lazy\" decoding=\"async\" width=\"720\" height=\"540\" data-id=\"2470\" src=\"https:\/\/www.baler-machines.com\/wp-content\/uploads\/2022\/08\/double-shaft-shredder-with-the-conveyor.webp\" alt=\"Doppelwellenzerkleinerer mit F\u00f6rderband\" class=\"wp-image-2470\" title=\"\"><figcaption class=\"wp-element-caption\">Doppelwellenzerkleinerer mit F\u00f6rderband<\/figcaption><\/figure>    <figure class=\"wp-block-image size-large\"><img loading=\"lazy\" decoding=\"async\" width=\"720\" height=\"540\" data-id=\"2471\" src=\"https:\/\/www.baler-machines.com\/wp-content\/uploads\/2022\/08\/heavy-duty-crusher-.webp\" alt=\"Hochleistungsbrecher-\" class=\"wp-image-2471\" title=\"\"><figcaption class=\"wp-element-caption\">Hochleistungsbrecher <\/figcaption><\/figure> <\/figure>    <h2 class=\"wp-block-heading\" id=\"h-industrial-dual-shaft-shredder-for-sale\"><strong>Technische Parameter des industriellen Doppelwellenzerkleinerers zum Verkauf<\/strong><\/h2>    <p>Der Shuliy Industrie-Schredder ist in vielen Modellen erh\u00e4ltlich, mit einer Leistung, die von klein bis gro\u00df reicht. Er dient haupts\u00e4chlich dazu, Ihre unterschiedlichen Zerkleinerungsanforderungen zu erf\u00fcllen. Die folgenden verschiedenen Modelle stehen zu Ihrer Referenz.<\/p>    <figure class=\"wp-block-table\"><table><tbody><tr><td>Modell<\/td><td>Leistung (kW)<\/td><td>Leistung (t\/h)<\/td><td>Anzahl der Klingen (Stk.)<\/td><\/tr><tr><td>SL-400<\/td><td>7.5*2<\/td><td>0.5-1<\/td><td>20<\/td><\/tr><tr><td>SL-600<\/td><td>11*2<\/td><td>1.5-2<\/td><td>30<\/td><\/tr><tr><td>SL-800<\/td><td>18.5*2<\/td><td>2-3<\/td><td>40<\/td><\/tr><tr><td>SL-1000<\/td><td>22*2<\/td><td>4-5<\/td><td>50<\/td><\/tr><tr><td>SL-1200<\/td><td>37*2<\/td><td>5-7<\/td><td>30<\/td><\/tr><tr><td>SL-1400<\/td><td>45*2<\/td><td>8-10<\/td><td>40<\/td><\/tr><tr><td>SL-1600<\/td><td>75*2<\/td><td>12-15<\/td><td>20<\/td><\/tr><tr><td>SL-1800<\/td><td>75*2<\/td><td>15-18<\/td><td>18<\/td><\/tr><tr><td>SL-2000<\/td><td>90*2<\/td><td>20-25<\/td><td>20<\/td><\/tr><\/tbody><\/table><figcaption class=\"wp-element-caption\">verschiedene Arten von Zweiwellenzerkleinerern <\/figcaption><\/figure>    <p class=\"translation-block\"><strong>Hinweise zum Zweiwellen-Zerkleinerer<\/strong>:<\/p>    <ul class=\"wp-block-list\"> <li>Garantiezeit: 2 Jahre<\/li>    <li>Optionale Kombination: Sieb und F\u00f6rderband<\/li> <\/ul>    <figure class=\"wp-block-gallery aligncenter has-nested-images columns-default is-cropped wp-block-gallery-3 is-layout-flex wp-block-gallery-is-layout-flex\"> <figure class=\"wp-block-image size-large\"><img loading=\"lazy\" decoding=\"async\" width=\"720\" height=\"540\" data-id=\"2468\" src=\"https:\/\/www.baler-machines.com\/wp-content\/uploads\/2022\/08\/industrial-shredder.webp\" alt=\"Industrie-Schredder\" class=\"wp-image-2468\" title=\"\"><figcaption class=\"wp-element-caption\">Industrieller Aktenvernichter<\/figcaption><\/figure>    <figure class=\"wp-block-image size-large\"><img loading=\"lazy\" decoding=\"async\" width=\"720\" height=\"540\" data-id=\"2469\" src=\"https:\/\/www.baler-machines.com\/wp-content\/uploads\/2022\/08\/rubber-tire-recycling-equipment.webp\" alt=\"Gummireifen-Recycling-Ausr\u00fcstung\" class=\"wp-image-2469\" title=\"\"><figcaption class=\"wp-element-caption\">Ausr\u00fcstung zum Recycling von Gummireifen<\/figcaption><\/figure> <\/figure>    <h2 class=\"wp-block-heading\"><strong>Einzigartiges Doppelwellen-Zerkleinerer-Design<\/strong><\/h2>    <p>Das Design unseres Zwillingswellen-Schredders entspricht den Gewohnheiten der Kunden und ist sehr benutzerfreundlich.<\/p>    <p>Es besteht aus einem Motor (oder Dieselmotor), einem Reduzierst\u00fcck, einem Trichter, einer Auslass\u00f6ffnung und einer Doppelwelle mit Schaufeln. <\/p>   <div class=\"wp-block-image\"> <figure class=\"aligncenter size-full\"><img loading=\"lazy\" decoding=\"async\" width=\"720\" height=\"540\" src=\"https:\/\/www.baler-machines.com\/wp-content\/uploads\/2022\/08\/plastic-shredder-machine-structure.webp\" alt=\"Struktur der Kunststoffzerkleinerermaschine\" class=\"wp-image-2477\" title=\"\"><figcaption class=\"wp-element-caption\">Struktur der Kunststoffzerkleinerermaschine<\/figcaption><\/figure> <\/div>   <p>Au\u00dferdem k\u00f6nnen wir das F\u00f6rderband, den Stand oder den Bildschirm f\u00fcr Ihre bequeme Nutzung ausstatten. Je nach Ihrer tats\u00e4chlichen Situation werden wir die geeignete Konfiguration vornehmen.<\/p>    <figure class=\"wp-block-gallery aligncenter has-nested-images columns-default is-cropped wp-block-gallery-4 is-layout-flex wp-block-gallery-is-layout-flex\"> <figure class=\"wp-block-image size-large\"><img loading=\"lazy\" decoding=\"async\" width=\"720\" height=\"540\" data-id=\"3550\" src=\"https:\/\/www.baler-machines.com\/wp-content\/uploads\/2022\/08\/heavy-duty-two-shaft-shredder-with-stand.webp\" alt=\"Hochleistungs-Zweiwellenzerkleinerer mit St\u00e4nder\" class=\"wp-image-3550\" title=\"\"><figcaption class=\"wp-element-caption\">Hochleistungs-Zerkleinerer mit zwei Wellen und St\u00e4nder<\/figcaption><\/figure>    <figure class=\"wp-block-image size-large\"><img loading=\"lazy\" decoding=\"async\" width=\"720\" height=\"540\" data-id=\"3551\" src=\"https:\/\/www.baler-machines.com\/wp-content\/uploads\/2022\/08\/industrial-shredder-for-sale.webp\" alt=\"Industriem\u00fcller zu verkaufen\" class=\"wp-image-3551\" title=\"\"><figcaption class=\"wp-element-caption\">Industrieller Aktenvernichter zu verkaufen<\/figcaption><\/figure> <\/figure>    <h2 class=\"wp-block-heading\"><strong>Wie funktioniert ein industrieller Aktenvernichter?<\/strong><\/h2>    <p>Dieser Doppelwellenzerkleinerer arbeitet mit zwei Doppelwellen mit scharfen Messern.<\/p>    <figure class=\"wp-block-gallery aligncenter has-nested-images columns-default is-cropped wp-block-gallery-5 is-layout-flex wp-block-gallery-is-layout-flex\"> <figure class=\"wp-block-image size-large\"><img loading=\"lazy\" decoding=\"async\" width=\"720\" height=\"540\" data-id=\"2474\" src=\"https:\/\/www.baler-machines.com\/wp-content\/uploads\/2022\/08\/drums-with-the-blades.webp\" alt=\"Trommeln mit Klingen\" class=\"wp-image-2474\" title=\"\"><figcaption class=\"wp-element-caption\">Trommeln mit den Klingen<\/figcaption><\/figure>    <figure class=\"wp-block-image size-large\"><img loading=\"lazy\" decoding=\"async\" width=\"720\" height=\"540\" data-id=\"2475\" src=\"https:\/\/www.baler-machines.com\/wp-content\/uploads\/2022\/08\/quality-blades.webp\" alt=\"Qualit\u00e4tsklingen\" class=\"wp-image-2475\" title=\"\"><figcaption class=\"wp-element-caption\">Qualit\u00e4tsklingen<\/figcaption><\/figure> <\/figure>    <p>Nachdem das Material in die Zwillingswellen-Schreddermaschine eingegeben wurde, wird es durch die Messer in einer versetzten Rotation zerrissen und geschnitten. Dann wird es aufgeteilt und in kleinere St\u00fccke zerbrochen und anschlie\u00dfend ausgegeben.<\/p>    <h2 class=\"wp-block-heading\"><strong>Wie w\u00e4re es mit dem Preis einer Doppelwellen-Zerkleinerungsmaschine?<\/strong><\/h2>    <p>Der Preis des Doppelwellenzerkleinerers wird von verschiedenen Aspekten beeinflusst. Was die Maschine selbst betrifft, ist es haupts\u00e4chlich die Maschinenkonfiguration des Reduzierst\u00fccks und der Klinge.<\/p>    <ul class=\"wp-block-list\"> <li><strong>Reduzierer<\/strong> <ul class=\"wp-block-list\"> <li>Seine Aufgabe besteht darin, die Drehzahl zu reduzieren und gleichzeitig das Ausgangsdrehmoment zu erh\u00f6hen, aber auch die Lasttr\u00e4gheit zu reduzieren. <\/li>    <li>Der Reduzierer verf\u00fcgt \u00fcber normale Modelle und anpassbare Modelle. Anpassbare Modelle sind sicherlich teurer als gew\u00f6hnliche Modelle.<\/li> <\/ul> <\/li>    <li><strong>Schredderklingen<\/strong> <ul class=\"wp-block-list\"> <li>Im Prozess des Materialschreddens ist die Klinge der Kern. Daher beeinflussen die Dicke, die Anzahl und die Qualit\u00e4t der Klingen den Preis der Maschine.<\/li>    <li>Generell gilt: Je dicker die Klingen und je gr\u00f6\u00dfer die Menge, desto teurer ist die Maschine.<\/li> <\/ul> <\/li> <\/ul>    <h2 class=\"wp-block-heading\"><strong>Warum sollten Sie den Shuliy-Zweiwellenzerkleinerer als erste Wahl w\u00e4hlen?<\/strong><\/h2>    <ul class=\"wp-block-list\"> <li><strong>Hochwertige und langlebige Ger\u00e4tequalit\u00e4t<\/strong> <ul class=\"wp-block-list\"> <li>Der Doppelwellenzerkleinerer von Shuliy besteht aus hochfestem Stahl und ist mit verschlei\u00dffesten und korrosionsbest\u00e4ndigen Messern ausgestattet.<\/li>    <li>Die Ausr\u00fcstung kann verschiedene Materialien (wie Altmetall, Reifen usw.) mit ausgezeichneter Stabilit\u00e4t und langer Lebensdauer verarbeiten.<\/li> <\/ul> <\/li>    <li><strong>Hocheffiziente Zerkleinerungstechnologie<\/strong> <ul class=\"wp-block-list\"> <li>Unser Doppelwellen-Zerkleinerer verf\u00fcgt \u00fcber ein fortschrittliches Design mit langsamer Geschwindigkeit und hohem Drehmoment, das effektiv mit verschiedenen Arten von schwer zu zerkleinernden Materialien umgehen kann. <\/li>    <li>Es verf\u00fcgt nicht nur \u00fcber eine hohe Arbeitseffizienz, sondern auch \u00fcber einen geringen Energieverbrauch, was die Ressourcenr\u00fcckgewinnung und Abfallentsorgung erheblich verbessert.<\/li> <\/ul> <\/li>    <li><strong>Professionelle Dienstleistungen aus einer Hand<\/strong> <ul class=\"wp-block-list\"> <li>Shuliy bietet einen One-Stop-Service von der Beratung vor dem Verkauf bis zur Wartung nach dem Verkauf. <\/li>    <li>Wir k\u00f6nnen Aktenvernichterl\u00f6sungen entsprechend Ihren spezifischen Produktionsanforderungen anpassen, z. B. Klingennummer, Klingenmaterial, Spannung usw.<\/li> <\/ul> <\/li>    <li><strong>Komplettes Kundendienstsystem<\/strong> <ul class=\"wp-block-list\"> <li>P\u00fcnktliche und durchdachte Kundendienste, einschlie\u00dflich Installations- und Inbetriebnahmeanleitungen, Betriebsschulungen, Ersatzteilversorgung und Fehlerbehebung usw.<\/li> <\/ul> <\/li> <\/ul>    <figure class=\"wp-block-gallery aligncenter has-nested-images columns-default is-cropped wp-block-gallery-6 is-layout-flex wp-block-gallery-is-layout-flex\"> <figure class=\"wp-block-image size-full\"><img loading=\"lazy\" decoding=\"async\" width=\"720\" height=\"540\" data-id=\"3556\" src=\"https:\/\/www.baler-machines.com\/wp-content\/uploads\/2024\/01\/double-shaft-shredder-machine-in-stock.webp\" alt=\"Doppelschaft-Schreddermaschine auf Lager\" class=\"wp-image-3556\" title=\"\"><figcaption class=\"wp-element-caption\">Doppelwellen-Zerkleinerungsmaschine auf Lager<\/figcaption><\/figure>    <figure class=\"wp-block-image size-large\"><img loading=\"lazy\" decoding=\"async\" width=\"720\" height=\"540\" data-id=\"3555\" src=\"https:\/\/www.baler-machines.com\/wp-content\/uploads\/2022\/08\/twin-shaft-shredder-manufacturer.webp\" alt=\"Hersteller von Zwillingsschaft-Schreddern\" class=\"wp-image-3555\" title=\"\"><figcaption class=\"wp-element-caption\">Hersteller von Doppelwellenzerkleinerern<\/figcaption><\/figure> <\/figure>    <h2 class=\"wp-block-heading\"><strong>Kontaktieren Sie uns, um Ihr Abfallrecyclingunternehmen zu starten!<\/strong><\/h2>    <p>Starten Sie Ihr Abfallrecyclinggesch\u00e4ft mit Shuliy! <\/p>    <p class=\"translation-block\">Wir bieten eine Komplettl\u00f6sung f\u00fcr Abfallverarbeitungsanlagen, wie z. B. Zweiwellen-Zerkleinerer, <a href=\"https:\/\/www.baler-machines.com\/de\/horizontal-metal-baler\/\">Metallballenpressen<\/a>, Metallschneider usw.<\/p>    <p class=\"translation-block\">Von <a href=\"https:\/\/en.wikipedia.org\/wiki\/Scrap\" target=\"_blank\" rel=\"noopener\">Schrottmetall<\/a> bis zu Altreifen \u2013 wir helfen Ihnen, Abf\u00e4lle effizient in wertvolle Ressourcen umzuwandeln. Kontaktieren Sie uns noch heute f\u00fcr eine umweltfreundlichere Gesch\u00e4ftspraxis!<\/p>","protected":false},"excerpt":{"rendered":"<p>Doppelwellenzerkleinerer (Doppelwellenzerkleinerer) sind auf die Zerkleinerung verschiedener Materialien wie Metall, Kunststoff usw. in kleine Partikel f\u00fcr das Recycling spezialisiert.<\/p>","protected":false},"author":1,"featured_media":2476,"parent":0,"template":"","tags":[578,581,579,580,632],"product-type":[561],"class_list":["post-2448","product","type-product","status-publish","has-post-thumbnail","hentry","tag-double-shaft-shredder","tag-dual-shaft-shredder","tag-scrap-metal-crusher","tag-scrap-metal-shredder","tag-shredder","product-type-industrial-shredder"],"_links":{"self":[{"href":"https:\/\/www.baler-machines.com\/de\/wp-json\/wp\/v2\/product\/2448","targetHints":{"allow":["GET"]}}],"collection":[{"href":"https:\/\/www.baler-machines.com\/de\/wp-json\/wp\/v2\/product"}],"about":[{"href":"https:\/\/www.baler-machines.com\/de\/wp-json\/wp\/v2\/types\/product"}],"author":[{"embeddable":true,"href":"https:\/\/www.baler-machines.com\/de\/wp-json\/wp\/v2\/users\/1"}],"wp:featuredmedia":[{"embeddable":true,"href":"https:\/\/www.baler-machines.com\/de\/wp-json\/wp\/v2\/media\/2476"}],"wp:attachment":[{"href":"https:\/\/www.baler-machines.com\/de\/wp-json\/wp\/v2\/media?parent=2448"}],"wp:term":[{"taxonomy":"post_tag","embeddable":true,"href":"https:\/\/www.baler-machines.com\/de\/wp-json\/wp\/v2\/tags?post=2448"},{"taxonomy":"product-type","embeddable":true,"href":"https:\/\/www.baler-machines.com\/de\/wp-json\/wp\/v2\/product-type?post=2448"}],"curies":[{"name":"wp","href":"https:\/\/api.w.org\/{rel}","templated":true}]}}