{"id":2376,"date":"2022-08-01T06:52:35","date_gmt":"2022-08-01T06:52:35","guid":{"rendered":"https:\/\/www.baler-machines.com\/?post_type=product&#038;p=2376"},"modified":"2025-04-30T15:44:21","modified_gmt":"2025-04-30T07:44:21","slug":"waste-tire-shredder","status":"publish","type":"product","link":"https:\/\/www.baler-machines.com\/de\/waste-tire-shredder\/","title":{"rendered":"Kommerzieller Altreifenzerkleinerer f\u00fcr das Reifenrecycling"},"content":{"rendered":"<p class=\"translation-block\">Shuliy <strong>Abfallreifenschredder<\/strong> ist ein Dual-Wellen-Industrieller Schredder, der speziell zum Zerkleinern verschiedener Arten von Abfallreifen konzipiert ist, wie z.B. Autoreifen, Busreifen, Lkw-Reifen usw. <\/p>    <p>Die Verarbeitungskapazit\u00e4t betr\u00e4gt 400\u20132000 kg\/h. Die Gr\u00f6\u00dfe des geschredderten Reifens betr\u00e4gt 50\u2013150 mm.<\/p>    <p>Dieses Reifenzerkleinerungsger\u00e4t verf\u00fcgt \u00fcber zwei gegenl\u00e4ufig rotierende Wellen, die mit scharfen Schneidmessern ausgestattet sind, um das Material effizient zu scheren und zu zerkleinern. Als Antriebssystem k\u00f6nnen Sie je nach Bedarf einen Dieselmotor oder einen Elektromotor w\u00e4hlen.<\/p>    <p>Dar\u00fcber hinaus kann der zum Verkauf stehende Reifenzerkleinerer mit einem zus\u00e4tzlichen Sieb ausgestattet werden, das haupts\u00e4chlich f\u00fcr die spezifischen Anforderungen der Endprodukte verwendet wird.<\/p>    <figure class=\"wp-block-gallery aligncenter has-nested-images columns-default is-cropped wp-block-gallery-2 is-layout-flex wp-block-gallery-is-layout-flex\"> <figure class=\"wp-block-image size-large\"><img loading=\"lazy\" decoding=\"async\" width=\"720\" height=\"540\" data-id=\"2401\" src=\"https:\/\/www.baler-machines.com\/wp-content\/uploads\/2022\/08\/large-tire-recycling-shredder.webp\" alt=\"Gro\u00dfreifen-Recycling-Schredder\" class=\"wp-image-2401\" title=\"\"><figcaption class=\"wp-element-caption\">Gro\u00dfer Reifenrecycling-Schredder<\/figcaption><\/figure>    <figure class=\"wp-block-image size-large\"><img loading=\"lazy\" decoding=\"async\" width=\"720\" height=\"540\" data-id=\"2402\" src=\"https:\/\/www.baler-machines.com\/wp-content\/uploads\/2022\/08\/truck-tyre-shredder.webp\" alt=\"LKW-Reifenzerkleinerer\" class=\"wp-image-2402\" title=\"\"><figcaption class=\"wp-element-caption\">LKW-Reifenzerkleinerer<\/figcaption><\/figure> <\/figure>    <p>Wenn Sie nach L\u00f6sungen f\u00fcr das Recycling von Altreifen suchen, ist dieser Doppelwellen-Reifenzerkleinerer eine gute Wahl f\u00fcr Sie.<\/p>    <figure class=\"wp-block-embed is-type-video is-provider-youtube wp-block-embed-youtube wp-embed-aspect-16-9 wp-has-aspect-ratio\"><div class=\"wp-block-embed__wrapper\"> <iframe loading=\"lazy\" title=\"Doppelwellenzerkleinerer f\u00fcr Autoreifen, Busreifen, LKW-Reifen zum Gummirecycling! Reifenzerkleinerer zu verkaufen\" width=\"500\" height=\"281\" src=\"https:\/\/www.youtube.com\/embed\/DtpE0U9NzC8?feature=oembed\" frameborder=\"0\" allow=\"accelerometer; autoplay; clipboard-write; encrypted-media; gyroscope; picture-in-picture; web-share\" referrerpolicy=\"strict-origin-when-cross-origin\" allowfullscreen><\/iframe> <\/div><figcaption class=\"wp-element-caption\">Video zum Altreifenzerkleinerer<\/figcaption><\/figure>    <h2 class=\"wp-block-heading\"><strong>Welche Reifen k\u00f6nnen mit dem Altreifenzerkleinerer zerkleinert werden?<\/strong><\/h2>    <p>Welche Materialien k\u00f6nnen mit dem Shuliy-Altreifenzerkleinerer zerkleinert werden? Lassen Sie uns unten einen Blick darauf werfen.<\/p>    <p class=\"translation-block\"><strong>Autoreifen, Busreifen, Lkw-Reifen, Luftreifen und Vollreifen, Ingenieurreifen, Gummireifen, Diagonalreifen, Radialreifen<\/strong> usw.<\/p>    <figure class=\"wp-block-gallery has-nested-images columns-default is-cropped wp-block-gallery-3 is-layout-flex wp-block-gallery-is-layout-flex\"> <figure class=\"wp-block-image size-large\"><img loading=\"lazy\" decoding=\"async\" width=\"720\" height=\"540\" data-id=\"1010\" src=\"https:\/\/www.baler-machines.com\/wp-content\/uploads\/2021\/11\/scrap-tyres.jpg\" alt=\"Altreifen\" class=\"wp-image-1010\" title=\"\"><figcaption class=\"wp-element-caption\">Altreifen<\/figcaption><\/figure>    <figure class=\"wp-block-image size-large\"><img loading=\"lazy\" decoding=\"async\" width=\"720\" height=\"540\" data-id=\"1533\" src=\"https:\/\/www.baler-machines.com\/wp-content\/uploads\/2022\/02\/scrap-tires.jpg\" alt=\"Altreifen\" class=\"wp-image-1533\" title=\"\"><figcaption class=\"wp-element-caption\">Altreifen<\/figcaption><\/figure> <\/figure>    <figure class=\"wp-block-embed is-type-video is-provider-youtube wp-block-embed-youtube wp-embed-aspect-4-3 wp-has-aspect-ratio\"><div class=\"wp-block-embed__wrapper\"> <iframe loading=\"lazy\" title=\"Leistungsstarker Doppelwellenzerkleinerer f\u00fcr die Recycling von Altreifen | Shuliy-Reifenzerkleinerer f\u00fcr die Wiederverwendung von Gummi\" width=\"500\" height=\"375\" src=\"https:\/\/www.youtube.com\/embed\/axPWvRhRWy0?feature=oembed\" frameborder=\"0\" allow=\"accelerometer; autoplay; clipboard-write; encrypted-media; gyroscope; picture-in-picture; web-share\" referrerpolicy=\"strict-origin-when-cross-origin\" allowfullscreen><\/iframe> <\/div><figcaption class=\"wp-element-caption\">Video von einem Gummireifenzerkleinerer<\/figcaption><\/figure>    <h2 class=\"wp-block-heading\"><strong>Anwendungsgebiete von geschreddertem Reifen<\/strong><\/h2>    <p>Welchen Nutzen haben Reifenteile nach der Reifenzerkleinerung? Hier sind einige Verwendungsm\u00f6glichkeiten als Referenz.<\/p>    <ul class=\"wp-block-list\"> <li><strong>Ausbesserung von Sportpl\u00e4tzen<\/strong>: Laufbahnen, Schulsportpl\u00e4tze, umliegende Schwimmb\u00e4der und Gartenwege, Bowlingbahnen, Gehwege, Kindergartensportpl\u00e4tze und Spielpl\u00e4tze, Tennis- und Basketballpl\u00e4tze.<\/li>    <li><strong>Automobilindustrie<\/strong>: Fu\u00dfmatten f\u00fcr Z\u00fcge, Bodenbel\u00e4ge f\u00fcr Autos und LKWs, Alltagsmaterialien f\u00fcr die Schifffahrt, Reifen und Reifenpolster.<\/li>    <li><strong>Bauindustrie<\/strong>: Klebstoffe\/Dichtstoffe, Krankenh\u00e4user, Unternehmen, Badezimmerb\u00f6den, Isoliermaterialien, Beschichtungen, D\u00e4mme, Lagerh\u00e4user, Teiche, Abfallbehandlungsstationen, Hausschilder, Platten, wasserabweisende Materialien, Sto\u00dfschutz, Spulen, wasserabweisende Materialien f\u00fcr D\u00e4cher und W\u00e4nde.<\/li>    <li><strong>Herstellung von recycelten Kautschukaminen<\/strong>: Wird bei der Herstellung verschiedener Gummisysteme verwendet.<\/li> <\/ul>    <figure class=\"wp-block-gallery has-nested-images columns-default is-cropped wp-block-gallery-4 is-layout-flex wp-block-gallery-is-layout-flex\"> <figure class=\"wp-block-image size-large\"><img loading=\"lazy\" decoding=\"async\" width=\"750\" height=\"750\" data-id=\"3846\" src=\"https:\/\/www.baler-machines.com\/wp-content\/uploads\/2022\/08\/rubber-floor-mat.webp\" alt=\"Gummibodenmatte\" class=\"wp-image-3846\" title=\"\" srcset=\"https:\/\/www.baler-machines.com\/wp-content\/uploads\/2022\/08\/rubber-floor-mat.webp 750w, https:\/\/www.baler-machines.com\/wp-content\/uploads\/2022\/08\/rubber-floor-mat-12x12.webp 12w\" sizes=\"auto, (max-width: 750px) 100vw, 750px\" \/><figcaption class=\"wp-element-caption\">Gummi-Bodenmatte<\/figcaption><\/figure>    <figure class=\"wp-block-image size-large\"><img loading=\"lazy\" decoding=\"async\" width=\"1067\" height=\"800\" data-id=\"3847\" src=\"https:\/\/www.baler-machines.com\/wp-content\/uploads\/2022\/08\/sports-track.webp\" alt=\"Sportbahn\" class=\"wp-image-3847\" title=\"\" srcset=\"https:\/\/www.baler-machines.com\/wp-content\/uploads\/2022\/08\/sports-track.webp 1067w, https:\/\/www.baler-machines.com\/wp-content\/uploads\/2022\/08\/sports-track-768x576.webp 768w, https:\/\/www.baler-machines.com\/wp-content\/uploads\/2022\/08\/sports-track-16x12.webp 16w\" sizes=\"auto, (max-width: 1067px) 100vw, 1067px\" \/><figcaption class=\"wp-element-caption\">Sportstrecke<\/figcaption><\/figure> <\/figure>    <h2 class=\"wp-block-heading\"><strong>Herausragende Eigenschaften des Doppelwellen-Reifenzerkleinerers<\/strong><\/h2>    <ul id=\"block-e2b6a6b1-5a27-46b1-909a-c446d950caa5\" class=\"wp-block-list\"> <li><strong>Hinzuf\u00fcgen eines Siebes f\u00fcr die Reifenzerkleinerung<\/strong> <ul class=\"wp-block-list\"> <li>Die fertigen Reifen aus dem Shreddern sind unregelm\u00e4\u00dfig. <\/li>    <li>Durch den Einsatz von Sieben kann die Gr\u00f6\u00dfe des Endprodukts besser kontrolliert werden.<\/li> <\/ul> <\/li>    <li><strong>Erweiterter Einlass<\/strong> <ul class=\"wp-block-list\"> <li>Der Einlassanschluss ist verl\u00e4ngert und es handelt sich um einen geneigten Einlass. Das Material gelangt gut in die Arbeitskammer.<\/li> <\/ul> <\/li> <\/ul>   <div class=\"wp-block-image\"> <figure class=\"aligncenter size-full\"><img loading=\"lazy\" decoding=\"async\" width=\"720\" height=\"540\" src=\"https:\/\/www.baler-machines.com\/wp-content\/uploads\/2022\/08\/industrial-waste-tire-shredder-with-screen-and-enlarged-inlet.webp\" alt=\"Industrieller Altreifenzerkleinerer mit Sieb und vergr\u00f6\u00dfertem Einlass\" class=\"wp-image-3852\" title=\"\" srcset=\"https:\/\/www.baler-machines.com\/wp-content\/uploads\/2022\/08\/industrial-waste-tire-shredder-with-screen-and-enlarged-inlet.webp 720w, https:\/\/www.baler-machines.com\/wp-content\/uploads\/2022\/08\/industrial-waste-tire-shredder-with-screen-and-enlarged-inlet-16x12.webp 16w\" sizes=\"auto, (max-width: 720px) 100vw, 720px\" \/><figcaption class=\"wp-element-caption\">Industrieller Altreifenzerkleinerer mit Sieb und vergr\u00f6\u00dfertem Einlass<\/figcaption><\/figure> <\/div>   <ul id=\"block-e2b6a6b1-5a27-46b1-909a-c446d950caa5\" class=\"wp-block-list\"> <li><strong>Starke Scherkraft<\/strong> <ul class=\"wp-block-list\"> <li>Das einzigartige Rotationsmesser wird hinsichtlich Dicke, Form, Anordnungsreihenfolge usw. entworfen und verarbeitet. <\/li>    <li>Es verf\u00fcgt \u00fcber eine starke Scherkraft und scharfe Klingen, die Materialien zum Zerkleinern effizient greifen k\u00f6nnen.<\/li> <\/ul> <\/li>    <li><strong>Stabiler Betrieb mit fortschrittlichem Untersetzungsgetriebe<\/strong> <ul class=\"wp-block-list\"> <li>Niedrige Geschwindigkeit, geringer L\u00e4rm und weniger Staub.<\/li> <\/ul> <\/li>    <li><strong>Scharfe und langlebige Klingen<\/strong> <ul class=\"wp-block-list\"> <li>Die Klinge dieses Altreifenzerkleinerers besteht aus einer Spezialstahllegierung, die robust und langlebig ist. <\/li>    <li>Es stehen verschiedene Klingenformen zur Verf\u00fcgung.<\/li> <\/ul> <\/li> <\/ul>   <div class=\"wp-block-image\"> <figure class=\"aligncenter size-full\"><img loading=\"lazy\" decoding=\"async\" width=\"720\" height=\"540\" src=\"https:\/\/www.baler-machines.com\/wp-content\/uploads\/2022\/02\/waste-tyre-shredder-blades.jpg\" alt=\"Altreifen-Schreddermesser\" class=\"wp-image-1515\" title=\"\"><figcaption class=\"wp-element-caption\">Altreifen-Schreddermesser<\/figcaption><\/figure> <\/div>   <ul class=\"wp-block-list\"> <li><strong>Ausgestattet mit dem F\u00f6rderband zum Entladen<\/strong>. Nach der Zerkleinerung kann ein F\u00f6rderband zur einfachen Entleerung genutzt werden.<\/li> <\/ul>   <div class=\"wp-block-image\"> <figure class=\"aligncenter size-full\"><img loading=\"lazy\" decoding=\"async\" width=\"720\" height=\"540\" src=\"https:\/\/www.baler-machines.com\/wp-content\/uploads\/2022\/08\/shredder-with-conveyor-belt.webp\" alt=\"Aktenvernichter mit F\u00f6rderband\" class=\"wp-image-3854\" title=\"\" srcset=\"https:\/\/www.baler-machines.com\/wp-content\/uploads\/2022\/08\/shredder-with-conveyor-belt.webp 720w, https:\/\/www.baler-machines.com\/wp-content\/uploads\/2022\/08\/shredder-with-conveyor-belt-16x12.webp 16w\" sizes=\"auto, (max-width: 720px) 100vw, 720px\" \/><figcaption class=\"wp-element-caption\">Aktenvernichter mit F\u00f6rderband<\/figcaption><\/figure> <\/div>   <h2 class=\"wp-block-heading\" id=\"h-what-are-the-parameters-of-the-tire-recycling-and-shredding-machine\"><strong>Spezifikationen des zum Verkauf stehenden Shuliy-Reifenzerkleinerers<\/strong><\/h2>    <figure class=\"wp-block-table\"><table><tbody><tr><td>Modell<\/td><td>SL-1800<\/td><td>SL-1600<\/td><td>SL-1300<\/td><td>SL-1200<\/td><td>SL-1000<\/td><\/tr><tr><td>Motor <\/td><td>Siemens<\/td><td>Siemens<\/td><td>Siemens<\/td><td>Siemens<\/td><td>Siemens<\/td><\/tr><tr><td>Leistung<\/td><td>75 kW*2\/55 kW*2<\/td><td>45 kW*2<\/td><td>45 kW*2\/37 kW*2<\/td><td>45 kW*2\/22 kW*2<\/td><td>22 kW*2<\/td><\/tr><tr><td>Stromspannung<\/td><td>Wie gew\u00fcnscht<\/td><td>Wie gew\u00fcnscht<\/td><td>Wie gew\u00fcnscht<\/td><td>Wie gew\u00fcnscht<\/td><td>Wie gew\u00fcnscht<\/td><\/tr><tr><td>Schneidkammer (L*B)<\/td><td>1804*1410mm<\/td><td>1604*1360mm<\/td><td>1304*920mm<\/td><td>1204*920mm<\/td><td>1000*680mm<\/td><\/tr><tr><td>Klingendurchmesser<\/td><td>750mm<\/td><td>560mm<\/td><td>450mm<\/td><td>450mm<\/td><td>450mm<\/td><\/tr><tr><td>Abmessungen (L*B*H)<\/td><td>5870*2450*3890mm<\/td><td>5260*2420*3890mm<\/td><td>5120*2010*3100mm<\/td><td>5010*1710*3100mm<\/td><td>3800*1400*2100mm<\/td><\/tr><tr><td>Gewicht<\/td><td>25000 kg<\/td><td>2200kg<\/td><td>17500 kg<\/td><td>15500 kg<\/td><td>6000kg<\/td><\/tr><tr><td>Trichter\u00f6ffnung (L*B*H)<\/td><td>2790*2450*1100mm<\/td><td>2760*2410*1100mm<\/td><td>2050*1650*1000mm<\/td><td>1850*1650*900mm<\/td><td>1300*1400*700mm<\/td><\/tr><tr><td>Endprodukt<\/td><td>50-150mm<\/td><td>50-150mm<\/td><td>50-150mm<\/td><td>50-150mm<\/td><td>50-150mm<\/td><\/tr><\/tbody><\/table><figcaption class=\"wp-element-caption\">Technische Parameter des Doppelwellen-Altreifenzerkleinerers<\/figcaption><\/figure>    <p>Wir haben viele Arten von Reifenrecycling-Schreddern zum Verkauf, die Ihren unterschiedlichen Anforderungen gerecht werden k\u00f6nnen.<\/p>    <p>Wenn Sie zum Beispiel kleine Autoreifen zerkleinern m\u00f6chten und der Gr\u00f6\u00dfenbedarf etwa 10 cm betr\u00e4gt, dann ist der kleine Zerkleinerer f\u00fcr Sie geeignet.<\/p>    <p>Wenn Sie mehr wissen m\u00f6chten, nehmen Sie jederzeit Kontakt zu uns auf!<\/p>   <div class=\"wp-block-image\"> <figure class=\"aligncenter size-full\"><img loading=\"lazy\" decoding=\"async\" width=\"720\" height=\"540\" src=\"https:\/\/www.baler-machines.com\/wp-content\/uploads\/2022\/08\/commercial-scrap-tire-shredder.webp\" alt=\"kommerzieller Altreifenzerkleinerer\" class=\"wp-image-3857\" title=\"\" srcset=\"https:\/\/www.baler-machines.com\/wp-content\/uploads\/2022\/08\/commercial-scrap-tire-shredder.webp 720w, https:\/\/www.baler-machines.com\/wp-content\/uploads\/2022\/08\/commercial-scrap-tire-shredder-16x12.webp 16w\" sizes=\"auto, (max-width: 720px) 100vw, 720px\" \/><figcaption class=\"wp-element-caption\">kommerzieller Altreifenzerkleinerer<\/figcaption><\/figure> <\/div>   <h2 class=\"wp-block-heading\"><strong>Struktur des Shuliy-Altreifenzerkleinerers<\/strong><\/h2>    <p>Die Hauptkomponenten der Doppelwellen-Reifenzerkleinerungsmaschine sind der Einlass, die Arbeitskammer, zwei Motoren, das Getriebe, das F\u00f6rderband, das Sieb, zwei Untersetzungsgetriebe usw.<\/p>   <div class=\"wp-block-image\"> <figure class=\"aligncenter size-full\"><img loading=\"lazy\" decoding=\"async\" width=\"720\" height=\"540\" src=\"https:\/\/www.baler-machines.com\/wp-content\/uploads\/2022\/08\/structure-of-the-rubber-tire-shredder-.webp\" alt=\"Aufbau des Gummireifenzerkleinerers\" class=\"wp-image-2393\" title=\"\"><figcaption class=\"wp-element-caption\">Aufbau des Gummireifenzerkleinerers<\/figcaption><\/figure> <\/div>   <h2 class=\"wp-block-heading\"><strong>Warum einen industriellen Reifenzerkleinerer zum Zerkleinern verwenden?<\/strong><\/h2>    <p>Reifen sind sehr stark und k\u00f6nnen mit gew\u00f6hnlichen Maschinen nur schwer zerkleinert werden.<\/p>    <ul class=\"wp-block-list\"> <li>Manche Menschen sind auf den Kauf teurer oder leistungsstarker Ger\u00e4te mit geringem Wirkungsgrad angewiesen, aber die Investitionskosten sind zu hoch.<\/li>    <li>Manche schneiden Altreifen von Hand und zerkleinern sie dann, was eine geringe Recyclingeffizienz und einen hohen Zeitaufwand darstellt.<\/li> <\/ul>    <p>Um Altreifen in gro\u00dfen Mengen wirtschaftlich und effektiv zu verwerten, nutzen wir den Altreifenzerkleinerer Shuliy.<\/p>   <div class=\"wp-block-image\"> <figure class=\"aligncenter size-full\"><img loading=\"lazy\" decoding=\"async\" width=\"720\" height=\"540\" src=\"https:\/\/www.baler-machines.com\/wp-content\/uploads\/2022\/02\/scrap-tire-shredder-with-annular-trommel-screen.jpg\" alt=\"Altreifenzerkleinerer mit Ringtrommelsieb\" class=\"wp-image-1513\" title=\"\"><figcaption class=\"wp-element-caption\">Altreifenzerkleinerer mit Ringtrommelsieb<\/figcaption><\/figure> <\/div>   <p>Nach dem Zerkleinern bietet es folgende Vorteile: <\/p>    <ul class=\"wp-block-list\"> <li>Verbessern Sie die Sch\u00fcttdichte und senken Sie die Transportkosten<\/li>    <li>Mahlen Sie Reifenst\u00fccke bequem zu Pulver f\u00fcr die Tiefenverarbeitung<\/li>    <li>Weiterverarbeitung von Reifen zu Gummiprodukten <\/li>    <li>Verkaufen Sie Reifenteile an Recyclingstationen oder Autoh\u00e4user, die Reifen reparieren<\/li> <\/ul>    <figure class=\"wp-block-gallery aligncenter has-nested-images columns-default is-cropped wp-block-gallery-5 is-layout-flex wp-block-gallery-is-layout-flex\"> <figure class=\"wp-block-image size-large\"><img loading=\"lazy\" decoding=\"async\" width=\"720\" height=\"540\" data-id=\"1512\" src=\"https:\/\/www.baler-machines.com\/wp-content\/uploads\/2022\/02\/shredded-tire-pieces.jpg\" alt=\"zerkleinerte Reifenst\u00fccke\" class=\"wp-image-1512\" title=\"\"><figcaption class=\"wp-element-caption\">Geschredderte Reifenst\u00fccke<\/figcaption><\/figure>    <figure class=\"wp-block-image size-large\"><img loading=\"lazy\" decoding=\"async\" width=\"720\" height=\"540\" data-id=\"1543\" src=\"https:\/\/www.baler-machines.com\/wp-content\/uploads\/2022\/02\/waste-tire-being-processed-and-shredded-tires-1.jpg\" alt=\"Aufbereitete Altreifen und geschredderte Reifen \u2013 1\" class=\"wp-image-1543\" title=\"\"><figcaption class=\"wp-element-caption\">Altreifen werden verarbeitet und Reifen geschreddert <\/figcaption><\/figure> <\/figure>    <h2 class=\"wp-block-heading\" id=\"h-how-to-use-the-scrap-car-tire-shredder-machine-safely\"><strong>Wie verwende ich die Schreddermaschine f\u00fcr Altautoreifen sicher?<\/strong><\/h2>    <ol class=\"wp-block-list\"> <li>Nachdem Sie den Altreifenzerkleinerer gestartet haben und ihn normal betreiben k\u00f6nnen, kann er ohne Materialzufuhr weiterarbeiten.<\/li>    <li>Achten Sie w\u00e4hrend des Betriebs auf Motordrehzahl, Ger\u00e4usch und Lagertemperatur.<\/li>    <li>Achten Sie bei der manuellen Materialzuf\u00fchrung auf die Person. <ul class=\"wp-block-list\"> <li>Sie sollten an der Seite des Trichters stehen, die \u00c4rmel Ihrer Kleidung zubinden und eine Maske und eine Arbeitsm\u00fctze tragen.<\/li> <\/ul> <\/li>    <li>Kein h\u00e4ngendes Band, kein \u00d6len, Reinigen oder Entsorgen, wenn die Maschine in Betrieb ist.<\/li>    <li>Sie sollten den Motor abschalten, um die folgenden Probleme zu \u00fcberpr\u00fcfen: <ul class=\"wp-block-list\"> <li>Motorrauch<\/li>    <li>Blockierung<\/li>    <li>Schlechte Zerkleinerungsqualit\u00e4t<\/li>    <li>Lager\u00fcberhitzung (mehr als 60 Grad)<\/li> <\/ul> <\/li> <\/ol>    <figure class=\"wp-block-gallery aligncenter has-nested-images columns-default is-cropped wp-block-gallery-6 is-layout-flex wp-block-gallery-is-layout-flex\"> <figure class=\"wp-block-image size-large\"><img loading=\"lazy\" decoding=\"async\" width=\"720\" height=\"540\" data-id=\"3535\" src=\"https:\/\/www.baler-machines.com\/wp-content\/uploads\/2022\/08\/heavy-duty-double-shaft-tire-shredder-for-sale.webp\" alt=\"schwere doppelte Wellenreifenzerkleinerer zu verkaufen\" class=\"wp-image-3535\" title=\"\"><figcaption class=\"wp-element-caption\">Hochleistungs-Doppelwellen-Reifenzerkleinerer zu verkaufen<\/figcaption><\/figure>    <figure class=\"wp-block-image size-large\"><img loading=\"lazy\" decoding=\"async\" width=\"720\" height=\"540\" data-id=\"3536\" src=\"https:\/\/www.baler-machines.com\/wp-content\/uploads\/2022\/08\/industrial-rubber-tire-shredder.webp\" alt=\"industrieller Gummireifenzerkleinerer\" class=\"wp-image-3536\" title=\"\"><figcaption class=\"wp-element-caption\">Industrieller Gummireifenzerkleinerer<\/figcaption><\/figure> <\/figure>    <h2 class=\"wp-block-heading\"><strong>Zugeh\u00f6rige Ausr\u00fcstung f\u00fcr das Altreifenrecycling<\/strong><\/h2>    <p>Als professioneller Shredder-Hersteller und -Lieferant verf\u00fcgen wir auch \u00fcber die hydraulische Ballenpresse f\u00fcr Altreifen. <\/p>    <p class=\"translation-block\">Durch das hydraulische System kann der <a href=\"https:\/\/www.baler-machines.com\/de\/hydraulic-tyre-tire-baler-for-sale\/\">Abfallreifenballenpress<\/a> gro\u00dfe Mengen an Reifen eng verpacken, das Volumen reduzieren und Lagerraum sowie Transportkosten sparen.<\/p>    <p>Bei Interesse k\u00f6nnen Sie uns gerne f\u00fcr weitere Details kontaktieren!<\/p>    <figure class=\"wp-block-gallery has-nested-images columns-default is-cropped wp-block-gallery-7 is-layout-flex wp-block-gallery-is-layout-flex\"> <figure class=\"wp-block-image size-large\"><img loading=\"lazy\" decoding=\"async\" width=\"720\" height=\"540\" data-id=\"3075\" src=\"https:\/\/www.baler-machines.com\/wp-content\/uploads\/2023\/03\/automatic-tyre-baler-machine.webp\" alt=\"automatische Reifenpressmaschine\" class=\"wp-image-3075\" title=\"\"><figcaption class=\"wp-element-caption\">Automatische Reifenballenpresse<\/figcaption><\/figure>    <figure class=\"wp-block-image size-full\"><img loading=\"lazy\" decoding=\"async\" width=\"720\" height=\"540\" data-id=\"3404\" src=\"https:\/\/www.baler-machines.com\/wp-content\/uploads\/2023\/08\/vertical-waste-baler.webp\" alt=\"Vertikale M\u00fcllballenpresse\" class=\"wp-image-3404\" title=\"\"><figcaption class=\"wp-element-caption\">Vertikale M\u00fcllballenpresse<\/figcaption><\/figure> <\/figure>    <h2 class=\"wp-block-heading\"><strong>Fragen Sie nach den Preisen f\u00fcr Reifenzerkleinerer f\u00fcr das Reifenrecyclinggesch\u00e4ft!<\/strong><\/h2>    <p class=\"translation-block\">Der Preis f\u00fcr den Reifenschredder ist unvermeidlich, wenn Sie <a href=\"https:\/\/en.wikipedia.org\/wiki\/Tire_recycling\" target=\"_blank\" rel=\"noopener\">Reifenrecycling<\/a> beginnen m\u00f6chten, um Einnahmen zu erzielen. <\/p>    <p>Kontaktieren Sie uns und teilen Sie uns Ihre Anforderungen mit, z. B. die Gr\u00f6\u00dfe des geschredderten Materials, die Leistung, Ihr Budget usw. Wir bieten Ihnen die beste L\u00f6sung f\u00fcr das Reifenrecycling sowie den Preis der Ausr\u00fcstung.<\/p>    <figure class=\"wp-block-embed is-type-video is-provider-youtube wp-block-embed-youtube wp-embed-aspect-16-9 wp-has-aspect-ratio\"><div class=\"wp-block-embed__wrapper\"> <iframe loading=\"lazy\" title=\"Wie kann man ganze Altreifen recyceln? Unglaublich scharfe Altreifenzerkleinerungsmaschine f\u00fcr jegliche Gummiabf\u00e4lle\" width=\"500\" height=\"281\" src=\"https:\/\/www.youtube.com\/embed\/AyZhn2cOwAw?feature=oembed\" frameborder=\"0\" allow=\"accelerometer; autoplay; clipboard-write; encrypted-media; gyroscope; picture-in-picture; web-share\" referrerpolicy=\"strict-origin-when-cross-origin\" allowfullscreen><\/iframe> <\/div><figcaption class=\"wp-element-caption\">Video eines Gummireifen-Recycling-Schredders<\/figcaption><\/figure>","protected":false},"excerpt":{"rendered":"<p>Der Shuliy-Altreifenzerkleinerer ist ein Industriezerkleinerer mit zwei Wellen, der sich insbesondere zum Zerkleinern verschiedener Arten von Altreifen eignet, z. B. Autoreifen, Busreifen, LKW-Reifen usw. <\/p>","protected":false},"author":1,"featured_media":2392,"parent":0,"template":"","tags":[569,634,637,568],"product-type":[561],"class_list":["post-2376","product","type-product","status-publish","has-post-thumbnail","hentry","tag-rubber-shredder","tag-tyre","tag-tyre-recycling","tag-waste-tire-shredder","product-type-industrial-shredder"],"_links":{"self":[{"href":"https:\/\/www.baler-machines.com\/de\/wp-json\/wp\/v2\/product\/2376","targetHints":{"allow":["GET"]}}],"collection":[{"href":"https:\/\/www.baler-machines.com\/de\/wp-json\/wp\/v2\/product"}],"about":[{"href":"https:\/\/www.baler-machines.com\/de\/wp-json\/wp\/v2\/types\/product"}],"author":[{"embeddable":true,"href":"https:\/\/www.baler-machines.com\/de\/wp-json\/wp\/v2\/users\/1"}],"wp:featuredmedia":[{"embeddable":true,"href":"https:\/\/www.baler-machines.com\/de\/wp-json\/wp\/v2\/media\/2392"}],"wp:attachment":[{"href":"https:\/\/www.baler-machines.com\/de\/wp-json\/wp\/v2\/media?parent=2376"}],"wp:term":[{"taxonomy":"post_tag","embeddable":true,"href":"https:\/\/www.baler-machines.com\/de\/wp-json\/wp\/v2\/tags?post=2376"},{"taxonomy":"product-type","embeddable":true,"href":"https:\/\/www.baler-machines.com\/de\/wp-json\/wp\/v2\/product-type?post=2376"}],"curies":[{"name":"wp","href":"https:\/\/api.w.org\/{rel}","templated":true}]}}