{"id":223,"date":"2019-12-10T07:52:25","date_gmt":"2019-12-10T07:52:25","guid":{"rendered":"http:\/\/test.yogurt-machine.com\/?p=223"},"modified":"2024-08-02T15:24:54","modified_gmt":"2024-08-02T07:24:54","slug":"vertical-metal-baler-hydraulic-metal-baling-machine","status":"publish","type":"product","link":"https:\/\/www.baler-machines.com\/de\/vertical-metal-baler-hydraulic-metal-baling-machine\/","title":{"rendered":"Vertikale Metallballenpresse | Hydraulische Ballenpresse"},"content":{"rendered":"<p class=\"translation-block\">Die <strong>vertikale Metallballenpresse<\/strong> von Shuliy dient dazu, alle Arten von Metallabf\u00e4llen (wie Stahlschrott, Aluminiumschrott, Kupferschrott usw.) durch hohen Druck zu Bl\u00f6cken zu pressen. Nach dem Pressen sind die gepressten Metallballen einfach zu lagern, zu transportieren und zu recyceln.<\/p>    <p>Die Ballenpressgeschwindigkeit der Maschine liegt zwischen 6 und 10 Ballen pro Minute. Es k\u00f6nnen Ballen mit den Gr\u00f6\u00dfen 800*400*800 mm, 800*400*600 mm, 1150*750*1000 mm usw. gepresst werden. Wir k\u00f6nnen die Ballengr\u00f6\u00dfe an Ihre Anforderungen anpassen.<\/p>   <div class=\"wp-block-image\"> <figure class=\"aligncenter size-full\"><img loading=\"lazy\" decoding=\"async\" width=\"720\" height=\"540\" src=\"https:\/\/www.baler-machines.com\/wp-content\/uploads\/2019\/12\/vertical-metal-baler-manufacturer.webp\" alt=\"Hersteller vertikaler Metallballenpressen\" class=\"wp-image-3951\" title=\"\" srcset=\"https:\/\/www.baler-machines.com\/wp-content\/uploads\/2019\/12\/vertical-metal-baler-manufacturer.webp 720w, https:\/\/www.baler-machines.com\/wp-content\/uploads\/2019\/12\/vertical-metal-baler-manufacturer-16x12.webp 16w\" sizes=\"auto, (max-width: 720px) 100vw, 720px\" \/><figcaption class=\"wp-element-caption\">Hersteller vertikaler Metallballenpressen<\/figcaption><\/figure> <\/div>   <p>Diese hydraulische Ballenpresse bietet die Vorteile einer einfachen Bedienung, vielf\u00e4ltiger Einsatzm\u00f6glichkeiten und Kosteneffizienz. <\/p>    <p>Unsere vertikale Ballenpresse kann auch zum Ballen von Kartons, Kleidung, Plastikflaschen usw. verwendet werden. Wenn Sie interessiert sind, kontaktieren Sie uns bitte gerne. <\/p>    <figure class=\"wp-block-embed is-type-video is-provider-youtube wp-block-embed-youtube wp-embed-aspect-16-9 wp-has-aspect-ratio\"><div class=\"wp-block-embed__wrapper\"> <iframe loading=\"lazy\" title=\"Vertikale Shuliy-Ballenpresse zum Komprimieren von Metallschrott, Pappe, \u00d6lf\u00e4ssern usw\" width=\"500\" height=\"281\" src=\"https:\/\/www.youtube.com\/embed\/f14rdDsu4WI?feature=oembed\" frameborder=\"0\" allow=\"accelerometer; autoplay; clipboard-write; encrypted-media; gyroscope; picture-in-picture; web-share\" referrerpolicy=\"strict-origin-when-cross-origin\" allowfullscreen><\/iframe> <\/div><figcaption class=\"wp-element-caption\">Video einer hydraulischen Vertikalballenpresse<\/figcaption><\/figure>    <h2 class=\"wp-block-heading\"><strong>Vorteile der hydraulischen Ballenpresse von Shuliy<\/strong><\/h2>    <ul class=\"wp-block-list\"> <li><strong>Kapazit\u00e4t von 6\u201310 Ballen pro Minute<\/strong>. Unsere Ballenpresse nutzt ein leistungsstarkes Hydrauliksystem, um den Abfall von 6\u201310 Ballen in einer Minute zu pressen, was effizient ist.<\/li>    <li><strong>Intelligentes Bedienfeld und intuitive Benutzeroberfl\u00e4che<\/strong>. This design is user-friendly. Even if you&#8217;re a new person can get started quickly.<\/li>    <li><strong>Ballenpressen vieler Arten von Metallmaterialien<\/strong>. Diese vertikale Metallballenpresse eignet sich f\u00fcr viele Arten von Metallabf\u00e4llen wie Stahlschrott, Aluminiumschrott, Kupferschrott usw. <\/li>    <li><strong>Kosteneffizienz<\/strong>. We&#8217;re factory direct sales. With upgraded technology, we can produce balers in batches, ensuring the quality while reducing the price, which is cost-effective.<\/li>    <li><strong>Geringe Wartungskosten<\/strong>. Der Ger\u00e4teaufbau ist einfach und leicht verst\u00e4ndlich. Die t\u00e4gliche Wartung ist sehr einfach und kosteng\u00fcnstig.<\/li>    <li><strong>Anpassbare Kompressionskraft, komprimierte Blockgr\u00f6\u00dfe und andere<\/strong>. Je nach Ihren Bed\u00fcrfnissen k\u00f6nnen wir diese individuell anpassen. Au\u00dferdem k\u00f6nnen wir Spannung, Leistung usw. anpassen. <\/li> <\/ul>   <div class=\"wp-block-image\"> <figure class=\"aligncenter size-full\"><img loading=\"lazy\" decoding=\"async\" width=\"720\" height=\"540\" src=\"https:\/\/www.baler-machines.com\/wp-content\/uploads\/2019\/12\/Shuliy-hydraulic-baling-press-in-the-factory.webp\" alt=\"Hydraulische Ballenpresse von Shuliy im Werk\" class=\"wp-image-3949\" title=\"\" srcset=\"https:\/\/www.baler-machines.com\/wp-content\/uploads\/2019\/12\/Shuliy-hydraulic-baling-press-in-the-factory.webp 720w, https:\/\/www.baler-machines.com\/wp-content\/uploads\/2019\/12\/Shuliy-hydraulic-baling-press-in-the-factory-16x12.webp 16w\" sizes=\"auto, (max-width: 720px) 100vw, 720px\" \/><figcaption class=\"wp-element-caption\">Hydraulische Ballenpresse von Shuliy im Werk<\/figcaption><\/figure> <\/div>   <h2 class=\"wp-block-heading\"><strong>Technische Parameter der hydraulischen vertikalen Metallballenpresse<\/strong><\/h2>    <figure class=\"wp-block-table\"><table><tbody><tr><td>Modell<\/td><td>SL-10T<\/td><td>SL-20T<\/td><td>SL-30T<\/td><td>SL-60T<\/td><td>SL-80T<\/td><\/tr><tr><td>Leistung<\/td><td>5,5 kW<\/td><td>7,5 kW<\/td><td>11 kW<\/td><td>15 kW<\/td><td>17 kW<\/td><\/tr><tr><td>Ballengr\u00f6\u00dfe<\/td><td>800*400*800mm<\/td><td>800*400*800mm<\/td><td>800*400*600mm<\/td><td>1150*750*1000mm<\/td><td>1150*750*1000mm<\/td><\/tr><tr><td>Druck<\/td><td>10t<\/td><td>20t<\/td><td>30t<\/td><td>60t<\/td><td>80t<\/td><\/tr><tr><td>Dimension<\/td><td>1400*700*2900mm<\/td><td>1400*700*2950mm<\/td><td>1450*800*2950mm<\/td><td>1700*1000*3200mm<\/td><td>1800*1000*3200mm<\/td><\/tr><tr><td>\u00d6lzylinder<\/td><td>\u03c6125<\/td><td>\u03c6160<\/td><td>\u03c6160<\/td><td>\u03c6160<\/td><td>\u03c6180<\/td><\/tr><tr><td>Ballengeschwindigkeit<\/td><td>8-10 Ballen\/Min<\/td><td>8-10 Ballen\/Min<\/td><td>8-10 Ballen\/Min<\/td><td>6-10 Ballen\/Min<\/td><td>6-10 Ballen\/Min<\/td><\/tr><tr><td>Gewicht<\/td><td>400kg<\/td><td>850kg<\/td><td>950kg<\/td><td>1600 kg<\/td><td>2000kg<\/td><\/tr><\/tbody><\/table><figcaption class=\"wp-element-caption\">Spezifikationen der vertikalen Ballenpresse<\/figcaption><\/figure>    <p>Unsere hydraulische Ballenpresse hat verschiedene Modelle zum Verkauf, n\u00e4mlich SL-10T, SL-20T, SL-30T, SL-60T, SL-80T usw. Wenn Sie interessiert sind, kontaktieren Sie uns f\u00fcr weitere Details!<\/p>    <figure class=\"wp-block-gallery aligncenter has-nested-images columns-default is-cropped wp-block-gallery-2 is-layout-flex wp-block-gallery-is-layout-flex\"> <figure class=\"wp-block-image size-full\"><img loading=\"lazy\" decoding=\"async\" width=\"720\" height=\"540\" data-id=\"3947\" src=\"https:\/\/www.baler-machines.com\/wp-content\/uploads\/2019\/12\/vertical-baler-for-sale.webp\" alt=\"Vertikalballenpresse zu verkaufen\" class=\"wp-image-3947\" title=\"\" srcset=\"https:\/\/www.baler-machines.com\/wp-content\/uploads\/2019\/12\/vertical-baler-for-sale.webp 720w, https:\/\/www.baler-machines.com\/wp-content\/uploads\/2019\/12\/vertical-baler-for-sale-16x12.webp 16w\" sizes=\"auto, (max-width: 720px) 100vw, 720px\" \/><figcaption class=\"wp-element-caption\">Vertikale Ballenpresse zu verkaufen<\/figcaption><\/figure>    <figure class=\"wp-block-image size-full\"><img loading=\"lazy\" decoding=\"async\" width=\"720\" height=\"540\" data-id=\"3953\" src=\"https:\/\/www.baler-machines.com\/wp-content\/uploads\/2019\/12\/small-and-big-vertical-baler-in-stock.webp\" alt=\"kleine und gro\u00dfe vertikale Ballenpressen auf Lager\" class=\"wp-image-3953\" title=\"\" srcset=\"https:\/\/www.baler-machines.com\/wp-content\/uploads\/2019\/12\/small-and-big-vertical-baler-in-stock.webp 720w, https:\/\/www.baler-machines.com\/wp-content\/uploads\/2019\/12\/small-and-big-vertical-baler-in-stock-16x12.webp 16w\" sizes=\"auto, (max-width: 720px) 100vw, 720px\" \/><figcaption class=\"wp-element-caption\">Kleine und gro\u00dfe Vertikalballenpressen auf Lager<\/figcaption><\/figure> <\/figure>    <h2 class=\"wp-block-heading\" id=\"h-main-applications-of-the-vertical-metal-baler\"><strong>Metallabf\u00e4lle und andere Abf\u00e4lle, die zu Ballen gepresst werden m\u00fcssen<\/strong><\/h2>    <p>Unsere Vertikalballenpresse ist multifunktional und f\u00fcr alle Arten der Abfallpressung geeignet. Jetzt stelle ich die Abfallmaterialien vor, die zu Ballen gepresst werden k\u00f6nnen.<\/p>    <figure class=\"wp-block-gallery has-nested-images columns-default is-cropped wp-block-gallery-3 is-layout-flex wp-block-gallery-is-layout-flex\"> <figure class=\"wp-block-image size-full\"><img loading=\"lazy\" decoding=\"async\" width=\"720\" height=\"440\" data-id=\"456\" src=\"https:\/\/www.baler-machines.com\/wp-content\/uploads\/2019\/12\/waste-aluminium-sheets-baling.jpg\" alt=\"Ballenpressen von Aluminiumabf\u00e4llen\" class=\"wp-image-456\" title=\"\"><figcaption class=\"wp-element-caption\">Ballenpressen von Aluminiumblechabf\u00e4llen<\/figcaption><\/figure>    <figure class=\"wp-block-image size-large\"><img loading=\"lazy\" decoding=\"async\" width=\"720\" height=\"411\" data-id=\"357\" src=\"https:\/\/www.baler-machines.com\/wp-content\/uploads\/2019\/12\/Car-shells-recycling-1.jpg\" alt=\"Autoschalen-Recycling\" class=\"wp-image-357\" title=\"\"><figcaption class=\"wp-element-caption\">Recycling von Autoschalen<\/figcaption><\/figure> <\/figure>    <ul class=\"wp-block-list\"> <li><strong>Stahlschrott<\/strong> <ul class=\"wp-block-list\"> <li>Stahlabf\u00e4lle, Stahlplatten, Stahlrohre, Stahlstangen und andere Schrottmaterialien in verschiedenen Formen.<\/li> <\/ul> <\/li>    <li><strong>Aluminiumschrott<\/strong> <ul class=\"wp-block-list\"> <li>Schrotten Sie Aluminiumdosen, Aluminiumplatten, Aluminiumtuben, Aluminiumfolie und andere Formen von Aluminiummaterialien.<\/li> <\/ul> <\/li>    <li><strong>Kupferschrott<\/strong> <ul class=\"wp-block-list\"> <li>Abf\u00e4lle von Kupferdr\u00e4hten, Kupferrohren, Kupferplatten, Kupfersp\u00e4nen usw.<\/li> <\/ul> <\/li>    <li><strong>Alteisen<\/strong> <ul class=\"wp-block-list\"> <li>Verschiedene Formen von Eisenmaterialien wie Eisenschrott, Eisenschrott, Eisendraht, Eisenplatten usw.<\/li> <\/ul> <\/li>    <li><strong>Edelstahlschrott<\/strong> <ul class=\"wp-block-list\"> <li>Abf\u00e4lle von Edelstahlger\u00e4ten, Edelstahlplatten, Edelstahlrohren und anderen Formen von Edelstahlmaterialien.<\/li> <\/ul> <\/li>    <li><strong>Altblei<\/strong> <ul class=\"wp-block-list\"> <li>Altbleiblech, Bleirohre, Bleibl\u00f6cke und andere Formen von Bleimaterialien.<\/li> <\/ul> <\/li>    <li><strong>Zinkschrott<\/strong> <ul class=\"wp-block-list\"> <li>Zinkplatten, Zinkrohre, Zinkbl\u00f6cke und andere Zinkabf\u00e4lle.<\/li> <\/ul> <\/li>    <li><strong>Legierungsabf\u00e4lle<\/strong> <ul class=\"wp-block-list\"> <li>Alle Arten von Metalllegierungsabf\u00e4llen, wie Kupferlegierungen, Aluminiumlegierungen, Nickellegierungen usw.<\/li> <\/ul> <\/li>    <li><strong>Elektronikschrott<\/strong> <ul class=\"wp-block-list\"> <li>Metallteile in elektronischen Altprodukten wie Dr\u00e4hten und Leiterplatten in den Metallkomponenten.<\/li> <\/ul> <\/li>    <li><strong>Andere<\/strong>: Altgummi, Kleidung, Altkarton, Rohre, Plastikflaschen, Dosen, Schaumstoff, Schwamm usw.<\/li> <\/ul>   <div class=\"wp-block-image\"> <figure class=\"aligncenter size-full\"><img loading=\"lazy\" decoding=\"async\" width=\"720\" height=\"500\" src=\"https:\/\/www.baler-machines.com\/wp-content\/uploads\/2022\/08\/applications-of-the-hydraulic-vertical-baler.webp\" alt=\"Anwendungen der hydraulischen Vertikalballenpresse\" class=\"wp-image-2667\" title=\"\"><figcaption class=\"wp-element-caption\">Anwendungen der hydraulischen Vertikalballenpresse<\/figcaption><\/figure> <\/div>   <h2 class=\"wp-block-heading\"><strong>Anwendungen der vertikalen Ballenpresse von Shuliy<\/strong><\/h2>    <p>Nachdem Sie die zu ballenden Schrottmaterialien kennen, sehen wir uns nun die Anwendungen an.<\/p>    <ul class=\"wp-block-list\"> <li><strong>Altmetallrecyclingstation<\/strong> <ul class=\"wp-block-list\"> <li>Wird verwendet, um verschiedene Metallabf\u00e4lle f\u00fcr den einfachen Transport und die Wiederverwendung zu Bl\u00f6cken zu komprimieren.<\/li> <\/ul> <\/li>    <li><strong>Metallverarbeitungsanlage<\/strong> <ul class=\"wp-block-list\"> <li>Im Produktionsprozess anfallender kompakter Metallschrott zu Bl\u00f6cken. Dadurch kann der Speicherplatz reduziert und die Ressourcennutzung verbessert werden.<\/li> <\/ul> <\/li>    <li><strong>Schrottsammelstationen<\/strong> <ul class=\"wp-block-list\"> <li>Komprimieren Sie verschiedene gekaufte Metallabf\u00e4lle zu Bl\u00f6cken. Dies verbessert die Transporteffizienz und senkt die Kosten.<\/li> <\/ul> <\/li> <\/ul>   <div class=\"wp-block-image is-resized\"> <figure class=\"aligncenter size-large\"><img loading=\"lazy\" decoding=\"async\" width=\"720\" height=\"411\" src=\"https:\/\/www.baler-machines.com\/wp-content\/uploads\/2019\/12\/vertical-metal-scraps-baler-applications.jpg\" alt=\"Anwendungen vertikaler Metallschrott-Ballenpressen\" class=\"wp-image-240\" title=\"\"><figcaption class=\"wp-element-caption\">Vertikale Ballenpressen f\u00fcr Metallabf\u00e4lle<\/figcaption><\/figure> <\/div>   <h2 class=\"wp-block-heading\"><strong>Aufbau der hydraulischen Vertikalballenpresse<\/strong><\/h2>    <p>Seine Struktur umfasst den Hydraulikzylinder (doppelt), die Materialkammer, die Schnell\u00f6ffnung, den Handschalter, den \u00d6ltank, die Zahnradpumpe und den Motor. <\/p>   <div class=\"wp-block-image\"> <figure class=\"aligncenter size-large\"><img loading=\"lazy\" decoding=\"async\" width=\"720\" height=\"540\" src=\"https:\/\/www.baler-machines.com\/wp-content\/uploads\/2019\/12\/vertical-baling-machine-structure.jpg\" alt=\"\" class=\"wp-image-294\" title=\"\"><figcaption class=\"wp-element-caption\">Aufbau einer vertikalen Ballenpresse<\/figcaption><\/figure> <\/div>   <p>Im Vergleich zur horizontalen Ballenpresse ist diese vertikale Ballenpresse die kleinste und am h\u00e4ufigsten verwendete. Sie wird normalerweise f\u00fcr kleine und mittlere Recyclinganlagen verwendet. Wenn Sie interessiert sind, kontaktieren Sie uns f\u00fcr weitere Details!<\/p>    <h2 class=\"wp-block-heading\"><strong>Arbeitsablauf der Vertikalballenpresse<\/strong><\/h2>   <div id=\"rank-math-howto\" class=\"rank-math-block\" > <div class=\"rank-math-howto-description\">  <\/div>  <div class=\"rank-math-steps\"> <div id=\"howto-step-1722246807953\" class=\"rank-math-step\"> <h3 class=\"rank-math-step-title\"><strong>Laden<\/strong><\/h3> <div class=\"rank-math-step-content\"><p>Geben Sie den Metallschrott in die Kompressionskammer der vertikalen Metallballenpresse.<\/p> <\/div> <\/div> <div id=\"howto-step-1722246821681\" class=\"rank-math-step\"> <h3 class=\"rank-math-step-title\"><strong>Kompression<\/strong><\/h3> <div class=\"rank-math-step-content\"><p>Aktivieren Sie das Hydrauliksystem und die Kompressionsplatte bewegt sich nach unten, um den Metallschrott in Bl\u00f6cke zu komprimieren. <br \/>Der starke hydraulische Druck sorgt daf\u00fcr, dass der Schrott auf ein minimales Volumen komprimiert wird.<\/p> <\/div> <\/div> <div id=\"howto-step-1722246838296\" class=\"rank-math-step\"> <h3 class=\"rank-math-step-title\"><strong>Umreifen<\/strong><\/h3> <div class=\"rank-math-step-content\"><p>Sobald die Komprimierung abgeschlossen ist, b\u00fcndelt die Maschine die komprimierten Bl\u00f6cke automatisch\/manuell. Dadurch bleiben sie dicht und erleichtern die Handhabung und Lagerung.<\/p> <\/div> <\/div> <div id=\"howto-step-1722246850904\" class=\"rank-math-step\"> <h3 class=\"rank-math-step-title\"><strong>Entladen<\/strong><\/h3> <div class=\"rank-math-step-content\"><p>Nach dem Komprimieren und Umreifen schiebt die Maschine die komprimierten Metallbl\u00f6cke automatisch aus. Anschlie\u00dfend ist die Maschine bereit f\u00fcr die n\u00e4chste zu verdichtende Schrottcharge.<\/p> <\/div> <\/div> <\/div> <\/div>       <h2 class=\"wp-block-heading\" id=\"h-precautions-for-use-of-hydraulic-metal-baler-machine\"><strong>Vorsichtsma\u00dfnahmen f\u00fcr die Verwendung der hydraulischen Metallballenpresse<\/strong><\/h2>    <p>Um diese vertikale Ballenpresse aus Metall richtig zu verwenden, sollten Sie den Maschinenaufbau und die Betriebsabl\u00e4ufe beherrschen. Au\u00dferdem gibt es einige Punkte, auf die Sie achten sollten.<\/p>    <figure class=\"wp-block-gallery aligncenter has-nested-images columns-default is-cropped wp-block-gallery-4 is-layout-flex wp-block-gallery-is-layout-flex\"> <figure class=\"wp-block-image size-large\"><img loading=\"lazy\" decoding=\"async\" width=\"405\" height=\"540\" data-id=\"232\" src=\"https:\/\/www.baler-machines.com\/wp-content\/uploads\/2019\/12\/vertical-metal-balers-are-in-stock.jpg\" alt=\"vertikale Metallballenpressen sind auf Lager\" class=\"wp-image-232\" title=\"\"><figcaption class=\"wp-element-caption\">Vertikale Metallballenpressen sind auf Lager<\/figcaption><\/figure>    <figure class=\"wp-block-image size-large\"><img loading=\"lazy\" decoding=\"async\" width=\"405\" height=\"540\" data-id=\"230\" src=\"https:\/\/www.baler-machines.com\/wp-content\/uploads\/2019\/12\/various-metal-balers.jpg\" alt=\"verschiedene Metallballenpressen\" class=\"wp-image-230\" title=\"\"><figcaption class=\"wp-element-caption\">Verschiedene Metallballenpressen<\/figcaption><\/figure> <\/figure>    <ul class=\"wp-block-list\"> <li>Zum Einf\u00fcllen des Hydraulik\u00f6ls in den \u00d6ltank sollte ausschlie\u00dflich hochwertiges Verschlei\u00dfschutz-Hydraulik\u00f6l verwendet werden.    <ul class=\"wp-block-list\"> <li>Filtern Sie das Hydraulik\u00f6l sorgf\u00e4ltig und achten Sie regelm\u00e4\u00dfig auf eine ausreichende \u00d6lmenge. <\/li>    <li>F\u00fcllen Sie sofort \u00d6l nach, wenn nicht gen\u00fcgend \u00d6l vorhanden ist.<\/li> <\/ul> <\/li>    <li>Reinigen Sie den \u00d6ltank der vertikalen Metallballenpresse und f\u00fcllen Sie alle sechs Monate neues \u00d6l ein.  <ul class=\"wp-block-list\"> <li>Die erste Reinigung und \u00d6lfiltration sollte einen Monat nicht \u00fcberschreiten. <\/li>    <li>Einmal verwendetes Neu\u00f6l kann nur nach strenger Filterung wiederverwendet werden.<\/li> <\/ul> <\/li> <\/ul>    <ul class=\"wp-block-list\"> <li>Die Schmierteile dieser Vertikalballenpresse sollten je nach Bedarf mindestens einmal pro Schicht mit Schmier\u00f6l gef\u00fcllt werden.<\/li>    <li>Reinigen Sie die Kleinteile rechtzeitig in der Materialbox.<\/li>    <li>Starten Sie die Maschine nicht, ohne ihre Struktur, Leistung und Betriebsabl\u00e4ufe kennen und verstanden zu haben.<\/li>    <li>Bei schwerwiegenden \u00d6llecks oder ungew\u00f6hnlichen Erscheinungen w\u00e4hrend des Betriebs ist die Maschine sofort anzuhalten. <ul class=\"wp-block-list\"> <li>Analysieren Sie die Ursachen und beseitigen Sie die St\u00f6rungen.<\/li>    <li>Eine Zwangsf\u00fchrung mit St\u00f6rung ist nicht zul\u00e4ssig.<\/li> <\/ul> <\/li> <\/ul>   <div class=\"wp-block-image\"> <figure class=\"aligncenter size-full\"><img loading=\"lazy\" decoding=\"async\" width=\"720\" height=\"540\" src=\"https:\/\/www.baler-machines.com\/wp-content\/uploads\/2019\/12\/quality-hydraulic-vertical-baler.webp\" alt=\"Hochwertige hydraulische Vertikalballenpresse\" class=\"wp-image-3955\" title=\"\" srcset=\"https:\/\/www.baler-machines.com\/wp-content\/uploads\/2019\/12\/quality-hydraulic-vertical-baler.webp 720w, https:\/\/www.baler-machines.com\/wp-content\/uploads\/2019\/12\/quality-hydraulic-vertical-baler-16x12.webp 16w\" sizes=\"auto, (max-width: 720px) 100vw, 720px\" \/><figcaption class=\"wp-element-caption\">Hochwertige hydraulische Vertikalballenpresse<\/figcaption><\/figure> <\/div>   <ul class=\"wp-block-list\"> <li>W\u00e4hrend des Betriebs der hydraulischen vertikalen Metallballenpresse ist Folgendes nicht zul\u00e4ssig: <ul class=\"wp-block-list\"> <li>Bewegliche Teile reparieren oder kontaktieren. <\/li>    <li>Dr\u00fccken Sie die Materialien mit Ihren H\u00e4nden oder F\u00fc\u00dfen in die Materialbox.<\/li> <\/ul> <\/li>    <li>Die Einstellung von Pumpe, Ventil und Manometer muss von erfahrenen Technikern durchgef\u00fchrt werden.  <ul class=\"wp-block-list\"> <li>Wenn sich herausstellt, dass ein Manometer defekt ist, sollte es sofort \u00fcberpr\u00fcft oder ausgetauscht werden.<\/li> <\/ul> <\/li>    <li>Sie sollten detaillierte Wartungs- und Sicherheitsbetriebsverfahren entsprechend der jeweiligen Situation formulieren.<\/li> <\/ul>    <h2 class=\"wp-block-heading\"><strong>Kontaktieren Sie uns f\u00fcr Abfallrecyclingl\u00f6sungen!<\/strong><\/h2>    <p class=\"translation-block\">Suchen Sie nach kosteng\u00fcnstigen L\u00f6sungen f\u00fcr das Recycling von <a href=\"https:\/\/en.wikipedia.org\/wiki\/Scrap\" target=\"_blank\" rel=\"noopener\">Metallschrott<\/a>? Wir haben vertikale Metallballenpressen und <a href=\"https:\/\/www.baler-machines.com\/de\/horizontal-metal-baler\/\">horizontale Metallballenpressen<\/a>, die Ihr Gesch\u00e4ft voranbringen. <\/p>   <div class=\"wp-block-image\"> <figure class=\"aligncenter size-large\"><img loading=\"lazy\" decoding=\"async\" width=\"540\" height=\"540\" src=\"https:\/\/www.baler-machines.com\/wp-content\/uploads\/2019\/12\/Cans-baling-and-recycling-2.jpg\" alt=\"Dosenballenpressen und -recycling\" class=\"wp-image-358\" title=\"\"><figcaption class=\"wp-element-caption\">Dosenballenpressen und Recycling<\/figcaption><\/figure> <\/div>   <p>Wenn Sie interessiert sind, kontaktieren Sie uns jetzt und wir bieten Ihnen die beste L\u00f6sung!<\/p>","protected":false},"excerpt":{"rendered":"<p>Die vertikale Metallballenpresse von Shuliy dient dazu, Metallabf\u00e4lle (wie Stahlschrott, Aluminiumschrott, Kupferschrott usw.) durch hohen Druck zu Bl\u00f6cken zu komprimieren.<\/p>","protected":false},"author":1,"featured_media":2669,"parent":0,"template":"","tags":[414,537,12],"product-type":[563],"class_list":["post-223","product","type-product","status-publish","has-post-thumbnail","hentry","tag-baler","tag-hydraulic-baler","tag-vertical-metal-baler","product-type-baler-machine"],"_links":{"self":[{"href":"https:\/\/www.baler-machines.com\/de\/wp-json\/wp\/v2\/product\/223","targetHints":{"allow":["GET"]}}],"collection":[{"href":"https:\/\/www.baler-machines.com\/de\/wp-json\/wp\/v2\/product"}],"about":[{"href":"https:\/\/www.baler-machines.com\/de\/wp-json\/wp\/v2\/types\/product"}],"author":[{"embeddable":true,"href":"https:\/\/www.baler-machines.com\/de\/wp-json\/wp\/v2\/users\/1"}],"wp:featuredmedia":[{"embeddable":true,"href":"https:\/\/www.baler-machines.com\/de\/wp-json\/wp\/v2\/media\/2669"}],"wp:attachment":[{"href":"https:\/\/www.baler-machines.com\/de\/wp-json\/wp\/v2\/media?parent=223"}],"wp:term":[{"taxonomy":"post_tag","embeddable":true,"href":"https:\/\/www.baler-machines.com\/de\/wp-json\/wp\/v2\/tags?post=223"},{"taxonomy":"product-type","embeddable":true,"href":"https:\/\/www.baler-machines.com\/de\/wp-json\/wp\/v2\/product-type?post=223"}],"curies":[{"name":"wp","href":"https:\/\/api.w.org\/{rel}","templated":true}]}}