{"id":1415,"date":"2022-01-20T08:56:33","date_gmt":"2022-01-20T08:56:33","guid":{"rendered":"https:\/\/www.baler-machines.com\/?p=1415"},"modified":"2024-01-09T17:39:35","modified_gmt":"2024-01-09T09:39:35","slug":"double-shaft-waste-plastic-shredder-machine","status":"publish","type":"product","link":"https:\/\/www.baler-machines.com\/de\/double-shaft-waste-plastic-shredder-machine\/","title":{"rendered":"Doppelwellen-Kunststoffzerkleinerer zum Zerkleinern von Kunststoffabf\u00e4llen"},"content":{"rendered":"<p class=\"translation-block\">Die <strong>Kunststoffschredder-Maschine<\/strong> dient zum Zerkleinern verschiedener Kunststoffabf\u00e4lle wie PET-Flaschen, Plastikt\u00fcten, Folien usw. in kleine St\u00fccke f\u00fcr das Recycling. Diese Maschine ist ein Doppelschaftschredder mit breiten Anwendungsm\u00f6glichkeiten, langer Lebensdauer und geringem Wartungsaufwand. <\/p>    <p>Die Kunststoffabfall-Zerkleinerungsmaschine reduziert das Volumen des Kunststoffabfalls und erleichtert den anschlie\u00dfenden Granulierungsprozess. Mit dem Aufschwung der Umweltindustrie sind viele damit verbundene Unternehmen mit Doppelwellenzerkleinerern ausgestattet, um Kunststoffabf\u00e4lle f\u00fcr das Recycling zu zerkleinern. Bei Interesse k\u00f6nnen Sie uns gerne f\u00fcr weitere Maschinendetails kontaktieren.<\/p>    <figure class=\"wp-block-embed is-type-video is-provider-youtube wp-block-embed-youtube wp-embed-aspect-16-9 wp-has-aspect-ratio\"><div class=\"wp-block-embed__wrapper\"> <iframe loading=\"lazy\" title=\"Leistungsstarker Doppelwellen-Zerkleinerer nimmt die Herausforderung beim Zerkleinern von Plastikflaschen an!  #Shredder #Recycling\" width=\"500\" height=\"281\" src=\"https:\/\/www.youtube.com\/embed\/4QKYEw3Ath4?feature=oembed\" frameborder=\"0\" allow=\"accelerometer; autoplay; clipboard-write; encrypted-media; gyroscope; picture-in-picture; web-share\" referrerpolicy=\"strict-origin-when-cross-origin\" allowfullscreen><\/iframe> <\/div><figcaption class=\"wp-element-caption\">Doppelwellen-Zerkleinerer f\u00fcr die Kunststoffbearbeitung. Video<\/figcaption><\/figure>    <h2 class=\"wp-block-heading\"><strong>Eine kurze Einf\u00fchrung in die Kunststoffzerkleinerungsmaschine<\/strong><\/h2>    <p>Bei der Kunststoffzerkleinerungsmaschine handelt es sich um einen Rollschnittzerkleinerer, der Abfallmaterialien durch Scheren, Rei\u00dfen und Quetschen rollender Klingen mit Haken zerrei\u00dft. <\/p>    <figure class=\"wp-block-gallery aligncenter has-nested-images columns-default is-cropped wp-block-gallery-2 is-layout-flex wp-block-gallery-is-layout-flex\"> <figure class=\"wp-block-image size-large\"><img loading=\"lazy\" decoding=\"async\" width=\"720\" height=\"540\" data-id=\"3513\" src=\"https:\/\/www.baler-machines.com\/wp-content\/uploads\/2022\/01\/plastic-shredder-machine-for-recycling.webp\" alt=\"Plastikzerkleinerungsmaschine f\u00fcr das Recycling\" class=\"wp-image-3513\" title=\"\"><figcaption class=\"wp-element-caption\">Kunststoff-Schreddermaschine zum Recycling<\/figcaption><\/figure>    <figure class=\"wp-block-image size-large\"><img loading=\"lazy\" decoding=\"async\" width=\"720\" height=\"540\" data-id=\"3514\" src=\"https:\/\/www.baler-machines.com\/wp-content\/uploads\/2022\/01\/waste-plastic-double-shaft-shredder.webp\" alt=\"Doppelwellenzerkleinerer f\u00fcr Kunststoffabf\u00e4lle\" class=\"wp-image-3514\" title=\"\"><figcaption class=\"wp-element-caption\">Abfallzerkleinerer aus Kunststoff mit Doppelwelle<\/figcaption><\/figure> <\/figure>    <p class=\"translation-block\">Der industrielle Kunststoffzerkleinerer (auch bekannt als Doppelschaft-Kunststoffschredder) wird haupts\u00e4chlich f\u00fcr die Vorzerkleinerung eingesetzt und eignet sich f\u00fcr alle Arten von <strong>Massenfeststoffen, feuerfesten Materialien, Kunststoffbeh\u00e4ltern und anderen Kunststoffprodukten<\/strong>. Starke Schneidf\u00e4higkeit, hohe Produktionseffizienz, lange Lebensdauer und breiter Anwendungsbereich sind die Vorteile der Kunststoffschredder-Maschine.<\/p>    <figure class=\"wp-block-gallery aligncenter has-nested-images columns-default is-cropped wp-block-gallery-3 is-layout-flex wp-block-gallery-is-layout-flex\"> <figure class=\"wp-block-image size-large\"><img loading=\"lazy\" decoding=\"async\" width=\"500\" height=\"375\" data-id=\"3522\" src=\"https:\/\/www.baler-machines.com\/wp-content\/uploads\/2022\/01\/waste-plastics.webp\" alt=\"Kunststoffabf\u00e4lle\" class=\"wp-image-3522\" title=\"\"><figcaption class=\"wp-element-caption\">Kunststoffabf\u00e4lle<\/figcaption><\/figure>    <figure class=\"wp-block-image size-large\"><img loading=\"lazy\" decoding=\"async\" width=\"348\" height=\"352\" data-id=\"3521\" src=\"https:\/\/www.baler-machines.com\/wp-content\/uploads\/2022\/01\/shredded-plastics.webp\" alt=\"geschredderte Kunststoffe\" class=\"wp-image-3521\" title=\"\"><figcaption class=\"wp-element-caption\">Geschredderte Kunststoffe<\/figcaption><\/figure> <\/figure>    <h2 class=\"wp-block-heading\"><strong>Technische Parameter des Doppelwellenzerkleinerers f\u00fcr Kunststoffe<\/strong><\/h2>    <p class=\"translation-block\"><strong>Modell SL-400 Parameter<\/strong>:<\/p>    <p class=\"translation-block\"><strong>Kapazit\u00e4t<\/strong>: 0,5-1 t\/h<\/p>    <p class=\"translation-block\"><strong>Spannung<\/strong>: 440V, 60HZ, 3phasig<\/p>    <p class=\"translation-block\"><strong>Leistung<\/strong>: 7,5KW*2<\/p>    <p class=\"translation-block\"><strong>Klingenst\u00e4rke<\/strong>: 20mm<\/p>    <p class=\"translation-block\"><strong>Anzahl der Messer<\/strong>: 20 St\u00fcck<\/p>    <p class=\"translation-block\"><strong>Material der Messerplatte<\/strong>: 9CrSi<\/p>    <p class=\"translation-block\"><strong>Ger\u00e4tegr\u00f6\u00dfe<\/strong>: 2000*1100*1620mm<\/p>    <p class=\"translation-block\"><strong>Gewicht<\/strong>: 1100kg<\/p>    <h2 class=\"wp-block-heading\" id=\"h-application-scope-of-the-plastic-film-shredder\"><strong>Anwendungsbereich des Kunststofffolienzerkleinerers<\/strong><\/h2>    <p class=\"translation-block\">Die Kunststoff-Shredder-Maschine kann f\u00fcr das Zerkleinern und Recyceln von Kunststoffabf\u00e4llen wie <strong>Kartons, d\u00fcnnen Rohren, Blasformteilen, Flaschen, Geh\u00e4usen<\/strong> usw. verwendet werden. Oder sie dient als Hilfsmaschine f\u00fcr die Spritzgie\u00dfmaschine, um das D\u00fcsenmaterial oder fehlerhafte Teile der Spritzgie\u00dfmaschine neu zu mahlen.<\/p>    <p class=\"translation-block\"> Ihr Anwendungsbereich umfasst sperrige Rohre und Profile, gro\u00dfe Blasformteile und andere Produktionsabf\u00e4lle wie <strong>PET-Flaschen, PE-Folien, Folienballen, Kunststofff\u00e4sser, Kunststoffplatten, Kunststoffb\u00f6den, Beh\u00e4lter<\/strong> und so weiter.<\/p>   <div class=\"wp-block-image\"> <figure class=\"aligncenter size-full\"><img loading=\"lazy\" decoding=\"async\" width=\"720\" height=\"540\" src=\"https:\/\/www.baler-machines.com\/wp-content\/uploads\/2022\/01\/machine-application-2.jpg\" alt=\"Maschinelle Anwendung einer Kunststoffzerkleinerungsmaschine\" class=\"wp-image-1427\" title=\"\"><figcaption class=\"wp-element-caption\">Maschinelle Anwendung einer Kunststoffzerkleinerungsmaschine<\/figcaption><\/figure> <\/div>   <p>Der Plastikt\u00fctenzerkleinerer kann au\u00dferdem folgende Materialien verarbeiten:<\/p>    <ul class=\"wp-block-list\"> <li><strong>Altmetall<\/strong>: Farbeimer, Stahlschrott, Eisenschrott, Aluminiumschrott, Metallbriketts usw.<\/li>    <li><strong>Holz<\/strong>: Schnittholz, Baumwurzeln, Holzpaletten, Altm\u00f6bel<\/li>    <li><strong>Gummi<\/strong>: Reifen, LKW-Reifen, Autoreifen<\/li>    <li><strong>Karton<\/strong>, Karton, Papier, B\u00fccher<\/li>    <li><strong>Altger\u00e4te, Fahrzeuge<\/strong>: Fernseher, Waschmaschinen, Motorr\u00e4der, Autos, Fahrr\u00e4der usw.<\/li>    <li><strong>Elektrik<\/strong>: Kabel und Leitungen, Leiterplatten<\/li>    <li><strong>Verschwenden Sie Kleidung oder Stoffe<\/strong><\/li> <\/ul>    <h2 class=\"wp-block-heading\" id=\"h-outstanding-features-of-plastic-shredder-machine\"><strong>Herausragende Eigenschaften der zum Verkauf stehenden Kunststoffzerkleinerungsmaschine<\/strong><\/h2>    <ol class=\"wp-block-list\"> <li>Im Vergleich zum Einwellen-Kunststoffzerkleinerer bietet dieser Kunststoffzerkleinerer ein breiteres Anwendungsspektrum und kann gr\u00f6\u00dfere Rohstoffmengen und eine h\u00f6here Effizienz verarbeiten.<\/li>    <li><strong>Dicke und schwere bewegliche Messer<\/strong>: Alle Messer sind aus legiertem Stahl gegossen, robust und haben eine lange Lebensdauer mit hoher Zerkleinerungseffizienz.<\/li>    <li>Unser Doppelwellen-Zerkleinerer zeichnet sich durch niedrige Geschwindigkeit, hohes Drehmoment, geringe Ger\u00e4uschentwicklung und Staubentwicklung aus und erf\u00fcllt die Umweltschutzstandards.\u2003<\/li>    <li>Die Rahmenplatte ist dick, widerstandsf\u00e4hig gegen hohe Drehmomente und sehr stabil.<\/li>    <li>Einfach einzustellen, geringe Wartungskosten und sehr langlebig.<\/li>    <li>\u00dcbernehmen Sie die automatische Mikrocomputersteuerung, stellen Sie die automatischen R\u00fcckw\u00e4rtssteuerungsfunktionen f\u00fcr Start, Stopp, R\u00fcckw\u00e4rtsgang und \u00dcberlastung ein.<\/li>    <li>Die Dicke des Werkzeugs und die Anzahl der Klauen k\u00f6nnen je nach Material ge\u00e4ndert werden, und die Gr\u00f6\u00dfe der abgegebenen Partikel ist gleichm\u00e4\u00dfig.<\/li>    <li>Gro\u00dfer Futteranschluss, der auch individuell angepasst werden kann. <\/li> <\/ol>    <figure class=\"wp-block-gallery aligncenter has-nested-images columns-default is-cropped wp-block-gallery-4 is-layout-flex wp-block-gallery-is-layout-flex\"> <figure class=\"wp-block-image size-large\"><img loading=\"lazy\" decoding=\"async\" width=\"720\" height=\"540\" data-id=\"1419\" src=\"https:\/\/www.baler-machines.com\/wp-content\/uploads\/2022\/01\/double-shaft-of-plastic-shredder.jpg\" alt=\"Doppelwelle des Kunststoffschredders\" class=\"wp-image-1419\" title=\"\"><figcaption class=\"wp-element-caption\">Doppelwelle aus Kunststoff-Schredder<\/figcaption><\/figure>    <figure class=\"wp-block-image size-large\"><img loading=\"lazy\" decoding=\"async\" width=\"720\" height=\"540\" data-id=\"1418\" src=\"https:\/\/www.baler-machines.com\/wp-content\/uploads\/2022\/01\/plastic-shredding-machine-blade-molds.jpg\" alt=\"Kunststoffschreddermaschinen-Klingenformen\" class=\"wp-image-1418\" title=\"\"><figcaption class=\"wp-element-caption\">Formen f\u00fcr Kunststoff-Zerkleinerungsmaschinenklingen<\/figcaption><\/figure> <\/figure>    <h2 class=\"wp-block-heading\" id=\"h-how-does-the-plastic-lumps-shredder-work\"><strong>Wie funktioniert der Kunststoffklumpenzerkleinerer?<\/strong><\/h2>    <p>Das Material gelangt durch das Zuf\u00fchrsystem in das Innere des Zerkleinerungskastens, und der Kasten tr\u00e4gt das Zerkleinerungsmesser. Das Material wird durch die kombinierte Wirkung von zwei Reihen von Zerkleinerungsmessern, wie Rei\u00dfen, Quetschen und Scheren, in kleine St\u00fccke zerkleinert und aus dem unteren Teil der Kunststoffzerkleinerungsmaschine ausgetragen.<\/p>    <h2 class=\"wp-block-heading\" id=\"h-precautions-for-use\"><strong>Vorsichtsma\u00dfnahmen f\u00fcr die Verwendung der Plastikzerkleinerungsmaschine<\/strong><\/h2>    <ul class=\"wp-block-list\"> <li>Vor dem Starten der Kunststoffzerkleinerungsmaschine muss streng gepr\u00fcft werden, ob die Installation der einzelnen Komponenten angemessen ist und ob die Schrauben locker sind.<\/li>    <li>Der <a href=\"https:\/\/www.baler-machines.com\/de\/double-shaft-shredder\/\">Doppelwellenzerkleinerer<\/a> Vor dem Start sollte das Ger\u00e4t vorgeheizt und im Leerlauf laufen. Dieser Schritt kann den Betriebszustand der Ausr\u00fcstung verbessern und ihre Lebensdauer verl\u00e4ngern.<\/li>    <li>Der Kunststoffbrecher sollte regelm\u00e4\u00dfig gewartet werden, um die Gl\u00e4tte zu gew\u00e4hrleisten. Es ist jedoch zu beachten, dass nicht zu viel Schmier\u00f6l auf einmal hinzugef\u00fcgt werden sollte.<\/li>    <li>Nach der Operation sollte der zerbrochene Kunststoff vollst\u00e4ndig entleert und anschlie\u00dfend die Maschine geschlossen werden. Der Zustand der Klinge sollte rechtzeitig \u00fcberpr\u00fcft werden, und die abgenutzte Klinge sollte rechtzeitig poliert und ersetzt werden, um Sch\u00e4den an anderen Teilen der Ausr\u00fcstung durch den Verschlei\u00df der Klinge zu verhindern.<\/li>    <li>W\u00e4hrend des Zuf\u00fchrvorgangs sollten Sie je nach Modell geeignete Zerkleinerungsmaterialien hinzuf\u00fcgen. Die Zugabe harter Materialien, die die Zerkleinerungskapazit\u00e4t \u00fcberschreiten, kann zu Sch\u00e4den an der Klinge und dem Motor f\u00fchren, was zu einem Ger\u00e4teausfall f\u00fchren kann.<\/li> <\/ul>    <h2 class=\"wp-block-heading\"><strong>Starten Sie jetzt mit dem Kunststoffrecycling!<\/strong><\/h2>    <p class=\"translation-block\">Wenn Sie Kunststoffabf\u00e4lle recyceln m\u00f6chten, ist unser Doppelschaft-Kunststoffzerkleinerer Ihre erste Wahl. Kontaktieren Sie uns, wir werden Ihnen das beste Angebot entsprechend Ihren Bed\u00fcrfnissen unterbreiten.<\/p>","protected":false},"excerpt":{"rendered":"<p>Die Kunststoffzerkleinerungsmaschine dient dazu, verschiedene Abfallkunststoffe wie PET-Flaschen, Plastikt\u00fcten, Folien usw. effizient in kleine St\u00fccke zu zerkleinern, um sie zu recyceln. Wir beschreiben die Arten von Kunststoffen, die zerkleinert werden k\u00f6nnen, sowie andere Abfallmaterialien, die zerkleinert werden k\u00f6nnen, und die Eigenschaften unserer Zerkleinerer, um Ihnen zu helfen, Kunststoffe besser zu recyceln.<\/p>","protected":false},"author":1,"featured_media":2560,"parent":0,"template":"","tags":[578,543,588],"product-type":[561],"class_list":["post-1415","product","type-product","status-publish","has-post-thumbnail","hentry","tag-double-shaft-shredder","tag-industrial-shredder","tag-plastic-shredder-machine","product-type-industrial-shredder"],"_links":{"self":[{"href":"https:\/\/www.baler-machines.com\/de\/wp-json\/wp\/v2\/product\/1415","targetHints":{"allow":["GET"]}}],"collection":[{"href":"https:\/\/www.baler-machines.com\/de\/wp-json\/wp\/v2\/product"}],"about":[{"href":"https:\/\/www.baler-machines.com\/de\/wp-json\/wp\/v2\/types\/product"}],"author":[{"embeddable":true,"href":"https:\/\/www.baler-machines.com\/de\/wp-json\/wp\/v2\/users\/1"}],"wp:featuredmedia":[{"embeddable":true,"href":"https:\/\/www.baler-machines.com\/de\/wp-json\/wp\/v2\/media\/2560"}],"wp:attachment":[{"href":"https:\/\/www.baler-machines.com\/de\/wp-json\/wp\/v2\/media?parent=1415"}],"wp:term":[{"taxonomy":"post_tag","embeddable":true,"href":"https:\/\/www.baler-machines.com\/de\/wp-json\/wp\/v2\/tags?post=1415"},{"taxonomy":"product-type","embeddable":true,"href":"https:\/\/www.baler-machines.com\/de\/wp-json\/wp\/v2\/product-type?post=1415"}],"curies":[{"name":"wp","href":"https:\/\/api.w.org\/{rel}","templated":true}]}}