{"id":1305,"date":"2021-12-28T08:30:22","date_gmt":"2021-12-28T08:30:22","guid":{"rendered":"https:\/\/www.baler-machines.com\/?p=1305"},"modified":"2023-01-17T09:51:33","modified_gmt":"2023-01-17T01:51:33","slug":"vertical-baler-machine-for-waste-recycling","status":"publish","type":"product","link":"https:\/\/www.baler-machines.com\/de\/vertical-baler-machine-for-waste-recycling\/","title":{"rendered":"Hydraulische Vertikalballenpresse f\u00fcr verschiedene Abfallrecyclingpressen"},"content":{"rendered":"<p>Diese vertikale Ballenpresse ist zum Pressen und Komprimieren verschiedener Kartons, Kunststoffe und anderer Materialien konzipiert. Die Maschine ist gut gestaltet und die Beh\u00e4lter k\u00f6nnen so entworfen werden, dass sie den Anforderungen des Endprodukts des Kunden entsprechen. Dar\u00fcber hinaus ist sie eine sehr praktische Maschine, die in einer Vielzahl von Anwendungen eingesetzt werden kann, wie z.B. in Recyclinganlagen, bei Landwirten usw. Au\u00dferdem wird unsere Recycling-Ballenpresse nach Italien, Irak, Indonesien, Malaysia, Algerien, Usbekistan usw. exportiert.<\/p>    <p class=\"translation-block\">Shuliy Machinery ist sehr erfahren in der Herstellung von Recyclingmaschinen und kann die Interessen der Kunden vollst\u00e4ndig ber\u00fccksichtigen. Unser Unternehmen liefert auch die <a href=\"https:\/\/www.baler-machines.com\/de\/horizontal-metal-baler\/\">Ballenpresse f\u00fcr Metallschrott<\/a> und <a href=\"https:\/\/www.baler-machines.com\/de\/automatic-horizontal-baler\/\">horizontale Ballenpresse<\/a>.<\/p>    <h2 class=\"wp-block-heading\"><strong>Was ist eine Vertikalballenpresse?<\/strong><\/h2>    <p>Eine vertikale Ballenpresse ist ein Ger\u00e4t, das Plastikt\u00fcten, Plastikflaschen, Altkarton und andere Materialien komprimiert und verpackt. Die Verpackung ist kompakt, ordentlich und sch\u00f6n, wodurch die Transportkosten erheblich gesenkt werden k\u00f6nnen. Die von der Recycling-Ballenpresse verarbeiteten Materialien zeichnen sich durch eine hohe Dichte sowie einfache Lagerung und Transport in regelm\u00e4\u00dfige Formen aus. Es eignet sich besonders f\u00fcr gro\u00dfe Einzelhandelsgesch\u00e4fte, Baumwollanbaugebiete, Textilunternehmen, Hotels, Bekleidungsfabriken, Abfallrecyclingstationen und verschiedene andere Leichtindustrieunternehmen.<\/p>    <figure class=\"wp-block-gallery aligncenter has-nested-images columns-default is-cropped wp-block-gallery-2 is-layout-flex wp-block-gallery-is-layout-flex\"> <figure class=\"wp-block-image size-large\"><img loading=\"lazy\" decoding=\"async\" width=\"720\" height=\"540\" data-id=\"2415\" src=\"https:\/\/www.baler-machines.com\/wp-content\/uploads\/2022\/08\/hydraulic-vertical-baler.webp\" alt=\"hydraulische Vertikalballenpresse\" class=\"wp-image-2415\" title=\"\"><figcaption class=\"wp-element-caption\">Hydraulische Vertikalballenpresse<\/figcaption><\/figure>    <figure class=\"wp-block-image size-large\"><img loading=\"lazy\" decoding=\"async\" width=\"720\" height=\"540\" data-id=\"2416\" src=\"https:\/\/www.baler-machines.com\/wp-content\/uploads\/2022\/08\/recycle-baler-manufacturer.webp\" alt=\"recycle-baler-manufacturer\" class=\"wp-image-2416\" title=\"\"><figcaption class=\"wp-element-caption\">Hersteller von Recycling-Ballenpressen<\/figcaption><\/figure> <\/figure>    <h2 class=\"wp-block-heading\" id=\"h-application-scope-of-hydraulic-vertical-baler\"><strong>Anwendungsbereich der hydraulischen Vertikalballenpresse<\/strong><\/h2>    <p>In gro\u00dfen Gewerbegebieten werden t\u00e4glich unz\u00e4hlige Pakete ausgepackt, die unterschiedlich gro\u00df sind und viel Platz beanspruchen. Wenn sie nicht ordnungsgem\u00e4\u00df gehandhabt werden, erh\u00f6hen sie die Kosten f\u00fcr die M\u00fcllentsorgung und verbrauchen viel Personal und Platz.<\/p>    <p class=\"translation-block\">Die vertikale Ballenpresse ist eine Methode zur Verdichtung von recycelbaren Materialien zu regelm\u00e4\u00dfigen Formen wie <a href=\"https:\/\/en.wikipedia.org\/wiki\/Cuboid\" target=\"_blank\" rel=\"noreferrer noopener\">Quadern<\/a>, W\u00fcrfeln usw. mittels eines Hydrauliksystems. Der hydraulische Verdichter eignet sich zum Verdichten und Verpacken von Altpapier, Baumwolle, gebrauchter Kleidung, Stroh, Heu, Plastikflaschen, Wolle und recycelbarem M\u00fcll. Er kann auch f\u00fcr Altpapierkartons, Altpappe, Altpapier, Reifen, Garn, Tabak, Stoff, gewebte S\u00e4cke, Strickvelours, Wollkn\u00e4uel und alle anderen losen Materialien verwendet werden.<\/p>    <p>Nach dem Pressen k\u00f6nnen Benutzer die Materialien mit Eisendraht oder Kunststoffband b\u00fcndeln und zur Lagerung, zum Transport und zum Recycling herausnehmen.<\/p>   <div class=\"wp-block-image\"> <figure class=\"aligncenter size-full\"><img loading=\"lazy\" decoding=\"async\" width=\"720\" height=\"540\" src=\"https:\/\/www.baler-machines.com\/wp-content\/uploads\/2021\/12\/raw-materials-and-final-products.jpg\" alt=\"Rohstoffe und Endprodukte\" class=\"wp-image-1308\" title=\"\"><figcaption class=\"wp-element-caption\">Rohstoffe und Endprodukte<\/figcaption><\/figure> <\/div>   <h2 class=\"wp-block-heading\" id=\"h-what-industries-are-suitable-to-buy-this-vertical-baler\"><strong>F\u00fcr welche Branchen eignet sich diese Vertikalballenpresse?<\/strong><\/h2>    <p>Diese Ballenpresse wird haupts\u00e4chlich in Branchen eingesetzt, in denen gro\u00dfe Mengen Altpapier, Kunststoff, Pappe, Aluminiumdosen, Baumwolle usw. produziert werden k\u00f6nnen.<\/p>    <p>Zum Beispiel die Verpackungsindustrie, die Kartonindustrie, die Druckindustrie, die Papierindustrie, die Lebensmittelindustrie, die M\u00fcllabfuhrindustrie, H\u00fctten, landwirtschaftliche Betriebe, Organisationen zum Recycling von Kleidung, Abfallrecyclinganlagen, Kartonproduktionszentren, Superm\u00e4rkte, Kaufh\u00e4user, Lebensmittelgesch\u00e4fte und Druckereien sowie Sekund\u00e4rrecycling Organisationen.<\/p>    <p>Denn f\u00fcr sie bedeutet dies weniger Lagerfl\u00e4che f\u00fcr Abf\u00e4lle, vereinfacht den gesamten Abfallhandhabungsvorgang und spart Transport- und Arbeitskosten.<\/p>    <h2 class=\"wp-block-heading\" id=\"h-structure-of-the-heavy-duty-vertical-baler\"><strong>Aufbau der Hochleistungs-Vertikalballenpresse<\/strong><\/h2>    <p>Die Schrottballenpresse besteht haupts\u00e4chlich aus Hydraulikzylinder, Motor und \u00d6ltank, Druckplatte, Kasten und Sockel, oberer T\u00fcr, unterer T\u00fcr, T\u00fcrriegel, Riemenst\u00fctze, Eisenst\u00fctze usw.&nbsp;<\/p>    <p>Die Aufgabe des Hydrauliksystems besteht darin, die Kraft durch \u00c4nderung des Drucks zu erh\u00f6hen. Ein komplettes Hydrauliksystem besteht aus f\u00fcnf Teilen, n\u00e4mlich Leistungskomponenten, F\u00fchrungskomponenten, Steuerkomponenten, Hilfskomponenten und Hydraulik\u00f6l. Hydrauliksysteme k\u00f6nnen in zwei Kategorien unterteilt werden: hydraulische Antriebssysteme und hydraulische Steuerungssysteme. Die Hauptfunktion des hydraulischen \u00dcbertragungssystems besteht in der \u00dcbertragung von Kraft und Bewegung. Im Allgemeinen bezieht sich das Hydrauliksystem haupts\u00e4chlich auf das hydraulische \u00dcbertragungssystem.<\/p>    <p>Die hydromechanische \u00dcbertragungsleistung ist gro\u00df und wird durch feine Rohre und flexible Schl\u00e4uche \u00fcbertragen, sodass die Leistungsdichte hoch ist. Dar\u00fcber hinaus ist der kraftbeaufschlagbare Aktuator breit und flexibel, und der Druckbereich wird entsprechend ge\u00e4ndert, um die Kraft zu erh\u00f6hen.<\/p>   <div class=\"wp-block-image\"> <figure class=\"aligncenter size-full\"><img loading=\"lazy\" decoding=\"async\" width=\"720\" height=\"540\" src=\"https:\/\/www.baler-machines.com\/wp-content\/uploads\/2021\/12\/vertical-baling-press-compactor-structure.jpg\" alt=\"Vertikale Ballenpressen-Verdichterstruktur\" class=\"wp-image-1311\" title=\"\"><figcaption class=\"wp-element-caption\">Vertikale Ballenpressen-Verdichterstruktur<\/figcaption><\/figure> <\/div>   <h2 class=\"wp-block-heading\" id=\"h-advantages-of-vertical-baler-machine-for-sale\"><strong>Vorteile der zum Verkauf stehenden Vertikalballenpresse<\/strong><\/h2>    <ol class=\"wp-block-list\" type=\"1\"> <li>Hohes Druck- und Verdichtungsverh\u00e4ltnis. Das Verdichtungsverh\u00e4ltnis kann 5:1 erreichen.<\/li>    <li>Eine gro\u00dfe Antriebskraft, geeignet f\u00fcr den Direktantrieb schwerer Lasten;<\/li>    <li>Hohe Pr\u00e4zision und schnelle Reaktion;<\/li>    <li>Geringer Platzbedarf und geringes Gewicht;<\/li>    <li>Umfangreiche Geschwindigkeitsregelung und verschiedene Methoden zur Geschwindigkeitsregelung;<\/li>    <li>Anti-R\u00fcckprall-Widerhaken zur Aufrechterhaltung der Kompressionswirkung.<\/li>    <li>Die Druckplatte kehrt automatisch zur\u00fcck.<\/li> <\/ol>   <div class=\"wp-block-image\"> <figure class=\"aligncenter size-full\"><img loading=\"lazy\" decoding=\"async\" width=\"720\" height=\"540\" src=\"https:\/\/www.baler-machines.com\/wp-content\/uploads\/2021\/12\/baling-press-machine-working-show.jpg\" alt=\"Arbeitsshow der Ballenpresse\" class=\"wp-image-1312\" title=\"\"><figcaption class=\"wp-element-caption\">Arbeitsshow der Ballenpresse<\/figcaption><\/figure> <\/div>   <h2 class=\"wp-block-heading\" id=\"h-specification-of-the-vertical-bale-press\"><strong>Spezifikation der vertikalen Ballenpresse<\/strong><\/h2>    <figure class=\"wp-block-table\"><table><tbody><tr><td>Modell<\/td><td>Druck<\/td><td>Motor<\/td><td>Das Volumen der inneren Box<\/td><td>Endg\u00fcltige Produktgr\u00f6\u00dfe<\/td><td>Kapazit\u00e4t<\/td><td>Gewicht<\/td><\/tr><tr><td>SL-HZ-15T<\/td><td>15T<\/td><td>5,5 kW<\/td><td>850*600*1300MM<\/td><td>890*610*500MM<\/td><td>1\u20131,5 t\/h<\/td><td>1T<\/td><\/tr><tr><td>SL-HZ-30T<\/td><td>30T<\/td><td>7,5 kW<\/td><td>800*400*1300MM<\/td><td>890*610*500MM<\/td><td>1,5\u20132 t\/h<\/td><td>1,5T<\/td><\/tr><tr><td>SL-HZ-60T<\/td><td>60T<\/td><td>7,5 kW<\/td><td>900*600*1300MM<\/td><td>900*610*500MM<\/td><td>2\u20132,5 t\/h<\/td><td>2T<\/td><\/tr><tr><td>SL-HZ-80T<\/td><td>80T<\/td><td>7,5 kW<\/td><td>1200*800*1500MM<\/td><td>1200*810*500MM<\/td><td>3\u20133,5 t\/h<\/td><td>3T<\/td><\/tr><tr><td>SL-HZ-100T<\/td><td>100T<\/td><td>15KW<\/td><td>1100*900*1500MM<\/td><td>1100*910*500MM<\/td><td>3,5\u20134 t\/h<\/td><td>3,5T<\/td><\/tr><tr><td>SL-HZ-120T<\/td><td>120T<\/td><td>18,5 kW<\/td><td>1200*100*1500MM<\/td><td>1200*100*500MM<\/td><td>4-5T\/H<\/td><td>4T<\/td><\/tr><\/tbody><\/table><\/figure>    <h2 class=\"wp-block-heading\" id=\"h-how-much-does-a-vertical-baler-cost\"><strong><strong>Wie viel kostet eine Vertikalballenpresse?<\/strong><\/strong><\/h2>    <ol class=\"wp-block-list\"> <li><strong>Ausgabe<\/strong>. Da die Maschine eine gro\u00dfe Leistung hat, muss die Maschine sicherlich teurer sein, wenn Sie mehr Leistung w\u00fcnschen.<\/li>    <li><strong>Maschinenkonfiguration<\/strong>. Die Hydraulikstange unserer Maschine gibt es in Einzel- und Doppelausf\u00fchrung, der Preis ist sicherlich unterschiedlich.<\/li>    <li><strong>Anpassung. <\/strong>Wenn Sie eine Maschine individuell anpassen m\u00f6chten, ist der Preis der Maschine definitiv anders als bei herk\u00f6mmlichen Maschinen.<\/li> <\/ol>    <h2 class=\"wp-block-heading\" id=\"h-how-to-make-money-with-industrial-baler\"><strong>Wie kann man mit Industrieballenpressen Geld verdienen?<\/strong><\/h2>    <p>Die Industrieballenpresse verf\u00fcgt \u00fcber eine Vertikalballenpresse und eine Horizontalballenpresse. Sie ist in eine vollautomatische Ballenpresse und eine halbautomatische Ballenpresse unterteilt. Es dient der Komprimierung von Abf\u00e4llen und recycelten Gegenst\u00e4nden. Nach der Verarbeitung durch die hydraulische Ballenpresse wird der Platzbedarf des Abfallmaterials direkt um 80% reduziert und gleichzeitig werden die Anzahl der Transporte und die Kosten reduziert. Kunden, die in eine Ballenpresse investieren m\u00f6chten, k\u00f6nnen zun\u00e4chst in eine vertikale Ballenpresse investieren, die einen geringen Platzbedarf hat und sich sehr gut f\u00fcr den Einsatz auf kleinem Raum eignet.<\/p>   <div class=\"wp-block-image\"> <figure class=\"aligncenter size-full\"><img loading=\"lazy\" decoding=\"async\" width=\"720\" height=\"540\" src=\"https:\/\/www.baler-machines.com\/wp-content\/uploads\/2021\/12\/vertical-baler-machines.jpg\" alt=\"vertikale Ballenpressen\" class=\"wp-image-1309\" title=\"\"><figcaption class=\"wp-element-caption\">vertikale Ballenpressen<\/figcaption><\/figure> <\/div>   <h2 class=\"wp-block-heading\" id=\"h-company-advantages-of-buying-this-hydraulic-baler-machine\"><strong>Unternehmensvorteile beim Kauf dieser hydraulischen Ballenpresse<\/strong><\/h2>    <ol class=\"wp-block-list\"> <li><a href=\"https:\/\/www.baler-machines.com\/de\/\" target=\"_blank\" rel=\"noreferrer noopener\">Shuliy-Maschinen<\/a> verf\u00fcgt \u00fcber ein hochqualifiziertes, junges und innovatives Forschungsteam. Unser Team entwirft die am besten geeigneten Produkte entsprechend der Marktnachfrage der Kunden.<\/li>    <li>Unsere Ballenpressen haben eine hohe Marktabdeckung und sind nicht nur in China beliebt, sondern werden auch nach Europa, S\u00fcdostasien, Amerika und in andere L\u00e4nder und Regionen exportiert.<\/li>    <li>Wir verf\u00fcgen \u00fcber ein professionelles Verkaufsteam und bieten auch After-Sales-Service. Fachkenntnisse sind unerl\u00e4sslich und auch nach dem Verkauf der Maschine stehen unsere Mitarbeiter unseren Kunden im Bedarfsfall mit einem aufmerksamen 24-Stunden-Service zur Seite.<\/li> <\/ol>    <h2 class=\"wp-block-heading\"><strong>Wie verpacke ich die vertikale Ballenpresse?<\/strong><\/h2>    <div class=\"wp-block-media-text alignwide is-stacked-on-mobile\"><figure class=\"wp-block-media-text__media\"><img loading=\"lazy\" decoding=\"async\" width=\"540\" height=\"720\" src=\"https:\/\/www.baler-machines.com\/wp-content\/uploads\/2022\/08\/packing-and-shipping-for-vertical-baler.webp\" alt=\"Verpackung und Versand f\u00fcr vertikale Ballenpresse\" class=\"wp-image-2425 size-full\" title=\"\"><\/figure><div class=\"wp-block-media-text__content\"> <p>W\u00e4hrend des Transports der hydraulischen Schrottballenpresse (normalerweise auf dem Seeweg) kann es zu Witterungseinfl\u00fcssen wie starkem Wind und Wellen kommen. <\/p>    <p>Daher werden wir, um die Sicherheit der Waren unserer Kunden zu gew\u00e4hrleisten, professionelle, umweltfreundliche, bequeme und effiziente Verpackungsdienstleistungen anbieten. <\/p>    <p>Die Maschinen werden mit Holzkisten und St\u00e4ndern verpackt, die sowohl feuchtigkeits- als auch kollisionssicher sind.<\/p> <\/div><\/div>    <h2 class=\"wp-block-heading\"><strong>Welche Dienstleistungen werden angeboten?<\/strong><\/h2>    <ul class=\"wp-block-list\"> <li>Ein Jahr Garantie und lebenslange Wartung.<\/li>    <li>Ersatzteile: Ein Satz Ersatzteile, ein Werkzeugkasten und eine Bedienungsanleitung werden kostenlos zur Verf\u00fcgung gestellt.<\/li>    <li>Bei Problemen k\u00f6nnen Sie uns direkt anrufen.<\/li>    <li>\u00dcber den After-Sales-Service k\u00f6nnen Sie sich jederzeit an uns wenden, wenn Sie After-Sales-Probleme haben.<\/li> <\/ul>    <h2 class=\"wp-block-heading\" id=\"h-conclusion\"><strong>Abschluss<\/strong><\/h2>    <p>Die von unserem Unternehmen hergestellte Vertikalballenpresse verf\u00fcgt \u00fcber vollst\u00e4ndige Spezifikationen und das Verpackungsvolumen des Produkts kann angepasst werden. Die von uns hergestellten Produkte sind streng gepr\u00fcft und preisg\u00fcnstig. Wenn Sie sich f\u00fcr unsere vertikale Ballenpresse interessieren, k\u00f6nnen Sie kostenlose Beratungsleistungen in Anspruch nehmen. Sie k\u00f6nnen uns rechtzeitig kontaktieren, um Vorzugspreise anzubieten.<\/p>    <p>Die von uns hergestellten Vertikalballenpressen sind platzsparend, einfach zu bedienen, langlebig und erf\u00fcllen die Bed\u00fcrfnisse vieler Kunden. Wir verf\u00fcgen \u00fcber langj\u00e4hrige Erfahrung in der Produktion von Recyclingger\u00e4ten und legen gro\u00dfen Wert auf die Kundenanforderungen. Wir bieten au\u00dferdem garantierte Kundendienstwartung, technische Schulungen und detaillierte Produktbetriebsanweisungen. Wir hoffen auf eine Zusammenarbeit mit Ihnen und hoffen, so schnell wie m\u00f6glich eine Antwort zu erhalten.<\/p>","protected":false},"excerpt":{"rendered":"<p>Vertikale Ballenpressen sind Ger\u00e4te, die Plastikt\u00fcten, Plastikflaschen, Altpapier und andere Materialien komprimieren und verpacken. Ihre Verpackung ist kompakt, ordentlich und sch\u00f6n, was die Transportkosten erheblich senken kann.<\/p>","protected":false},"author":1,"featured_media":2428,"parent":0,"template":"","tags":[537,572,570,11,571],"product-type":[563],"class_list":["post-1305","product","type-product","status-publish","has-post-thumbnail","hentry","tag-hydraulic-baler","tag-hydraulic-baler-machine","tag-hydraulic-baling-press","tag-vertical-baler","tag-vertical-baler-machine","product-type-baler-machine"],"_links":{"self":[{"href":"https:\/\/www.baler-machines.com\/de\/wp-json\/wp\/v2\/product\/1305","targetHints":{"allow":["GET"]}}],"collection":[{"href":"https:\/\/www.baler-machines.com\/de\/wp-json\/wp\/v2\/product"}],"about":[{"href":"https:\/\/www.baler-machines.com\/de\/wp-json\/wp\/v2\/types\/product"}],"author":[{"embeddable":true,"href":"https:\/\/www.baler-machines.com\/de\/wp-json\/wp\/v2\/users\/1"}],"wp:featuredmedia":[{"embeddable":true,"href":"https:\/\/www.baler-machines.com\/de\/wp-json\/wp\/v2\/media\/2428"}],"wp:attachment":[{"href":"https:\/\/www.baler-machines.com\/de\/wp-json\/wp\/v2\/media?parent=1305"}],"wp:term":[{"taxonomy":"post_tag","embeddable":true,"href":"https:\/\/www.baler-machines.com\/de\/wp-json\/wp\/v2\/tags?post=1305"},{"taxonomy":"product-type","embeddable":true,"href":"https:\/\/www.baler-machines.com\/de\/wp-json\/wp\/v2\/product-type?post=1305"}],"curies":[{"name":"wp","href":"https:\/\/api.w.org\/{rel}","templated":true}]}}