{"id":1279,"date":"2021-12-28T05:56:30","date_gmt":"2021-12-28T05:56:30","guid":{"rendered":"https:\/\/www.baler-machines.com\/?p=1279"},"modified":"2022-09-28T11:02:12","modified_gmt":"2022-09-28T03:02:12","slug":"horizontal-waste-paper-baling-machine","status":"publish","type":"product","link":"https:\/\/www.baler-machines.com\/de\/horizontal-waste-paper-baling-machine\/","title":{"rendered":"Altpapier-Ballenpresse | Ballenpresse recyceln"},"content":{"rendered":"<p>Die Altpapierballenpresse dient dazu, alle Arten von wiederverwertbarem Papier von einem unordentlichen und lockeren Zustand in einen regelm\u00e4\u00dfigen und kompakten Zustand zu komprimieren. Die Recycling-Ballenpresse kann die Lager- und Transportkosten beim M\u00fcllrecycling f\u00fcr Unternehmen einsparen, einschlie\u00dflich Abfallkartons, Altzeitungen, Industrieverpackungspapier usw., was sich positiv auf das Recycling von Abfallressourcen auswirkt.\u00a0<\/p>    <p class=\"translation-block\">Die horizontale Ballenpresse f\u00fcr Papier, auch bekannt als <a href=\"https:\/\/www.baler-machines.com\/de\/automatic-horizontal-baler\/\">horizontale Ballenpresse<\/a>, zeichnet sich durch Multifunktionalit\u00e4t, gro\u00dfen Durchsatz, hohe Effizienz und Sicherheit aus. Wenn Sie interessiert sind, kontaktieren Sie uns gerne. <\/p>    <h2 class=\"wp-block-heading\" id=\"h-why-do-you-need-a-waste-paper-baling-machine\">Warum brauchen Sie eine Altpapierballenpresse?<\/h2>    <p class=\"translation-block\">Der Aufstieg des Online-Shoppings hat das Angebot und die Nachfrage nach Waren stark erh\u00f6ht. Dies bereitet gro\u00dfen Unternehmen Kopfzerbrechen wegen Problemen bei der Handhabung kleiner und gro\u00dfer Materialien wie Schaumstoffkartons und alten Kartons. Gleichzeitig sahen einige Gesch\u00e4ftsleute, die im <a href=\"https:\/\/en.wikipedia.org\/wiki\/Recycling\" target=\"_blank\" rel=\"noreferrer noopener\">Recycling<\/a> t\u00e4tig sind, Chancen. <\/p>    <h3 class=\"wp-block-heading\"><strong>Mehrere gro\u00dfe Probleme durch Abfall<\/strong><\/h3>    <ol class=\"wp-block-list\" type=\"1\"><li>Altpapier nimmt einen gro\u00dfen Raum ein<\/li><li>Der Umgang mit den gestapelten Kartons oder Plastikflaschen ist arbeitsintensiv und zeitaufw\u00e4ndig<\/li><li>Teure Entsorgungsgeb\u00fchren<\/li><\/ol>    <h3 class=\"wp-block-heading\"><strong>Vorteile der Verwendung der zum Verkauf stehenden Kartonballenpresse<\/strong><\/h3>    <p>Allerdings kann Altpapier Vorteile bringen, wenn es recycelt wird. Komprimiertes Altpapier ist platzsparend und bequem f\u00fcr den Transport zur Verarbeitung geeignet. Aus Altpapier k\u00f6nnen Recyclingpapierprodukte hergestellt werden. Je nach unterschiedlicher Faserzusammensetzung kann durch entsprechendes Recycling je nach Papierart der Ressourcenwert voll ausgesch\u00f6pft werden. Neben der Herstellung von Recyclingpapier bietet das Altpapier weitere umfangreiche Recyclingm\u00f6glichkeiten. Daher spielt die Altpapierballenmaschine eine Rolle in der Recyclingindustrie.<\/p>   <div class=\"wp-block-image\"> <figure class=\"aligncenter size-full\"><img loading=\"lazy\" decoding=\"async\" width=\"720\" height=\"540\" src=\"https:\/\/www.baler-machines.com\/wp-content\/uploads\/2021\/12\/waste-paper-baler-machine-1.jpg\" alt=\"Altpapierballenpresse 1\" class=\"wp-image-1288\" title=\"\"><figcaption>Altpapierballenpresse <\/figcaption><\/figure> <\/div>   <h2 class=\"wp-block-heading\"><strong>Welche Einsatzm\u00f6glichkeiten bietet die Recycling-Ballenpresse?<\/strong><\/h2>    <p>Diese vollautomatische Ballenpresse kann nicht nur Altpapier, sondern auch Kartons, Reifen, Aluminiumdosen usw. pressen. Wenn Sie jetzt eine Altpapierballenpresse kaufen m\u00f6chten und nicht wissen, ob Ihr Material gepresst werden kann, kontaktieren Sie uns schnell. Unser Verkaufspersonal wird Ihnen eine detaillierte Antwort entsprechend Ihren Anforderungen geben.<\/p>   <div class=\"wp-block-image\"> <figure class=\"aligncenter size-full\"><img loading=\"lazy\" decoding=\"async\" width=\"540\" height=\"540\" src=\"https:\/\/www.baler-machines.com\/wp-content\/uploads\/2022\/08\/waste-paper-baling-machine-applications.webp\" alt=\"Anwendungen f\u00fcr Altpapierballenpressen\" class=\"wp-image-2625\" title=\"\"><figcaption>Anwendungen f\u00fcr Altpapierballenpressen<\/figcaption><\/figure> <\/div>   <h2 class=\"wp-block-heading\" id=\"h-advantages-of-the-fully-automatic-recycle-baler\"><strong>Vorteile der vollautomatischen Recycling-Ballenpresse <\/strong><\/h2>    <ol class=\"wp-block-list\"><li>Die Altpapierballenpresse verwendet einen Hydraulikdruck von bis zu 10 Tonnen oder mehr, um die Materialien zu verdichten.<\/li><li>Die hydraulische Kunststoffballenpresse kann mit einem F\u00f6rderband und einer Einf\u00e4delmaschine ausgestattet werden, um einen hohen Automatisierungsgrad zu erreichen.<\/li><li>Einfache Bedienung. Bei einer Altpapier-Ballenpresse muss lediglich das Altpapier in die Einf\u00fcll\u00f6ffnung geworfen werden, bis diese voll ist, und es dann mit der Maschine komprimiert werden, um ein B\u00fcndel normaler Papierballen zu erhalten.<\/li><li>Im Vergleich zum urspr\u00fcnglichen Volumen des Materials verringert sich der belegte Raum um 80%.<\/li><li>Breite Anwendungen. Die Altpapierballenpresse kann f\u00fcr mehrere Zwecke verwendet werden und ist in der Lage, viele andere Materialien des t\u00e4glichen Lebens zu verarbeiten, wie Reifen, Plastikflaschen, Heu, Futter, Baumwolle, Wolle, S\u00e4gemehl, Kleidung und gewebte Taschen.<\/li><\/ol>    <figure class=\"wp-block-gallery aligncenter has-nested-images columns-default is-cropped wp-block-gallery-2 is-layout-flex wp-block-gallery-is-layout-flex\"> <figure class=\"wp-block-image size-large\"><img loading=\"lazy\" decoding=\"async\" width=\"540\" height=\"540\" data-id=\"2630\" src=\"https:\/\/www.baler-machines.com\/wp-content\/uploads\/2022\/08\/hydraulic-push-pod-for-the-recycle-baler.webp\" alt=\"hydraulic-push-pod-for-the-recycle-baler\" class=\"wp-image-2630\" title=\"\"><figcaption>Hydraulischer Schubst\u00e4nder f\u00fcr die Recycling-Ballenpresse<\/figcaption><\/figure>    <figure class=\"wp-block-image size-large\"><img loading=\"lazy\" decoding=\"async\" width=\"540\" height=\"540\" data-id=\"2629\" src=\"https:\/\/www.baler-machines.com\/wp-content\/uploads\/2022\/08\/paper-baler-manufacturer.webp\" alt=\"Papierballenpresse-Hersteller\" class=\"wp-image-2629\" title=\"\"><figcaption>Hersteller von Papierballenpressen<\/figcaption><\/figure> <\/figure>    <h2 class=\"wp-block-heading\" id=\"h-working-principle-of-automatic-paper-baler\"><strong>Funktionsprinzip der automatischen Papierballenpresse<\/strong><\/h2>    <p>Diese Altpapierballenpresse verwendet einen Hydraulikzylinder zum Komprimieren von Materialien. <\/p>    <p>W\u00e4hrend des Betriebs treibt die Drehung des Motors die \u00d6lpumpe zum Arbeiten an, und die Hydraulik\u00f6lleitung vom \u00d6ltank wird transportiert und zu jedem Hydraulikzylinder \u00fcbertragen. Bewegen Sie die Kolbenstange des \u00d6lzylinders seitlich und verdichten Sie dann alle Arten von Pappe in der Abfallbox. Nach dem Einf\u00e4delvorgang wird das Altpapier oder der Altkarton durch den Kompressionszylinder herausgedr\u00fcckt.<\/p>   <div class=\"wp-block-image\"> <figure class=\"aligncenter size-full\"><img loading=\"lazy\" decoding=\"async\" width=\"720\" height=\"540\" src=\"https:\/\/www.baler-machines.com\/wp-content\/uploads\/2021\/12\/waste-paper-baling-machine-2.jpg\" alt=\"Altpapierballenpresse 2\" class=\"wp-image-1300\" title=\"\"><figcaption>Arbeitsszene der Altpapierballenmaschine<\/figcaption><\/figure> <\/div>   <p>F\u00fcr weitere Maschinendetails teilen Sie uns gerne Ihre spezifischen Anforderungen mit.<\/p>    <h2 class=\"wp-block-heading\" id=\"h-technical-parameters-of-the-waste-paper-baling-machine\"><strong>Technische Parameter der Altpapierballenpresse<\/strong><\/h2>    <figure class=\"wp-block-table\"><table><tbody><tr><td>Modell<\/td><td>SL13-20<\/td><td>SL10-14<\/td><\/tr><tr><td>Ballengr\u00f6\u00dfe<br>(L\u00d7B\u00d7H)<\/td><td>1600\u00d71100\u00d71250mm<br>L\u00e4nge ist verstellbar<\/td><td>1600\u00d71100\u00d7850mm<br>L\u00e4nge ist verstellbar<\/td><\/tr><tr><td>Zylinder<\/td><td>\u03a6280<\/td><td>\u03a6250<\/td><\/tr><tr><td>Presskraft<\/td><td>1200 kN<\/td><td>1000 kN<\/td><\/tr><tr><td>Zykluszeit<\/td><td>24s<\/td><td>24s<\/td><\/tr><tr><td>Dichte<\/td><td>450-500kg\/m\u00b3<\/td><td>500-550kg\/m\u00b3<\/td><\/tr><tr><td>Ballengewicht<\/td><td>900\u20131000 kg\/Ballen<\/td><td>750 \u00b1 50 kg\/Ballen<\/td><\/tr><tr><td>Kapazit\u00e4t<\/td><td>13-20t\/h<\/td><td>10-14t\/h<\/td><\/tr><tr><td>Futter\u00f6ffnung<\/td><td>2000\u00d71100mm<\/td><td>2000\u00d71100mm<\/td><\/tr><tr><td>Draht<\/td><td>5 Zeilen<\/td><td>4 Zeilen<\/td><\/tr><tr><td>Leistung<\/td><td>45\u00d72sets+5,5+7,5kW<\/td><td>37\u00d72sets+5,5+7,5kW<br><\/td><\/tr><tr><td>Maschinengewicht<\/td><td>28T<\/td><td>25T<\/td><\/tr><tr><td>Materialien<\/td><td>Altpapier, Pappe, Zeitungen, Zeitschriften, Taschent\u00fccher, Plastik usw.<br>&nbsp;<\/td><td>Altpapier, Pappe, Zeitungen, Zeitschriften, Taschent\u00fccher, Plastik usw.<\/td><\/tr><\/tbody><\/table><\/figure>","protected":false},"excerpt":{"rendered":"<p>Die Altpapierballenpresse dient dazu, alle Arten von recycelbarem Papier von einem unordentlichen und losen Zustand in einen regelm\u00e4\u00dfigen und kompakten Zustand zu verdichten. Die Altpapierballenpresse kann die Lager- und Transportkosten bei der M\u00fcllrecycling f\u00fcr Unternehmen einsparen, einschlie\u00dflich Altpapierkartons, Altzeitungen, industriellen Verpackungspapierabf\u00e4llen usw., was die Wiederverwertung von Abfallressourcen f\u00f6rdert.\u00a0<\/p>","protected":false},"author":1,"featured_media":2639,"parent":0,"template":"","tags":[539,593,574,573,592],"product-type":[563],"class_list":["post-1279","product","type-product","status-publish","has-post-thumbnail","hentry","tag-horizontal-baler","tag-paper-baler","tag-recycle-baler","tag-recycling-baler","tag-waste-paper-baling-machine","product-type-baler-machine"],"_links":{"self":[{"href":"https:\/\/www.baler-machines.com\/de\/wp-json\/wp\/v2\/product\/1279","targetHints":{"allow":["GET"]}}],"collection":[{"href":"https:\/\/www.baler-machines.com\/de\/wp-json\/wp\/v2\/product"}],"about":[{"href":"https:\/\/www.baler-machines.com\/de\/wp-json\/wp\/v2\/types\/product"}],"author":[{"embeddable":true,"href":"https:\/\/www.baler-machines.com\/de\/wp-json\/wp\/v2\/users\/1"}],"wp:featuredmedia":[{"embeddable":true,"href":"https:\/\/www.baler-machines.com\/de\/wp-json\/wp\/v2\/media\/2639"}],"wp:attachment":[{"href":"https:\/\/www.baler-machines.com\/de\/wp-json\/wp\/v2\/media?parent=1279"}],"wp:term":[{"taxonomy":"post_tag","embeddable":true,"href":"https:\/\/www.baler-machines.com\/de\/wp-json\/wp\/v2\/tags?post=1279"},{"taxonomy":"product-type","embeddable":true,"href":"https:\/\/www.baler-machines.com\/de\/wp-json\/wp\/v2\/product-type?post=1279"}],"curies":[{"name":"wp","href":"https:\/\/api.w.org\/{rel}","templated":true}]}}