{"id":1089,"date":"2021-12-03T03:16:02","date_gmt":"2021-12-03T03:16:02","guid":{"rendered":"https:\/\/www.baler-machines.com\/?p=1089"},"modified":"2024-07-19T09:07:37","modified_gmt":"2024-07-19T01:07:37","slug":"metal-shear-machine","status":"publish","type":"product","link":"https:\/\/www.baler-machines.com\/de\/metal-shear-machine\/","title":{"rendered":"Metallschermaschine zum Schrottschneiden"},"content":{"rendered":"<p class=\"translation-block\">Shuliy <strong>Metallschermaschine<\/strong>, auch bekannt als \u201eTigerkopf-Schermaschine\u201c, dient zum Zerkleinern von Altmetall wie Leichtstahlmaterialien, Kupferrohren, Eisenblechen usw. auf die erforderlichen Gr\u00f6\u00dfen. Sie kann Metallabf\u00e4lle 5-8 Mal pro Minute schneiden, was einstellbar ist. <\/p>    <p>Unsere hydraulische Metallschneidemaschine hat Arbeitsbreiten von 1 m und 1,2 m (Gr\u00f6\u00dfe der Blatt\u00f6ffnung). Wir k\u00f6nnen es auch an Ihre Anforderungen anpassen. <\/p>    <p>Diese Maschine verf\u00fcgt \u00fcber zwei Messer, eines zum Pressen von Altmetall und eines zum Schneiden von Schrott. F\u00fcr bequemes Metallschneiden ist der Kettenvorschub optional. <\/p>    <figure class=\"wp-block-gallery aligncenter has-nested-images columns-default is-cropped wp-block-gallery-2 is-layout-flex wp-block-gallery-is-layout-flex\"> <figure class=\"wp-block-image size-full\"><img loading=\"lazy\" decoding=\"async\" width=\"540\" height=\"540\" data-id=\"1114\" src=\"https:\/\/www.baler-machines.com\/wp-content\/uploads\/2021\/12\/Scrap-metal-shearing-machine.jpg\" alt=\"Schrottschere\" class=\"wp-image-1114\" title=\"\" srcset=\"https:\/\/www.baler-machines.com\/wp-content\/uploads\/2021\/12\/Scrap-metal-shearing-machine.jpg 540w, https:\/\/www.baler-machines.com\/wp-content\/uploads\/2021\/12\/Scrap-metal-shearing-machine-120x120.jpg 120w\" sizes=\"auto, (max-width: 540px) 100vw, 540px\" \/><figcaption class=\"wp-element-caption\">Schrottschermaschine<\/figcaption><\/figure>    <figure class=\"wp-block-image size-full\"><img loading=\"lazy\" decoding=\"async\" width=\"540\" height=\"540\" data-id=\"1113\" src=\"https:\/\/www.baler-machines.com\/wp-content\/uploads\/2021\/12\/Sheet-metal-shearing-machine.jpg\" alt=\"Blechschere\" class=\"wp-image-1113\" title=\"\" srcset=\"https:\/\/www.baler-machines.com\/wp-content\/uploads\/2021\/12\/Sheet-metal-shearing-machine.jpg 540w, https:\/\/www.baler-machines.com\/wp-content\/uploads\/2021\/12\/Sheet-metal-shearing-machine-120x120.jpg 120w\" sizes=\"auto, (max-width: 540px) 100vw, 540px\" \/><figcaption class=\"wp-element-caption\">Blechschere<\/figcaption><\/figure>    <figure class=\"wp-block-image size-full\"><img loading=\"lazy\" decoding=\"async\" width=\"540\" height=\"540\" data-id=\"1112\" src=\"https:\/\/www.baler-machines.com\/wp-content\/uploads\/2021\/12\/Metal-shearing-machine.jpg\" alt=\"Metallschermaschine\" class=\"wp-image-1112\" title=\"\" srcset=\"https:\/\/www.baler-machines.com\/wp-content\/uploads\/2021\/12\/Metal-shearing-machine.jpg 540w, https:\/\/www.baler-machines.com\/wp-content\/uploads\/2021\/12\/Metal-shearing-machine-120x120.jpg 120w\" sizes=\"auto, (max-width: 540px) 100vw, 540px\" \/><figcaption class=\"wp-element-caption\">Metallschermaschine<\/figcaption><\/figure> <\/figure>    <p>Unsere hydraulische Metallschere ist aufgrund ihrer leistungsstarken Scheranwendungen, der sicheren und einfachen Bedienung, des kontinuierlichen Schneidens und der hohen Produktionseffizienz sehr beliebt.<\/p>    <p>Wenn Sie nach einer L\u00f6sung f\u00fcr Schrott wie Stahlrohre suchen, ist diese Metall-Schneidenschere Ihre ideale Wahl.<\/p>    <figure class=\"wp-block-embed is-type-video is-provider-youtube wp-block-embed-youtube wp-embed-aspect-16-9 wp-has-aspect-ratio\"><div class=\"wp-block-embed__wrapper\"> <iframe loading=\"lazy\" title=\"Effiziente Metallschere zum Schneiden von Aluminium, Eisenplatten und Kupferrohren! Schrottschere\" width=\"500\" height=\"281\" src=\"https:\/\/www.youtube.com\/embed\/1-DmsYuy4vM?feature=oembed\" frameborder=\"0\" allow=\"accelerometer; autoplay; clipboard-write; encrypted-media; gyroscope; picture-in-picture; web-share\" referrerpolicy=\"strict-origin-when-cross-origin\" allowfullscreen><\/iframe> <\/div><figcaption class=\"wp-element-caption\">Video einer hydraulischen Metallschere zum Schneiden von Abf\u00e4llen<\/figcaption><\/figure>    <h2 class=\"wp-block-heading\"><strong>Zu schneidendes Altmetall und Anwendungen von Metallschermaschinen<\/strong><\/h2>    <p>Unsere Metallschere kann verschiedene Metallabf\u00e4lle schneiden, wie zum Beispiel:<\/p>    <p class=\"translation-block\"><strong>Rundstahl, Vierkantstahl, Kanalstahl, Winkelstahl, Tr\u00e4ger, Blech, Stahlrohr, Stahlplatte, I-Tr\u00e4ger,<\/strong> <strong>Aluminiumbrocken, Eisenbleche, Kupferrohre<\/strong> usw.<\/p>   <div class=\"wp-block-image\"> <figure class=\"aligncenter size-full\"><img loading=\"lazy\" decoding=\"async\" width=\"720\" height=\"540\" src=\"https:\/\/www.baler-machines.com\/wp-content\/uploads\/2021\/12\/applications-of-metal-shearing-machine.webp\" alt=\"Anwendungen von Metallschermaschinen\" class=\"wp-image-3681\" title=\"\" srcset=\"https:\/\/www.baler-machines.com\/wp-content\/uploads\/2021\/12\/applications-of-metal-shearing-machine.webp 720w, https:\/\/www.baler-machines.com\/wp-content\/uploads\/2021\/12\/applications-of-metal-shearing-machine-16x12.webp 16w\" sizes=\"auto, (max-width: 720px) 100vw, 720px\" \/><figcaption class=\"wp-element-caption\">Anwendungen von Metallschermaschinen<\/figcaption><\/figure> <\/div>   <p>Nachdem wir wissen, welches Metall mit der hydraulischen Tigerkopf-Metallschere geschnitten werden kann, an welchen Orten oder in welchen Branchen wird sie eingesetzt?<\/p>    <p>Diese Art von Metallschneidemaschine wird h\u00e4ufig verwendet in:<\/p>    <ul class=\"wp-block-list\"> <li>Recycling- und Verarbeitungsstationen f\u00fcr Altmetall<\/li>    <li>Eisen- und Stahlwerke<\/li>    <li>Metallurgische Industrie<\/li>    <li>Gro\u00dfe Schrottrecyclingzentren<\/li> <\/ul>    <h2 class=\"wp-block-heading\"><strong>Vorteile einer hydraulischen Metallschermaschine<\/strong><\/h2>    <ul class=\"wp-block-list\"> <li><strong>Schneiden von Metallabf\u00e4llen mit einer Geschwindigkeit von 5\u20138 Mal pro Minute (einstellbar)<\/strong>. Unsere Metallschere kann Abfallmetall 5-8 Mal innerhalb einer Minute schneiden, was effizient ist. Und Sie k\u00f6nnen die Schnittzeiten anpassen. <\/li>    <li><strong>Schneiden von Stahlplatten, Stahlrohren, Eisenschrott, Stahlschrott, Aluminium usw<\/strong>. Die Shuliy-Blechschneidemaschine ist in der Lage, verschiedene Metallmaterialien zu schneiden. Es hat ein breites Anwendungsspektrum. <\/li>    <li><strong>Kontinuierliches Schneiden mit dem Kettenvorschub<\/strong>. F\u00fcr bequemes und unterbrechungsfreies Schneiden k\u00f6nnen unsere Scheren mit einem Kettenplattenf\u00f6rderer ausgestattet werden, was bequemer und schneller ist.<\/li>    <li><strong>Einfache Bedienung<\/strong>. Die Schrottschere ist vern\u00fcnftig konstruiert. Nach einer kurzen Einarbeitungszeit beherrschen die Arbeiter den Umgang mit den Ger\u00e4ten.<\/li> <\/ul>   <div class=\"wp-block-image\"> <figure class=\"aligncenter size-full\"><img loading=\"lazy\" decoding=\"async\" width=\"720\" height=\"540\" src=\"https:\/\/www.baler-machines.com\/wp-content\/uploads\/2019\/12\/scrap-metal-shearing-machine-for-sale.jpg\" alt=\"Schrottschere zu verkaufen\" class=\"wp-image-698\" title=\"\"><figcaption class=\"wp-element-caption\">Schrottschere zu verkaufen<\/figcaption><\/figure> <\/div>   <h2 class=\"wp-block-heading\"><strong>Technische Parameter der Blechschere<\/strong> <strong>Maschine<\/strong><\/h2>    <figure class=\"wp-block-table\"><table class=\"has-fixed-layout\"><tbody><tr><td>Modell<\/td><td>SL-250<\/td><td>SL-300<\/td><\/tr><tr><td>Max. Scherkraft<\/td><td>2500 kN<\/td><td>2500 kN<\/td><\/tr><tr><td>Hub des Scherzylinders<\/td><td>450mm<\/td><td>\/<\/td><\/tr><tr><td>Max. Presskraft<\/td><td>2500 kN<\/td><td>2500 kN<\/td><\/tr><tr><td>Hub des Presszylinders<\/td><td>450mm<\/td><td>\/<\/td><\/tr><tr><td>Arbeitstischh\u00f6he<\/td><td>800mm<\/td><td>800mm<\/td><\/tr><tr><td>Kapazit\u00e4t<\/td><td>5\u20138 Mal pro Minute (einstellbar)<\/td><td>5\u20138 Mal pro Minute (einstellbar)<\/td><\/tr><tr><td>Arbeitsl\u00e4nge des Schermessers<\/td><td>1000 mm<\/td><td>1000 mm<\/td><\/tr><tr><td>Max. \u00d6ffnen der entsprechenden Klinge<\/td><td>550mm<\/td><td>\/<\/td><\/tr><tr><td>Hydraulikpumpe<\/td><td>80 Jahre<\/td><td>\/<\/td><\/tr><tr><td>Motorleistung<\/td><td>22 kW<\/td><td>22 kW<\/td><\/tr><tr><td>Abmessungen der Hauptmaschine<\/td><td>2000*1200*1800mm<\/td><td>2000*1200*2100mm<\/td><\/tr><tr><td>Gr\u00f6\u00dfe der Hydraulikstation<\/td><td>1600*1200*1400mm<\/td><td>\/<\/td><\/tr><\/tbody><\/table><figcaption class=\"wp-element-caption\">Spezifikationen hydraulischer Metallscheren<\/figcaption><\/figure>    <p>Die oben genannten Parameter dienen als Referenz bei der Auswahl einer Metallschere. <\/p>    <p>Teilen Sie uns bitte Ihre Materialart, Dicke etc. mit und unser Vertriebsleiter wird Ihnen das passende Modell empfehlen.<\/p>    <h2 class=\"wp-block-heading\"><strong>Aufbau einer Schrottschere<\/strong><\/h2>    <p>Die Schrottschermaschine enth\u00e4lt haupts\u00e4chlich den Scher\u00f6lzylinder, das Schermesser, das Gleitblockpressmesser, den unteren Messersitz, den Press\u00f6lzylinder usw.<\/p>    <p>Die Haupteinheit und der Hydraulikzylinder sind getrennt, was die Sicherheit bei der Verwendung gew\u00e4hrleistet.<\/p>   <div class=\"wp-block-image\"> <figure class=\"aligncenter size-full\"><img loading=\"lazy\" decoding=\"async\" width=\"720\" height=\"540\" src=\"https:\/\/www.baler-machines.com\/wp-content\/uploads\/2022\/08\/structure-of-the-metal-shear-machine.webp\" alt=\"\" class=\"wp-image-2545\" title=\"\"><figcaption class=\"wp-element-caption\">Struktur der Metallschermaschine<\/figcaption><\/figure> <\/div>   <h2 class=\"wp-block-heading\"><strong>Funktionsprinzip der Scherenmetallschneidemaschine<\/strong><\/h2>    <p>Das Funktionsprinzip der Tigerkopf-Metallschere besteht darin, den Schneidkopf \u00fcber das Hydrauliksystem anzutreiben.<\/p>    <p>Legen Sie das Altmetallmaterial unter den Schneidkopf, und der Schneidkopf wird durch die Hydraulikkraft nach unten gedr\u00fcckt, um den Schneidvorgang abzuschlie\u00dfen. <\/p>    <p>Der gescherte Metallblock kann zur einfachen Lagerung und zum einfachen Transport auf die gew\u00fcnschte Gr\u00f6\u00dfe eingestellt werden.<\/p>    <figure class=\"wp-block-embed is-type-video is-provider-youtube wp-block-embed-youtube wp-embed-aspect-16-9 wp-has-aspect-ratio\"><div class=\"wp-block-embed__wrapper\"> <iframe loading=\"lazy\" title=\"Hydraulische Schrottschere | Blech-Guillotine | Hydraulische Metallschneidemaschine\" width=\"500\" height=\"281\" src=\"https:\/\/www.youtube.com\/embed\/EoQyFYcVNUs?feature=oembed\" frameborder=\"0\" allow=\"accelerometer; autoplay; clipboard-write; encrypted-media; gyroscope; picture-in-picture; web-share\" referrerpolicy=\"strict-origin-when-cross-origin\" allowfullscreen><\/iframe> <\/div><figcaption class=\"wp-element-caption\">Arbeitsvideo einer Metallschermaschine<\/figcaption><\/figure>    <h2 class=\"wp-block-heading\"><strong>Unterst\u00fctzende Ausr\u00fcstung f\u00fcr Metallscherenschneider<\/strong><\/h2>    <p>Die hydraulische Metallschere kann zur automatischen Beschickung an einen Kettenplattenvorschub angeschlossen werden. <\/p>    <p>Der Kettenplattenvorschub sorgt f\u00fcr eine gleichm\u00e4\u00dfige Zuf\u00fchrung und vermeidet die Materialausbeulung des herk\u00f6mmlichen F\u00f6rdermechanismus.<\/p>    <figure class=\"wp-block-gallery aligncenter has-nested-images columns-default is-cropped wp-block-gallery-3 is-layout-flex wp-block-gallery-is-layout-flex\"> <figure class=\"wp-block-image size-large\"><img loading=\"lazy\" decoding=\"async\" width=\"720\" height=\"500\" data-id=\"1130\" src=\"https:\/\/www.baler-machines.com\/wp-content\/uploads\/2021\/12\/sheet-metal-guillotine.jpg\" alt=\"Blech-Guillotine\" class=\"wp-image-1130\" title=\"\"><figcaption class=\"wp-element-caption\">Blech-Guillotine<\/figcaption><\/figure>    <figure class=\"wp-block-image size-large\"><img loading=\"lazy\" decoding=\"async\" width=\"540\" height=\"540\" data-id=\"1110\" src=\"https:\/\/www.baler-machines.com\/wp-content\/uploads\/2021\/12\/sheet-metal-guillotine-with-a-chainplate-feeder.jpg\" alt=\"Blechschneidemaschine mit Kettenblattzuf\u00fchrung\" class=\"wp-image-1110\" title=\"\" srcset=\"https:\/\/www.baler-machines.com\/wp-content\/uploads\/2021\/12\/sheet-metal-guillotine-with-a-chainplate-feeder.jpg 540w, https:\/\/www.baler-machines.com\/wp-content\/uploads\/2021\/12\/sheet-metal-guillotine-with-a-chainplate-feeder-120x120.jpg 120w\" sizes=\"auto, (max-width: 540px) 100vw, 540px\" \/><figcaption class=\"wp-element-caption\">Blech-Guillotine mit Kettenplattenzuf\u00fchrung<\/figcaption><\/figure> <\/figure>    <h2 class=\"wp-block-heading\"><strong>Tipps zur Auswahl einer Metallschere<\/strong><\/h2>    <p>Beim Kauf einer Blechschere ist darauf zu achten, dass die Ausr\u00fcstung den Verarbeitungsanforderungen gerecht wird. <\/p>    <p>Um eine wirtschaftliche und praktische hydraulische Metallschneidemaschine zu kaufen, empfiehlt es sich, auf folgende Punkte zu achten:<\/p>    <ol class=\"wp-block-list\"> <li><strong>Kl\u00e4ren Sie die Gr\u00f6\u00dfe und das Material des Abfalls<\/strong>. Dies hilft Ihnen bei der Auswahl der geeigneten Tonnage der Maschine, um die Schereffizienz und -effektivit\u00e4t sicherzustellen.<\/li>    <li><strong>W\u00e4hlen Sie spezielle Klingen f\u00fcr spezielle Materialien<\/strong>. Spezielle Materialien oder Abf\u00e4lle weisen eine gro\u00dfe H\u00e4rte auf. Daher ben\u00f6tigen Sie spezielle Klingen, um den Aufwand beim Austausch zu verringern.<\/li>    <li><strong>W\u00e4hlen Sie Ger\u00e4te, die einfach zu installieren und zu bedienen sind<\/strong>. Das integrierte Design der Ger\u00e4te erfordert keine komplizierte Installation, ist einfach zu bedienen und tr\u00e4gt zur Verbesserung der Arbeitseffizienz bei.<\/li> <\/ol>    <figure class=\"wp-block-gallery has-nested-images columns-default is-cropped wp-block-gallery-4 is-layout-flex wp-block-gallery-is-layout-flex\"> <figure class=\"wp-block-image size-large\"><img loading=\"lazy\" decoding=\"async\" width=\"720\" height=\"540\" data-id=\"3701\" src=\"https:\/\/www.baler-machines.com\/wp-content\/uploads\/2021\/12\/hydrualic-metal-shear-machine-for-sale.webp\" alt=\"Hydraulische Metallschneidemaschine zu verkaufen\" class=\"wp-image-3701\" title=\"\" srcset=\"https:\/\/www.baler-machines.com\/wp-content\/uploads\/2021\/12\/hydrualic-metal-shear-machine-for-sale.webp 720w, https:\/\/www.baler-machines.com\/wp-content\/uploads\/2021\/12\/hydrualic-metal-shear-machine-for-sale-16x12.webp 16w\" sizes=\"auto, (max-width: 720px) 100vw, 720px\" \/><figcaption class=\"wp-element-caption\">Hydraulische Metallschere zu verkaufen<\/figcaption><\/figure>    <figure class=\"wp-block-image size-large\"><img loading=\"lazy\" decoding=\"async\" width=\"720\" height=\"540\" data-id=\"3700\" src=\"https:\/\/www.baler-machines.com\/wp-content\/uploads\/2021\/12\/high-performance-metal-cutting-machine.webp\" alt=\"Hochleistungs-Metallschneidemaschine\" class=\"wp-image-3700\" title=\"\" srcset=\"https:\/\/www.baler-machines.com\/wp-content\/uploads\/2021\/12\/high-performance-metal-cutting-machine.webp 720w, https:\/\/www.baler-machines.com\/wp-content\/uploads\/2021\/12\/high-performance-metal-cutting-machine-16x12.webp 16w\" sizes=\"auto, (max-width: 720px) 100vw, 720px\" \/><figcaption class=\"wp-element-caption\">Hochleistungs-Metallschneidemaschine<\/figcaption><\/figure> <\/figure>    <h2 class=\"wp-block-heading\"><strong>Kontaktieren Sie uns jetzt f\u00fcr weitere Details!<\/strong><\/h2>    <p class=\"translation-block\">Wenn Sie eine L\u00f6sung f\u00fcr das <a href=\"https:\/\/en.wikipedia.org\/wiki\/Scrap\" target=\"_blank\" rel=\"noopener\">Schrottmetall<\/a>schneiden suchen, kontaktieren Sie uns!<\/p>    <p class=\"translation-block\">Zus\u00e4tzlich zu dieser Schere haben wir auch die <a href=\"https:\/\/www.baler-machines.com\/de\/hydraulic-metal-shears\/\">Alligatorschere<\/a> und die <a href=\"https:\/\/www.baler-machines.com\/de\/metal-shears-metal-shearing-machine\/\">Portalscherenmaschine<\/a>. Egal welche Art von Schrott, wir k\u00f6nnen damit umgehen.<\/p>","protected":false},"excerpt":{"rendered":"<p>Die Shuliy Metall-Schneidemaschine dient dazu, Schrottmetall wie leichte Stahlmaterialien, Kupferrohre, Eisenbleche usw. in die erforderlichen Gr\u00f6\u00dfen zu schneiden, mit einer Kapazit\u00e4t von 5-8 Mal pro Minute, die einstellbar ist. <\/p>","protected":false},"author":1,"featured_media":2536,"parent":0,"template":"","tags":[408,296,636],"product-type":[562],"class_list":["post-1089","product","type-product","status-publish","has-post-thumbnail","hentry","tag-metal","tag-metal-shear","tag-scrap-metal","product-type-metal-shears"],"_links":{"self":[{"href":"https:\/\/www.baler-machines.com\/de\/wp-json\/wp\/v2\/product\/1089","targetHints":{"allow":["GET"]}}],"collection":[{"href":"https:\/\/www.baler-machines.com\/de\/wp-json\/wp\/v2\/product"}],"about":[{"href":"https:\/\/www.baler-machines.com\/de\/wp-json\/wp\/v2\/types\/product"}],"author":[{"embeddable":true,"href":"https:\/\/www.baler-machines.com\/de\/wp-json\/wp\/v2\/users\/1"}],"wp:featuredmedia":[{"embeddable":true,"href":"https:\/\/www.baler-machines.com\/de\/wp-json\/wp\/v2\/media\/2536"}],"wp:attachment":[{"href":"https:\/\/www.baler-machines.com\/de\/wp-json\/wp\/v2\/media?parent=1089"}],"wp:term":[{"taxonomy":"post_tag","embeddable":true,"href":"https:\/\/www.baler-machines.com\/de\/wp-json\/wp\/v2\/tags?post=1089"},{"taxonomy":"product-type","embeddable":true,"href":"https:\/\/www.baler-machines.com\/de\/wp-json\/wp\/v2\/product-type?post=1089"}],"curies":[{"name":"wp","href":"https:\/\/api.w.org\/{rel}","templated":true}]}}