{"id":1043,"date":"2021-12-02T06:08:44","date_gmt":"2021-12-02T06:08:44","guid":{"rendered":"https:\/\/www.baler-machines.com\/?p=1043"},"modified":"2023-03-16T11:02:52","modified_gmt":"2023-03-16T03:02:52","slug":"automatic-horizontal-baler","status":"publish","type":"product","link":"https:\/\/www.baler-machines.com\/de\/automatic-horizontal-baler\/","title":{"rendered":"Halbautomatische Horizontalballenpresse f\u00fcr Recycling"},"content":{"rendered":"<p>Diese horizontale Ballenpresse von Shuliy Machinery ist f\u00fcr Altpapier, Kartons usw. konzipiert. Sie kann verschiedene Materialien schnell und effektiv zu Ballen pressen, wodurch Lagerraum gespart und der Transport erleichtert wird. T\u00e4glich fallen im Laufe der Produktion zahlreiche Abfallstoffe wie Papier, Kunststoff etc. an. Wie k\u00f6nnen sie schnell und effektiv bearbeitet werden? So entstand unsere hydraulische Ballenpresse. Die Maschine verf\u00fcgt \u00fcber eine sehr stabile Leistung, hervorragende Qualit\u00e4t und eine lange Lebensdauer. Diese Maschine ist eine der bedeutendsten Recyclingmaschinen. Bei Interesse fragen Sie gerne nach!<\/p>    <h2 class=\"wp-block-heading\"><strong>Was ist eine horizontale Ballenpresse?<\/strong>?<\/h2>    <p class=\"translation-block\">Eine horizontale Ballenpresse ist darauf ausgelegt, verschiedene Arten von losem Material effizient zu verdichten und zu Ballen zu pressen, die f\u00fcr Lagerung und Transport praktisch sind. Die hydraulische horizontale Ballenpresse zeichnet sich durch ein gro\u00dfes Verdichtungsverh\u00e4ltnis, kompakte Ballen, ein sauberes und sch\u00f6nes Erscheinungsbild und eine breite Anwendungspalette aus. Die horizontale Ballenpresse f\u00fcr Abfall ist f\u00fcr die Verdichtung und Verpackung verschiedener Materialien wie<strong> Altpapier, Kartonagen, Papier, Altbekleidung, Kunststoffe, Reifen, Stroh, Futter, Baumwolle, <a href=\"https:\/\/en.wikipedia.org\/wiki\/Wool\" target=\"_blank\" rel=\"noreferrer noopener\">Wolle<\/a>, S\u00e4gemehl und gewebte S\u00e4cke<\/strong> geeignet. Dar\u00fcber hinaus k\u00f6nnen unsere Maschinen angepasst werden, um alle angemessenen Bed\u00fcrfnisse unserer Kunden zu erf\u00fcllen. Wenn Sie also in einer verwandten Branche t\u00e4tig sind und eine Ballenpresse ben\u00f6tigen, k\u00f6nnen Sie uns jederzeit gerne kontaktieren!<\/p>    <figure class=\"wp-block-gallery aligncenter has-nested-images columns-default is-cropped wp-block-gallery-2 is-layout-flex wp-block-gallery-is-layout-flex\"> <figure class=\"wp-block-image size-large\"><img loading=\"lazy\" decoding=\"async\" width=\"720\" height=\"540\" data-id=\"2436\" src=\"https:\/\/www.baler-machines.com\/wp-content\/uploads\/2022\/08\/horizontal-baler-machine-.webp\" alt=\"horizontal-baler-machine-\" class=\"wp-image-2436\" title=\"\"><figcaption class=\"wp-element-caption\">Horizontale Ballenpresse <\/figcaption><\/figure>    <figure class=\"wp-block-image size-large\"><img loading=\"lazy\" decoding=\"async\" width=\"720\" height=\"540\" data-id=\"2437\" src=\"https:\/\/www.baler-machines.com\/wp-content\/uploads\/2022\/08\/recycle-baler-in-stock.webp\" alt=\"Recycling-Presse auf Lager\" class=\"wp-image-2437\" title=\"\"><figcaption class=\"wp-element-caption\">Recycling-Ballenpresse auf Lager<\/figcaption><\/figure> <\/figure>    <h2 class=\"wp-block-heading\"><strong>Automatische Horizontalballenpresse zu verkaufen<\/strong><\/h2>    <p class=\"translation-block\">Die automatische horizontale Ballenpresse ist eine leistungsstarke und multifunktionale Maschine f\u00fcr Baumwollanbaugebiete, Textilunternehmen, Bekleidungsfabriken, Wertstoffrecyclingstationen und andere landwirtschaftliche und industrielle Unternehmen. Die hydraulische Ballenpresse ist haupts\u00e4chlich in horizontale und vertikale Typen unterteilt. Die hydraulische horizontale Ballenpresse hat eine gro\u00dfe Form, mit einer gr\u00f6\u00dferen Presskraft und Verpackungsgr\u00f6\u00dfe als die <a href=\"https:\/\/www.baler-machines.com\/de\/vertical-metal-baler-hydraulic-metal-baling-machine\/\">vertikale Metallballenpresse<\/a>, und sie ist einfach automatisch zu bedienen, was die Gesamteffizienz des Ballenpressens verbessern kann.<\/p>    <h3 class=\"wp-block-heading\"><strong>Halbautomatische horizontale Ballenpresse<\/strong><\/h3>    <p>Keine automatische F\u00f6rderbandbeladung, es muss eine M\u00f6glichkeit gefunden werden, das Abfallmaterial in den Beh\u00e4lter zu f\u00fcllen. Andere Funktionen bleiben gleich.<\/p>   <div class=\"wp-block-image\"> <figure class=\"aligncenter size-full\"><img loading=\"lazy\" decoding=\"async\" width=\"720\" height=\"540\" src=\"https:\/\/www.baler-machines.com\/wp-content\/uploads\/2021\/12\/semi-automatic-horizontal-baler-machine.webp\" alt=\"halbautomatische horizontale Ballenpresse\" class=\"wp-image-2433\" title=\"\"><figcaption class=\"wp-element-caption\">halbautomatische horizontale Ballenpresse<\/figcaption><\/figure> <\/div>   <h3 class=\"wp-block-heading\" id=\"h-fully-automatic-horizontal-baling-press\"><strong>Vollautomatische Horizontalballenpresse<\/strong><\/h3>    <p>Ausgestattet mit einer automatischen Lademaschine kann es erheblich Arbeitskr\u00e4fte einsparen und schnell und effizient arbeiten.<\/p>   <div class=\"wp-block-image\"> <figure class=\"aligncenter size-full\"><img loading=\"lazy\" decoding=\"async\" width=\"584\" height=\"448\" src=\"https:\/\/www.baler-machines.com\/wp-content\/uploads\/2021\/12\/Automatic-horizontal-baling-machine-with-conveyor-1.jpg\" alt=\"Automatische horizontale Ballenpresse mit F\u00f6rderband 1\" class=\"wp-image-1065\" title=\"\"><figcaption class=\"wp-element-caption\">Automatische horizontale Ballenpresse mit F\u00f6rderband <\/figcaption><\/figure> <\/div>   <h2 class=\"wp-block-heading\" id=\"h-scope-of-application-of-the-recycling-baler-machine\"><strong>Anwendungsbereich der Recycling-Ballenpresse<\/strong><\/h2>    <p>Die horizontale Ballenpresse eignet sich f\u00fcr ein breites Spektrum an wiederverwertbaren Materialien und kann mit einem F\u00f6rderband und anderen Ger\u00e4ten verwendet werden. Stroh, Heu, Altpapier, Reifen, Baumwolle, alte Kleidung, Stroh, Plastik, Wolle und wiederverwertbarer M\u00fcll k\u00f6nnen mit einer hydraulischen Ballenpresse komprimiert und verpackt werden. Es k\u00f6nnen auch Abfallkartons, Altkarton, Garn, Tabak, Stoff, gewebte Taschen, gestrickter Samt, S\u00e4cke, Wollkn\u00e4uel, Seide, Hopfen und alle anderen losen Materialien darin verwendet werden. <\/p>   <div class=\"wp-block-image\"> <figure class=\"aligncenter size-full\"><img loading=\"lazy\" decoding=\"async\" width=\"670\" height=\"462\" src=\"https:\/\/www.baler-machines.com\/wp-content\/uploads\/2021\/12\/raw-materials.jpg\" alt=\"Rohstoffe\" class=\"wp-image-1063\" title=\"\"><figcaption class=\"wp-element-caption\">Rohstoffe<\/figcaption><\/figure> <\/div>   <p>Es wird h\u00e4ufig in Verpackungsbetrieben, Kartonfabriken, Druckereien, Abfallklassifizierungs- und -behandlungsstationen, professionellen Recyclingstationen, Baumwollanbaugebieten, Textilunternehmen, Bekleidungsfabriken und anderen Orten eingesetzt. Die horizontale Ballenpresse kann mit einer Einf\u00e4delmaschine zum automatischen Ballenpressen zusammenarbeiten.<\/p>    <h2 class=\"wp-block-heading\" id=\"h-highlights-of-the-automatic-horizontal-baler\"><strong>Highlights der automatischen Horizontalballenpresse<\/strong><\/h2>    <p>Die Papierballenpresse bietet unter anderem die Vorteile einer hohen Effizienz, einer kompakten Struktur, einer einfachen Bedienung, eines stabilen Getriebes und einer flexiblen Mobilit\u00e4t.<\/p>    <ul class=\"wp-block-list\"> <li>Hydrauliktechnik, Hochdruck, Energieeinsparung und Umweltschutz.<\/li>    <li>Die offene Struktur erm\u00f6glicht ein bequemes und schnelles Herausnehmen des Beutels und verbessert die Effizienz.<\/li>    <li>Es verf\u00fcgt \u00fcber einen dreiseitig schlie\u00dfenden und umgekehrt ziehenden Typ, der durch den \u00d6lzylinder automatisch angezogen und entspannt wird.<\/li>    <li>SPS-Programm, Touchscreen-Steuerung, einfache Bedienung, automatische Komprimierung.<\/li>    <li>Das einzigartige automatische Ballenpressger\u00e4t bietet die Vorteile hoher Geschwindigkeit, einfacher Struktur, stabiler Wirkung, geringer Ausfallrate sowie einfacher Reinigung und Wartung.<\/li>    <li>Die Paketgr\u00f6\u00dfe und Spannung k\u00f6nnen entsprechend den angemessenen Anforderungen der Kunden angepasst werden. <\/li>    <li>Es kann mit einem F\u00f6rderbandmaterial und einer Einf\u00e4delmaschine mit h\u00f6herer Effizienz ausgestattet werden.<\/li> <\/ul>   <div class=\"wp-block-image\"> <figure class=\"aligncenter size-full\"><img loading=\"lazy\" decoding=\"async\" width=\"720\" height=\"540\" src=\"https:\/\/www.baler-machines.com\/wp-content\/uploads\/2022\/08\/recycling-baler-manufacturer.webp\" alt=\"Hersteller von Recycling-Ballenpressen\" class=\"wp-image-2439\" title=\"\"><figcaption class=\"wp-element-caption\">Hersteller von Recycling-Ballenpressen<\/figcaption><\/figure> <\/div>   <h2 class=\"wp-block-heading\" id=\"h-how-does-the-horizontal-waste-baler-work\"><strong>Wie funktioniert die horizontale M\u00fcllballenpresse?<\/strong><\/h2>    <p class=\"translation-block\">Diese Serie von horizontalen Ballenpressen besteht haupts\u00e4chlich aus einem Hydrauliksystem, einem Materiallagersystem, einem Kompressionsmechanismus, einem Ballenmechanismus und einem elektrischen System. Die Produktionseffizienz ist 5-10 Mal h\u00f6her als die von <a href=\"https:\/\/www.baler-machines.com\/de\/vertical-baler-machine-for-waste-recycling\/\" target=\"_blank\" rel=\"noreferrer noopener\">hydraulischen vertikalen Ballenpressen<\/a>, und der Stromverbrauch ist geringer. Der hydraulische Druck kann \u00fcber 100 Tonnen erreichen. Die automatische horizontale Ballenpressenmaschine umfasst vollautomatische und halbautomatische Typen. Das vollautomatische Modell kann mit einer Einf\u00e4delmaschine ausgestattet werden, um den komprimierten Ballen automatisch zu binden.<\/p>   <div class=\"wp-block-image\"> <figure class=\"aligncenter size-full\"><img loading=\"lazy\" decoding=\"async\" width=\"924\" height=\"686\" src=\"https:\/\/www.baler-machines.com\/wp-content\/uploads\/2021\/12\/hydraulic-horizontal-baler-structure.jpg\" alt=\"hydraulische horizontale Ballenpresse\" class=\"wp-image-1062\" title=\"\" srcset=\"https:\/\/www.baler-machines.com\/wp-content\/uploads\/2021\/12\/hydraulic-horizontal-baler-structure.jpg 924w, https:\/\/www.baler-machines.com\/wp-content\/uploads\/2021\/12\/hydraulic-horizontal-baler-structure-768x570.jpg 768w\" sizes=\"auto, (max-width: 924px) 100vw, 924px\" \/><figcaption class=\"wp-element-caption\">hydraulische horizontale Ballenpresse<\/figcaption><\/figure> <\/div>   <h2 class=\"wp-block-heading\"><strong>Wie viel kostet eine Horizontalballenpresse?<\/strong><\/h2>    <ol class=\"wp-block-list\"> <li>Der <strong>Grad der Automatisierung<\/strong>. Der Preis einer halbautomatischen Ballenpresse und einer vollautomatischen Ballenpresse ist aufgrund des Unterschieds im automatischen Ladesystem v\u00f6llig unterschiedlich.<\/li>    <li><strong>Maschinenzubeh\u00f6r<\/strong>. F\u00fcr die gleiche Maschine ist bei Verwendung unterschiedlichen Zubeh\u00f6rs auch der Preis unterschiedlich. Nat\u00fcrlich sind die Lebensdauer und die Einsatzbedingungen nicht gleich.<\/li>    <li><strong>Maschinelle Verpackung und Transport<\/strong>. Unter den gleichen Transportbedingungen, ohne Verpackung und Holzkistenverpackung, ist der Gesamtpreis der Maschine nicht derselbe. Wenn die Maschine unter den gleichen Verpackungsbedingungen transportiert wird, unterscheidet sich auch der Preis.<\/li> <\/ol>    <h2 class=\"wp-block-heading\" id=\"h-horizontal-baler-operating-manual\"><strong>Bedienungsanleitung der Horizontalballenpresse<\/strong><\/h2>    <ol class=\"wp-block-list\"> <li>Bevor die Maschine mit der Arbeit beginnt, pr\u00fcfen Sie unbedingt, ob jedes Maschinenteil intakt ist und ob das Hydraulik\u00f6l ausreichend ist.<\/li>    <li>Achten Sie beim Betrieb der Maschine unbedingt auf die Personensicherheit, daher muss der Standort ausreichend sein.<\/li>    <li>Halten Sie beim Betrieb der Maschine einen gewissen Sicherheitsabstand ein. Denn unsere Maschine \u00fcbernimmt die SPS-Steuerung und kann sich in Echtzeit vorw\u00e4rts bewegen, was sich optimal ausnutzt.<\/li>    <li>Sicherheit geht beim Einsatz der Maschine vor. \u00dcberpr\u00fcfen Sie st\u00e4ndig den Zustand und die Funktion der Sicherheitsverriegelung und der Not-Aus-Einrichtung.<\/li>    <li>\u00dcberpr\u00fcfen Sie nach Abschluss der Arbeiten die Maschine bei vollst\u00e4ndigem Stillstand, um sicherzustellen, dass die Maschine fehlerfrei ist, bevor das Personal das Personal verl\u00e4sst.<\/li> <\/ol>    <h2 class=\"wp-block-heading\" id=\"h-working-video-of-horizontal-baler\"><strong>Arbeitsvideo einer Horizontalballenpresse<\/strong><\/h2>    <figure class=\"wp-block-embed aligncenter is-type-video is-provider-youtube wp-block-embed-youtube wp-embed-aspect-16-9 wp-has-aspect-ratio\"><div class=\"wp-block-embed__wrapper\"> <iframe loading=\"lazy\" title=\"Automatische hydraulische Horizontalballenpresse | Hydraulische Ballenpresse f\u00fcr Altpapier-Kunststoffreifen\" width=\"500\" height=\"281\" src=\"https:\/\/www.youtube.com\/embed\/xsLypM133-g?feature=oembed\" frameborder=\"0\" allow=\"accelerometer; autoplay; clipboard-write; encrypted-media; gyroscope; picture-in-picture; web-share\" referrerpolicy=\"strict-origin-when-cross-origin\" allowfullscreen><\/iframe> <\/div><\/figure>    <figure class=\"wp-block-embed aligncenter is-type-video is-provider-youtube wp-block-embed-youtube wp-embed-aspect-16-9 wp-has-aspect-ratio\"><div class=\"wp-block-embed__wrapper\"> <iframe loading=\"lazy\" title=\"Hydraulische horizontale Ballenpresse | Ballenpresse f\u00fcr Altkarton zur Lieferung geladen\" width=\"500\" height=\"281\" src=\"https:\/\/www.youtube.com\/embed\/JJmSzdCuC-4?feature=oembed\" frameborder=\"0\" allow=\"accelerometer; autoplay; clipboard-write; encrypted-media; gyroscope; picture-in-picture; web-share\" referrerpolicy=\"strict-origin-when-cross-origin\" allowfullscreen><\/iframe> <\/div><\/figure>    <h2 class=\"wp-block-heading\" id=\"h-specification-of-semi-automatic-hydraulic-horizontal-baling-machine\"><strong>Spezifikation einer halbautomatischen hydraulischen Horizontalballenmaschine<\/strong><\/h2>    <figure class=\"wp-block-table\"><table><tbody><tr><td>Modell<\/td><td>SL-120<\/td><td>SL-160<\/td><td>SL-180<\/td><td>SL-200<\/td><\/tr><tr><td>Dynamisches System<\/td><td>Hydrauliksystem&nbsp;<\/td><td>Hydrauliksystem&nbsp;<\/td><td>Hydrauliksystem&nbsp;<\/td><td>Hydrauliksystem&nbsp;<\/td><\/tr><tr><td>Leistung<\/td><td>22 kW, 3 PS, 380 V<\/td><td>30 kW + 4 kW, 3 PS, 380 V<\/td><td>37 kW + 4 kW, 3 PS, 380 V<\/td><td>45 kW + 4 kW, 3 PS, 380 V <\/td><\/tr><tr><td>Hauptnennschub<\/td><td>1200 kN<\/td><td>1600 kN<\/td><td>1800 kN<\/td><td>2000 kN<\/td><\/tr><tr><td>Systemdruck<\/td><td>28 MPa<\/td><td>31,5 MPA<\/td><td>31,5 MPa<\/td><td>31,5 MPa&nbsp;<\/td><\/tr><tr><td>Kontrollsystem<\/td><td>Automatische SPS-Steuerung<\/td><td>Automatische SPS-Steuerung<\/td><td>Automatische SPS-Steuerung<\/td><td>Automatische SPS-Steuerung<\/td><\/tr><tr><td>Futtergr\u00f6\u00dfe<\/td><td>1650 mm * 1100 mm<\/td><td>1650 mm * 1100 mm<\/td><td>2000*1100mm<\/td><td>2000 mm * 1100 mm<\/td><\/tr><tr><td>Ballengr\u00f6\u00dfe<\/td><td>1100*900mm<\/td><td>1100 mm * 1250 mm<\/td><td>1100*1300mm<\/td><td>1100 mm * 1400 mm<\/td><\/tr><tr><td>Ballendichte<\/td><td>800 kg\/Ballen, <br>400-450kg\/m\u00b3<\/td><td>1200 kg\/Ballen,<br>450kg\/m\u00b3<\/td><td>1300 kg\/Ballen, 500 kg\/m\u00b3<\/td><td>1400 kg\/Ballen 520 kg\/m\u00b3<\/td><\/tr><tr><td>Kapazit\u00e4t<\/td><td>4-7 Ballen\/h<\/td><td>5-8 Ballen\/h<\/td><td>6-9 Ballen\/h<\/td><td>8-10 Ballen\/h<\/td><\/tr><tr><td>B\u00fcndelung<\/td><td>3 Stk<\/td><td>4-5 Stk<\/td><td>4-5 Stk<\/td><td>4-5 Stk<\/td><\/tr><\/tbody><\/table><\/figure>    <p class=\"translation-block\">F\u00fcr weitere Details zur Ballenpresse oder spezielle Anforderungen k\u00f6nnen Sie uns gerne <a href=\"https:\/\/www.baler-machines.com\/de\/contact-service\/\" target=\"_blank\" rel=\"noreferrer noopener\">kontaktieren<\/a>.<\/p>    <h2 class=\"wp-block-heading\" id=\"h-faq\"><strong>FAQ<\/strong><\/h2>    <div class=\"schema-faq wp-block-yoast-faq-block\"><div class=\"schema-faq-section\" id=\"faq-question-1659427226038\"><strong class=\"schema-faq-question\">F: Sind Sie ein Handelsunternehmen oder ein Hersteller?<\/strong> <p class=\"schema-faq-answer\">A: Wir k\u00f6nnen Maschinen sowohl selbst herstellen als auch verkaufen. Wir exportieren oft ins Ausland, was etwa 701 TP3T ausmacht.<\/p> <\/div> <div class=\"schema-faq-section\" id=\"faq-question-1659427250002\"><strong class=\"schema-faq-question\">F: Haben Ihre Maschinen eine Garantiezeit?<\/strong> <p class=\"schema-faq-answer\">A: Generell gew\u00e4hrt unser Unternehmen eine einj\u00e4hrige Garantie auf unsere Maschinen.<\/p> <\/div> <div class=\"schema-faq-section\" id=\"faq-question-1659427335441\"><strong class=\"schema-faq-question\">F: Wie kann ich Ihrem Unternehmen vertrauen?<\/strong> <p class=\"schema-faq-answer\">A: Unser Unternehmen ist seit Jahrzehnten f\u00fchrend in der Branche. Es gibt auch Branchenzertifikate, die Sie \u00fcberpr\u00fcfen k\u00f6nnen. Dar\u00fcber hinaus k\u00f6nnen wir mit Ihnen auch eine Werksbesichtigung in Echtzeit (per Video) durchf\u00fchren.<\/p> <\/div> <\/div>","protected":false},"excerpt":{"rendered":"<p>Der horizontale Ballenpressen ist so konzipiert, dass er lose Materialien effizient verdichtet und in dichte Pakete verpackt, die sich gut f\u00fcr Lagerung und Transport eignen. Die hydraulische horizontale Ballenpressen zeichnet sich durch ein hohes Verdichtungsverh\u00e4ltnis, kompakte Pakete, ein ordentliches und ansprechendes Erscheinungsbild sowie ein breites Anwendungsspektrum aus. <\/p>","protected":false},"author":1,"featured_media":2446,"parent":0,"template":"","tags":[539,577,537,574,573,575],"product-type":[563],"class_list":["post-1043","product","type-product","status-publish","has-post-thumbnail","hentry","tag-horizontal-baler","tag-horizontal-baler-machine","tag-hydraulic-baler","tag-recycle-baler","tag-recycling-baler","tag-recycling-baler-machine","product-type-baler-machine"],"_links":{"self":[{"href":"https:\/\/www.baler-machines.com\/de\/wp-json\/wp\/v2\/product\/1043","targetHints":{"allow":["GET"]}}],"collection":[{"href":"https:\/\/www.baler-machines.com\/de\/wp-json\/wp\/v2\/product"}],"about":[{"href":"https:\/\/www.baler-machines.com\/de\/wp-json\/wp\/v2\/types\/product"}],"author":[{"embeddable":true,"href":"https:\/\/www.baler-machines.com\/de\/wp-json\/wp\/v2\/users\/1"}],"wp:featuredmedia":[{"embeddable":true,"href":"https:\/\/www.baler-machines.com\/de\/wp-json\/wp\/v2\/media\/2446"}],"wp:attachment":[{"href":"https:\/\/www.baler-machines.com\/de\/wp-json\/wp\/v2\/media?parent=1043"}],"wp:term":[{"taxonomy":"post_tag","embeddable":true,"href":"https:\/\/www.baler-machines.com\/de\/wp-json\/wp\/v2\/tags?post=1043"},{"taxonomy":"product-type","embeddable":true,"href":"https:\/\/www.baler-machines.com\/de\/wp-json\/wp\/v2\/product-type?post=1043"}],"curies":[{"name":"wp","href":"https:\/\/api.w.org\/{rel}","templated":true}]}}