{"id":980,"date":"2021-11-24T02:05:49","date_gmt":"2021-11-24T02:05:49","guid":{"rendered":"https:\/\/www.baler-machines.com\/?page_id=980"},"modified":"2022-08-05T08:51:50","modified_gmt":"2022-08-05T08:51:50","slug":"about-us","status":"publish","type":"page","link":"https:\/\/www.baler-machines.com\/de\/about-us\/","title":{"rendered":"\u00dcber uns"},"content":{"rendered":"<h2 class=\"wp-block-heading\" id=\"h-company-profile\"><strong>Unternehmensprofil<\/strong><\/h2>    <div class=\"wp-block-media-text alignwide is-stacked-on-mobile\"><figure class=\"wp-block-media-text__media\"><img loading=\"lazy\" decoding=\"async\" width=\"750\" height=\"500\" src=\"https:\/\/www.baler-machines.com\/wp-content\/uploads\/2022\/08\/company-about-us-1.webp\" alt=\"\" class=\"wp-image-2693 size-full\" title=\"\"><\/figure><div class=\"wp-block-media-text__content\"> <p>Zhengzhou Shuliy\u00a0Machinery ist ein Produktionsunternehmen, das die Entwicklung, Konstruktion, Herstellung und den Vertrieb mechanischer Ger\u00e4te integriert. Das Unternehmen verfolgt \u201eWissenschaft und Technologie, Umwelt, Ressourcen\u201c als sein Kernkonzept und setzt sich f\u00fcr die Schaffung einer Sammlung von \u201eForschung und Entwicklung von Umweltrecyclingmaschinen\u201c, \u201eRecycling und Demontage von Metallabf\u00e4llen und Altautos\u201c, \u201eVerwertung von Siedlungsabf\u00e4llen\u201c und \u201eVerwertung von Siedlungsabf\u00e4llen\u201c ein Hausm\u00fcll als Ressource\u201c, \u201eErneuerbare Ressourcen\u201c und \u201eGr\u00fcne Energie\u201c-Entwicklung in einer Industriekette der Kreislaufwirtschaft.<\/p> <\/div><\/div>    <p><\/p>    <p>Shuliy\u00a0verf\u00fcgt \u00fcber moderne Forschungs- und Entwicklungszentren sowie verschiedene Verarbeitungsger\u00e4te und Testeinrichtungen. Das Unternehmen besch\u00e4ftigt insgesamt mehr als 100 Mitarbeiter, davon mehr als 10 Ingenieure, die f\u00fcr die Technologieentwicklung verantwortlich sind. Mittlerweile ist es ein modernes Unternehmen geworden, das sich auf \u201eSchreddern\u201c und \u201eRecycling fester Abf\u00e4lle\u201c konzentriert.<\/p>    <h2 class=\"wp-block-heading\" id=\"h-hot-products\"><strong>Hei\u00dfe Produkte<\/strong><\/h2>    <p class=\"translation-block\">Der Gesch\u00e4ftsbereich von Shuliy Machinery hat die Wiederverwertung, Zerkleinerung und Sortierung von Schrottmetallen, Reifen, Kunststoffen, Holz, Glas, Papierprodukten, Dr\u00e4hten und Kabeln sowie Geh\u00e4usen von Haushaltsger\u00e4ten abgedeckt. Eigenst\u00e4ndige Produkte umfassen haupts\u00e4chlich den <strong><a href=\"https:\/\/www.baler-machines.com\/de\/double-shaft-shredder\/\" target=\"_blank\" rel=\"noreferrer noopener\">Doppelschneckenzerkleinerer<\/a>,<a href=\"https:\/\/www.baler-machines.com\/de\/horizontal-metal-baler\/\" target=\"_blank\" rel=\"noreferrer noopener\">Metallpresse<\/a>, <a href=\"https:\/\/www.baler-machines.com\/de\/scrap-metal-chip-briquette-machine\/\" target=\"_blank\" rel=\"noreferrer noopener\">Metallsp\u00e4ne-Presse<\/a>, <a href=\"https:\/\/www.baler-machines.com\/de\/metal-shears\/\" target=\"_blank\" rel=\"noreferrer noopener\">Metallschere<\/a>, <\/strong>usw. Unter diesen Maschinen umfasst der Zerkleinerer <a href=\"https:\/\/www.baler-machines.com\/de\/double-shaft-waste-plastic-shredder-machine\/\" target=\"_blank\" rel=\"noreferrer noopener\">Kunststoffzerkleinerer<\/a> und <a href=\"https:\/\/www.baler-machines.com\/de\/scrap-metal-shredder-machine\/\" target=\"_blank\" rel=\"noreferrer noopener\">Schrottstahlzerkleinerer<\/a>. <\/p>    <div class=\"wp-block-columns is-layout-flex wp-container-core-columns-is-layout-9d6595d7 wp-block-columns-is-layout-flex\"> <div class=\"wp-block-column is-layout-flow wp-block-column-is-layout-flow\"> <figure class=\"wp-block-embed aligncenter is-type-wp-embed is-provider-metal-baler-machine-shuliy-group wp-block-embed-metal-baler-machine-shuliy-group\"><div class=\"wp-block-embed__wrapper\"> <blockquote class=\"wp-embedded-content\" data-secret=\"IRSERQRKM7\"><a href=\"https:\/\/www.baler-machines.com\/de\/vertical-baler-machine-for-waste-recycling\/\">Hydraulische Vertikalballenpresse f\u00fcr verschiedene Abfallrecyclingpressen<\/a><\/blockquote><iframe loading=\"lazy\" class=\"wp-embedded-content\" sandbox=\"allow-scripts\" security=\"restricted\" style=\"position: absolute; clip: rect(1px, 1px, 1px, 1px);\" title=\"\u201eHydraulische Vertikalballenpresse f\u00fcr verschiedene Abfallrecyclingpressen\u201c \u2013 Metallballenpresse | Shuliy-Gruppe\" src=\"https:\/\/www.baler-machines.com\/vertical-baler-machine-for-waste-recycling\/embed\/#?secret=ydCtlD8exN#?secret=IRSERQRKM7\" data-secret=\"IRSERQRKM7\" width=\"500\" height=\"282\" frameborder=\"0\" marginwidth=\"0\" marginheight=\"0\" scrolling=\"no\"><\/iframe> <\/div><\/figure> <\/div>    <div class=\"wp-block-column is-layout-flow wp-block-column-is-layout-flow\"> <figure class=\"wp-block-embed aligncenter is-type-wp-embed is-provider-metal-baler-machine-shuliy-group wp-block-embed-metal-baler-machine-shuliy-group\"><div class=\"wp-block-embed__wrapper\"> <blockquote class=\"wp-embedded-content\" data-secret=\"9LwWYJ5YEo\"><a href=\"https:\/\/www.baler-machines.com\/de\/horizontal-metal-baler\/\">Hydraulische Altmetallballenpresse f\u00fcr Abfallballenpresse<\/a><\/blockquote><iframe loading=\"lazy\" class=\"wp-embedded-content\" sandbox=\"allow-scripts\" security=\"restricted\" style=\"position: absolute; clip: rect(1px, 1px, 1px, 1px);\" title=\"\u201eHydraulische Altmetallballenpresse f\u00fcr Abfallballenpresse\u201c \u2013 Metallballenpresse | Shuliy-Gruppe\" src=\"https:\/\/www.baler-machines.com\/horizontal-metal-baler\/embed\/#?secret=HKaYa9kYNZ#?secret=9LwWYJ5YEo\" data-secret=\"9LwWYJ5YEo\" width=\"500\" height=\"282\" frameborder=\"0\" marginwidth=\"0\" marginheight=\"0\" scrolling=\"no\"><\/iframe> <\/div><\/figure> <\/div> <\/div>    <div class=\"wp-block-columns is-layout-flex wp-container-core-columns-is-layout-9d6595d7 wp-block-columns-is-layout-flex\"> <div class=\"wp-block-column is-layout-flow wp-block-column-is-layout-flow\"> <figure class=\"wp-block-embed\"><div class=\"wp-block-embed__wrapper\"> <blockquote class=\"wp-embedded-content\" data-secret=\"UvO7JXOTsR\"><a href=\"https:\/\/www.baler-machines.com\/de\/double-shaft-shredder\/\">Doppelwellenzerkleinerer f\u00fcr die Zerkleinerung aller Abf\u00e4lle<\/a><\/blockquote><iframe loading=\"lazy\" class=\"wp-embedded-content\" sandbox=\"allow-scripts\" security=\"restricted\" style=\"position: absolute; clip: rect(1px, 1px, 1px, 1px);\" title=\"\u201eDoppelwellenzerkleinerer f\u00fcr die Zerkleinerung aller Abf\u00e4lle\u201c \u2013 Metallballenpresse | Shuliy-Gruppe\" src=\"https:\/\/www.baler-machines.com\/double-shaft-shredder\/embed\/#?secret=s8sqFAiQ5L#?secret=UvO7JXOTsR\" data-secret=\"UvO7JXOTsR\" width=\"500\" height=\"282\" frameborder=\"0\" marginwidth=\"0\" marginheight=\"0\" scrolling=\"no\"><\/iframe> <\/div><\/figure> <\/div>    <div class=\"wp-block-column is-layout-flow wp-block-column-is-layout-flow\"> <figure class=\"wp-block-embed aligncenter is-type-wp-embed is-provider-metal-baler-machine-shuliy-group wp-block-embed-metal-baler-machine-shuliy-group\"><div class=\"wp-block-embed__wrapper\"> <blockquote class=\"wp-embedded-content\" data-secret=\"n65mtnwAsA\"><a href=\"https:\/\/www.baler-machines.com\/de\/metal-shears-metal-shearing-machine\/\">Portalschere | Hydraulische Metallschere<\/a><\/blockquote><iframe loading=\"lazy\" class=\"wp-embedded-content\" sandbox=\"allow-scripts\" security=\"restricted\" style=\"position: absolute; clip: rect(1px, 1px, 1px, 1px);\" title=\"\u201ePortalschere | \u201eHydraulische Metallschere\u201c \u2013 Metallballenpresse | Shuliy-Gruppe\" src=\"https:\/\/www.baler-machines.com\/metal-shears-metal-shearing-machine\/embed\/#?secret=oa1rEyMTvZ#?secret=n65mtnwAsA\" data-secret=\"n65mtnwAsA\" width=\"500\" height=\"282\" frameborder=\"0\" marginwidth=\"0\" marginheight=\"0\" scrolling=\"no\"><\/iframe> <\/div><\/figure> <\/div> <\/div>    <p><\/p>    <p>Die Produkte werden im ganzen Land verkauft und nach Japan, S\u00fcdostasien, Indonesien, Mayasipan, in die Vereinigten Staaten, auf die Philippinen, nach Spanien und in andere L\u00e4nder exportiert. Seit 12 Jahren betreibt das Unternehmen seine eigenen Produktionsrechte.<\/p>    <h2 class=\"wp-block-heading\"><strong>Zertifikate<\/strong><\/h2>   <div class=\"wp-block-image\"> <figure class=\"aligncenter size-full\"><img loading=\"lazy\" decoding=\"async\" width=\"750\" height=\"934\" src=\"https:\/\/www.baler-machines.com\/wp-content\/uploads\/2022\/08\/certificates.webp\" alt=\"Zertifikate\" class=\"wp-image-2709\" title=\"\"><figcaption>Zertifikate<\/figcaption><\/figure> <\/div>   <h2 class=\"wp-block-heading\" id=\"h-aim-of-shuliy-machinery\"><strong>Ziel von Shuliy Machinery<\/strong><\/h2>    <p>Angesichts der historischen Chance, \u201eein sch\u00f6nes China aufzubauen und die nachhaltige Entwicklung der chinesischen Nation zu verwirklichen\u201c, wird das Unternehmen entschlossener sein, eine durch Innovation getriebene sprunghafte Entwicklung zu erreichen, und sich dem Aufbau eines Ressourcen- und Umweltdienstleistungsunternehmens verschrieben haben eine ressourcenschonende und umweltfreundliche Gesellschaft.<\/p>    <p>Die nachhaltige Entwicklung der menschlichen Gesellschaft tr\u00e4gt zu mehr St\u00e4rke bei. Begr\u00fc\u00dfen Sie neue und alte Kunden aus allen Gesellschaftsschichten, um Gesch\u00e4fte zu verhandeln!<\/p>","protected":false},"excerpt":{"rendered":"<p>Company profile Zhengzhou Shuliy\u00a0Machinery is a manufacturing enterprise integrating the development, design, manufacturing, and sales of mechanical equipment. The company takes &#8220;science and technology, environment, resources&#8221; as its core concept, and is committed to creating a collection of &#8220;environmental recycling machinery research and development&#8221;, &#8220;metal waste and scrap car recycling and dismantling&#8221; \u201cUtilization of Urban [&hellip;]<\/p>\n","protected":false},"author":1,"featured_media":0,"parent":0,"menu_order":0,"comment_status":"closed","ping_status":"closed","template":"","meta":{"footnotes":""},"class_list":["post-980","page","type-page","status-publish","hentry"],"_links":{"self":[{"href":"https:\/\/www.baler-machines.com\/de\/wp-json\/wp\/v2\/pages\/980","targetHints":{"allow":["GET"]}}],"collection":[{"href":"https:\/\/www.baler-machines.com\/de\/wp-json\/wp\/v2\/pages"}],"about":[{"href":"https:\/\/www.baler-machines.com\/de\/wp-json\/wp\/v2\/types\/page"}],"author":[{"embeddable":true,"href":"https:\/\/www.baler-machines.com\/de\/wp-json\/wp\/v2\/users\/1"}],"replies":[{"embeddable":true,"href":"https:\/\/www.baler-machines.com\/de\/wp-json\/wp\/v2\/comments?post=980"}],"version-history":[{"count":0,"href":"https:\/\/www.baler-machines.com\/de\/wp-json\/wp\/v2\/pages\/980\/revisions"}],"wp:attachment":[{"href":"https:\/\/www.baler-machines.com\/de\/wp-json\/wp\/v2\/media?parent=980"}],"curies":[{"name":"wp","href":"https:\/\/api.w.org\/{rel}","templated":true}]}}