{"id":114,"date":"2019-12-04T03:28:48","date_gmt":"2019-12-04T03:28:48","guid":{"rendered":"http:\/\/test.yogurt-machine.com\/?page_id=114"},"modified":"2022-08-05T09:12:17","modified_gmt":"2022-08-05T09:12:17","slug":"contact-service","status":"publish","type":"page","link":"https:\/\/www.baler-machines.com\/de\/contact-service\/","title":{"rendered":"Kontakt &amp; Service"},"content":{"rendered":"<h2 class=\"wp-block-heading\" id=\"h-cooperation-and-win-win\"><strong>Zusammenarbeit und WIN-WIN<\/strong><\/h2>    <p>Bieten Sie Ihren Kunden umfassende technische Unterst\u00fctzung und pers\u00f6nliche Dienstleistungen, um den gr\u00f6\u00dftm\u00f6glichen wirtschaftlichen Nutzen zu erzielen!<\/p>    <div class=\"wp-block-columns is-layout-flex wp-container-core-columns-is-layout-9d6595d7 wp-block-columns-is-layout-flex\"> <div class=\"wp-block-column is-layout-flow wp-block-column-is-layout-flow\"> <figure class=\"wp-block-image\"><img decoding=\"async\" src=\"https:\/\/www.baler-machines.com\/wp-content\/uploads\/2019\/12\/Group-30-2.png\" alt=\"\" title=\"\"><\/figure>    <p class=\"translation-block\"><strong>Kontaktinformationen<\/strong><\/p>    <p class=\"translation-block\">WhatsApp\/Wechat\/Tel\uff1a<br><strong><em> +86-13673689272<\/em><\/strong><br> E-Mail-Adresse:<br><strong><em> info@baler-machines.com<\/em><\/strong><\/p> <\/div>    <div class=\"wp-block-column is-layout-flow wp-block-column-is-layout-flow\"> <figure class=\"wp-block-image\"><img decoding=\"async\" src=\"https:\/\/www.baler-machines.com\/wp-content\/uploads\/2019\/12\/Group-34.png\" alt=\"\" title=\"\"><\/figure>    <p class=\"translation-block\"><strong>Standort der Fabrik<\/strong><\/p>    <p>Nautische Stra\u00dfe Ost, Wirtschaftsentwicklungszone Zhengzhou, Henan, China. Willkommen in unserer Fabrik!<\/p> <\/div>    <div class=\"wp-block-column is-layout-flow wp-block-column-is-layout-flow\"> <figure class=\"wp-block-image\"><img decoding=\"async\" src=\"https:\/\/www.baler-machines.com\/wp-content\/uploads\/2019\/12\/Group-35.png\" alt=\"\" title=\"\"><\/figure>    <p class=\"translation-block\"><strong>Ehrenurkunden<\/strong><\/p>    <p>Das Unternehmen Shuliy verf\u00fcgt \u00fcber eine Reihe von Zertifikaten wie CE, SGS, ISO, T\u00dcV, BV usw. und wurde au\u00dferdem als \u201eUnternehmen, das Vertr\u00e4ge einh\u00e4lt und Versprechen einh\u00e4lt\u201c eingestuft.<\/p> <\/div> <\/div>    <h2 class=\"wp-block-heading\" id=\"h-customer-service\"><strong>Kundendienst<\/strong><\/h2>    <h3 class=\"wp-block-heading\"><b>Vor dem Verkauf<\/b><\/h3>    <ul class=\"wp-block-list\"><li>Helfen Sie Kunden bei der Auswahl der richtigen Ausr\u00fcstung.<\/li><li>Leiten Sie die Planung und Standortauswahl der Produktionswerkstatt.<\/li><li>Es ist kostenlos, Ingenieure zum Engineering und Projektdesign zum Kundenstandort zu schicken.<\/li><\/ul>    <h3 class=\"wp-block-heading\"><strong><b>Im Verkauf<\/b><\/strong><\/h3>    <ul class=\"wp-block-list\"><li>Stellen Sie eine Reihe von Qualit\u00e4tskontrollzertifikaten bereit und pr\u00fcfen Sie die Produkte streng, bevor Sie das Werk verlassen.<\/li><li>Stellen Sie kostenlose Logistikinformationen bereit und vereinbaren Sie eine p\u00fcnktliche Lieferung.<\/li><\/ul>    <h3 class=\"wp-block-heading\"><strong>Nachverkauf<\/strong><\/h3>    <ul class=\"wp-block-list\"><li>Kostenlose Anleitung zur Herstellung von Fundamenten am Produktionsstandort.<\/li><li>Bieten Sie kostenlose After-Sales-Installations- und Debugging-Anleitungen sowie Schulungen zur Ger\u00e4tewartung an.<\/li><li>Sch\u00f6ne Metallverarbeitungsmaschinen, vielen Dank f\u00fcr die Firma Shuliy!<\/li><\/ul>    <h2 class=\"wp-block-heading\" id=\"h-feedback\"><strong>R\u00fcckmeldung<\/strong><\/h2>    <p>Aufgrund unserer Leistungen haben wir gutes Feedback von unseren Kunden erhalten! Zum Beispiel:<\/p>    <div class=\"wp-block-columns is-layout-flex wp-container-core-columns-is-layout-9d6595d7 wp-block-columns-is-layout-flex\"> <div class=\"wp-block-column is-layout-flow wp-block-column-is-layout-flow\"> <p><img decoding=\"async\" src=\"https:\/\/www.baler-machines.com\/wp-content\/uploads\/2019\/12\/shuliy-customer.jpg\" alt=\"Caio Luiz\" title=\"\"><\/p> <\/div>    <div class=\"wp-block-column is-vertically-aligned-center is-layout-flow wp-block-column-is-layout-flow\"> <p>Gute Shuliy-Maschinen! Vielen Dank f\u00fcr die Unterst\u00fctzung meines Unternehmens, das sich mit dem Recycling und Verkauf von Altmetall besch\u00e4ftigt.<\/p>    <p><\/p>    <p><\/p> <\/div> <\/div>","protected":false},"excerpt":{"rendered":"<p>Cooperation and WIN-WIN Provide a full range of technical support and intimate services for customers to create the greatest economic benefits! Contact Information WhatsApp\/Wechat\/Tel\uff1a +86-13673689272 Email Address: info@baler-machines.com Factory Location Nautical Road East, Zhengzhou Economic Development Zone, Henan, China. Welcome to visit our factory! Honorary Certificates Shuliy company has passed a series of certificates, such [&hellip;]<\/p>\n","protected":false},"author":1,"featured_media":0,"parent":0,"menu_order":0,"comment_status":"closed","ping_status":"closed","template":"","meta":{"footnotes":""},"class_list":["post-114","page","type-page","status-publish","hentry"],"_links":{"self":[{"href":"https:\/\/www.baler-machines.com\/de\/wp-json\/wp\/v2\/pages\/114","targetHints":{"allow":["GET"]}}],"collection":[{"href":"https:\/\/www.baler-machines.com\/de\/wp-json\/wp\/v2\/pages"}],"about":[{"href":"https:\/\/www.baler-machines.com\/de\/wp-json\/wp\/v2\/types\/page"}],"author":[{"embeddable":true,"href":"https:\/\/www.baler-machines.com\/de\/wp-json\/wp\/v2\/users\/1"}],"replies":[{"embeddable":true,"href":"https:\/\/www.baler-machines.com\/de\/wp-json\/wp\/v2\/comments?post=114"}],"version-history":[{"count":0,"href":"https:\/\/www.baler-machines.com\/de\/wp-json\/wp\/v2\/pages\/114\/revisions"}],"wp:attachment":[{"href":"https:\/\/www.baler-machines.com\/de\/wp-json\/wp\/v2\/media?parent=114"}],"curies":[{"name":"wp","href":"https:\/\/api.w.org\/{rel}","templated":true}]}}